{"id":443,"date":"2024-09-09T06:17:48","date_gmt":"2024-09-09T06:17:48","guid":{"rendered":"https:\/\/ppidllp.wpenginepowered.com\/?page_id=443"},"modified":"2024-12-13T09:42:46","modified_gmt":"2024-12-13T09:42:46","slug":"alexandra-d-bondikov-esq","status":"publish","type":"page","link":"https:\/\/ppid.com\/es\/attorney\/alexandra-d-bondikov-esq\/","title":{"rendered":"Alexandra D. Bondikov"},"content":{"rendered":"<div class=\"sgle-attrny\">\n<div class=\"sgle-attrny-itm\">\n<div class=\"sgle-attny-img\">\n<img loading=\"lazy\" decoding=\"async\" src=\"https:\/\/ppid.com\/wp-content\/uploads\/2024\/12\/Alexandra-Bondikov-1.webp\" alt=\"Alexandra-Bondikov\" width=\"353\" height=\"380\" \/><\/div>\n<div class=\"sgle-attny-rgt-cnt\">\n<h2>Alexandra D. Bondikov, Esq.<\/h2>\n<h5>Abogado Senior de Inmigraci\u00f3n<\/h5>\n<div class=\"sgle-attrny-btn\"><a class=\"cmn-btn\" href=\"https:\/\/ppid.com\/es\/schedule-consultation\/\">Concertar una consulta<\/a><\/div>\n<div class=\"ftr-scl-icns inner\">\n<h6>LinkedIn<\/h6>\n<p><a href=\"https:\/\/www.linkedin.com\/in\/alexandra-bondikov-5ab36b6\/\" target=\"_blank\" class=\"link\" rel=\"noopener\">Vinculado a<\/a>\n<\/div>\n<\/div>\n<\/div>\n<\/div>\n<div class=\"accsec-ritcnt accordion\">\n<div class=\"accordion-section\">\n<h6><a class=\"accordion-section-title active\" href=\"#accordion-1\">Biograf\u00eda<\/a><\/h6>\n<div id=\"accordion-1\" class=\"accordion-section-content open\" style=\"display: block;\">\n<p>Alexandra D. Bondikov es Senior <a href=\"https:\/\/ppid.com\/es\/nyc-immigration-lawyer\/\">Inmigraci\u00f3n<\/a> Abogada en Pollack, Pollack, Isaac &amp; DeCicco, LLP. Adem\u00e1s de hablar ruso y b\u00falgaro, la Sra. Bondikov posee una amplia experiencia en derecho de inmigraci\u00f3n, incluidas las peticiones de inmigrantes y no inmigrantes basadas en el empleo, y la representaci\u00f3n de clientes individuales y corporativos en todas las etapas de los procedimientos administrativos.<\/p>\n<p>Antes de unirse a PPID, la Sra. Bondikov fue directora del Immigration Law Center en Lynn, Massachusetts, durante 12 a\u00f1os, donde ejerci\u00f3 en una amplia gama de \u00e1reas de derecho de inmigraci\u00f3n, incluyendo visados de no inmigrante H-1B, TN, L-1, O-1, P y E; peticiones de visados EB 1 y NIW; certificaciones de trabajo permanente; auditor\u00edas y cuestiones de cumplimiento.<\/p>\n<\/div>\n<\/div>\n<div class=\"accordion-section\">\n<h6><a class=\"accordion-section-title\" href=\"#accordion-2\">Educaci\u00f3n<\/a><\/h6>\n<div id=\"accordion-2\" class=\"accordion-section-content\" style=\"display: none;\">\n<ul>\n<li><a href=\"https:\/\/www.bu.edu\/law\/\" target=\"_blank\" rel=\"noopener\">Facultad de Derecho de la Universidad de Boston<\/a>J.D., Revista de Derecho Internacional, 2002<\/li>\n<li><a href=\"https:\/\/www.suffolk.edu\/\" target=\"_blank\" rel=\"noopener\">Universidad de Suffolk<\/a>, Gobierno-Asuntos Internacionales, 1999<\/li>\n<\/ul>\n<\/div>\n<\/div>\n<div class=\"accordion-section\">\n<h6><a class=\"accordion-section-title\" href=\"#accordion-3\">Admitidos<\/a><\/h6>\n<div id=\"accordion-3\" class=\"accordion-section-content\" style=\"display: none;\">\n<ul>\n<li>Massachusetts: 2002<\/li>\n<\/ul>\n<\/div>\n<\/div>\n<div class=\"accordion-section\">\n<h6><a class=\"accordion-section-title\" href=\"#accordion-4\">Premios<\/a><\/h6>\n<div id=\"accordion-4\" class=\"accordion-section-content\" style=\"display: none;\">\n<ul>\n<li>Abogados de Distinci\u00f3n 2018<\/li>\n<\/ul>\n<\/div>\n<\/div>\n<div class=\"accordion-section\">\n<h6><a class=\"accordion-section-title\" href=\"#accordion-5\">Afiliaciones<\/a><\/h6>\n<div id=\"accordion-5\" class=\"accordion-section-content\" style=\"display: none;\">\n<ul>\n<li>Asociaci\u00f3n Americana de Abogados de Inmigraci\u00f3n - Cap\u00edtulo New York<\/li>\n<li>Asociaci\u00f3n Americana de Abogados de Inmigraci\u00f3n - Secci\u00f3n de Nueva Inglaterra<\/li>\n<\/ul>\n<\/div>\n<\/div>\n<div class=\"accordion-section\">\n<h6><a class=\"accordion-section-title\" href=\"#accordion-6\">Idiomas<\/a><\/h6>\n<div id=\"accordion-6\" class=\"accordion-section-content\" style=\"display: none;\">\n<ul>\n<li>Ruso<\/li>\n<li>B\u00falgaro<\/li>\n<\/ul>\n<\/div>\n<\/div>\n<\/div>","protected":false},"excerpt":{"rendered":"<p>Alexandra D. Bondikov, Esq. Senior Immigration Attorney Schedule a Consultation LinkedIn linked In Biography Alexandra D. Bondikov is a Senior Immigration Attorney at Pollack, Pollack, Isaac &amp; DeCicco, LLP. In addition to speaking Russian and Bulgarian, Ms. Bondikov possesses wide immigration law experience, including employment-based nonimmigrant and immigrant petitions, and representation of individual and corporate &hellip; <\/p>\n<p class=\"link-more\"><a href=\"https:\/\/ppid.com\/es\/attorney\/alexandra-d-bondikov-esq\/\" class=\"more-link\">Seguir leyendo<span class=\"screen-reader-text\"> &#8220;Alexandra D. Bondikov&#8221;<\/span><\/a><\/p>","protected":false},"author":1,"featured_media":0,"parent":707,"menu_order":0,"comment_status":"closed","ping_status":"closed","template":"","meta":{"_acf_changed":false,"footnotes":""},"class_list":["post-443","page","type-page","status-publish","hentry","entry"],"acf":[],"yoast_head":"<!-- This site is optimized with the Yoast SEO Premium plugin v26.8 (Yoast SEO v26.8) - https:\/\/yoast.com\/product\/yoast-seo-premium-wordpress\/ -->\n<title>Alexandra D. Bondikov, Esq. - PPID Law<\/title>\n<meta name=\"description\" content=\"Connect with Alexandra D. Bondikov, Senior Immigration Attorney at PPID. Schedule your consultation today for expert guidance!\" \/>\n<meta name=\"robots\" content=\"index, follow, max-snippet:-1, max-image-preview:large, max-video-preview:-1\" \/>\n<link rel=\"canonical\" href=\"https:\/\/ppid.com\/es\/attorney\/alexandra-d-bondikov-esq\/\" \/>\n<meta property=\"og:locale\" content=\"es_MX\" \/>\n<meta property=\"og:type\" content=\"article\" \/>\n<meta property=\"og:title\" content=\"Alexandra D. Bondikov\" \/>\n<meta property=\"og:description\" content=\"Connect with Alexandra D. Bondikov, Senior Immigration Attorney at PPID. Schedule your consultation today for expert guidance!\" \/>\n<meta property=\"og:url\" content=\"https:\/\/ppid.com\/es\/attorney\/alexandra-d-bondikov-esq\/\" \/>\n<meta property=\"og:site_name\" content=\"Pollack, Pollack, Isaac &amp; DeCicco, LLP\" \/>\n<meta property=\"article:modified_time\" content=\"2024-12-13T09:42:46+00:00\" \/>\n<meta property=\"og:image\" content=\"https:\/\/ppid.com\/wp-content\/uploads\/2024\/12\/Alexandra-Bondikov-1.webp\" \/>\n<meta name=\"twitter:card\" content=\"summary_large_image\" \/>\n<meta name=\"twitter:label1\" content=\"Tiempo de lectura\" \/>\n\t<meta name=\"twitter:data1\" content=\"1 minuto\" \/>\n<!-- \/ Yoast SEO Premium plugin. -->","yoast_head_json":{"title":"Alexandra D. Bondikov, Esq. - PPID Law","description":"Con\u00e9ctese con Alexandra D. Bondikov, Abogada Senior de Inmigraci\u00f3n en PPID. \u00a1Programe su consulta hoy para obtener orientaci\u00f3n de expertos!","robots":{"index":"index","follow":"follow","max-snippet":"max-snippet:-1","max-image-preview":"max-image-preview:large","max-video-preview":"max-video-preview:-1"},"canonical":"https:\/\/ppid.com\/es\/attorney\/alexandra-d-bondikov-esq\/","og_locale":"es_MX","og_type":"article","og_title":"Alexandra D. Bondikov","og_description":"Connect with Alexandra D. Bondikov, Senior Immigration Attorney at PPID. Schedule your consultation today for expert guidance!","og_url":"https:\/\/ppid.com\/es\/attorney\/alexandra-d-bondikov-esq\/","og_site_name":"Pollack, Pollack, Isaac &amp; DeCicco, LLP","article_modified_time":"2024-12-13T09:42:46+00:00","og_image":[{"url":"https:\/\/ppid.com\/wp-content\/uploads\/2024\/12\/Alexandra-Bondikov-1.webp","type":"","width":"","height":""}],"twitter_card":"summary_large_image","twitter_misc":{"Tiempo de lectura":"1 minuto"},"schema":{"@context":"https:\/\/schema.org","@graph":[{"@type":"WebPage","@id":"https:\/\/ppid.com\/attorney\/alexandra-d-bondikov-esq\/","url":"https:\/\/ppid.com\/attorney\/alexandra-d-bondikov-esq\/","name":"Alexandra D. Bondikov, Esq. - PPID Law","isPartOf":{"@id":"https:\/\/ppid.com\/#website"},"primaryImageOfPage":{"@id":"https:\/\/ppid.com\/attorney\/alexandra-d-bondikov-esq\/#primaryimage"},"image":{"@id":"https:\/\/ppid.com\/attorney\/alexandra-d-bondikov-esq\/#primaryimage"},"thumbnailUrl":"https:\/\/ppid.com\/wp-content\/uploads\/2024\/12\/Alexandra-Bondikov-1.webp","datePublished":"2024-09-09T06:17:48+00:00","dateModified":"2024-12-13T09:42:46+00:00","description":"Con\u00e9ctese con Alexandra D. Bondikov, Abogada Senior de Inmigraci\u00f3n en PPID. \u00a1Programe su consulta hoy para obtener orientaci\u00f3n de expertos!","breadcrumb":{"@id":"https:\/\/ppid.com\/attorney\/alexandra-d-bondikov-esq\/#breadcrumb"},"inLanguage":"es","potentialAction":[{"@type":"ReadAction","target":["https:\/\/ppid.com\/attorney\/alexandra-d-bondikov-esq\/"]}]},{"@type":"ImageObject","inLanguage":"es","@id":"https:\/\/ppid.com\/attorney\/alexandra-d-bondikov-esq\/#primaryimage","url":"https:\/\/ppid.com\/wp-content\/uploads\/2024\/12\/Alexandra-Bondikov-1.webp","contentUrl":"https:\/\/ppid.com\/wp-content\/uploads\/2024\/12\/Alexandra-Bondikov-1.webp"},{"@type":"BreadcrumbList","@id":"https:\/\/ppid.com\/attorney\/alexandra-d-bondikov-esq\/#breadcrumb","itemListElement":[{"@type":"ListItem","position":1,"name":"Home","item":"https:\/\/ppid.com\/"},{"@type":"ListItem","position":2,"name":"Attorneys","item":"https:\/\/ppid.com\/attorney\/"},{"@type":"ListItem","position":3,"name":"Alexandra D. Bondikov"}]},{"@type":"WebSite","@id":"https:\/\/ppid.com\/#website","url":"https:\/\/ppid.com\/","name":"Pollack, Pollack, Isaac &amp; DeCicco, LLP","description":"","potentialAction":[{"@type":"SearchAction","target":{"@type":"EntryPoint","urlTemplate":"https:\/\/ppid.com\/?s={search_term_string}"},"query-input":{"@type":"PropertyValueSpecification","valueRequired":true,"valueName":"search_term_string"}}],"inLanguage":"es"}]}},"_links":{"self":[{"href":"https:\/\/ppid.com\/es\/wp-json\/wp\/v2\/pages\/443","targetHints":{"allow":["GET"]}}],"collection":[{"href":"https:\/\/ppid.com\/es\/wp-json\/wp\/v2\/pages"}],"about":[{"href":"https:\/\/ppid.com\/es\/wp-json\/wp\/v2\/types\/page"}],"author":[{"embeddable":true,"href":"https:\/\/ppid.com\/es\/wp-json\/wp\/v2\/users\/1"}],"replies":[{"embeddable":true,"href":"https:\/\/ppid.com\/es\/wp-json\/wp\/v2\/comments?post=443"}],"version-history":[{"count":0,"href":"https:\/\/ppid.com\/es\/wp-json\/wp\/v2\/pages\/443\/revisions"}],"up":[{"embeddable":true,"href":"https:\/\/ppid.com\/es\/wp-json\/wp\/v2\/pages\/707"}],"wp:attachment":[{"href":"https:\/\/ppid.com\/es\/wp-json\/wp\/v2\/media?parent=443"}],"curies":[{"name":"wp","href":"https:\/\/api.w.org\/{rel}","templated":true}]}}