{"id":461,"date":"2024-09-09T07:03:49","date_gmt":"2024-09-09T07:03:49","guid":{"rendered":"https:\/\/ppidllp.wpenginepowered.com\/?page_id=461"},"modified":"2025-02-05T13:29:18","modified_gmt":"2025-02-05T13:29:18","slug":"brian-j-isaac-esq","status":"publish","type":"page","link":"https:\/\/ppid.com\/es\/attorney\/brian-j-isaac-esq\/","title":{"rendered":"Brian J. Isaac"},"content":{"rendered":"<div class=\"sgle-attrny\">\n<div class=\"sgle-attrny-itm\">\n<div class=\"sgle-attny-img\"><img loading=\"lazy\" decoding=\"async\" src=\"https:\/\/ppid.com\/wp-content\/uploads\/2024\/12\/isaac.webp\" alt=\"isaac\" width=\"353\" height=\"380\" \/><\/div>\n<div class=\"sgle-attny-rgt-cnt\">\n<h2>Brian J. Isaac, Esq.<\/h2>\n<h5>Socio Director y Director de Litigios de PPID<\/h5>\n<div class=\"sgle-attrny-btn\"><a class=\"cmn-btn\" href=\"https:\/\/ppid.com\/es\/schedule-consultation\/\">Concertar una consulta<\/a><\/div>\n<div class=\"ftr-scl-icns inner\">\n<h6>LinkedIn<\/h6>\n<p><a class=\"link\" href=\"https:\/\/www.linkedin.com\/company\/pollack-pollack-isaac-&amp;-decicco\/\" target=\"_blank\" rel=\"noopener\">Vinculado a<\/a><\/p>\n<\/div>\n<\/div>\n<\/div>\n<\/div>\n<div class=\"accsec-ritcnt accordion\">\n<div class=\"accordion-section\">\n<h6><a class=\"accordion-section-title active\" href=\"#accordion-1\">Biograf\u00eda<\/a><\/h6>\n<div id=\"accordion-1\" class=\"accordion-section-content open\" style=\"display: block;\">\n<p>Brian J. Isaac es socio y director del departamento de<a href=\"https:\/\/ppid.com\/es\/nyc-litigation-lawyer\/\"> Departamento de Litigios y Apelaciones<\/a> en Pollack, Pollack, Isaac &amp; DeCicco LLP. El Sr. Isaac se licenci\u00f3 en la Universidad Brandeis en 1981 y cum laude en la Facultad de Derecho Brooklyn en 1984. Se colegi\u00f3 en 1985 y ha ejercido la abogac\u00eda durante m\u00e1s de 30 a\u00f1os.<\/p>\n<p>Es miembro de la Asociaci\u00f3n de Abogados del Condado de New York, de la Asociaci\u00f3n Americana de Abogados, de la Asociaci\u00f3n Estatal de Abogados de New York y de la Asociaci\u00f3n Estatal de Abogados Litigantes de New York, donde ha sido Presidente del Comit\u00e9 Amicus durante m\u00e1s de una d\u00e9cada. El Sr. Isaac ha sido constantemente reconocido como un \"Super Abogado\" en New York y, durante los \u00faltimos 5 a\u00f1os, ha sido calificado como un \"Top 100\" abogado por esa publicaci\u00f3n. Adem\u00e1s, el Sr. Isaac ha alcanzado la membres\u00eda en la prestigiosa Academia Americana de Abogados de Apelaci\u00f3n, una organizaci\u00f3n que admite miembros s\u00f3lo despu\u00e9s de un riguroso proceso de evaluaci\u00f3n que incluyen jueces, abogados y distinguidos miembros de la barra. El Sr. Isaac ha sido reconocido por sus habilidades en litigios civiles, la pr\u00e1ctica de apelaci\u00f3n, y lesiones personales. La carrera legal del Sr. Isaac se ha distinguido por numerosos premios y reconocimientos, mostrando su excepcional experiencia y contribuciones al campo.<\/p>\n<\/div>\n<\/div>\n<div class=\"accordion-section\">\n<h6><a class=\"accordion-section-title\" href=\"#accordion-2\">Educaci\u00f3n<\/a><\/h6>\n<div id=\"accordion-2\" class=\"accordion-section-content\" style=\"display: none;\">\n<ul>\n<li>Brooklyn Facultad de Derecho, J.D., 1984, Cum Laude; Moot Court Assoc.<\/li>\n<li>Universidad de Brandeis, licenciatura, 1981<\/li>\n<\/ul>\n<\/div>\n<\/div>\n<div class=\"accordion-section\">\n<h6><a class=\"accordion-section-title\" href=\"#accordion-3\">Admitidos<\/a><\/h6>\n<div id=\"accordion-3\" class=\"accordion-section-content\" style=\"display: none;\">\n<ul>\n<li>New York: 1985<\/li>\n<li>Tribunal de Apelaci\u00f3n de EE.UU. 2\u00ba Circuito: 2010<\/li>\n<li>Divisi\u00f3n de Apelaci\u00f3n del Tribunal Supremo del Estado de NY: 1985<\/li>\n<li>US District Court Eastern District of New York: 1990<\/li>\n<li>Tribunal de Distrito de EE.UU. Distrito Sur de New York: 1990<\/li>\n<\/ul>\n<\/div>\n<\/div>\n<div class=\"accordion-section\">\n<h6><a class=\"accordion-section-title\" href=\"#accordion-4\">Premios<\/a><\/h6>\n<div id=\"accordion-4\" class=\"accordion-section-content\" style=\"display: none;\">\n<ul>\n<li>Premio Super Lawyers\u00ae: 2007-2020<\/li>\n<li>Los 100 mejores superabogados (New York - Metro)<\/li>\n<li>Premio a los 10 mejores abogados: 2015-2016<\/li>\n<li>Mejor 1% del pa\u00eds por la Asociaci\u00f3n Nacional de Abogados Distinguidos<\/li>\n<li>Academia Americana de Abogados de Apelaci\u00f3n<\/li>\n<\/ul>\n<\/div>\n<\/div>\n<div class=\"accordion-section\">\n<h6><a class=\"accordion-section-title\" href=\"#accordion-5\">Afiliaciones<\/a><\/h6>\n<div id=\"accordion-5\" class=\"accordion-section-content\" style=\"display: none;\">\n<ul>\n<li>New York Academia estatal de abogados litigantes: 2019<\/li>\n<li>Academia Americana de Abogados de Apelaci\u00f3n: 2013<\/li>\n<li>Asociaci\u00f3n Americana de Abogados<\/li>\n<li>New York Colegio de Abogados del Estado<\/li>\n<li>New York Asociaci\u00f3n de Abogados del Condado<\/li>\n<li>New York Asociaci\u00f3n Estatal de Abogados Litigantes: 1985<\/li>\n<li>Presidente de Amicus: 2005<\/li>\n<li>New York Abogados<\/li>\n<\/ul>\n<\/div>\n<\/div>\n<div class=\"accordion-section\">\n<h6><a class=\"accordion-section-title\" href=\"#accordion-6\">Casos notables<\/a><\/h6>\n<div id=\"accordion-6\" class=\"accordion-section-content\" style=\"display: none;\">\n<ul>\n<li>Accionistas de Duane Reade contra Shirley Miller<\/li>\n<li>Touray contra Mu\u00f1oz<\/li>\n<li>Asociaci\u00f3n NDL contra Villanova Hgts<\/li>\n<li>Rubio contra NYCTA<\/li>\n<\/ul>\n<\/div>\n<\/div>\n<\/div>\n<div class=\"innr-awards\"><img loading=\"lazy\" decoding=\"async\" src=\"https:\/\/ppid.com\/wp-content\/uploads\/2024\/12\/PPID-Brian-J-Isaac-Super-Lawyers-10-years.webp\" alt=\"PPID-Brian-J-Isaac-Super-Lawyers-10-years\" width=\"400\" height=\"526\" \/><br \/>\n<img loading=\"lazy\" decoding=\"async\" src=\"https:\/\/ppid.com\/wp-content\/uploads\/2024\/12\/PPID-Brian-J-Isaac-NADC-Top-One-Percent.webp\" alt=\"PPID-Brian-J-Isaac-NADC-Top-One-Percent\" width=\"400\" height=\"526\" \/><br \/>\n<img loading=\"lazy\" decoding=\"async\" src=\"https:\/\/ppid.com\/wp-content\/uploads\/2024\/12\/PPID-Brian-J-Isaac-10_BEST-PIA-2-Years.webp\" alt=\"PPID-Brian-J-Isaac-10_BEST-PIA-2-Years.png\" width=\"400\" height=\"526\" \/><br \/>\n<img loading=\"lazy\" decoding=\"async\" src=\"https:\/\/ppid.com\/wp-content\/uploads\/2024\/12\/PPID-Brian-J-Isaac-Top-100-.webp\" alt=\"PPID-Brian-J-Isaac-Top-100\" width=\"400\" height=\"526\" \/><\/div>","protected":false},"excerpt":{"rendered":"<p>Brian J. Isaac, Esq. Managing Partner &amp; Director of Litigation at PPID Schedule a Consultation LinkedIn linked In Biography Brian J. Isaac is a partner and head of the firm\u2019s Litigation and Appellate department at Pollack, Pollack, Isaac &amp; DeCicco LLP. Mr. Isaac graduated from Brandeis University in 1981 and cum laude from Brooklyn Law &hellip; <\/p>\n<p class=\"link-more\"><a href=\"https:\/\/ppid.com\/es\/attorney\/brian-j-isaac-esq\/\" class=\"more-link\">Seguir leyendo<span class=\"screen-reader-text\"> &#8220;Brian J. Isaac&#8221;<\/span><\/a><\/p>","protected":false},"author":1,"featured_media":0,"parent":707,"menu_order":0,"comment_status":"closed","ping_status":"closed","template":"","meta":{"_acf_changed":false,"footnotes":""},"class_list":["post-461","page","type-page","status-publish","hentry","entry"],"acf":[],"yoast_head":"<!-- This site is optimized with the Yoast SEO Premium plugin v26.8 (Yoast SEO v26.8) - https:\/\/yoast.com\/product\/yoast-seo-premium-wordpress\/ -->\n<title>Brian J. Isaac, Esq. - PPID Law<\/title>\n<meta name=\"description\" content=\"Meet Brian J. Isaac, Partner &amp; Head of Litigation at PPID. With over 30 years&#039; experience, he&#039;s your trusted advocate. Schedule your consultation now!\" \/>\n<meta name=\"robots\" content=\"index, follow, max-snippet:-1, max-image-preview:large, max-video-preview:-1\" \/>\n<link rel=\"canonical\" href=\"https:\/\/ppid.com\/es\/attorney\/brian-j-isaac-esq\/\" \/>\n<meta property=\"og:locale\" content=\"es_MX\" \/>\n<meta property=\"og:type\" content=\"article\" \/>\n<meta property=\"og:title\" content=\"Brian J. Isaac\" \/>\n<meta property=\"og:description\" content=\"Meet Brian J. Isaac, Partner &amp; Head of Litigation at PPID. With over 30 years&#039; experience, he&#039;s your trusted advocate. Schedule your consultation now!\" \/>\n<meta property=\"og:url\" content=\"https:\/\/ppid.com\/es\/attorney\/brian-j-isaac-esq\/\" \/>\n<meta property=\"og:site_name\" content=\"Pollack, Pollack, Isaac &amp; DeCicco, LLP\" \/>\n<meta property=\"article:modified_time\" content=\"2025-02-05T13:29:18+00:00\" \/>\n<meta property=\"og:image\" content=\"https:\/\/ppid.com\/wp-content\/uploads\/2024\/12\/isaac.webp\" \/>\n<meta name=\"twitter:card\" content=\"summary_large_image\" \/>\n<meta name=\"twitter:label1\" content=\"Tiempo de lectura\" \/>\n\t<meta name=\"twitter:data1\" content=\"3 minutos\" \/>\n<!-- \/ Yoast SEO Premium plugin. -->","yoast_head_json":{"title":"Brian J. Isaac, Esq. - PPID Law","description":"Conozca a Brian J. Isaac, Socio y Director de Litigios de PPID. Con m\u00e1s de 30 a\u00f1os de experiencia, es su abogado de confianza. \u00a1Programe su consulta ahora!","robots":{"index":"index","follow":"follow","max-snippet":"max-snippet:-1","max-image-preview":"max-image-preview:large","max-video-preview":"max-video-preview:-1"},"canonical":"https:\/\/ppid.com\/es\/attorney\/brian-j-isaac-esq\/","og_locale":"es_MX","og_type":"article","og_title":"Brian J. Isaac","og_description":"Meet Brian J. Isaac, Partner & Head of Litigation at PPID. With over 30 years' experience, he's your trusted advocate. Schedule your consultation now!","og_url":"https:\/\/ppid.com\/es\/attorney\/brian-j-isaac-esq\/","og_site_name":"Pollack, Pollack, Isaac &amp; DeCicco, LLP","article_modified_time":"2025-02-05T13:29:18+00:00","og_image":[{"url":"https:\/\/ppid.com\/wp-content\/uploads\/2024\/12\/isaac.webp","type":"","width":"","height":""}],"twitter_card":"summary_large_image","twitter_misc":{"Tiempo de lectura":"3 minutos"},"schema":{"@context":"https:\/\/schema.org","@graph":[{"@type":"WebPage","@id":"https:\/\/ppid.com\/attorney\/brian-j-isaac-esq\/","url":"https:\/\/ppid.com\/attorney\/brian-j-isaac-esq\/","name":"Brian J. Isaac, Esq. - PPID Law","isPartOf":{"@id":"https:\/\/ppid.com\/#website"},"primaryImageOfPage":{"@id":"https:\/\/ppid.com\/attorney\/brian-j-isaac-esq\/#primaryimage"},"image":{"@id":"https:\/\/ppid.com\/attorney\/brian-j-isaac-esq\/#primaryimage"},"thumbnailUrl":"https:\/\/ppid.com\/wp-content\/uploads\/2024\/12\/isaac.webp","datePublished":"2024-09-09T07:03:49+00:00","dateModified":"2025-02-05T13:29:18+00:00","description":"Conozca a Brian J. Isaac, Socio y Director de Litigios de PPID. Con m\u00e1s de 30 a\u00f1os de experiencia, es su abogado de confianza. \u00a1Programe su consulta ahora!","breadcrumb":{"@id":"https:\/\/ppid.com\/attorney\/brian-j-isaac-esq\/#breadcrumb"},"inLanguage":"es","potentialAction":[{"@type":"ReadAction","target":["https:\/\/ppid.com\/attorney\/brian-j-isaac-esq\/"]}]},{"@type":"ImageObject","inLanguage":"es","@id":"https:\/\/ppid.com\/attorney\/brian-j-isaac-esq\/#primaryimage","url":"https:\/\/ppid.com\/wp-content\/uploads\/2024\/12\/isaac.webp","contentUrl":"https:\/\/ppid.com\/wp-content\/uploads\/2024\/12\/isaac.webp"},{"@type":"BreadcrumbList","@id":"https:\/\/ppid.com\/attorney\/brian-j-isaac-esq\/#breadcrumb","itemListElement":[{"@type":"ListItem","position":1,"name":"Home","item":"https:\/\/ppid.com\/"},{"@type":"ListItem","position":2,"name":"Attorneys","item":"https:\/\/ppid.com\/attorney\/"},{"@type":"ListItem","position":3,"name":"Brian J. Isaac"}]},{"@type":"WebSite","@id":"https:\/\/ppid.com\/#website","url":"https:\/\/ppid.com\/","name":"Pollack, Pollack, Isaac &amp; DeCicco, LLP","description":"","potentialAction":[{"@type":"SearchAction","target":{"@type":"EntryPoint","urlTemplate":"https:\/\/ppid.com\/?s={search_term_string}"},"query-input":{"@type":"PropertyValueSpecification","valueRequired":true,"valueName":"search_term_string"}}],"inLanguage":"es"}]}},"_links":{"self":[{"href":"https:\/\/ppid.com\/es\/wp-json\/wp\/v2\/pages\/461","targetHints":{"allow":["GET"]}}],"collection":[{"href":"https:\/\/ppid.com\/es\/wp-json\/wp\/v2\/pages"}],"about":[{"href":"https:\/\/ppid.com\/es\/wp-json\/wp\/v2\/types\/page"}],"author":[{"embeddable":true,"href":"https:\/\/ppid.com\/es\/wp-json\/wp\/v2\/users\/1"}],"replies":[{"embeddable":true,"href":"https:\/\/ppid.com\/es\/wp-json\/wp\/v2\/comments?post=461"}],"version-history":[{"count":0,"href":"https:\/\/ppid.com\/es\/wp-json\/wp\/v2\/pages\/461\/revisions"}],"up":[{"embeddable":true,"href":"https:\/\/ppid.com\/es\/wp-json\/wp\/v2\/pages\/707"}],"wp:attachment":[{"href":"https:\/\/ppid.com\/es\/wp-json\/wp\/v2\/media?parent=461"}],"curies":[{"name":"wp","href":"https:\/\/api.w.org\/{rel}","templated":true}]}}