{"id":463,"date":"2024-09-09T07:05:30","date_gmt":"2024-09-09T07:05:30","guid":{"rendered":"https:\/\/ppidllp.wpenginepowered.com\/?page_id=463"},"modified":"2024-12-13T09:48:53","modified_gmt":"2024-12-13T09:48:53","slug":"conrad-pollack-esq","status":"publish","type":"page","link":"https:\/\/ppid.com\/es\/attorney\/conrad-pollack-esq\/","title":{"rendered":"Conrad E. Pollack"},"content":{"rendered":"<div class=\"sgle-attrny\">\n<div class=\"sgle-attrny-itm\">\n<div class=\"sgle-attny-img\">\n<img loading=\"lazy\" decoding=\"async\" src=\"https:\/\/ppid.com\/wp-content\/uploads\/2024\/12\/pollack-img.webp\" alt=\"pollack-img\" width=\"353\" height=\"380\" \/>\n<\/div>\n<div class=\"sgle-attny-rgt-cnt\">\n<h2>Conrad E Pollack, Esq.<\/h2>\n<h5>Socio Director y Director de Inmigraci\u00f3n de PPID<\/h5>\n<div class=\"sgle-attrny-btn\"><a class=\"cmn-btn\" href=\"https:\/\/ppid.com\/es\/schedule-consultation\/\">Concertar una consulta<\/a><\/div>\n<div class=\"ftr-scl-icns inner\">\n<h6>LinkedIn<\/h6>\n<p><a class=\"link\" href=\"https:\/\/www.linkedin.com\/in\/conradpollack\/\" target=\"_blank\" rel=\"noopener\">Vinculado a<\/a><\/p>\n<\/div>\n<\/div>\n<\/div>\n<\/div>\n<div class=\"accsec-ritcnt accordion\">\n<div class=\"accordion-section\">\n<h6><a class=\"accordion-section-title active\" href=\"#accordion-1\">Biograf\u00eda<\/a><\/h6>\n<div id=\"accordion-1\" class=\"accordion-section-content open\" style=\"display: block;\">\n<p>Conrad E. Pollack es socio director y responsable del departamento de <a href=\"https:\/\/ppid.com\/es\/nyc-immigration-lawyer\/\">Departamento de inmigraci\u00f3n<\/a> en Pollack, Pollack, Isaac &amp; DeCicco, LLP. En 1981, el Sr. Pollack se gradu\u00f3 Magna Cum Laude en la Universidad de New York, recibiendo el Premio del D\u00eda de los Fundadores de la NYU por su excelencia acad\u00e9mica. Tambi\u00e9n se gradu\u00f3 Phi Beta Kappa (la sociedad de honor acad\u00e9mica m\u00e1s prestigiosa y selectiva del pa\u00eds). En 1984, el Sr. Pollack se licenci\u00f3 en la Facultad de Derecho de Brooklyn y fue admitido para ejercer la abogac\u00eda en el estado de New York al a\u00f1o siguiente.<\/p>\n<p>Durante su larga carrera, el Sr. Pollack ha adquirido un profundo conocimiento de todos los aspectos de la ley de inmigraci\u00f3n y ha ayudado a miles de inmigrantes a alcanzar el Sue\u00f1o Americano. Desde que se convirti\u00f3 en el socio gerente de PPID en 1988, ha hecho crecer y ampliar con \u00e9xito el enfoque original de la empresa basado en la inmigraci\u00f3n en un bufete de abogados de servicio completo. La \u00faltima expansi\u00f3n de PPID implica la apertura de una nueva oficina en Peekskill, NY en mayo de 2017 y en Brooklyn, NY en noviembre de 2019. El Sr. Pollack es un orgulloso miembro de la Asociaci\u00f3n Americana de Abogados de Inmigraci\u00f3n (AILA), la Asociaci\u00f3n de Abogados de la Corte New York, la Asociaci\u00f3n de Abogados Litigantes de Am\u00e9rica, y la Asociaci\u00f3n Americana de Abogados. El Sr. Pollack obtuvo una calificaci\u00f3n AV Preeminent\u00ae de Martindale-Hubbell por estar clasificado en el nivel m\u00e1s alto de excelencia profesional por sus pares, y fue reconocido por U.S. News &amp; World Report y Best Lawyers\u00ae como \"Best Law Firms\" en New York City.<\/p>\n<\/div>\n<\/div>\n<div class=\"accordion-section\">\n<h6><a class=\"accordion-section-title\" href=\"#accordion-2\">Educaci\u00f3n<\/a><\/h6>\n<div id=\"accordion-2\" class=\"accordion-section-content\" style=\"display: none;\">\n<ul>\n<li>Brooklyn Facultad de Derecho, J.D., 1984, Magna Cum Laude<\/li>\n<li>Universidad New York, Licenciatura en Ciencias Pol\u00edticas, 1981, Cum Laude<\/li>\n<\/ul>\n<\/div>\n<\/div>\n<div class=\"accordion-section\">\n<h6><a class=\"accordion-section-title\" href=\"#accordion-3\">Admitidos<\/a><\/h6>\n<div id=\"accordion-3\" class=\"accordion-section-content\" style=\"display: none;\">\n<ul>\n<li>New York: 1985<\/li>\n<li>Divisi\u00f3n de Apelaci\u00f3n del Tribunal Supremo del Estado de NY: 1985<\/li>\n<li>Tribunal de Distrito de EE.UU. Distrito Sur de New York: 1986<\/li>\n<\/ul>\n<\/div>\n<\/div>\n<div class=\"accordion-section\">\n<h6><a class=\"accordion-section-title\" href=\"#accordion-6\">Idiomas<\/a><\/h6>\n<div id=\"accordion-6\" class=\"accordion-section-content\" style=\"display: none;\">\n<ul>\n<li>Ingl\u00e9s<\/li>\n<li>Espa\u00f1ol<\/li>\n<\/ul>\n<\/div>\n<\/div>\n<div class=\"accordion-section\">\n<h6><a class=\"accordion-section-title\" href=\"#accordion-4\">Premios<\/a><\/h6>\n<div id=\"accordion-4\" class=\"accordion-section-content\" style=\"display: none;\">\n<ul>\n<li style=\"list-style-type: none;\">\n<ul>\n<li>Mejor bufete de Nueva York seg\u00fan U.S. News - Best Lawyers\u00ae.<\/li>\n<li>Derecho de extranjer\u00eda (nivel 3): 2018-2021<\/li>\n<li>Client Champion Gold \/ 2020 (Martindale-Hubbell)<\/li>\n<li>Abogados de Distinci\u00f3n 2018-2019<\/li>\n<li>Los 10 mejores abogados de inmigraci\u00f3n en New York por el Instituto Americano de Asesor\u00eda Legal: 2017, 2019<\/li>\n<li>Entre los 100 mejores abogados por The National Advocates: 2017<\/li>\n<li>Designaci\u00f3n de Abogado Distinguido\u00a9 por la Red de Expertos<\/li>\n<li>Calificaci\u00f3n AV Preeminent\u00ae por Martindale-Hubbell<\/li>\n<li>Premio del D\u00eda de los Fundadores de la NYU, 1981<\/li>\n<\/ul>\n<\/li>\n<\/ul>\n<\/div>\n<\/div>\n<div class=\"accordion-section\">\n<h6><a class=\"accordion-section-title\" href=\"#accordion-5\">Afiliaciones<\/a><\/h6>\n<div id=\"accordion-5\" class=\"accordion-section-content\" style=\"display: none;\">\n<ul>\n<li>New York Academia estatal de abogados litigantes: 2019<\/li>\n<li>Asociaci\u00f3n Americana de Abogados de Inmigraci\u00f3n<\/li>\n<li>New York Asociaci\u00f3n de Abogados de los Tribunales<\/li>\n<li>Westchester Colegio de Abogados del Condado<\/li>\n<li>Asociaci\u00f3n Americana de Abogados<\/li>\n<li>Phi Beta Kappa<\/li>\n<\/ul>\n<\/div>\n<\/div>\n<\/div>\n<p><img loading=\"lazy\" decoding=\"async\" src=\"https:\/\/ppid.com\/wp-content\/uploads\/2024\/09\/Conrad-Pollack-Esq-Badges-and-Distinctions-800x320-1.webp\" alt=\"Conrad-Pollack-Esq-Badges-and-Distinctions\" width=\"800\" height=\"320\" \/><\/p>","protected":false},"excerpt":{"rendered":"<p>Conrad E Pollack, Esq. Managing Partner &amp; Director of Immigration at PPID Schedule a Consultation LinkedIn linked In Biography Conrad E. Pollack is the Managing Partner and head of the Immigration department at Pollack, Pollack, Isaac &amp; DeCicco, LLP. In 1981, Mr. Pollack graduated Magna Cum Laude from New York University, receiving the NYU Founders\u2019 &hellip; <\/p>\n<p class=\"link-more\"><a href=\"https:\/\/ppid.com\/es\/attorney\/conrad-pollack-esq\/\" class=\"more-link\">Seguir leyendo<span class=\"screen-reader-text\"> &#8220;Conrad E Pollack&#8221;<\/span><\/a><\/p>","protected":false},"author":1,"featured_media":0,"parent":707,"menu_order":0,"comment_status":"closed","ping_status":"closed","template":"","meta":{"_acf_changed":false,"footnotes":""},"class_list":["post-463","page","type-page","status-publish","hentry","entry"],"acf":[],"yoast_head":"<!-- This site is optimized with the Yoast SEO Premium plugin v26.8 (Yoast SEO v26.8) - https:\/\/yoast.com\/product\/yoast-seo-premium-wordpress\/ -->\n<title>Conrad E Pollack, Esq. - PPID Law<\/title>\n<meta name=\"description\" content=\"Contact Conrad E. Pollack, Managing Partner at PPID and head of Immigration. Magna Cum Laude NYU, Phi Beta Kappa, and Brooklyn Law School graduate.\" \/>\n<meta name=\"robots\" content=\"index, follow, max-snippet:-1, max-image-preview:large, max-video-preview:-1\" \/>\n<link rel=\"canonical\" href=\"https:\/\/ppid.com\/es\/attorney\/conrad-pollack-esq\/\" \/>\n<meta property=\"og:locale\" content=\"es_MX\" \/>\n<meta property=\"og:type\" content=\"article\" \/>\n<meta property=\"og:title\" content=\"Conrad E Pollack\" \/>\n<meta property=\"og:description\" content=\"Contact Conrad E. Pollack, Managing Partner at PPID and head of Immigration. Magna Cum Laude NYU, Phi Beta Kappa, and Brooklyn Law School graduate.\" \/>\n<meta property=\"og:url\" content=\"https:\/\/ppid.com\/es\/attorney\/conrad-pollack-esq\/\" \/>\n<meta property=\"og:site_name\" content=\"Pollack, Pollack, Isaac &amp; DeCicco, LLP\" \/>\n<meta property=\"article:modified_time\" content=\"2024-12-13T09:48:53+00:00\" \/>\n<meta property=\"og:image\" content=\"https:\/\/ppid.com\/wp-content\/uploads\/2024\/12\/pollack-img.webp\" \/>\n<meta name=\"twitter:card\" content=\"summary_large_image\" \/>\n<meta name=\"twitter:label1\" content=\"Tiempo de lectura\" \/>\n\t<meta name=\"twitter:data1\" content=\"3 minutos\" \/>\n<!-- \/ Yoast SEO Premium plugin. -->","yoast_head_json":{"title":"Conrad E Pollack, Esq. - PPID Law","description":"P\u00f3ngase en contacto con Conrad E. Pollack, Socio Director de PPID y responsable de Inmigraci\u00f3n. Magna Cum Laude NYU, Phi Beta Kappa, y Brooklyn Licenciado en Derecho.","robots":{"index":"index","follow":"follow","max-snippet":"max-snippet:-1","max-image-preview":"max-image-preview:large","max-video-preview":"max-video-preview:-1"},"canonical":"https:\/\/ppid.com\/es\/attorney\/conrad-pollack-esq\/","og_locale":"es_MX","og_type":"article","og_title":"Conrad E Pollack","og_description":"Contact Conrad E. Pollack, Managing Partner at PPID and head of Immigration. Magna Cum Laude NYU, Phi Beta Kappa, and Brooklyn Law School graduate.","og_url":"https:\/\/ppid.com\/es\/attorney\/conrad-pollack-esq\/","og_site_name":"Pollack, Pollack, Isaac &amp; DeCicco, LLP","article_modified_time":"2024-12-13T09:48:53+00:00","og_image":[{"url":"https:\/\/ppid.com\/wp-content\/uploads\/2024\/12\/pollack-img.webp","type":"","width":"","height":""}],"twitter_card":"summary_large_image","twitter_misc":{"Tiempo de lectura":"3 minutos"},"schema":{"@context":"https:\/\/schema.org","@graph":[{"@type":"WebPage","@id":"https:\/\/ppid.com\/attorney\/conrad-pollack-esq\/","url":"https:\/\/ppid.com\/attorney\/conrad-pollack-esq\/","name":"Conrad E Pollack, Esq. - PPID Law","isPartOf":{"@id":"https:\/\/ppid.com\/#website"},"primaryImageOfPage":{"@id":"https:\/\/ppid.com\/attorney\/conrad-pollack-esq\/#primaryimage"},"image":{"@id":"https:\/\/ppid.com\/attorney\/conrad-pollack-esq\/#primaryimage"},"thumbnailUrl":"https:\/\/ppid.com\/wp-content\/uploads\/2024\/12\/pollack-img.webp","datePublished":"2024-09-09T07:05:30+00:00","dateModified":"2024-12-13T09:48:53+00:00","description":"P\u00f3ngase en contacto con Conrad E. Pollack, Socio Director de PPID y responsable de Inmigraci\u00f3n. Magna Cum Laude NYU, Phi Beta Kappa, y Brooklyn Licenciado en Derecho.","breadcrumb":{"@id":"https:\/\/ppid.com\/attorney\/conrad-pollack-esq\/#breadcrumb"},"inLanguage":"es","potentialAction":[{"@type":"ReadAction","target":["https:\/\/ppid.com\/attorney\/conrad-pollack-esq\/"]}]},{"@type":"ImageObject","inLanguage":"es","@id":"https:\/\/ppid.com\/attorney\/conrad-pollack-esq\/#primaryimage","url":"https:\/\/ppid.com\/wp-content\/uploads\/2024\/12\/pollack-img.webp","contentUrl":"https:\/\/ppid.com\/wp-content\/uploads\/2024\/12\/pollack-img.webp"},{"@type":"BreadcrumbList","@id":"https:\/\/ppid.com\/attorney\/conrad-pollack-esq\/#breadcrumb","itemListElement":[{"@type":"ListItem","position":1,"name":"Home","item":"https:\/\/ppid.com\/"},{"@type":"ListItem","position":2,"name":"Attorneys","item":"https:\/\/ppid.com\/attorney\/"},{"@type":"ListItem","position":3,"name":"Conrad E Pollack"}]},{"@type":"WebSite","@id":"https:\/\/ppid.com\/#website","url":"https:\/\/ppid.com\/","name":"Pollack, Pollack, Isaac &amp; DeCicco, LLP","description":"","potentialAction":[{"@type":"SearchAction","target":{"@type":"EntryPoint","urlTemplate":"https:\/\/ppid.com\/?s={search_term_string}"},"query-input":{"@type":"PropertyValueSpecification","valueRequired":true,"valueName":"search_term_string"}}],"inLanguage":"es"}]}},"_links":{"self":[{"href":"https:\/\/ppid.com\/es\/wp-json\/wp\/v2\/pages\/463","targetHints":{"allow":["GET"]}}],"collection":[{"href":"https:\/\/ppid.com\/es\/wp-json\/wp\/v2\/pages"}],"about":[{"href":"https:\/\/ppid.com\/es\/wp-json\/wp\/v2\/types\/page"}],"author":[{"embeddable":true,"href":"https:\/\/ppid.com\/es\/wp-json\/wp\/v2\/users\/1"}],"replies":[{"embeddable":true,"href":"https:\/\/ppid.com\/es\/wp-json\/wp\/v2\/comments?post=463"}],"version-history":[{"count":0,"href":"https:\/\/ppid.com\/es\/wp-json\/wp\/v2\/pages\/463\/revisions"}],"up":[{"embeddable":true,"href":"https:\/\/ppid.com\/es\/wp-json\/wp\/v2\/pages\/707"}],"wp:attachment":[{"href":"https:\/\/ppid.com\/es\/wp-json\/wp\/v2\/media?parent=463"}],"curies":[{"name":"wp","href":"https:\/\/api.w.org\/{rel}","templated":true}]}}