{"id":467,"date":"2024-09-09T07:06:24","date_gmt":"2024-09-09T07:06:24","guid":{"rendered":"https:\/\/ppidllp.wpenginepowered.com\/?page_id=467"},"modified":"2024-12-13T13:42:09","modified_gmt":"2024-12-13T13:42:09","slug":"fred-a-decicco-esq","status":"publish","type":"page","link":"https:\/\/ppid.com\/es\/attorney\/fred-a-decicco-esq\/","title":{"rendered":"Fred A. DeCicco"},"content":{"rendered":"<div class=\"sgle-attrny\">\n<div class=\"sgle-attrny-itm\">\n<div class=\"sgle-attny-img\"><img loading=\"lazy\" decoding=\"async\" src=\"https:\/\/ppid.com\/wp-content\/uploads\/2024\/12\/decicco.webp\" alt=\"decicco\" width=\"353\" height=\"380\" \/><\/div>\n<div class=\"sgle-attny-rgt-cnt\">\n<h2>Fred A. DeCicco, Esq.<\/h2>\n<h5>Socio Gerente y Director de Derecho Inmobiliario y Mercantil de PPID<\/h5>\n<div class=\"sgle-attrny-btn\"><a class=\"cmn-btn\" href=\"https:\/\/ppid.com\/es\/schedule-consultation\/\">Concertar una consulta<\/a><\/div>\n<div class=\"ftr-scl-icns inner\">\n<h6>LinkedIn<\/h6>\n<p><a class=\"link\" href=\"https:\/\/www.linkedin.com\/company\/pollack-pollack-isaac-&amp;-decicco\/\" target=\"_blank\" rel=\"noopener\">Vinculado a<\/a><\/p>\n<\/div>\n<\/div>\n<\/div>\n<\/div>\n<div class=\"accsec-ritcnt accordion\">\n<div class=\"accordion-section\">\n<h6><a class=\"accordion-section-title active\" href=\"#accordion-1\">Biograf\u00eda<\/a><\/h6>\n<div id=\"accordion-1\" class=\"accordion-section-content open\" style=\"display: block;\">\n<p>Fred A. De Cicco, Esq. es socio y director del departamento de Real Estate &amp; <a href=\"https:\/\/ppid.com\/es\/nyc-real-estate-lawyer\/\">Departamento de Derecho Mercantil<\/a> en Pollack, Pollack, Isaac &amp; DeCicco, LLP. El Sr. DeCicco se licenci\u00f3 cum laude en la Facultad de Artes y Ciencias de la Universidad de New York en 1981. Se licenci\u00f3 en Derecho por la Fordham Law School en 1984, donde fue editor asociado de The Fordham University Law Review.<\/p>\n<p>En 1989, el Sr. DeCicco se convirti\u00f3 en socio de Pollack, Pollack, Isaac &amp; DeCicco, LLP. El Sr. DeCicco comenz\u00f3 su carrera como abogado asociado en Skadden, Arps, Slate, Meagher &amp; Flom LLP (\"Skadden Arps\") en 1984.<\/p>\n<p>El Sr. DeCicco es miembro de la American Bar Association y de la Association of Trial Lawyers of America. Ha representado a juntas de cooperativas y condominios, promotores y propietarios de importantes edificios de oficinas y comerciales en Manhattan y el \u00e1rea metropolitana. Fue admitido y permanece en regla en el Colegio de Abogados del Estado de New York (desde 1985) y en el Colegio de Abogados del Estado de Nueva Jersey (desde 1987). El Sr. DeCicco tiene una amplia experiencia en todos los aspectos del Derecho Inmobiliario \/ Comercial, incluyendo:<\/p>\n<ul>\n<li>Arrendamiento comercial y de oficinas<\/li>\n<li>Adquisici\u00f3n de empresas e inversiones<\/li>\n<li>Acuerdos de gesti\u00f3n<\/li>\n<li>Acuerdos de asociaci\u00f3n<\/li>\n<li>Copropiedad<\/li>\n<li>Empresas conjuntas<\/li>\n<li>Acuerdos prenupciales<\/li>\n<li>Contratos de trabajo<\/li>\n<li>Acuerdos fiduciarios<\/li>\n<\/ul>\n<\/div>\n<\/div>\n<div class=\"accordion-section\">\n<h6><a class=\"accordion-section-title\" href=\"#accordion-2\">Educaci\u00f3n<\/a><\/h6>\n<div id=\"accordion-2\" class=\"accordion-section-content\" style=\"display: none;\">\n<ul>\n<li>Facultad de Derecho de Fordham, J.D., 1984<\/li>\n<li>Universidad New York, B.A., 1981<\/li>\n<\/ul>\n<\/div>\n<\/div>\n<div class=\"accordion-section\">\n<h6><a class=\"accordion-section-title\" href=\"#accordion-3\">Admitidos<\/a><\/h6>\n<div id=\"accordion-3\" class=\"accordion-section-content\" style=\"display: none;\">\n<ul>\n<li>New York: 1985<\/li>\n<li>Nueva Jersey: 1987<\/li>\n<\/ul>\n<\/div>\n<\/div>\n<div class=\"accordion-section\">\n<h6><a class=\"accordion-section-title\" href=\"#accordion-4\">Premios<\/a><\/h6>\n<div id=\"accordion-4\" class=\"accordion-section-content\" style=\"display: none;\">\n<ul>\n<li>Los 10 mejores Abogado inmobiliario en New York seg\u00fan el Instituto Americano de Asesor\u00eda Jur\u00eddica: 2019<\/li>\n<li>Abogados de Distinci\u00f3n 2018<\/li>\n<li>Designaci\u00f3n de Abogado Distinguido\u00a9 por la Red de Expertos<\/li>\n<li>Premio Alumni del Washington Square College: 1981<\/li>\n<li>Premio del D\u00eda de los Fundadores de la NYU: 1981<\/li>\n<\/ul>\n<\/div>\n<\/div>\n<div class=\"accordion-section\">\n<h6><a class=\"accordion-section-title\" href=\"#accordion-5\">Afiliaciones<\/a><\/h6>\n<div id=\"accordion-5\" class=\"accordion-section-content\" style=\"display: none;\">\n<ul>\n<li>New York Academia estatal de abogados litigantes: 2019<\/li>\n<li>Asociaci\u00f3n Americana de Abogados<\/li>\n<li>Asociaci\u00f3n de Abogados Litigantes de Am\u00e9rica<\/li>\n<li>New York Asociaci\u00f3n de Abogados del Condado<\/li>\n<li>Colegio de Abogados de Nueva Jersey<\/li>\n<li>Westchester Colegio de Abogados del Condado<\/li>\n<li>Alpha Phi Delta, Presidente<\/li>\n<\/ul>\n<\/div>\n<\/div>\n<div class=\"accordion-section\">\n<h6><a class=\"accordion-section-title\" href=\"#accordion-6\">Autor<\/a><\/h6>\n<div id=\"accordion-6\" class=\"accordion-section-content\" style=\"display: none;\">\n<ul>\n<li>Revista de Derecho: Renuncia a los juicios con jurado en causas penales federales; reevaluaci\u00f3n del veto del fiscal, 51: 1983<\/li>\n<\/ul>\n<\/div>\n<\/div>\n<\/div>\n<p><img loading=\"lazy\" decoding=\"async\" class=\"aligncenter\" src=\"https:\/\/ppid.com\/wp-content\/uploads\/2024\/12\/Badges-Fred-A-DeCicco.webp\" alt=\"Badges-Fred-A-DeCicco\" width=\"503\" height=\"311\" \/><\/p>","protected":false},"excerpt":{"rendered":"<p>Fred A. DeCicco, Esq. Managing Partner &amp; Director of Real Estate &amp; Commercial Law at PPID Schedule a Consultation LinkedIn linked In Biography Fred A. De Cicco, Esq. is partner and head of the Real Estate &amp; Commercial Law department at Pollack, Pollack, Isaac &amp; DeCicco, LLP. Mr. DeCicco graduated cum laude from New York &hellip; <\/p>\n<p class=\"link-more\"><a href=\"https:\/\/ppid.com\/es\/attorney\/fred-a-decicco-esq\/\" class=\"more-link\">Seguir leyendo<span class=\"screen-reader-text\"> &#8220;Fred A. DeCicco&#8221;<\/span><\/a><\/p>","protected":false},"author":1,"featured_media":0,"parent":707,"menu_order":0,"comment_status":"closed","ping_status":"closed","template":"","meta":{"_acf_changed":false,"footnotes":""},"class_list":["post-467","page","type-page","status-publish","hentry","entry"],"acf":[],"yoast_head":"<!-- This site is optimized with the Yoast SEO Premium plugin v26.8 (Yoast SEO v26.8) - https:\/\/yoast.com\/product\/yoast-seo-premium-wordpress\/ -->\n<title>Fred A. DeCicco, Esq. - PPID Law<\/title>\n<meta name=\"description\" content=\"Meet Fred A. De Cicco, Esq., Partner at PPID. Specializing in real estate &amp; commercial law, he brings top-tier expertise. Schedule now!\" \/>\n<meta name=\"robots\" content=\"index, follow, max-snippet:-1, max-image-preview:large, max-video-preview:-1\" \/>\n<link rel=\"canonical\" href=\"https:\/\/ppid.com\/es\/attorney\/fred-a-decicco-esq\/\" \/>\n<meta property=\"og:locale\" content=\"es_MX\" \/>\n<meta property=\"og:type\" content=\"article\" \/>\n<meta property=\"og:title\" content=\"Fred A. DeCicco\" \/>\n<meta property=\"og:description\" content=\"Meet Fred A. De Cicco, Esq., Partner at PPID. Specializing in real estate &amp; commercial law, he brings top-tier expertise. Schedule now!\" \/>\n<meta property=\"og:url\" content=\"https:\/\/ppid.com\/es\/attorney\/fred-a-decicco-esq\/\" \/>\n<meta property=\"og:site_name\" content=\"Pollack, Pollack, Isaac &amp; DeCicco, LLP\" \/>\n<meta property=\"article:modified_time\" content=\"2024-12-13T13:42:09+00:00\" \/>\n<meta property=\"og:image\" content=\"https:\/\/ppid.com\/wp-content\/uploads\/2024\/12\/decicco.webp\" \/>\n<meta name=\"twitter:card\" content=\"summary_large_image\" \/>\n<meta name=\"twitter:label1\" content=\"Tiempo de lectura\" \/>\n\t<meta name=\"twitter:data1\" content=\"2 minutos\" \/>\n<!-- \/ Yoast SEO Premium plugin. -->","yoast_head_json":{"title":"Fred A. DeCicco, Esq. - Ley PPID","description":"Conozca a Fred A. De Cicco, abogado y socio de PPID. Especializado en derecho inmobiliario y comercial, aporta una experiencia de primer nivel. \u00a1Programe su cita ahora!","robots":{"index":"index","follow":"follow","max-snippet":"max-snippet:-1","max-image-preview":"max-image-preview:large","max-video-preview":"max-video-preview:-1"},"canonical":"https:\/\/ppid.com\/es\/attorney\/fred-a-decicco-esq\/","og_locale":"es_MX","og_type":"article","og_title":"Fred A. DeCicco","og_description":"Meet Fred A. De Cicco, Esq., Partner at PPID. Specializing in real estate & commercial law, he brings top-tier expertise. Schedule now!","og_url":"https:\/\/ppid.com\/es\/attorney\/fred-a-decicco-esq\/","og_site_name":"Pollack, Pollack, Isaac &amp; DeCicco, LLP","article_modified_time":"2024-12-13T13:42:09+00:00","og_image":[{"url":"https:\/\/ppid.com\/wp-content\/uploads\/2024\/12\/decicco.webp","type":"","width":"","height":""}],"twitter_card":"summary_large_image","twitter_misc":{"Tiempo de lectura":"2 minutos"},"schema":{"@context":"https:\/\/schema.org","@graph":[{"@type":"WebPage","@id":"https:\/\/ppid.com\/attorney\/fred-a-decicco-esq\/","url":"https:\/\/ppid.com\/attorney\/fred-a-decicco-esq\/","name":"Fred A. DeCicco, Esq. - Ley PPID","isPartOf":{"@id":"https:\/\/ppid.com\/#website"},"primaryImageOfPage":{"@id":"https:\/\/ppid.com\/attorney\/fred-a-decicco-esq\/#primaryimage"},"image":{"@id":"https:\/\/ppid.com\/attorney\/fred-a-decicco-esq\/#primaryimage"},"thumbnailUrl":"https:\/\/ppid.com\/wp-content\/uploads\/2024\/12\/decicco.webp","datePublished":"2024-09-09T07:06:24+00:00","dateModified":"2024-12-13T13:42:09+00:00","description":"Conozca a Fred A. De Cicco, abogado y socio de PPID. Especializado en derecho inmobiliario y comercial, aporta una experiencia de primer nivel. \u00a1Programe su cita ahora!","breadcrumb":{"@id":"https:\/\/ppid.com\/attorney\/fred-a-decicco-esq\/#breadcrumb"},"inLanguage":"es","potentialAction":[{"@type":"ReadAction","target":["https:\/\/ppid.com\/attorney\/fred-a-decicco-esq\/"]}]},{"@type":"ImageObject","inLanguage":"es","@id":"https:\/\/ppid.com\/attorney\/fred-a-decicco-esq\/#primaryimage","url":"https:\/\/ppid.com\/wp-content\/uploads\/2024\/12\/decicco.webp","contentUrl":"https:\/\/ppid.com\/wp-content\/uploads\/2024\/12\/decicco.webp"},{"@type":"BreadcrumbList","@id":"https:\/\/ppid.com\/attorney\/fred-a-decicco-esq\/#breadcrumb","itemListElement":[{"@type":"ListItem","position":1,"name":"Home","item":"https:\/\/ppid.com\/"},{"@type":"ListItem","position":2,"name":"Attorneys","item":"https:\/\/ppid.com\/attorney\/"},{"@type":"ListItem","position":3,"name":"Fred A. DeCicco"}]},{"@type":"WebSite","@id":"https:\/\/ppid.com\/#website","url":"https:\/\/ppid.com\/","name":"Pollack, Pollack, Isaac &amp; DeCicco, LLP","description":"","potentialAction":[{"@type":"SearchAction","target":{"@type":"EntryPoint","urlTemplate":"https:\/\/ppid.com\/?s={search_term_string}"},"query-input":{"@type":"PropertyValueSpecification","valueRequired":true,"valueName":"search_term_string"}}],"inLanguage":"es"}]}},"_links":{"self":[{"href":"https:\/\/ppid.com\/es\/wp-json\/wp\/v2\/pages\/467","targetHints":{"allow":["GET"]}}],"collection":[{"href":"https:\/\/ppid.com\/es\/wp-json\/wp\/v2\/pages"}],"about":[{"href":"https:\/\/ppid.com\/es\/wp-json\/wp\/v2\/types\/page"}],"author":[{"embeddable":true,"href":"https:\/\/ppid.com\/es\/wp-json\/wp\/v2\/users\/1"}],"replies":[{"embeddable":true,"href":"https:\/\/ppid.com\/es\/wp-json\/wp\/v2\/comments?post=467"}],"version-history":[{"count":0,"href":"https:\/\/ppid.com\/es\/wp-json\/wp\/v2\/pages\/467\/revisions"}],"up":[{"embeddable":true,"href":"https:\/\/ppid.com\/es\/wp-json\/wp\/v2\/pages\/707"}],"wp:attachment":[{"href":"https:\/\/ppid.com\/es\/wp-json\/wp\/v2\/media?parent=467"}],"curies":[{"name":"wp","href":"https:\/\/api.w.org\/{rel}","templated":true}]}}