{"id":471,"date":"2024-09-09T07:07:51","date_gmt":"2024-09-09T07:07:51","guid":{"rendered":"https:\/\/ppidllp.wpenginepowered.com\/?page_id=471"},"modified":"2025-02-05T13:29:36","modified_gmt":"2025-02-05T13:29:36","slug":"jillian-rosen-esq","status":"publish","type":"page","link":"https:\/\/ppid.com\/es\/attorney\/jillian-rosen-esq\/","title":{"rendered":"Jillian Rosen"},"content":{"rendered":"<div class=\"sgle-attrny\">\n<div class=\"sgle-attrny-itm\">\n<div class=\"sgle-attny-img\"><img loading=\"lazy\" decoding=\"async\" src=\"https:\/\/ppid.com\/wp-content\/uploads\/2024\/12\/rosen.webp\" alt=\"rosen\" width=\"385\" height=\"363\" \/><\/div>\n<div class=\"sgle-attny-rgt-cnt\">\n<h2>Jillian Rosen, Esq.<\/h2>\n<h5>Socio del Departamento de Litigios de PPID<\/h5>\n<div class=\"sgle-attrny-btn\"><a class=\"cmn-btn\" href=\"https:\/\/ppid.com\/es\/schedule-consultation\/\">Concertar una consulta<\/a><\/div>\n<div class=\"ftr-scl-icns inner\">\n<h6>LinkedIn<\/h6>\n<p><a class=\"link\" href=\"https:\/\/www.linkedin.com\/company\/pollack-pollack-isaac-&amp;-decicco\" target=\"_blank\" rel=\"noopener\">Vinculado a<\/a><\/p>\n<\/div>\n<\/div>\n<\/div>\n<\/div>\n<div class=\"accsec-ritcnt accordion\">\n<div class=\"accordion-section\">\n<h6><a class=\"accordion-section-title active\" href=\"#accordion-1\">Biograf\u00eda<\/a><\/h6>\n<div id=\"accordion-1\" class=\"accordion-section-content open\" style=\"display: block;\">\n<p>Jillian Rosen es socia de Pollack, Pollack, Isaac &amp; DeCicco, LLP y trabaja en nuestra oficina Manhattan. Desde que se incorpor\u00f3 al bufete <a href=\"https:\/\/ppid.com\/es\/nyc-litigation-lawyer\/\">Contencioso\/Apelaci\u00f3n<\/a> departamento en 2007, la Sra. Rosen tiene m\u00e1s de 200 decisiones de la Divisi\u00f3n de Apelaciones, incluyendo varias victorias en el Tribunal de Apelaciones del Estado New York. La pr\u00e1ctica de la Sra. Rosen se dedica a redactar apelaciones y mociones de fondo para los abogados de los demandantes y a comparecer para argumentar oralmente ante las Divisiones de Apelaci\u00f3n y los Tribunales Estatales. La Sra. Rosen recibi\u00f3 su licenciatura de la Universidad de Washington en St. Louis y obtuvo su J.D. de la Facultad de Derecho de Brooklyn. En 2018, la Sra. Rosen fue seleccionada para unirse a la organizaci\u00f3n Lawyers of Distinction que reconoce a los 10% mejores abogados de los Estados Unidos. La Sra. Rosen est\u00e1 admitida a ejercer en el Estado de New York y en los Tribunales de Distrito de los Estados Unidos para los Distritos Sur y Este.<\/p>\n<\/div>\n<\/div>\n<div class=\"accordion-section\">\n<h6><a class=\"accordion-section-title\" href=\"#accordion-2\">Educaci\u00f3n<\/a><\/h6>\n<div id=\"accordion-2\" class=\"accordion-section-content\" style=\"display: none;\">\n<ul>\n<li><a href=\"https:\/\/www.brooklaw.edu\/\" target=\"_blank\" rel=\"noopener\">Brooklyn Facultad de Derecho<\/a>J.D., 1992<\/li>\n<li><a href=\"https:\/\/washu.edu\/\" target=\"_blank\" rel=\"noopener\">Universidad de Washington<\/a>Louis, Licenciada en Ciencias Pol\u00edticas 1989<\/li>\n<li>Sal\u00f3n de la Fama de los Atletas Universitarios Estadounidenses, 1988<\/li>\n<li>Omicron Delta Kappa All - Asamblea de Honores de la Universidad, 1987<\/li>\n<\/ul>\n<\/div>\n<\/div>\n<div class=\"accordion-section\">\n<h6><a class=\"accordion-section-title\" href=\"#accordion-3\">Admitidos<\/a><\/h6>\n<div id=\"accordion-3\" class=\"accordion-section-content\" style=\"display: none;\">\n<ul>\n<li>New York: 1993<\/li>\n<li>Tribunal de Distrito de EE.UU. Distrito Este de New York: 1996<\/li>\n<li>Tribunal de Distrito de EE.UU. Distrito Sur de New York: 1997<\/li>\n<\/ul>\n<\/div>\n<\/div>\n<div class=\"accordion-section\">\n<h6><a class=\"accordion-section-title\" href=\"#accordion-4\">Premios<\/a><\/h6>\n<div id=\"accordion-4\" class=\"accordion-section-content\" style=\"display: none;\">\n<ul>\n<li>Premio Super Lawyers\u00ae: 2018-2022<\/li>\n<li>Abogados de Distinci\u00f3n 2018<\/li>\n<li>M\u00e1s de 170 decisiones de la Divisi\u00f3n de Apelaci\u00f3n<\/li>\n<\/ul>\n<\/div>\n<\/div>\n<div class=\"accordion-section\">\n<h6><a class=\"accordion-section-title\" href=\"#accordion-6\">Autor<\/a><\/h6>\n<div id=\"accordion-6\" class=\"accordion-section-content\" style=\"display: none;\">\n<ul>\n<li>New York Law Journal 2 de agosto de 1996 \"Doctrina del defecto trivial en casos de resbalones y ca\u00eddas\"<\/li>\n<\/ul>\n<\/div>\n<\/div>\n<div class=\"accordion-section\">\n<h6><a class=\"accordion-section-title\" href=\"#accordion-5\">Afiliaciones<\/a><\/h6>\n<div id=\"accordion-5\" class=\"accordion-section-content\" style=\"display: none;\">\n<ul>\n<li>New York Academia estatal de abogados litigantes: 2019<\/li>\n<\/ul>\n<\/div>\n<\/div>\n<\/div>\n<div class=\"innr-awards\">\n<img loading=\"lazy\" decoding=\"async\" src=\"https:\/\/ppid.com\/wp-content\/uploads\/2024\/12\/PPID-Jillian-Rosen-Super-Lawyers.webp\" alt=\"PPID-Jillian-Rosen-Super-Lawyers\" width=\"300\" height=\"371\"\/><br \/>\n<img loading=\"lazy\" decoding=\"async\" src=\"https:\/\/ppid.com\/wp-content\/uploads\/2024\/12\/PPID-Jillian-Rosen-Lawyers-of-Distinction-2018.webp\" alt=\"PPID-Jillian-Rosen-Lawyers-of-Distinction\" width=\"300\" height=\"371\" \/>\n<\/div>","protected":false},"excerpt":{"rendered":"<p>Jillian Rosen, Esq. Partner in PPID\u2019s Litigation Department Schedule a Consultation LinkedIn linked In Biography Jillian Rosen is a partner at Pollack, Pollack, Isaac &amp; DeCicco, LLP working out of our Manhattan office. Since joining the firm\u2019s Litigation\/Appellate department in 2007, Ms. Rosen has more than 200 Appellate Division decisions, including several victories in the &hellip; <\/p>\n<p class=\"link-more\"><a href=\"https:\/\/ppid.com\/es\/attorney\/jillian-rosen-esq\/\" class=\"more-link\">Seguir leyendo<span class=\"screen-reader-text\"> &#8220;Jillian Rosen&#8221;<\/span><\/a><\/p>","protected":false},"author":1,"featured_media":0,"parent":707,"menu_order":0,"comment_status":"closed","ping_status":"closed","template":"","meta":{"_acf_changed":false,"footnotes":""},"class_list":["post-471","page","type-page","status-publish","hentry","entry"],"acf":[],"yoast_head":"<!-- This site is optimized with the Yoast SEO Premium plugin v26.8 (Yoast SEO v26.8) - https:\/\/yoast.com\/product\/yoast-seo-premium-wordpress\/ -->\n<title>Jillian Rosen, Esq. - PPID Law<\/title>\n<meta name=\"description\" content=\"Jillian Rosen is a partner at Pollack, Pollack, Isaac &amp; DeCicco, LLP&#039;s Litigation\/Appellate department.\" \/>\n<meta name=\"robots\" content=\"index, follow, max-snippet:-1, max-image-preview:large, max-video-preview:-1\" \/>\n<link rel=\"canonical\" href=\"https:\/\/ppid.com\/es\/attorney\/jillian-rosen-esq\/\" \/>\n<meta property=\"og:locale\" content=\"es_MX\" \/>\n<meta property=\"og:type\" content=\"article\" \/>\n<meta property=\"og:title\" content=\"Jillian Rosen\" \/>\n<meta property=\"og:description\" content=\"Jillian Rosen is a partner at Pollack, Pollack, Isaac &amp; DeCicco, LLP&#039;s Litigation\/Appellate department.\" \/>\n<meta property=\"og:url\" content=\"https:\/\/ppid.com\/es\/attorney\/jillian-rosen-esq\/\" \/>\n<meta property=\"og:site_name\" content=\"Pollack, Pollack, Isaac &amp; DeCicco, LLP\" \/>\n<meta property=\"article:modified_time\" content=\"2025-02-05T13:29:36+00:00\" \/>\n<meta property=\"og:image\" content=\"https:\/\/ppid.com\/wp-content\/uploads\/2024\/12\/rosen.webp\" \/>\n<meta name=\"twitter:card\" content=\"summary_large_image\" \/>\n<meta name=\"twitter:label1\" content=\"Tiempo de lectura\" \/>\n\t<meta name=\"twitter:data1\" content=\"2 minutos\" \/>\n<script type=\"application\/ld+json\" class=\"yoast-schema-graph\">{\"@context\":\"https:\/\/schema.org\",\"@graph\":[{\"@type\":\"WebPage\",\"@id\":\"https:\/\/ppid.com\/attorney\/jillian-rosen-esq\/\",\"url\":\"https:\/\/ppid.com\/attorney\/jillian-rosen-esq\/\",\"name\":\"Jillian Rosen, Esq. - PPID Law\",\"isPartOf\":{\"@id\":\"https:\/\/ppid.com\/#website\"},\"primaryImageOfPage\":{\"@id\":\"https:\/\/ppid.com\/attorney\/jillian-rosen-esq\/#primaryimage\"},\"image\":{\"@id\":\"https:\/\/ppid.com\/attorney\/jillian-rosen-esq\/#primaryimage\"},\"thumbnailUrl\":\"https:\/\/ppid.com\/wp-content\/uploads\/2024\/12\/rosen.webp\",\"datePublished\":\"2024-09-09T07:07:51+00:00\",\"dateModified\":\"2025-02-05T13:29:36+00:00\",\"description\":\"Jillian Rosen is a partner at Pollack, Pollack, Isaac & DeCicco, LLP's Litigation\/Appellate department.\",\"breadcrumb\":{\"@id\":\"https:\/\/ppid.com\/attorney\/jillian-rosen-esq\/#breadcrumb\"},\"inLanguage\":\"es\",\"potentialAction\":[{\"@type\":\"ReadAction\",\"target\":[\"https:\/\/ppid.com\/attorney\/jillian-rosen-esq\/\"]}]},{\"@type\":\"ImageObject\",\"inLanguage\":\"es\",\"@id\":\"https:\/\/ppid.com\/attorney\/jillian-rosen-esq\/#primaryimage\",\"url\":\"https:\/\/ppid.com\/wp-content\/uploads\/2024\/12\/rosen.webp\",\"contentUrl\":\"https:\/\/ppid.com\/wp-content\/uploads\/2024\/12\/rosen.webp\"},{\"@type\":\"BreadcrumbList\",\"@id\":\"https:\/\/ppid.com\/attorney\/jillian-rosen-esq\/#breadcrumb\",\"itemListElement\":[{\"@type\":\"ListItem\",\"position\":1,\"name\":\"Home\",\"item\":\"https:\/\/ppid.com\/\"},{\"@type\":\"ListItem\",\"position\":2,\"name\":\"Attorneys\",\"item\":\"https:\/\/ppid.com\/attorney\/\"},{\"@type\":\"ListItem\",\"position\":3,\"name\":\"Jillian Rosen\"}]},{\"@type\":\"WebSite\",\"@id\":\"https:\/\/ppid.com\/#website\",\"url\":\"https:\/\/ppid.com\/\",\"name\":\"Pollack, Pollack, Isaac &amp; DeCicco, LLP\",\"description\":\"\",\"potentialAction\":[{\"@type\":\"SearchAction\",\"target\":{\"@type\":\"EntryPoint\",\"urlTemplate\":\"https:\/\/ppid.com\/?s={search_term_string}\"},\"query-input\":{\"@type\":\"PropertyValueSpecification\",\"valueRequired\":true,\"valueName\":\"search_term_string\"}}],\"inLanguage\":\"es\"}]}<\/script>\n<!-- \/ Yoast SEO Premium plugin. -->","yoast_head_json":{"title":"Jillian Rosen, Esq. - PPID Law","description":"Jillian Rosen es socia del departamento de Litigios\/Apelaciones de Pollack, Pollack, Isaac &amp; DeCicco, LLP.","robots":{"index":"index","follow":"follow","max-snippet":"max-snippet:-1","max-image-preview":"max-image-preview:large","max-video-preview":"max-video-preview:-1"},"canonical":"https:\/\/ppid.com\/es\/attorney\/jillian-rosen-esq\/","og_locale":"es_MX","og_type":"article","og_title":"Jillian Rosen","og_description":"Jillian Rosen is a partner at Pollack, Pollack, Isaac & DeCicco, LLP's Litigation\/Appellate department.","og_url":"https:\/\/ppid.com\/es\/attorney\/jillian-rosen-esq\/","og_site_name":"Pollack, Pollack, Isaac &amp; DeCicco, LLP","article_modified_time":"2025-02-05T13:29:36+00:00","og_image":[{"url":"https:\/\/ppid.com\/wp-content\/uploads\/2024\/12\/rosen.webp","type":"","width":"","height":""}],"twitter_card":"summary_large_image","twitter_misc":{"Tiempo de lectura":"2 minutos"},"schema":{"@context":"https:\/\/schema.org","@graph":[{"@type":"WebPage","@id":"https:\/\/ppid.com\/attorney\/jillian-rosen-esq\/","url":"https:\/\/ppid.com\/attorney\/jillian-rosen-esq\/","name":"Jillian Rosen, Esq. - PPID Law","isPartOf":{"@id":"https:\/\/ppid.com\/#website"},"primaryImageOfPage":{"@id":"https:\/\/ppid.com\/attorney\/jillian-rosen-esq\/#primaryimage"},"image":{"@id":"https:\/\/ppid.com\/attorney\/jillian-rosen-esq\/#primaryimage"},"thumbnailUrl":"https:\/\/ppid.com\/wp-content\/uploads\/2024\/12\/rosen.webp","datePublished":"2024-09-09T07:07:51+00:00","dateModified":"2025-02-05T13:29:36+00:00","description":"Jillian Rosen es socia del departamento de Litigios\/Apelaciones de Pollack, Pollack, Isaac &amp; DeCicco, LLP.","breadcrumb":{"@id":"https:\/\/ppid.com\/attorney\/jillian-rosen-esq\/#breadcrumb"},"inLanguage":"es","potentialAction":[{"@type":"ReadAction","target":["https:\/\/ppid.com\/attorney\/jillian-rosen-esq\/"]}]},{"@type":"ImageObject","inLanguage":"es","@id":"https:\/\/ppid.com\/attorney\/jillian-rosen-esq\/#primaryimage","url":"https:\/\/ppid.com\/wp-content\/uploads\/2024\/12\/rosen.webp","contentUrl":"https:\/\/ppid.com\/wp-content\/uploads\/2024\/12\/rosen.webp"},{"@type":"BreadcrumbList","@id":"https:\/\/ppid.com\/attorney\/jillian-rosen-esq\/#breadcrumb","itemListElement":[{"@type":"ListItem","position":1,"name":"Home","item":"https:\/\/ppid.com\/"},{"@type":"ListItem","position":2,"name":"Attorneys","item":"https:\/\/ppid.com\/attorney\/"},{"@type":"ListItem","position":3,"name":"Jillian Rosen"}]},{"@type":"WebSite","@id":"https:\/\/ppid.com\/#website","url":"https:\/\/ppid.com\/","name":"Pollack, Pollack, Isaac &amp; DeCicco, LLP","description":"","potentialAction":[{"@type":"SearchAction","target":{"@type":"EntryPoint","urlTemplate":"https:\/\/ppid.com\/?s={search_term_string}"},"query-input":{"@type":"PropertyValueSpecification","valueRequired":true,"valueName":"search_term_string"}}],"inLanguage":"es"}]}},"_links":{"self":[{"href":"https:\/\/ppid.com\/es\/wp-json\/wp\/v2\/pages\/471","targetHints":{"allow":["GET"]}}],"collection":[{"href":"https:\/\/ppid.com\/es\/wp-json\/wp\/v2\/pages"}],"about":[{"href":"https:\/\/ppid.com\/es\/wp-json\/wp\/v2\/types\/page"}],"author":[{"embeddable":true,"href":"https:\/\/ppid.com\/es\/wp-json\/wp\/v2\/users\/1"}],"replies":[{"embeddable":true,"href":"https:\/\/ppid.com\/es\/wp-json\/wp\/v2\/comments?post=471"}],"version-history":[{"count":0,"href":"https:\/\/ppid.com\/es\/wp-json\/wp\/v2\/pages\/471\/revisions"}],"up":[{"embeddable":true,"href":"https:\/\/ppid.com\/es\/wp-json\/wp\/v2\/pages\/707"}],"wp:attachment":[{"href":"https:\/\/ppid.com\/es\/wp-json\/wp\/v2\/media?parent=471"}],"curies":[{"name":"wp","href":"https:\/\/api.w.org\/{rel}","templated":true}]}}