{"id":477,"date":"2024-09-09T07:09:17","date_gmt":"2024-09-09T07:09:17","guid":{"rendered":"https:\/\/ppidllp.wpenginepowered.com\/?page_id=477"},"modified":"2025-02-05T13:29:58","modified_gmt":"2025-02-05T13:29:58","slug":"matthew-goodstein-esq","status":"publish","type":"page","link":"https:\/\/ppid.com\/es\/attorney\/matthew-goodstein-esq\/","title":{"rendered":"Matthew Goodstein"},"content":{"rendered":"<div class=\"sgle-attrny\">\n<div class=\"sgle-attrny-itm\">\n<div class=\"sgle-attny-img\">\n<img loading=\"lazy\" decoding=\"async\" src=\"https:\/\/ppid.com\/wp-content\/uploads\/2024\/12\/Matthew-Goldstein-Esq-new.webp\" alt=\"Matthew-Goldstein-Esq-new\" width=\"353\" height=\"380\" \/>\n<\/div>\n<div class=\"sgle-attny-rgt-cnt\">\n<h2>Matthew Goodstein, Esq.<\/h2>\n<h5>Abogado - Derecho de da\u00f1os personales<\/h5>\n<div class=\"sgle-attrny-btn\"><a class=\"cmn-btn\" href=\"https:\/\/ppid.com\/es\/schedule-consultation\/\">Concertar una consulta<\/a><\/div>\n<div class=\"ftr-scl-icns inner\">\n<h6>LinkedIn<\/h6>\n<p><a href=\"https:\/\/www.linkedin.com\/in\/matt-goodstein-a336975\/\" target=\"_blank\" class=\"link\" rel=\"noopener\">Vinculado a<\/a>\n<\/div>\n<\/div>\n<\/div>\n<\/div>\n<div class=\"accsec-ritcnt accordion\">\n<div class=\"accordion-section\">\n<h6><a class=\"accordion-section-title active\" href=\"#accordion-1\">Biograf\u00eda<\/a><\/h6>\n<div id=\"accordion-1\" class=\"accordion-section-content open\" style=\"display: block;\">\n<p>Matthew Goodstein, Esq. es un <a href=\"https:\/\/ppid.com\/es\/nyc-personal-injury-lawyer\/\">Da\u00f1os corporales<\/a> Abogado en Pollack, Pollack, Isaac &amp; DeCicco, LLP. El Sr. Goodstein y el socio de PPID, Adam Handler, desarrollan estrategias personalizadas para que los clientes lesionados obtengan los mejores resultados posibles.<\/p>\n<blockquote><p>He estado luchando por los derechos de las v\u00edctimas desde 2008, ya sea por los derechos de los heridos en accidentes, los heridos en accidentes de trabajo, o las v\u00edctimas de delitos. Creo que las mejores resoluciones provienen de abogados que se involucran con sus clientes - y ese es el tipo de relaci\u00f3n que el equipo de The Case Handler busca. Eso significa estar involucrado con nuestros clientes desde el inicio del caso hasta su resoluci\u00f3n. Hay una fuerza que viene de esa relaci\u00f3n y confianza.<\/p>\n<p>Tambi\u00e9n hay una fuerza que proviene de una carrera de litigios. El Derecho es algo m\u00e1s que leer y escribir: es contradictorio y exige que tengas a tu lado a un abogado experto que pueda conseguirte el mejor resultado posible y llevar tu caso a juicio si es necesario.<\/p>\n<p>Aporto tanto grandes relaciones como grandes habilidades de defensa, ejemplificadas por un historial de victorias, a todos y cada uno de los casos que llevamos y har\u00e9 que esas relaciones y habilidades trabajen para usted.<\/p>\n<p>La gente viene a verme cuando est\u00e1 en su peor momento. Sus vidas han dado un vuelco y necesitan ayuda para recomponerlas. Perm\u00edtanos ser aquellos en los que puedan apoyarse para ayudar.<\/p><\/blockquote>\n<p>El Sr. Goodstein se gradu\u00f3 en 2005 en la Indiana University - Kelley School of Business, Bloomington, Indiana, y en 2008 en la UIC John Marshall Law School, Chicago, Illinois. Despu\u00e9s de graduarse de la escuela de leyes, el Sr. Goodstein sirvi\u00f3 como Asistente del Fiscal del Estado (ASA), representando al Estado de Illinois en los procesos penales. Durante su tiempo como ASA, el Sr. Goodstein juzg\u00f3 con \u00e9xito innumerables juicios con jurado, juicios sin jurado, audiencias y mociones. Despu\u00e9s de dejar la oficina del Fiscal del Estado, el Sr. Goodstein practic\u00f3 litigios civiles y compensaci\u00f3n de trabajadores en un bufete de abogados boutique, representando a las v\u00edctimas de accidentes y trabajadores lesionados.<\/p>\n<p>El Sr. Goodstein vive en Nueva Jersey con su mujer y sus hijos.<\/p>\n<\/div>\n<\/div>\n<div class=\"accordion-section\">\n<h6><a class=\"accordion-section-title\" href=\"#accordion-2\">Educaci\u00f3n<\/a><\/h6>\n<div id=\"accordion-2\" class=\"accordion-section-content\" style=\"display: none;\">\n<ul>\n<li><a href=\"https:\/\/jmls.uic.edu\/\" target=\"_blank\" rel=\"noopener\">Facultad de Derecho John Marshall de la UIC<\/a>J.D., 2008<\/li>\n<li>Universidad de Indiana,<a href=\"https:\/\/kelley.iu.edu\/\" target=\"_blank\" rel=\"noopener\">Escuela de Negocios Kelley<\/a>Licenciatura en Ciencias Empresariales, 2005<\/li>\n<\/ul>\n<\/div>\n<\/div>\n<div class=\"accordion-section\">\n<h6><a class=\"accordion-section-title\" href=\"#accordion-3\">Admitidos<\/a><\/h6>\n<div id=\"accordion-3\" class=\"accordion-section-content\" style=\"display: none;\">\n<ul>\n<li>New York: 2014<\/li>\n<li>Nueva Jersey: 2015<\/li>\n<li>Tribunales de distrito de Estados Unidos:\n<ul>\n<li>Distrito Norte de Illinois - Colegio de Abogados: 2012<\/li>\n<li>Distrito Este de New York: 2018<\/li>\n<li>Distrito Sur de New York: 2019<\/li>\n<\/ul>\n<\/li>\n<li>Illinois: 2008 (voluntariamente inactivo)<\/li>\n<\/ul>\n<\/div>\n<\/div>\n<div class=\"accordion-section\">\n<h6><a class=\"accordion-section-title\" href=\"#accordion-4\">Premios<\/a><\/h6>\n<div id=\"accordion-4\" class=\"accordion-section-content\" style=\"display: none;\">\n<ul>\n<li>Premio Super Lawyers\u00ae Rising Stars: 2018-2020<\/li>\n<li>Los 100 mejores veredictos de accidentes de tr\u00e1fico en New York (2019)<\/li>\n<li>August A. Rendigs, Jr. Responsabilidad nacional por productos defectuosos, Finalista<\/li>\n<li>Concurso F. Herzog de la Facultad de Derecho John Marshall, cuartofinalista<\/li>\n<li>Premio CALI a la Excelencia para el Futuro: Sucesiones y fideicomisos I<\/li>\n<\/ul>\n<\/div>\n<\/div>\n<div class=\"accordion-section\">\n<h6><a class=\"accordion-section-title\" href=\"#accordion-6\">Autor<\/a><\/h6>\n<div id=\"accordion-6\" class=\"accordion-section-content\" style=\"display: none;\">\n<ul>\n<li>Sarbanes-Oxley: <a href=\"https:\/\/repository.law.uic.edu\/cgi\/viewcontent.cgi?article=1125&amp;context=ripl\" target=\"_blank\" rel=\"noopener\">Una nube oscura sobre la propiedad intelectual y las empresas, 6 J Marshall<\/a><\/li>\n<\/ul>\n<\/div>\n<\/div>\n<\/div>\n<div class=\"innr-awards\">\n<img loading=\"lazy\" decoding=\"async\" src=\"https:\/\/ppid.com\/wp-content\/uploads\/2024\/12\/Matthew-goodstein-esq-Super-Lawyers-Rising-Stars.webp\" alt=\"Matthew-goodstein-esq-Super-Lawyers-Rising-Stars\" width=\"206\" height=\"172\"\/>\n<\/div>","protected":false},"excerpt":{"rendered":"<p>Matthew Goodstein, Esq. Attorney \u2013 Personal Injury Law Schedule a Consultation LinkedIn linked In Biography Matthew Goodstein, Esq. is a Personal Injury Attorney at Pollack, Pollack, Isaac &amp; DeCicco, LLP. Mr. Goodstein and PPID Partner, Adam Handler, develop personalized strategies for injured clients to obtain the best results possible. I have been fighting for the &hellip; <\/p>\n<p class=\"link-more\"><a href=\"https:\/\/ppid.com\/es\/attorney\/matthew-goodstein-esq\/\" class=\"more-link\">Seguir leyendo<span class=\"screen-reader-text\"> &#8220;Matthew Goodstein&#8221;<\/span><\/a><\/p>","protected":false},"author":1,"featured_media":0,"parent":707,"menu_order":0,"comment_status":"closed","ping_status":"closed","template":"","meta":{"_acf_changed":false,"footnotes":""},"class_list":["post-477","page","type-page","status-publish","hentry","entry"],"acf":[],"yoast_head":"<!-- This site is optimized with the Yoast SEO Premium plugin v26.8 (Yoast SEO v26.8) - https:\/\/yoast.com\/product\/yoast-seo-premium-wordpress\/ -->\n<title>Matthew Goodstein, Esq. - PPID Law<\/title>\n<meta name=\"description\" content=\"Matthew Goodstein, Esq., Personal Injury Attorney at PPID, LLP, works with Partner Adam Handler to create personalized strategies for injured clients.\" \/>\n<meta name=\"robots\" content=\"index, follow, max-snippet:-1, max-image-preview:large, max-video-preview:-1\" \/>\n<link rel=\"canonical\" href=\"https:\/\/ppid.com\/es\/attorney\/matthew-goodstein-esq\/\" \/>\n<meta property=\"og:locale\" content=\"es_MX\" \/>\n<meta property=\"og:type\" content=\"article\" \/>\n<meta property=\"og:title\" content=\"Matthew Goodstein\" \/>\n<meta property=\"og:description\" content=\"Matthew Goodstein, Esq., Personal Injury Attorney at PPID, LLP, works with Partner Adam Handler to create personalized strategies for injured clients.\" \/>\n<meta property=\"og:url\" content=\"https:\/\/ppid.com\/es\/attorney\/matthew-goodstein-esq\/\" \/>\n<meta property=\"og:site_name\" content=\"Pollack, Pollack, Isaac &amp; DeCicco, LLP\" \/>\n<meta property=\"article:modified_time\" content=\"2025-02-05T13:29:58+00:00\" \/>\n<meta property=\"og:image\" content=\"https:\/\/ppid.com\/wp-content\/uploads\/2024\/12\/Matthew-Goldstein-Esq-new.webp\" \/>\n<meta name=\"twitter:card\" content=\"summary_large_image\" \/>\n<meta name=\"twitter:label1\" content=\"Tiempo de lectura\" \/>\n\t<meta name=\"twitter:data1\" content=\"2 minutos\" \/>\n<!-- \/ Yoast SEO Premium plugin. -->","yoast_head_json":{"title":"Matthew Goodstein, Esq. - PPID Law","description":"Matthew Goodstein, abogado de lesiones personales en PPID, LLP, trabaja con el socio Adam Handler para crear estrategias personalizadas para los clientes lesionados.","robots":{"index":"index","follow":"follow","max-snippet":"max-snippet:-1","max-image-preview":"max-image-preview:large","max-video-preview":"max-video-preview:-1"},"canonical":"https:\/\/ppid.com\/es\/attorney\/matthew-goodstein-esq\/","og_locale":"es_MX","og_type":"article","og_title":"Matthew Goodstein","og_description":"Matthew Goodstein, Esq., Personal Injury Attorney at PPID, LLP, works with Partner Adam Handler to create personalized strategies for injured clients.","og_url":"https:\/\/ppid.com\/es\/attorney\/matthew-goodstein-esq\/","og_site_name":"Pollack, Pollack, Isaac &amp; DeCicco, LLP","article_modified_time":"2025-02-05T13:29:58+00:00","og_image":[{"url":"https:\/\/ppid.com\/wp-content\/uploads\/2024\/12\/Matthew-Goldstein-Esq-new.webp","type":"","width":"","height":""}],"twitter_card":"summary_large_image","twitter_misc":{"Tiempo de lectura":"2 minutos"},"schema":{"@context":"https:\/\/schema.org","@graph":[{"@type":"WebPage","@id":"https:\/\/ppid.com\/attorney\/matthew-goodstein-esq\/","url":"https:\/\/ppid.com\/attorney\/matthew-goodstein-esq\/","name":"Matthew Goodstein, Esq. - PPID Law","isPartOf":{"@id":"https:\/\/ppid.com\/#website"},"primaryImageOfPage":{"@id":"https:\/\/ppid.com\/attorney\/matthew-goodstein-esq\/#primaryimage"},"image":{"@id":"https:\/\/ppid.com\/attorney\/matthew-goodstein-esq\/#primaryimage"},"thumbnailUrl":"https:\/\/ppid.com\/wp-content\/uploads\/2024\/12\/Matthew-Goldstein-Esq-new.webp","datePublished":"2024-09-09T07:09:17+00:00","dateModified":"2025-02-05T13:29:58+00:00","description":"Matthew Goodstein, abogado de lesiones personales en PPID, LLP, trabaja con el socio Adam Handler para crear estrategias personalizadas para los clientes lesionados.","breadcrumb":{"@id":"https:\/\/ppid.com\/attorney\/matthew-goodstein-esq\/#breadcrumb"},"inLanguage":"es","potentialAction":[{"@type":"ReadAction","target":["https:\/\/ppid.com\/attorney\/matthew-goodstein-esq\/"]}]},{"@type":"ImageObject","inLanguage":"es","@id":"https:\/\/ppid.com\/attorney\/matthew-goodstein-esq\/#primaryimage","url":"https:\/\/ppid.com\/wp-content\/uploads\/2024\/12\/Matthew-Goldstein-Esq-new.webp","contentUrl":"https:\/\/ppid.com\/wp-content\/uploads\/2024\/12\/Matthew-Goldstein-Esq-new.webp"},{"@type":"BreadcrumbList","@id":"https:\/\/ppid.com\/attorney\/matthew-goodstein-esq\/#breadcrumb","itemListElement":[{"@type":"ListItem","position":1,"name":"Home","item":"https:\/\/ppid.com\/"},{"@type":"ListItem","position":2,"name":"Attorneys","item":"https:\/\/ppid.com\/attorney\/"},{"@type":"ListItem","position":3,"name":"Matthew Goodstein"}]},{"@type":"WebSite","@id":"https:\/\/ppid.com\/#website","url":"https:\/\/ppid.com\/","name":"Pollack, Pollack, Isaac &amp; DeCicco, LLP","description":"","potentialAction":[{"@type":"SearchAction","target":{"@type":"EntryPoint","urlTemplate":"https:\/\/ppid.com\/?s={search_term_string}"},"query-input":{"@type":"PropertyValueSpecification","valueRequired":true,"valueName":"search_term_string"}}],"inLanguage":"es"}]}},"_links":{"self":[{"href":"https:\/\/ppid.com\/es\/wp-json\/wp\/v2\/pages\/477","targetHints":{"allow":["GET"]}}],"collection":[{"href":"https:\/\/ppid.com\/es\/wp-json\/wp\/v2\/pages"}],"about":[{"href":"https:\/\/ppid.com\/es\/wp-json\/wp\/v2\/types\/page"}],"author":[{"embeddable":true,"href":"https:\/\/ppid.com\/es\/wp-json\/wp\/v2\/users\/1"}],"replies":[{"embeddable":true,"href":"https:\/\/ppid.com\/es\/wp-json\/wp\/v2\/comments?post=477"}],"version-history":[{"count":0,"href":"https:\/\/ppid.com\/es\/wp-json\/wp\/v2\/pages\/477\/revisions"}],"up":[{"embeddable":true,"href":"https:\/\/ppid.com\/es\/wp-json\/wp\/v2\/pages\/707"}],"wp:attachment":[{"href":"https:\/\/ppid.com\/es\/wp-json\/wp\/v2\/media?parent=477"}],"curies":[{"name":"wp","href":"https:\/\/api.w.org\/{rel}","templated":true}]}}