{"id":479,"date":"2024-09-09T07:09:38","date_gmt":"2024-09-09T07:09:38","guid":{"rendered":"https:\/\/ppidllp.wpenginepowered.com\/?page_id=479"},"modified":"2024-12-16T04:57:46","modified_gmt":"2024-12-16T04:57:46","slug":"nelson-a-madrid-esq","status":"publish","type":"page","link":"https:\/\/ppid.com\/es\/attorney\/nelson-a-madrid-esq\/","title":{"rendered":"Nelson A. Madrid"},"content":{"rendered":"<div class=\"sgle-attrny\">\n<div class=\"sgle-attrny-itm\">\n<div class=\"sgle-attny-img\">\n<img loading=\"lazy\" decoding=\"async\" src=\"https:\/\/ppid.com\/wp-content\/uploads\/2024\/12\/marido-1.webp\" alt=\"marido-1\" width=\"385\" height=\"363\" \/>\n<\/div>\n<div class=\"sgle-attny-rgt-cnt\">\n<h2>Nelson A. Madrid, Esq.<\/h2>\n<h5>Socio - Inmigraci\u00f3n<\/h5>\n<div class=\"sgle-attrny-btn\"><a class=\"cmn-btn\" href=\"https:\/\/ppid.com\/es\/schedule-consultation\/\">Concertar una consulta<\/a><\/div>\n<div class=\"ftr-scl-icns inner\">\n<h6>LinkedIn<\/h6>\n<p><a href=\"https:\/\/www.linkedin.com\/company\/pollack-pollack-isaac-&amp;-decicco\" target=\"_blank\" class=\"link\" rel=\"noopener\">Vinculado a<\/a>\n<\/div>\n<\/div>\n<\/div>\n<\/div>\n<div class=\"accsec-ritcnt accordion\">\n<div class=\"accordion-section\">\n<h6><a class=\"accordion-section-title active\" href=\"#accordion-1\">Biograf\u00eda<\/a><\/h6>\n<div id=\"accordion-1\" class=\"accordion-section-content open\" style=\"display: block;\">\n<p>El Sr. Madrid tiene una amplia experiencia en la representaci\u00f3n de clientes ante la Oficina Ejecutiva de Revisi\u00f3n de Inmigraci\u00f3n (Tribunales de Inmigraci\u00f3n), la Junta de Apelaciones de Inmigraci\u00f3n y los Servicios de Ciudadan\u00eda e Inmigraci\u00f3n de los Estados Unidos.<\/p>\n<p>El Sr. Madrid est\u00e1 admitido y es miembro de: la Divisi\u00f3n de Apelaciones del Tribunal Supremo del Estado de New York en el Primer Departamento (2008); Tribunal de Distrito de los Estados Unidos para el Distrito Este de New York (2008); Tribunal de Distrito de los Estados Unidos para el Distrito Sur de New York (2008); Tribunal de Apelaciones de los Estados Unidos para el 2\u00ba Circuito (2009), y miembro de la Asociaci\u00f3n Americana de Abogados de Inmigraci\u00f3n (desde 2009). El Sr. Madrid recibi\u00f3 una calificaci\u00f3n AV\u00ae Preeminent\u2122 por Martindale-Hubbell, y fue reconocido por Super Lawyers\u00ae como Rising Star en 2017 y 2018.<\/p>\n<\/div>\n<\/div>\n<div class=\"accordion-section\">\n<h6><a class=\"accordion-section-title\" href=\"#accordion-2\">Educaci\u00f3n<\/a><\/h6>\n<div id=\"accordion-2\" class=\"accordion-section-content\" style=\"display: none;\">\n<ul>\n<li><a href=\"https:\/\/www.cooley.edu\/\" target=\"_blank\" rel=\"noopener\">Facultad de Derecho Thomas M Cooley<\/a> J.D., 2007<\/li>\n<li>John Jay College of Criminal Justice, Licenciatura en Estudios Jur\u00eddicos, 1996<\/li>\n<\/ul>\n<\/div>\n<\/div>\n<div class=\"accordion-section\">\n<h6><a class=\"accordion-section-title\" href=\"#accordion-3\">Admitidos<\/a><\/h6>\n<div id=\"accordion-3\" class=\"accordion-section-content\" style=\"display: none;\">\n<ul>\n<li>New York: 2008<\/li>\n<li>Tribunal de Apelaci\u00f3n de EE.UU. 2\u00ba Circuito: 2009<\/li>\n<li>Divisi\u00f3n de Apelaci\u00f3n del Tribunal Supremo del Estado de New York: 2008<\/li>\n<li>US District Court Eastern District of New York: 2008<\/li>\n<li>Tribunal de Distrito de EE.UU. Distrito Sur de New York: 2008<\/li>\n<\/ul>\n<\/div>\n<\/div>\n<div class=\"accordion-section\">\n<h6><a class=\"accordion-section-title\" href=\"#accordion-4\">Premios<\/a><\/h6>\n<div id=\"accordion-4\" class=\"accordion-section-content\" style=\"display: none;\">\n<ul>\n<li>Premio Super Lawyers\u00ae Rising Stars: 2017-2018.<\/li>\n<li>Client Champion Gold \/ 2020 (Martindale-Hubbell)<\/li>\n<li>AV\u00ae Preeminent\u2122 Peer Review calificado por Martindale-Hubbell\u00ae.<\/li>\n<li>Cl\u00ednicas Pro-Bono en Manhattan, Bronx, Westchester<\/li>\n<li>Ponente invitado, Segunda Conferencia Anual Pa'Lante, 25 de marzo de 2012, Facultad de Derecho Benjamin Cardozo.<\/li>\n<li>Coordinadora Pro Bono en Pollack, Pollack, Isaac, &amp; DeCicco, LLP<\/li>\n<li>Premio Super Lawyers\u00ae 2023<\/li>\n<\/ul>\n<\/div>\n<\/div>\n<div class=\"accordion-section\">\n<h6><a class=\"accordion-section-title\" href=\"#accordion-6\">Afiliaciones<\/a><\/h6>\n<div id=\"accordion-6\" class=\"accordion-section-content\" style=\"display: none;\">\n<ul>\n<li>New York Academia estatal de abogados litigantes: 2019<\/li>\n<li>Asociaci\u00f3n Americana de Abogados de Inmigraci\u00f3n: 2009<\/li>\n<li>Asociaci\u00f3n Americana de Abogados<\/li>\n<\/ul>\n<\/div>\n<\/div>\n<\/div>\n<div class=\"innr-awards\">\n<img loading=\"lazy\" decoding=\"async\" src=\"https:\/\/ppid.com\/wp-content\/uploads\/2024\/12\/Nelson-a-Madrid-Super-Lawyers.webp\" alt=\"Nelson-a-Madrid-Super-Lawyers\" width=\"209\" height=\"176\"\/><br \/>\n<img loading=\"lazy\" decoding=\"async\" src=\"https:\/\/ppid.com\/wp-content\/uploads\/2024\/12\/PPID-Nelson-Madrid-Super-Lawyers_Rising-Stars.webp\" alt=\"PPID-Nelson-Madrid-Super-Lawyers_Rising-Stars\" width=\"209\" height=\"176\"\/><\/p>\n<\/div>","protected":false},"excerpt":{"rendered":"<p>Nelson A. Madrid, Esq. Partner \u2013 Immigration Schedule a Consultation LinkedIn linked In Biography Mr. Madrid has extensive experience representing clients before the Executive Office for Immigration Review (Immigration Courts), the Board of Immigration Appeals, and the United States Citizenship and Immigration Services. Mr. Madrid is admitted and a member of: the New York State &hellip; <\/p>\n<p class=\"link-more\"><a href=\"https:\/\/ppid.com\/es\/attorney\/nelson-a-madrid-esq\/\" class=\"more-link\">Seguir leyendo<span class=\"screen-reader-text\"> &#8220;Nelson A. Madrid&#8221;<\/span><\/a><\/p>","protected":false},"author":1,"featured_media":0,"parent":707,"menu_order":0,"comment_status":"closed","ping_status":"closed","template":"","meta":{"_acf_changed":false,"footnotes":""},"class_list":["post-479","page","type-page","status-publish","hentry","entry"],"acf":[],"yoast_head":"<!-- This site is optimized with the Yoast SEO Premium plugin v26.8 (Yoast SEO v26.8) - https:\/\/yoast.com\/product\/yoast-seo-premium-wordpress\/ -->\n<title>Nelson A. Madrid, Esq. - PPID Law<\/title>\n<meta name=\"description\" content=\"Nelson A. Madrid, Esq. has extensive experience representing clients before Immigration Courts, the Board of Immigration Appeals, and USCIS. Contact us.\" \/>\n<meta name=\"robots\" content=\"index, follow, max-snippet:-1, max-image-preview:large, max-video-preview:-1\" \/>\n<link rel=\"canonical\" href=\"https:\/\/ppid.com\/es\/attorney\/nelson-a-madrid-esq\/\" \/>\n<meta property=\"og:locale\" content=\"es_MX\" \/>\n<meta property=\"og:type\" content=\"article\" \/>\n<meta property=\"og:title\" content=\"Nelson A. Madrid\" \/>\n<meta property=\"og:description\" content=\"Nelson A. Madrid, Esq. has extensive experience representing clients before Immigration Courts, the Board of Immigration Appeals, and USCIS. Contact us.\" \/>\n<meta property=\"og:url\" content=\"https:\/\/ppid.com\/es\/attorney\/nelson-a-madrid-esq\/\" \/>\n<meta property=\"og:site_name\" content=\"Pollack, Pollack, Isaac &amp; DeCicco, LLP\" \/>\n<meta property=\"article:modified_time\" content=\"2024-12-16T04:57:46+00:00\" \/>\n<meta property=\"og:image\" content=\"https:\/\/ppid.com\/wp-content\/uploads\/2024\/12\/marido-1.webp\" \/>\n<meta name=\"twitter:card\" content=\"summary_large_image\" \/>\n<meta name=\"twitter:label1\" content=\"Tiempo de lectura\" \/>\n\t<meta name=\"twitter:data1\" content=\"2 minutos\" \/>\n<!-- \/ Yoast SEO Premium plugin. -->","yoast_head_json":{"title":"Nelson A. Madrid, Esq. - Ley PPID","description":"Nelson A. Madrid, Esq. tiene una amplia experiencia representando a clientes ante los Tribunales de Inmigraci\u00f3n, la Junta de Apelaciones de Inmigraci\u00f3n, y USCIS. Cont\u00e1ctenos.","robots":{"index":"index","follow":"follow","max-snippet":"max-snippet:-1","max-image-preview":"max-image-preview:large","max-video-preview":"max-video-preview:-1"},"canonical":"https:\/\/ppid.com\/es\/attorney\/nelson-a-madrid-esq\/","og_locale":"es_MX","og_type":"article","og_title":"Nelson A. Madrid","og_description":"Nelson A. Madrid, Esq. has extensive experience representing clients before Immigration Courts, the Board of Immigration Appeals, and USCIS. Contact us.","og_url":"https:\/\/ppid.com\/es\/attorney\/nelson-a-madrid-esq\/","og_site_name":"Pollack, Pollack, Isaac &amp; DeCicco, LLP","article_modified_time":"2024-12-16T04:57:46+00:00","og_image":[{"url":"https:\/\/ppid.com\/wp-content\/uploads\/2024\/12\/marido-1.webp","type":"","width":"","height":""}],"twitter_card":"summary_large_image","twitter_misc":{"Tiempo de lectura":"2 minutos"},"schema":{"@context":"https:\/\/schema.org","@graph":[{"@type":"WebPage","@id":"https:\/\/ppid.com\/attorney\/nelson-a-madrid-esq\/","url":"https:\/\/ppid.com\/attorney\/nelson-a-madrid-esq\/","name":"Nelson A. Madrid, Esq. - Ley PPID","isPartOf":{"@id":"https:\/\/ppid.com\/#website"},"primaryImageOfPage":{"@id":"https:\/\/ppid.com\/attorney\/nelson-a-madrid-esq\/#primaryimage"},"image":{"@id":"https:\/\/ppid.com\/attorney\/nelson-a-madrid-esq\/#primaryimage"},"thumbnailUrl":"https:\/\/ppid.com\/wp-content\/uploads\/2024\/12\/marido-1.webp","datePublished":"2024-09-09T07:09:38+00:00","dateModified":"2024-12-16T04:57:46+00:00","description":"Nelson A. Madrid, Esq. tiene una amplia experiencia representando a clientes ante los Tribunales de Inmigraci\u00f3n, la Junta de Apelaciones de Inmigraci\u00f3n, y USCIS. Cont\u00e1ctenos.","breadcrumb":{"@id":"https:\/\/ppid.com\/attorney\/nelson-a-madrid-esq\/#breadcrumb"},"inLanguage":"es","potentialAction":[{"@type":"ReadAction","target":["https:\/\/ppid.com\/attorney\/nelson-a-madrid-esq\/"]}]},{"@type":"ImageObject","inLanguage":"es","@id":"https:\/\/ppid.com\/attorney\/nelson-a-madrid-esq\/#primaryimage","url":"https:\/\/ppid.com\/wp-content\/uploads\/2024\/12\/marido-1.webp","contentUrl":"https:\/\/ppid.com\/wp-content\/uploads\/2024\/12\/marido-1.webp"},{"@type":"BreadcrumbList","@id":"https:\/\/ppid.com\/attorney\/nelson-a-madrid-esq\/#breadcrumb","itemListElement":[{"@type":"ListItem","position":1,"name":"Home","item":"https:\/\/ppid.com\/"},{"@type":"ListItem","position":2,"name":"Attorneys","item":"https:\/\/ppid.com\/attorney\/"},{"@type":"ListItem","position":3,"name":"Nelson A. Madrid"}]},{"@type":"WebSite","@id":"https:\/\/ppid.com\/#website","url":"https:\/\/ppid.com\/","name":"Pollack, Pollack, Isaac &amp; DeCicco, LLP","description":"","potentialAction":[{"@type":"SearchAction","target":{"@type":"EntryPoint","urlTemplate":"https:\/\/ppid.com\/?s={search_term_string}"},"query-input":{"@type":"PropertyValueSpecification","valueRequired":true,"valueName":"search_term_string"}}],"inLanguage":"es"}]}},"_links":{"self":[{"href":"https:\/\/ppid.com\/es\/wp-json\/wp\/v2\/pages\/479","targetHints":{"allow":["GET"]}}],"collection":[{"href":"https:\/\/ppid.com\/es\/wp-json\/wp\/v2\/pages"}],"about":[{"href":"https:\/\/ppid.com\/es\/wp-json\/wp\/v2\/types\/page"}],"author":[{"embeddable":true,"href":"https:\/\/ppid.com\/es\/wp-json\/wp\/v2\/users\/1"}],"replies":[{"embeddable":true,"href":"https:\/\/ppid.com\/es\/wp-json\/wp\/v2\/comments?post=479"}],"version-history":[{"count":0,"href":"https:\/\/ppid.com\/es\/wp-json\/wp\/v2\/pages\/479\/revisions"}],"up":[{"embeddable":true,"href":"https:\/\/ppid.com\/es\/wp-json\/wp\/v2\/pages\/707"}],"wp:attachment":[{"href":"https:\/\/ppid.com\/es\/wp-json\/wp\/v2\/media?parent=479"}],"curies":[{"name":"wp","href":"https:\/\/api.w.org\/{rel}","templated":true}]}}