{"id":500,"date":"2024-09-09T07:40:14","date_gmt":"2024-09-09T07:40:14","guid":{"rendered":"https:\/\/ppidllp.wpenginepowered.com\/?page_id=500"},"modified":"2024-12-13T13:29:40","modified_gmt":"2024-12-13T13:29:40","slug":"allen-kaye-esq","status":"publish","type":"page","link":"https:\/\/ppid.com\/es\/attorney\/allen-kaye-esq\/","title":{"rendered":"Allen Kaye"},"content":{"rendered":"<div class=\"sgle-attrny\">\n<div class=\"sgle-attrny-itm\">\n<div class=\"sgle-attny-img\">\n<img loading=\"lazy\" decoding=\"async\" src=\"https:\/\/ppid.com\/wp-content\/uploads\/2024\/12\/Allen_Kaye_Esq-1.webp\" alt=\"Allen_Kaye_Esq\" width=\"353\" height=\"380\" \/>\n<\/div>\n<div class=\"sgle-attny-rgt-cnt\">\n<h2>Allen Kaye<br \/>\n(1954-2024)<\/h2>\n<h5>Abogado<\/h5>\n<div class=\"sgle-attrny-btn\"><a class=\"cmn-btn\" href=\"#\">Concertar una consulta<\/a><\/div>\n<div class=\"ftr-scl-icns inner\">\n<h6>LinkedIn<\/h6>\n<p><a href=\"https:\/\/www.linkedin.com\/company\/pollack-pollack-isaac-&#038;-decicco\/\" target=\"_blank\" class=\"link\" rel=\"noopener\">Vinculado a<\/a>\n<\/div>\n<\/div>\n<\/div>\n<\/div>\n<div class=\"accsec-ritcnt accordion\">\n<div class=\"accordion-section\">\n<h6><a class=\"accordion-section-title active\" href=\"#accordion-1\">Biograf\u00eda<\/a><\/h6>\n<div id=\"accordion-1\" class=\"accordion-section-content open\" style=\"display: block;\">\n<h6>Allen E. Kaye (1965-2024)<\/h6>\n<p>Allen E. Kaye fue un abogado reconocido a nivel nacional en el campo de la ley de Inmigraci\u00f3n y Naturalizaci\u00f3n de EE.UU. y fue ex Presidente de la Asociaci\u00f3n Americana de Abogados de Inmigraci\u00f3n (AILA). Durante su carrera, trabaj\u00f3 con individuos y empleadores, grandes y peque\u00f1os, para ayudar con visas, deportaci\u00f3n y asuntos de inmigraci\u00f3n penal, auditor\u00edas I-9, y una amplia gama de otras cuestiones de inmigraci\u00f3n y naturalizaci\u00f3n. El Sr. Kaye fue presentado a menudo en publicaciones prominentes como el Queens County Bar Association Newsletter, as\u00ed como muchos otros. Recibi\u00f3 el premio Super Lawyers \u00ae cada a\u00f1o desde 2006, y tambi\u00e9n fue incluido en el 2020 Mejores Abogados de Am\u00e9rica por U.S. News &amp; World Report.<\/p>\n<p>El Sr. Kaye falleci\u00f3 el 1 de mayo de 2024 tras una larga enfermedad. Fue consejero del bufete de abogados Pollack, Pollack, Isaac &amp; DeCicco LLP desde 2014 hasta su fallecimiento.<\/p>\n<\/div>\n<\/div>\n<div class=\"accordion-section\">\n<h6><a class=\"accordion-section-title\" href=\"#accordion-2\">Educaci\u00f3n<\/a><\/h6>\n<div id=\"accordion-2\" class=\"accordion-section-content\" style=\"display: none;\">\n<ul>\n<li><a href=\"https:\/\/www.law.columbia.edu\/\" target=\"_blank\" rel=\"noopener\">Facultad de Derecho de la Universidad de Columbia<\/a> - J.D<\/li>\n<li><a href=\"https:\/\/www.law.nyu.edu\/\" target=\"_blank\" rel=\"noopener\">New York Facultad de Derecho de la Universidad<\/a> - LL.M.<\/li>\n<li>Queens College, City University of New York - B,A., cum laude, Phi Beta Kappa,<\/li>\n<\/ul>\n<\/div>\n<\/div>\n<div class=\"accordion-section\">\n<h6><a class=\"accordion-section-title\" href=\"#accordion-3\">Admitidos<\/a><\/h6>\n<div id=\"accordion-3\" class=\"accordion-section-content\" style=\"display: none;\">\n<ul>\n<li>New York: 1965<\/li>\n<\/ul>\n<\/div>\n<\/div>\n<div class=\"accordion-section\">\n<h6><a class=\"accordion-section-title\" href=\"#accordion-4\">Afiliaciones<\/a><\/h6>\n<div id=\"accordion-4\" class=\"accordion-section-content\" style=\"display: none;\">\n<ul>\n<li>Ex Presidente de la Asociaci\u00f3n Americana de Abogados de Inmigraci\u00f3n (AILA)<\/li>\n<li>Miembro del Comit\u00e9 Ejecutivo de la Secci\u00f3n de Derecho y Pr\u00e1ctica Internacional del Colegio de Abogados del Estado de New York<\/li>\n<li>Miembro del Comit\u00e9 de Representaci\u00f3n en materia de Inmigraci\u00f3n del Colegio de Abogados del Estado New York<\/li>\n<li>Cofundador de IMMLAW, el Consorcio Nacional de Despachos de Abogados de Inmigraci\u00f3n<\/li>\n<li>Copresidente del Comit\u00e9 de Inmigraci\u00f3n y Naturalizaci\u00f3n del Colegio de Abogados del Condado de Queens<\/li>\n<\/ul>\n<\/div>\n<\/div>\n<div class=\"accordion-section\">\n<h6><a class=\"accordion-section-title\" href=\"#accordion-5\">Premios<\/a><\/h6>\n<div id=\"accordion-5\" class=\"accordion-section-content\" style=\"display: none;\">\n<ul>\n<li>Best Lawyers\u00ae por U.S. News &amp; World Report: 1993-2021<\/li>\n<li>The Best Lawyers in America, ambos en el campo del Derecho de Inmigraci\u00f3n y Naturalizaci\u00f3n<\/li>\n<li>Qui\u00e9n es Qui\u00e9n Legal: L\u00edderes del pensamiento - Corporate Immigration 2021<\/li>\n<li>Qui\u00e9n es qui\u00e9n entre los abogados de negocios<\/li>\n<li>Registro Martindale-Hubbell de Abogados Preeminentes<\/li>\n<li>Premio Super Lawyers\u00ae: 2006-2020<\/li>\n<\/ul>\n<\/div>\n<\/div>\n<div class=\"accordion-section\">\n<h6><a class=\"accordion-section-title\" href=\"#accordion-6\">Publicaciones<\/a><\/h6>\n<div id=\"accordion-6\" class=\"accordion-section-content\" style=\"display: none;\">\n<ul>\n<li>Columnista habitual sobre inmigraci\u00f3n y naturalizaci\u00f3n en numerosos peri\u00f3dicos.<\/li>\n<li>Columnista semanal de Biz India e India Abroad<\/li>\n<li>Copresentador de dos populares programas bimensuales de televisi\u00f3n en New York llamados \"La inmigraci\u00f3n y usted\" e \"Inmigraci\u00f3n hoy\".<\/li>\n<li>Conferenciante habitual sobre inmigraci\u00f3n, naturalizaci\u00f3n, visados y derecho consular de EE.UU. para diversas organizaciones, asociaciones y consulados extranjeros, como la Asociaci\u00f3n Americana de Abogados de Inmigraci\u00f3n, el Colegio de Abogados del Estado de New York, la Asociaci\u00f3n de Abogados del Condado de New York, el Colegio Federal de Abogados, la C\u00e1mara de Comercio Germano-Americana y el Practicing Law Institute.<\/li>\n<\/ul>\n<\/div>\n<\/div>\n<\/div>\n<div class=\"innr-awards\">\n<img loading=\"lazy\" decoding=\"async\" src=\"https:\/\/ppid.com\/wp-content\/uploads\/2024\/12\/Allen-Kaye-Esq-PPID-Super-Lawyers-10-year.webp\" alt=\"Allen-Kaye-Esq-PPID-Super-Lawyers-10-year\" width=\"301\" height=\"301\" \/><br \/>\n<img loading=\"lazy\" decoding=\"async\" src=\"https:\/\/ppid.com\/wp-content\/uploads\/2024\/12\/Allen-Kaye-Esq-PPID-The-Expert-Network-AEK.webp\" alt=\"Allen-Kaye-Esq-PPID-The-Expert-Network-AEK\" width=\"301\" height=\"301\" \/>\n<\/div>","protected":false},"excerpt":{"rendered":"<p>Allen Kaye (1954-2024) Of Counsel Schedule a Consultation LinkedIn linked In Biography Allen E. Kaye (1965-2024) Allen E. Kaye was a nationally recognized lawyer in the field of U.S. Immigration and Naturalization law and served as a Past President of the American Immigration Lawyers Association (AILA). During his career, he worked with individuals and employers, &hellip; <\/p>\n<p class=\"link-more\"><a href=\"https:\/\/ppid.com\/es\/attorney\/allen-kaye-esq\/\" class=\"more-link\">Seguir leyendo<span class=\"screen-reader-text\"> &#8220;Allen Kaye&#8221;<\/span><\/a><\/p>","protected":false},"author":1,"featured_media":0,"parent":707,"menu_order":0,"comment_status":"closed","ping_status":"closed","template":"","meta":{"_acf_changed":false,"footnotes":""},"class_list":["post-500","page","type-page","status-publish","hentry","entry"],"acf":[],"yoast_head":"<!-- This site is optimized with the Yoast SEO Premium plugin v26.8 (Yoast SEO v26.8) - https:\/\/yoast.com\/product\/yoast-seo-premium-wordpress\/ -->\n<title>Allen Kaye (1954-2024) - PPID Law<\/title>\n<meta name=\"description\" content=\"Meet Allen E. Kaye, a renowned Immigration Lawyer in New York with over 57 years of experience. Schedule your consultation today!\" \/>\n<meta name=\"robots\" content=\"index, follow, max-snippet:-1, max-image-preview:large, max-video-preview:-1\" \/>\n<link rel=\"canonical\" href=\"https:\/\/ppid.com\/es\/attorney\/allen-kaye-esq\/\" \/>\n<meta property=\"og:locale\" content=\"es_MX\" \/>\n<meta property=\"og:type\" content=\"article\" \/>\n<meta property=\"og:title\" content=\"Allen Kaye\" \/>\n<meta property=\"og:description\" content=\"Meet Allen E. Kaye, a renowned Immigration Lawyer in New York with over 57 years of experience. Schedule your consultation today!\" \/>\n<meta property=\"og:url\" content=\"https:\/\/ppid.com\/es\/attorney\/allen-kaye-esq\/\" \/>\n<meta property=\"og:site_name\" content=\"Pollack, Pollack, Isaac &amp; DeCicco, LLP\" \/>\n<meta property=\"article:modified_time\" content=\"2024-12-13T13:29:40+00:00\" \/>\n<meta property=\"og:image\" content=\"https:\/\/ppid.com\/wp-content\/uploads\/2024\/12\/Allen_Kaye_Esq-1.webp\" \/>\n<meta name=\"twitter:card\" content=\"summary_large_image\" \/>\n<meta name=\"twitter:label1\" content=\"Tiempo de lectura\" \/>\n\t<meta name=\"twitter:data1\" content=\"3 minutos\" \/>\n<!-- \/ Yoast SEO Premium plugin. -->","yoast_head_json":{"title":"Allen Kaye (1954-2024) - Ley PPID","description":"Conozca a Allen E. Kaye, un renombrado Abogado de Inmigraci\u00f3n en New York con m\u00e1s de 57 a\u00f1os de experiencia. \u00a1Programe su consulta hoy!","robots":{"index":"index","follow":"follow","max-snippet":"max-snippet:-1","max-image-preview":"max-image-preview:large","max-video-preview":"max-video-preview:-1"},"canonical":"https:\/\/ppid.com\/es\/attorney\/allen-kaye-esq\/","og_locale":"es_MX","og_type":"article","og_title":"Allen Kaye","og_description":"Meet Allen E. Kaye, a renowned Immigration Lawyer in New York with over 57 years of experience. Schedule your consultation today!","og_url":"https:\/\/ppid.com\/es\/attorney\/allen-kaye-esq\/","og_site_name":"Pollack, Pollack, Isaac &amp; DeCicco, LLP","article_modified_time":"2024-12-13T13:29:40+00:00","og_image":[{"url":"https:\/\/ppid.com\/wp-content\/uploads\/2024\/12\/Allen_Kaye_Esq-1.webp","type":"","width":"","height":""}],"twitter_card":"summary_large_image","twitter_misc":{"Tiempo de lectura":"3 minutos"},"schema":{"@context":"https:\/\/schema.org","@graph":[{"@type":"WebPage","@id":"https:\/\/ppid.com\/attorney\/allen-kaye-esq\/","url":"https:\/\/ppid.com\/attorney\/allen-kaye-esq\/","name":"Allen Kaye (1954-2024) - Ley PPID","isPartOf":{"@id":"https:\/\/ppid.com\/#website"},"primaryImageOfPage":{"@id":"https:\/\/ppid.com\/attorney\/allen-kaye-esq\/#primaryimage"},"image":{"@id":"https:\/\/ppid.com\/attorney\/allen-kaye-esq\/#primaryimage"},"thumbnailUrl":"https:\/\/ppid.com\/wp-content\/uploads\/2024\/12\/Allen_Kaye_Esq-1.webp","datePublished":"2024-09-09T07:40:14+00:00","dateModified":"2024-12-13T13:29:40+00:00","description":"Conozca a Allen E. Kaye, un renombrado Abogado de Inmigraci\u00f3n en New York con m\u00e1s de 57 a\u00f1os de experiencia. \u00a1Programe su consulta hoy!","breadcrumb":{"@id":"https:\/\/ppid.com\/attorney\/allen-kaye-esq\/#breadcrumb"},"inLanguage":"es","potentialAction":[{"@type":"ReadAction","target":["https:\/\/ppid.com\/attorney\/allen-kaye-esq\/"]}]},{"@type":"ImageObject","inLanguage":"es","@id":"https:\/\/ppid.com\/attorney\/allen-kaye-esq\/#primaryimage","url":"https:\/\/ppid.com\/wp-content\/uploads\/2024\/12\/Allen_Kaye_Esq-1.webp","contentUrl":"https:\/\/ppid.com\/wp-content\/uploads\/2024\/12\/Allen_Kaye_Esq-1.webp"},{"@type":"BreadcrumbList","@id":"https:\/\/ppid.com\/attorney\/allen-kaye-esq\/#breadcrumb","itemListElement":[{"@type":"ListItem","position":1,"name":"Home","item":"https:\/\/ppid.com\/"},{"@type":"ListItem","position":2,"name":"Attorneys","item":"https:\/\/ppid.com\/attorney\/"},{"@type":"ListItem","position":3,"name":"Allen Kaye"}]},{"@type":"WebSite","@id":"https:\/\/ppid.com\/#website","url":"https:\/\/ppid.com\/","name":"Pollack, Pollack, Isaac &amp; DeCicco, LLP","description":"","potentialAction":[{"@type":"SearchAction","target":{"@type":"EntryPoint","urlTemplate":"https:\/\/ppid.com\/?s={search_term_string}"},"query-input":{"@type":"PropertyValueSpecification","valueRequired":true,"valueName":"search_term_string"}}],"inLanguage":"es"}]}},"_links":{"self":[{"href":"https:\/\/ppid.com\/es\/wp-json\/wp\/v2\/pages\/500","targetHints":{"allow":["GET"]}}],"collection":[{"href":"https:\/\/ppid.com\/es\/wp-json\/wp\/v2\/pages"}],"about":[{"href":"https:\/\/ppid.com\/es\/wp-json\/wp\/v2\/types\/page"}],"author":[{"embeddable":true,"href":"https:\/\/ppid.com\/es\/wp-json\/wp\/v2\/users\/1"}],"replies":[{"embeddable":true,"href":"https:\/\/ppid.com\/es\/wp-json\/wp\/v2\/comments?post=500"}],"version-history":[{"count":0,"href":"https:\/\/ppid.com\/es\/wp-json\/wp\/v2\/pages\/500\/revisions"}],"up":[{"embeddable":true,"href":"https:\/\/ppid.com\/es\/wp-json\/wp\/v2\/pages\/707"}],"wp:attachment":[{"href":"https:\/\/ppid.com\/es\/wp-json\/wp\/v2\/media?parent=500"}],"curies":[{"name":"wp","href":"https:\/\/api.w.org\/{rel}","templated":true}]}}