{"id":532,"date":"2024-09-09T10:41:56","date_gmt":"2024-09-09T10:41:56","guid":{"rendered":"https:\/\/ppidllp.wpenginepowered.com\/?page_id=532"},"modified":"2025-09-15T05:42:01","modified_gmt":"2025-09-15T05:42:01","slug":"brooklyn-immigration-lawyer","status":"publish","type":"page","link":"https:\/\/ppid.com\/es\/brooklyn-immigration-lawyer\/","title":{"rendered":"Brooklyn Abogado de inmigraci\u00f3n"},"content":{"rendered":"<div id=\"ez-toc-container\" class=\"ez-toc-v2_0_80 counter-hierarchy ez-toc-counter ez-toc-transparent ez-toc-container-direction\">\n<div class=\"ez-toc-title-container\">\n<p class=\"ez-toc-title ez-toc-toggle\" style=\"cursor:pointer\">\u00cdndice<\/p>\n<span class=\"ez-toc-title-toggle\"><a href=\"#\" class=\"ez-toc-pull-right ez-toc-btn ez-toc-btn-xs ez-toc-btn-default ez-toc-toggle\" aria-label=\"Toggle Table of Content\"><span class=\"ez-toc-js-icon-con\"><span class=\"\"><span class=\"eztoc-hide\" style=\"display:none;\">Toggle<\/span><span class=\"ez-toc-icon-toggle-span\"><svg style=\"fill: #999;color:#999\" xmlns=\"http:\/\/www.w3.org\/2000\/svg\" class=\"list-377408\" width=\"20px\" height=\"20px\" viewbox=\"0 0 24 24\" fill=\"none\"><path d=\"M6 6H4v2h2V6zm14 0H8v2h12V6zM4 11h2v2H4v-2zm16 0H8v2h12v-2zM4 16h2v2H4v-2zm16 0H8v2h12v-2z\" fill=\"currentColor\"><\/path><\/svg><svg style=\"fill: #999;color:#999\" class=\"arrow-unsorted-368013\" xmlns=\"http:\/\/www.w3.org\/2000\/svg\" width=\"10px\" height=\"10px\" viewbox=\"0 0 24 24\" version=\"1.2\" baseprofile=\"tiny\"><path d=\"M18.2 9.3l-6.2-6.3-6.2 6.3c-.2.2-.3.4-.3.7s.1.5.3.7c.2.2.4.3.7.3h11c.3 0 .5-.1.7-.3.2-.2.3-.5.3-.7s-.1-.5-.3-.7zM5.8 14.7l6.2 6.3 6.2-6.3c.2-.2.3-.5.3-.7s-.1-.5-.3-.7c-.2-.2-.4-.3-.7-.3h-11c-.3 0-.5.1-.7.3-.2.2-.3.5-.3.7s.1.5.3.7z\"\/><\/svg><\/span><\/span><\/span><\/a><\/span><\/div>\n<nav><ul class='ez-toc-list ez-toc-list-level-1 eztoc-toggle-hide-by-default' ><li class='ez-toc-page-1 ez-toc-heading-level-2'><a class=\"ez-toc-link ez-toc-heading-1\" href=\"https:\/\/ppid.com\/es\/brooklyn-immigration-lawyer\/#brooklyn-immigration-attorney\" >Brooklyn Abogado de inmigraci\u00f3n<\/a><\/li><li class='ez-toc-page-1 ez-toc-heading-level-2'><a class=\"ez-toc-link ez-toc-heading-2\" href=\"https:\/\/ppid.com\/es\/brooklyn-immigration-lawyer\/#how-can-a-brooklyn-immigration-lawyer-from-ppid-help-me\" >\u00bfC\u00f3mo puede ayudarme un abogado de inmigraci\u00f3n Brooklyn de PPID?<\/a><\/li><li class='ez-toc-page-1 ez-toc-heading-level-2'><a class=\"ez-toc-link ez-toc-heading-3\" href=\"https:\/\/ppid.com\/es\/brooklyn-immigration-lawyer\/#what-should-i-look-for-in-a-brooklyn-immigration-lawyer\" >\u00bfQu\u00e9 debo buscar en un abogado de inmigraci\u00f3n Brooklyn?<\/a><\/li><li class='ez-toc-page-1 ez-toc-heading-level-2'><a class=\"ez-toc-link ez-toc-heading-4\" href=\"https:\/\/ppid.com\/es\/brooklyn-immigration-lawyer\/#faqs\" >Preguntas frecuentes<\/a><ul class='ez-toc-list-level-3' ><li class='ez-toc-heading-level-3'><a class=\"ez-toc-link ez-toc-heading-5\" href=\"https:\/\/ppid.com\/es\/brooklyn-immigration-lawyer\/#how-can-i-get-immigrants-in-brooklyn-the-help-they-need\" >\u00bfC\u00f3mo puedo conseguir la ayuda que necesitan los inmigrantes en Brooklyn?<\/a><\/li><li class='ez-toc-page-1 ez-toc-heading-level-3'><a class=\"ez-toc-link ez-toc-heading-6\" href=\"https:\/\/ppid.com\/es\/brooklyn-immigration-lawyer\/#what-is-the-difference-between-a-brooklyn-immigrant-and-nonimmigrant-visa\" >\u00bfCu\u00e1l es la diferencia entre un visado de inmigrante Brooklyn y un visado de no inmigrante?<\/a><\/li><li class='ez-toc-page-1 ez-toc-heading-level-3'><a class=\"ez-toc-link ez-toc-heading-7\" href=\"https:\/\/ppid.com\/es\/brooklyn-immigration-lawyer\/#can-a-brooklyn-immigration-lawyer-help-me-get-a-green-card\" >\u00bfPuede un abogado de inmigraci\u00f3n Brooklyn ayudarme a obtener la tarjeta verde?<\/a><\/li><\/ul><\/li><li class='ez-toc-page-1 ez-toc-heading-level-2'><a class=\"ez-toc-link ez-toc-heading-8\" href=\"https:\/\/ppid.com\/es\/brooklyn-immigration-lawyer\/#work-with-a-dedicated-brooklyn-immigration-lawyer-to-reach-your-immigration-goals\" >Trabaje con un abogado de inmigraci\u00f3n dedicado Brooklyn para alcanzar sus metas de inmigraci\u00f3n<\/a><\/li><\/ul><\/nav><\/div>\n<h2><span class=\"ez-toc-section\" id=\"brooklyn-immigration-attorney\"><\/span>Brooklyn Abogado de inmigraci\u00f3n<span class=\"ez-toc-section-end\"><\/span><\/h2>\n<p>El PPID ofrece asesoramiento jur\u00eddico a las personas que desean obtener la tarjeta verde estadounidense.<\/p>\n<p>Generaciones de inmigrantes conforman el barrio de Brooklyn. Si usted no es ciudadano y quiere mudarse al Brooklyn o tiene otros objetivos relacionados con la inmigraci\u00f3n para desarrollar su vida en el barrio, le recomendamos que consulte a un abogado. <strong>abogado especializado en inmigraci\u00f3n Brooklyn<\/strong> de <a href=\"https:\/\/ppid.com\/es\/firm\/\">Pollack, Pollack, Isaac &amp; DeCicco<\/a> puede ayudarle a alcanzar sus objetivos.<\/p>\n<p>En <a href=\"https:\/\/ppid.com\/es\/attorney\/\">equipo jur\u00eddico<\/a> en Pollack, Pollack, Isaac &amp; DeCicco tiene un compromiso inquebrantable de <a href=\"https:\/\/ppid.com\/es\/testimonials\/\">satisfacci\u00f3n y \u00e9xito del cliente<\/a>. Con m\u00e1s de 100 a\u00f1os de experiencia colectiva, nuestra firma emplea un enfoque centrado en el cliente que requiere abordar las preguntas y preocupaciones clave, escuchar profundamente para entender los objetivos y los detalles del caso, y aprovechar la experiencia y el conocimiento cr\u00edtico. Elaboramos estrategias de inmigraci\u00f3n ideales para ayudar a nuestros clientes a obtener resultados \u00f3ptimos.<\/p>\n<p><img loading=\"lazy\" decoding=\"async\" class=\"aligncenter wp-image-1951 size-full\" title=\"Abogado de inmigraci\u00f3n de confianza Brooklyn\" src=\"https:\/\/ppid.com\/wp-content\/uploads\/2025\/01\/brooklyn-immigration-attorney.webp\" alt=\"Trusted Brooklyn Immigration Attorney\" width=\"1200\" height=\"600\" srcset=\"https:\/\/ppid.com\/wp-content\/uploads\/2025\/01\/brooklyn-immigration-attorney.webp 1200w, https:\/\/ppid.com\/wp-content\/uploads\/2025\/01\/brooklyn-immigration-attorney-300x150.webp 300w, https:\/\/ppid.com\/wp-content\/uploads\/2025\/01\/brooklyn-immigration-attorney-1024x512.webp 1024w, https:\/\/ppid.com\/wp-content\/uploads\/2025\/01\/brooklyn-immigration-attorney-768x384.webp 768w\" sizes=\"auto, (max-width: 1200px) 100vw, 1200px\" \/><\/p>\n<h2><span class=\"ez-toc-section\" id=\"how-can-a-brooklyn-immigration-lawyer-from-ppid-help-me\"><\/span>\u00bfC\u00f3mo puede ayudarme un abogado de inmigraci\u00f3n Brooklyn de PPID?<span class=\"ez-toc-section-end\"><\/span><\/h2>\n<p>El equipo legal de Pollack, Pollack, Isaac &amp; DeCicco es fuerte en la diversidad de antecedentes, habilidades y educaci\u00f3n, lo que refleja la comunidad de Brooklyn. Hablamos varios idiomas para romper barreras y entender sus necesidades, incluyendo espa\u00f1ol, chino, hindi, ruso, punjabi y b\u00falgaro. <strong>Cuando se trata de lograr sus objetivos de inmigraci\u00f3n, nuestro equipo puede ayudarle a hacer frente a una variedad de desaf\u00edos relacionados con la inmigraci\u00f3n, incluyendo:<\/strong><\/p>\n<ul>\n<li><strong>Inmigraci\u00f3n basada en la familia.<\/strong> Un abogado del PPID puede ayudarle a llevar a su ser querido al Brooklyn, ayudarle a solicitar un <a href=\"https:\/\/ppid.com\/es\/brooklyn-green-card-lawyer\/\">carta verde de Brooklyn<\/a>o proporcionarle apoyo para el ajuste de estatus. Bas\u00e1ndonos en sus relaciones familiares y en el estatus del solicitante en los Estados Unidos, podemos proporcionarle asesoramiento legal, plazos previstos asociados y costes previstos.<\/li>\n<li><strong>Inmigraci\u00f3n basada en el empleo.<\/strong> El equipo legal de PPID puede analizar sus objetivos de empleo, incluyendo si usted est\u00e1 interesado en trabajar a largo o corto plazo en Brooklyn. Tambi\u00e9n podemos revisar su experiencia laboral y su formaci\u00f3n acad\u00e9mica para ayudarle a elegir la v\u00eda de inmigraci\u00f3n basada en el empleo que mejor se adapte a su caso.<\/li>\n<li><strong>Cuestiones penales y expulsi\u00f3n.<\/strong> Los no ciudadanos que se enfrentan a cargos de defensa penal pueden ver amenazado su estatus migratorio o su presencia f\u00edsica en el pa\u00eds, incluso si los cargos son por delitos menores. Un abogado de defensa de inmigraci\u00f3n de nuestro equipo puede ayudarle a analizar los cargos penales y <a href=\"https:\/\/ppid.com\/es\/brooklyn-deportation-defense-lawyer\/\">luchar contra las \u00f3rdenes de expulsi\u00f3n o deportaci\u00f3n<\/a>.<\/li>\n<li><strong>Naturalizaci\u00f3n y ciudadan\u00eda.<\/strong> Perseguir y obtener la ciudadan\u00eda estadounidense es un logro importante en el proceso de inmigraci\u00f3n, y nuestros abogados de inmigraci\u00f3n est\u00e1n dispuestos a ayudarle a conseguirlo de la manera m\u00e1s eficiente y r\u00e1pida posible. Podemos ayudarle a asegurarse de que cumple todos los requisitos y ayudarle con la presentaci\u00f3n de documentos y el seguimiento del caso.<\/li>\n<li><strong>Estatus Especial de Inmigrante Juvenil (SIJS).<\/strong> El PPID se compromete a ayudar a los j\u00f3venes indocumentados en <a href=\"https:\/\/en.wikipedia.org\/wiki\/Brooklyn\" target=\"_blank\" rel=\"noopener\">Brooklyn<\/a> solicitar el SIJS, que, si se acepta, les permite solicitar el estatuto de residente legal permanente. Podemos reunirnos con usted para asegurarnos de que cumple los requisitos y ayudarle a preparar y presentar los formularios pertinentes con el <a href=\"https:\/\/ppid.com\/es\/brooklyn-citizenship-lawyer\/\">Ciudadan\u00eda estadounidense<\/a> y los Servicios de Inmigraci\u00f3n, as\u00ed como representarle en los procedimientos requeridos del Tribunal de Familia.<\/li>\n<li><strong>Inmigraci\u00f3n de estudiantes.<\/strong> El Brooklyn ofrece oportunidades educativas excepcionales, por lo que estudiantes de todo el mundo vienen a estudiar a la zona. Un abogado de inmigraci\u00f3n de nuestro bufete puede ayudarle a solicitar visados F-1 y M-1 para estudiar como estudiante a tiempo completo en Brooklyn.<\/li>\n<li><strong>Ley sobre la violencia contra las mujeres (<a href=\"https:\/\/www.nyc.gov\/site\/nycha\/residents\/vawa-resources.page\" target=\"_blank\" rel=\"noopener\">VAWA<\/a>).<\/strong> En virtud de la VAWA, determinadas personas indocumentadas que han sido objeto de delitos violentos, como agresiones sexuales y violencia dom\u00e9stica por parte de un familiar directo residente legal permanente o ciudadano, pueden solicitar por s\u00ed mismas el estatuto de residente legal permanente sin el conocimiento del familiar maltratador al que est\u00e1 vinculado su estatuto de inmigraci\u00f3n actual. Tenga en cuenta que el g\u00e9nero no es una preocupaci\u00f3n para los solicitantes de VAWA.<\/li>\n<li><strong>V\u00edctimas de delitos.<\/strong> Las v\u00edctimas de actividades criminales elegibles, tales como detenci\u00f3n ilegal, tr\u00e1fico de personas, violencia dom\u00e9stica y acoso, que han sufrido abuso mental o f\u00edsico y ayudan a la persecuci\u00f3n o investigaci\u00f3n del delito son elegibles para una visa U. Un abogado de inmigraci\u00f3n de nuestra firma puede ayudar a determinar su elegibilidad, reunir pruebas, y completar y presentar una solicitud.<\/li>\n<li><strong>Acci\u00f3n Diferida para los Llegados en la Infancia (<a href=\"https:\/\/www.uscis.gov\/DACA\" target=\"_blank\" rel=\"noopener\">DACA<\/a>).<\/strong> DACA proporciona <a href=\"https:\/\/ppid.com\/es\/blog\/benefits-for-undocumented-immigrants-in-nyc\/\">inmigrantes indocumentados que llegaron a EE.UU.<\/a> como ni\u00f1os con protecci\u00f3n temporal contra la deportaci\u00f3n y autorizaci\u00f3n de trabajo. Un abogado de inmigraci\u00f3n dedicado Brooklyn de nuestra firma puede ayudar a determinar su elegibilidad y ayudarle a solicitar o volver a solicitar la protecci\u00f3n temporal bajo DACA.<\/li>\n<\/ul>\n<p>El equipo legal de PPID se compromete a ayudar a los no ciudadanos a perseguir sus sue\u00f1os en Brooklyn. Tambi\u00e9n podemos ayudarle a encontrar seguridad y refugio para que pueda comenzar una nueva vida bajo protecci\u00f3n y sin temor a la deportaci\u00f3n. Nuestros abogados pueden ayudar a analizar los detalles de su caso para determinar la v\u00eda de inmigraci\u00f3n \u00f3ptima para usted. A continuaci\u00f3n, podemos recopilar informaci\u00f3n, presentar la documentaci\u00f3n, y el seguimiento de su aplicaci\u00f3n para ayudar a asegurar que su proceso de inmigraci\u00f3n va de manera eficiente y sin problemas.<\/p>\n<h2><span class=\"ez-toc-section\" id=\"what-should-i-look-for-in-a-brooklyn-immigration-lawyer\"><\/span>\u00bfQu\u00e9 debo buscar en un abogado de inmigraci\u00f3n Brooklyn?<span class=\"ez-toc-section-end\"><\/span><\/h2>\n<p>Si se enfrenta a retos relacionados con la inmigraci\u00f3n en Brooklyn, es probable que est\u00e9 buscando un profesional del derecho que pueda apoyarle proporcion\u00e1ndole orientaci\u00f3n legal y navegaci\u00f3n a trav\u00e9s de complejos procedimientos burocr\u00e1ticos. Debido a que hay cientos de abogados de inmigraci\u00f3n en New York, puede ser abrumador decidir qu\u00e9 abogado puede ser el adecuado para su caso. <strong>Al buscar un abogado de inmigraci\u00f3n Brooklyn \u00f3ptimo, es importante tener en cuenta un abogado que tenga lo siguiente:<\/strong><\/p>\n<ul>\n<li><strong>A\u00f1os de experiencia.<\/strong> Puede beneficiarse de trabajar con un abogado que tenga a\u00f1os de experiencia en derecho de inmigraci\u00f3n y est\u00e9 respaldado por un bufete de abogados de renombre. Aseg\u00farese de que han trabajado extensamente con casos similares al suyo, ya se trate de visados de inmigrante basados en el empleo o de casos de defensa de inmigrantes.<\/li>\n<li><strong>Comunicaci\u00f3n s\u00f3lida.<\/strong> Un abogado de inmigraci\u00f3n le ayudar\u00e1 a asegurarse de que cumple todos los requisitos para su v\u00eda de inmigraci\u00f3n, recopilar\u00e1 pruebas justificativas, presentar\u00e1 su solicitud y le guiar\u00e1 a lo largo del proceso general. Para ello, tendr\u00e1 que estar en contacto con varias agencias estadounidenses. Por lo tanto, usted necesitar\u00e1 un abogado que pueda comunicarse activamente entre individuos y agencias.<\/li>\n<li><strong>Conocimientos basados en Brooklyn.<\/strong> Un abogado de inmigraci\u00f3n de Brooklyn puede aprovechar sus conocimientos locales para optimizar los procesos locales y ayudarle a acceder a las prestaciones locales a las que tiene derecho. Pueden garantizar que sus derechos como extranjero est\u00e9n protegidos tanto por la legislaci\u00f3n federal como por la local.<\/li>\n<\/ul>\n<p>En Pollack, Pollack, Isaac &amp; DeCicco, nuestro equipo legal de inmigraci\u00f3n est\u00e1 aqu\u00ed para servirle con nuestro conocimiento local, d\u00e9cadas de experiencia, y comunicaci\u00f3n proactiva y habilidades para resolver problemas. Ning\u00fan problema de inmigraci\u00f3n es demasiado complejo para abordarlo. Podemos analizar su caso, reunir pruebas cr\u00edticas, y seguir adelante para concederle los resultados de inmigraci\u00f3n que est\u00e1 buscando.<\/p>\n<h2><span class=\"ez-toc-section\" id=\"faqs\"><\/span>Preguntas frecuentes<span class=\"ez-toc-section-end\"><\/span><\/h2>\n<div class=\"accsec-ritcnt accordion\">\n<div class=\"accordion-section\">\n<h3><span class=\"ez-toc-section\" id=\"how-can-i-get-immigrants-in-brooklyn-the-help-they-need\"><\/span><a class=\"accordion-section-title active\" href=\"#accordion-1\">\u00bfC\u00f3mo puedo conseguir la ayuda que necesitan los inmigrantes en Brooklyn?<\/a><span class=\"ez-toc-section-end\"><\/span><\/h3>\n<div id=\"accordion-1\" class=\"accordion-section-content open\" style=\"display: block;\">\n<p>Si busca ayuda para los inmigrantes del Brooklyn, es importante comprender sus necesidades y preocupaciones espec\u00edficas. Los inmigrantes en Brooklyn pueden enfrentarse a una variedad de desaf\u00edos, incluyendo la inseguridad laboral, inseguridad de vivienda, y las barreras del idioma, as\u00ed como un estatus migratorio inseguro. Un abogado especializado en inmigraci\u00f3n puede ayudar a evaluar los detalles de su caso y trabajar para conseguir una v\u00eda de inmigraci\u00f3n \u00f3ptima que pueda ayudarles a conseguir la autorizaci\u00f3n de trabajo y, finalmente, obtener la ciudadan\u00eda.<\/p>\n<\/div>\n<\/div>\n<div class=\"accordion-section\">\n<h3><span class=\"ez-toc-section\" id=\"what-is-the-difference-between-a-brooklyn-immigrant-and-nonimmigrant-visa\"><\/span><a class=\"accordion-section-title\" href=\"#accordion-2\">\u00bfCu\u00e1l es la diferencia entre un visado de inmigrante Brooklyn y un visado de no inmigrante?<\/a><span class=\"ez-toc-section-end\"><\/span><\/h3>\n<div id=\"accordion-2\" class=\"accordion-section-content\" style=\"display: none;\">\n<p>En Brooklyn, un visado de inmigrante es un tipo de visado que puede ayudar a una persona a conseguir la condici\u00f3n de residente legal permanente, o LPR, que le permite vivir y trabajar durante un periodo de hasta 10 a\u00f1os seguidos en el pa\u00eds. Una persona con estatus de LPR puede pasar por el proceso de naturalizaci\u00f3n para adquirir la ciudadan\u00eda si cumple ciertos requisitos. Un visado de no inmigrante es para quienes residen en Estados Unidos de forma temporal, viviendo en el pa\u00eds durante un periodo de tiempo m\u00e1s corto.<\/p>\n<\/div>\n<\/div>\n<div class=\"accordion-section\">\n<h3><span class=\"ez-toc-section\" id=\"can-a-brooklyn-immigration-lawyer-help-me-get-a-green-card\"><\/span><a class=\"accordion-section-title\" href=\"#accordion-3\">\u00bfPuede un abogado de inmigraci\u00f3n Brooklyn ayudarme a obtener la tarjeta verde?<\/a><span class=\"ez-toc-section-end\"><\/span><\/h3>\n<div id=\"accordion-3\" class=\"accordion-section-content\" style=\"display: none;\">\n<p>S\u00ed, un abogado de inmigraci\u00f3n Brooklyn puede ayudarle a obtener una tarjeta verde, dependiendo de los detalles de su situaci\u00f3n, incluyendo sus relaciones familiares con ciudadanos estadounidenses o LPRs, sus habilidades de trabajo y experiencia, sus antecedentes educativos, y si ha sido condenado por ciertos delitos. Pueden tener en cuenta factores clave de su caso para ayudarle a determinar qu\u00e9 v\u00eda de inmigraci\u00f3n es la ideal para su situaci\u00f3n. De este modo, podr\u00e1 maximizar sus posibilidades de obtener la tarjeta verde en Brooklyn.<\/p>\n<\/div>\n<\/div>\n<\/div>\n<h2><span class=\"ez-toc-section\" id=\"work-with-a-dedicated-brooklyn-immigration-lawyer-to-reach-your-immigration-goals\"><\/span>Trabaje con un abogado de inmigraci\u00f3n dedicado Brooklyn para alcanzar sus metas de inmigraci\u00f3n<span class=\"ez-toc-section-end\"><\/span><\/h2>\n<p>Si usted ya se encuentra en Brooklyn y le gustar\u00eda ajustar su estatus, o usted est\u00e1 fuera del pa\u00eds y en busca de la v\u00eda \u00f3ptima para trasladarse a la ciudad, un abogado de inmigraci\u00f3n dedicado de Pollack, Pollack, Isaac y DeCicco puede reunirse con usted en persona o en l\u00ednea para entender sus objetivos y antecedentes.<\/p>\n<p>Nuestro equipo de inmigraci\u00f3n puede aprovechar nuestra experiencia combinada de m\u00e1s de 100 a\u00f1os para ayudarle a vivir su sue\u00f1o en Brooklyn. Si se enfrenta a cargos penales o a una orden de expulsi\u00f3n o deportaci\u00f3n, podemos luchar para que se quede en New York. <a href=\"https:\/\/ppid.com\/es\/contact\/\">P\u00f3ngase en contacto hoy mismo con un abogado de inmigraci\u00f3n de nuestro equipo<\/a> para empezar.<\/p>\n<p><iframe loading=\"lazy\" style=\"border: 0;\" src=\"https:\/\/www.google.com\/maps\/embed?pb=!1m18!1m12!1m3!1d96873.72404095989!2d-73.94483555000001!3d40.64523145!2m3!1f0!2f0!3f0!3m2!1i1024!2i768!4f13.1!3m3!1m2!1s0x89c24416947c2109%3A0x82765c7404007886!2sBrooklyn%2C%20NY%2C%20USA!5e0!3m2!1sen!2sin!4v1750695595020!5m2!1sen!2sin\" width=\"100%\" height=\"300\" allowfullscreen=\"allowfullscreen\"><\/iframe><\/p>","protected":false},"excerpt":{"rendered":"<p>Brooklyn Immigration Attorney PPID provides legal counsel to those seeking a U.S. Green Card. Generations of immigrants make up the neighborhood of Brooklyn. If you are a noncitizen looking to move to Brooklyn or have other immigration-related goals to develop your life in the borough, a dedicated Brooklyn immigration lawyer from Pollack, Pollack, Isaac &amp; &hellip; <\/p>\n<p class=\"link-more\"><a href=\"https:\/\/ppid.com\/es\/brooklyn-immigration-lawyer\/\" class=\"more-link\">Seguir leyendo<span class=\"screen-reader-text\"> &#8220;Brooklyn Immigration Lawyer&#8221;<\/span><\/a><\/p>","protected":false},"author":1,"featured_media":0,"parent":0,"menu_order":0,"comment_status":"closed","ping_status":"closed","template":"","meta":{"_acf_changed":false,"footnotes":""},"class_list":["post-532","page","type-page","status-publish","hentry","entry"],"acf":[],"yoast_head":"<!-- This site is optimized with the Yoast SEO Premium plugin v26.8 (Yoast SEO v26.8) - https:\/\/yoast.com\/product\/yoast-seo-premium-wordpress\/ -->\n<title>Brooklyn Immigration Lawyer<\/title>\n<meta name=\"description\" content=\"If you are a noncitizen looking to move to Brooklyn or have other immigration-related goals, contact our immigration lawyers today for help.\" \/>\n<meta name=\"robots\" content=\"index, follow, max-snippet:-1, max-image-preview:large, max-video-preview:-1\" \/>\n<link rel=\"canonical\" href=\"https:\/\/ppid.com\/es\/brooklyn-immigration-lawyer\/\" \/>\n<meta property=\"og:locale\" content=\"es_MX\" \/>\n<meta property=\"og:type\" content=\"article\" \/>\n<meta property=\"og:title\" content=\"Brooklyn Immigration Lawyer\" \/>\n<meta property=\"og:description\" content=\"If you are a noncitizen looking to move to Brooklyn or have other immigration-related goals, contact our immigration lawyers today for help.\" \/>\n<meta property=\"og:url\" content=\"https:\/\/ppid.com\/es\/brooklyn-immigration-lawyer\/\" \/>\n<meta property=\"og:site_name\" content=\"Pollack, Pollack, Isaac &amp; DeCicco, LLP\" \/>\n<meta property=\"article:modified_time\" content=\"2025-09-15T05:42:01+00:00\" \/>\n<meta property=\"og:image\" content=\"https:\/\/ppid.com\/wp-content\/uploads\/2025\/01\/brooklyn-immigration-attorney.webp\" \/>\n\t<meta property=\"og:image:width\" content=\"1200\" \/>\n\t<meta property=\"og:image:height\" content=\"600\" \/>\n\t<meta property=\"og:image:type\" content=\"image\/webp\" \/>\n<meta name=\"twitter:card\" content=\"summary_large_image\" \/>\n<meta name=\"twitter:label1\" content=\"Tiempo de lectura\" \/>\n\t<meta name=\"twitter:data1\" content=\"7 minutos\" \/>\n<!-- \/ Yoast SEO Premium plugin. -->","yoast_head_json":{"title":"Brooklyn Abogado de inmigraci\u00f3n","description":"Si usted no es ciudadano y desea trasladarse a Brooklyn o tiene otros objetivos relacionados con la inmigraci\u00f3n, p\u00f3ngase en contacto con nuestros abogados de inmigraci\u00f3n hoy para obtener ayuda.","robots":{"index":"index","follow":"follow","max-snippet":"max-snippet:-1","max-image-preview":"max-image-preview:large","max-video-preview":"max-video-preview:-1"},"canonical":"https:\/\/ppid.com\/es\/brooklyn-immigration-lawyer\/","og_locale":"es_MX","og_type":"article","og_title":"Brooklyn Immigration Lawyer","og_description":"If you are a noncitizen looking to move to Brooklyn or have other immigration-related goals, contact our immigration lawyers today for help.","og_url":"https:\/\/ppid.com\/es\/brooklyn-immigration-lawyer\/","og_site_name":"Pollack, Pollack, Isaac &amp; DeCicco, LLP","article_modified_time":"2025-09-15T05:42:01+00:00","og_image":[{"width":1200,"height":600,"url":"https:\/\/ppid.com\/wp-content\/uploads\/2025\/01\/brooklyn-immigration-attorney.webp","type":"image\/webp"}],"twitter_card":"summary_large_image","twitter_misc":{"Tiempo de lectura":"7 minutos"},"schema":{"@context":"https:\/\/schema.org","@graph":[{"@type":"WebPage","@id":"https:\/\/ppid.com\/brooklyn-immigration-lawyer\/","url":"https:\/\/ppid.com\/brooklyn-immigration-lawyer\/","name":"Brooklyn Abogado de inmigraci\u00f3n","isPartOf":{"@id":"https:\/\/ppid.com\/#website"},"primaryImageOfPage":{"@id":"https:\/\/ppid.com\/brooklyn-immigration-lawyer\/#primaryimage"},"image":{"@id":"https:\/\/ppid.com\/brooklyn-immigration-lawyer\/#primaryimage"},"thumbnailUrl":"https:\/\/ppid.com\/wp-content\/uploads\/2025\/01\/brooklyn-immigration-attorney.webp","datePublished":"2024-09-09T10:41:56+00:00","dateModified":"2025-09-15T05:42:01+00:00","description":"Si usted no es ciudadano y desea trasladarse a Brooklyn o tiene otros objetivos relacionados con la inmigraci\u00f3n, p\u00f3ngase en contacto con nuestros abogados de inmigraci\u00f3n hoy para obtener ayuda.","breadcrumb":{"@id":"https:\/\/ppid.com\/brooklyn-immigration-lawyer\/#breadcrumb"},"inLanguage":"es","potentialAction":[{"@type":"ReadAction","target":["https:\/\/ppid.com\/brooklyn-immigration-lawyer\/"]}]},{"@type":"ImageObject","inLanguage":"es","@id":"https:\/\/ppid.com\/brooklyn-immigration-lawyer\/#primaryimage","url":"https:\/\/ppid.com\/wp-content\/uploads\/2025\/01\/brooklyn-immigration-attorney.webp","contentUrl":"https:\/\/ppid.com\/wp-content\/uploads\/2025\/01\/brooklyn-immigration-attorney.webp"},{"@type":"BreadcrumbList","@id":"https:\/\/ppid.com\/brooklyn-immigration-lawyer\/#breadcrumb","itemListElement":[{"@type":"ListItem","position":1,"name":"Home","item":"https:\/\/ppid.com\/"},{"@type":"ListItem","position":2,"name":"Brooklyn Immigration Lawyer"}]},{"@type":"WebSite","@id":"https:\/\/ppid.com\/#website","url":"https:\/\/ppid.com\/","name":"Pollack, Pollack, Isaac &amp; DeCicco, LLP","description":"","potentialAction":[{"@type":"SearchAction","target":{"@type":"EntryPoint","urlTemplate":"https:\/\/ppid.com\/?s={search_term_string}"},"query-input":{"@type":"PropertyValueSpecification","valueRequired":true,"valueName":"search_term_string"}}],"inLanguage":"es"}]}},"_links":{"self":[{"href":"https:\/\/ppid.com\/es\/wp-json\/wp\/v2\/pages\/532","targetHints":{"allow":["GET"]}}],"collection":[{"href":"https:\/\/ppid.com\/es\/wp-json\/wp\/v2\/pages"}],"about":[{"href":"https:\/\/ppid.com\/es\/wp-json\/wp\/v2\/types\/page"}],"author":[{"embeddable":true,"href":"https:\/\/ppid.com\/es\/wp-json\/wp\/v2\/users\/1"}],"replies":[{"embeddable":true,"href":"https:\/\/ppid.com\/es\/wp-json\/wp\/v2\/comments?post=532"}],"version-history":[{"count":0,"href":"https:\/\/ppid.com\/es\/wp-json\/wp\/v2\/pages\/532\/revisions"}],"wp:attachment":[{"href":"https:\/\/ppid.com\/es\/wp-json\/wp\/v2\/media?parent=532"}],"curies":[{"name":"wp","href":"https:\/\/api.w.org\/{rel}","templated":true}]}}