{"id":595,"date":"2024-09-09T14:00:51","date_gmt":"2024-09-09T14:00:51","guid":{"rendered":"https:\/\/ppidllp.wpenginepowered.com\/?page_id=595"},"modified":"2025-09-15T05:47:40","modified_gmt":"2025-09-15T05:47:40","slug":"long-island-immigration-lawyer","status":"publish","type":"page","link":"https:\/\/ppid.com\/es\/long-island-immigration-lawyer\/","title":{"rendered":"Long Island Abogado de inmigraci\u00f3n"},"content":{"rendered":"<div id=\"ez-toc-container\" class=\"ez-toc-v2_0_80 counter-hierarchy ez-toc-counter ez-toc-transparent ez-toc-container-direction\">\n<div class=\"ez-toc-title-container\">\n<p class=\"ez-toc-title ez-toc-toggle\" style=\"cursor:pointer\">\u00cdndice<\/p>\n<span class=\"ez-toc-title-toggle\"><a href=\"#\" class=\"ez-toc-pull-right ez-toc-btn ez-toc-btn-xs ez-toc-btn-default ez-toc-toggle\" aria-label=\"Toggle Table of Content\"><span class=\"ez-toc-js-icon-con\"><span class=\"\"><span class=\"eztoc-hide\" style=\"display:none;\">Toggle<\/span><span class=\"ez-toc-icon-toggle-span\"><svg style=\"fill: #999;color:#999\" xmlns=\"http:\/\/www.w3.org\/2000\/svg\" class=\"list-377408\" width=\"20px\" height=\"20px\" viewbox=\"0 0 24 24\" fill=\"none\"><path d=\"M6 6H4v2h2V6zm14 0H8v2h12V6zM4 11h2v2H4v-2zm16 0H8v2h12v-2zM4 16h2v2H4v-2zm16 0H8v2h12v-2z\" fill=\"currentColor\"><\/path><\/svg><svg style=\"fill: #999;color:#999\" class=\"arrow-unsorted-368013\" xmlns=\"http:\/\/www.w3.org\/2000\/svg\" width=\"10px\" height=\"10px\" viewbox=\"0 0 24 24\" version=\"1.2\" baseprofile=\"tiny\"><path d=\"M18.2 9.3l-6.2-6.3-6.2 6.3c-.2.2-.3.4-.3.7s.1.5.3.7c.2.2.4.3.7.3h11c.3 0 .5-.1.7-.3.2-.2.3-.5.3-.7s-.1-.5-.3-.7zM5.8 14.7l6.2 6.3 6.2-6.3c.2-.2.3-.5.3-.7s-.1-.5-.3-.7c-.2-.2-.4-.3-.7-.3h-11c-.3 0-.5.1-.7.3-.2.2-.3.5-.3.7s.1.5.3.7z\"\/><\/svg><\/span><\/span><\/span><\/a><\/span><\/div>\n<nav><ul class='ez-toc-list ez-toc-list-level-1 eztoc-toggle-hide-by-default' ><li class='ez-toc-page-1 ez-toc-heading-level-2'><a class=\"ez-toc-link ez-toc-heading-1\" href=\"https:\/\/ppid.com\/es\/long-island-immigration-lawyer\/#long-island-immigration-attorney\" >Long Island Abogado de inmigraci\u00f3n<\/a><\/li><li class='ez-toc-page-1 ez-toc-heading-level-2'><a class=\"ez-toc-link ez-toc-heading-2\" href=\"https:\/\/ppid.com\/es\/long-island-immigration-lawyer\/#getting-the-support-you-need-from-a-long-island-immigration-attorney\" >Obtener el apoyo que necesita de un abogado de inmigraci\u00f3n Long Island<\/a><\/li><li class='ez-toc-page-1 ez-toc-heading-level-2'><a class=\"ez-toc-link ez-toc-heading-3\" href=\"https:\/\/ppid.com\/es\/long-island-immigration-lawyer\/#should-i-apply-for-a-nonimmigrant-or-immigrant-visa-to-live-in-long-island-ny\" >\u00bfDebo solicitar un visado de no inmigrante o de inmigrante para vivir en Long Island, NY?<\/a><\/li><li class='ez-toc-page-1 ez-toc-heading-level-2'><a class=\"ez-toc-link ez-toc-heading-4\" href=\"https:\/\/ppid.com\/es\/long-island-immigration-lawyer\/#faqs\" >Preguntas frecuentes<\/a><ul class='ez-toc-list-level-3' ><li class='ez-toc-heading-level-3'><a class=\"ez-toc-link ez-toc-heading-5\" href=\"https:\/\/ppid.com\/es\/long-island-immigration-lawyer\/#can-i-travel-to-long-island-without-a-visa\" >\u00bfPuedo viajar a Long Island sin visado?<\/a><\/li><li class='ez-toc-page-1 ez-toc-heading-level-3'><a class=\"ez-toc-link ez-toc-heading-6\" href=\"https:\/\/ppid.com\/es\/long-island-immigration-lawyer\/#can-a-long-island-immigration-lawyer-help-me-with-naturalization\" >\u00bfPuede un abogado de inmigraci\u00f3n Long Island ayudarme con la naturalizaci\u00f3n?<\/a><\/li><li class='ez-toc-page-1 ez-toc-heading-level-3'><a class=\"ez-toc-link ez-toc-heading-7\" href=\"https:\/\/ppid.com\/es\/long-island-immigration-lawyer\/#can-i-apply-for-asylum-in-long-island-new-york-through-an-immigration-lawyer\" >\u00bfPuedo solicitar asilo en Long Island, New York, a trav\u00e9s de un abogado de inmigraci\u00f3n?<\/a><\/li><\/ul><\/li><li class='ez-toc-page-1 ez-toc-heading-level-2'><a class=\"ez-toc-link ez-toc-heading-8\" href=\"https:\/\/ppid.com\/es\/long-island-immigration-lawyer\/#start-your-journey-with-a-long-island-immigration-lawyer-from-ppid-today\" >Comience hoy mismo su viaje con un abogado de inmigraci\u00f3n Long Island de PPID<\/a><\/li><\/ul><\/nav><\/div>\n<h2><span class=\"ez-toc-section\" id=\"long-island-immigration-attorney\"><\/span>Long Island Abogado de inmigraci\u00f3n<span class=\"ez-toc-section-end\"><\/span><\/h2>\n<p>El PPID ofrece asesoramiento jur\u00eddico a las personas que desean obtener la tarjeta verde estadounidense.<\/p>\n<p>Long Island tiene una rica y extensa historia en la que han participado inmigrantes de todos los rincones del mundo. Tanto si busca protecci\u00f3n como si desea progresar profesionalmente o reunirse con miembros de su familia, el poder econ\u00f3mico y la diversidad cultural de Long Island lo convierten en un lugar atractivo para perseguir el sue\u00f1o americano. A <strong>abogado experto en inmigraci\u00f3n Long Island<\/strong> de Pollack, Pollack, Isaac &amp; DeCicco puede ayudarle a resolver cualquier problema relacionado con la inmigraci\u00f3n al que se enfrente.<\/p>\n<p>El equipo jur\u00eddico especializado de\u00a0<a href=\"https:\/\/ppid.com\/es\/firm\/\" rel=\"noopener\">Pollack, Pollack, Isaac &amp; DeCicco<\/a>\u00a0cree en la fuerza de la diversidad, y estamos comprometidos a fortalecer la comunidad de Long Island ayudando a los no ciudadanos estadounidenses a encontrar v\u00edas legales para trabajar y vivir en la zona. Podemos aprovechar nuestras d\u00e9cadas de experiencia colectiva, amplios conocimientos en leyes de inmigraci\u00f3n y compasi\u00f3n,\u00a0<a href=\"https:\/\/ppid.com\/es\/testimonials\/\">enfoque centrado en el cliente<\/a>\u00a0para ayudarle a obtener resultados \u00f3ptimos en materia de inmigraci\u00f3n para su caso.<\/p>\n<h2><span class=\"ez-toc-section\" id=\"getting-the-support-you-need-from-a-long-island-immigration-attorney\"><\/span><strong>Obtener el apoyo que necesita de un abogado de inmigraci\u00f3n Long Island<\/strong><span class=\"ez-toc-section-end\"><\/span><\/h2>\n<p>El equipo legal de inmigraci\u00f3n Long Island de Pollack, Pollack, Isaac &amp; DeCicco tiene m\u00e1s de 100 a\u00f1os de experiencia colectiva apoyando a clientes a enfrentar sus desaf\u00edos relacionados con la inmigraci\u00f3n. Podemos apoyar casos de inmigraci\u00f3n basados en la familia y ayudar a las personas a obtener el estatus de LPR a trav\u00e9s de peticiones de sus seres queridos. Nuestros cualificados abogados hablan numerosos idiomas para conectar con clientes de pa\u00edses de todo el mundo. Intentamos proporcionar a nuestros clientes un acceso a la representaci\u00f3n legal sin barreras ling\u00fc\u00edsticas.<\/p>\n<p>Si sus necesidades est\u00e1n relacionadas con el empleo, podemos ayudarle a solicitar un visado de inmigrante o de no inmigrante, dependiendo de sus objetivos y de los detalles de su caso. Convertirse en ciudadano de los EE.UU. es un hito emocionante; sin embargo, puede venir con confusi\u00f3n y complejidad. Nuestro equipo de inmigraci\u00f3n legal puede ayudarle a lo largo de todo el proceso <a href=\"https:\/\/ppid.com\/es\/nyc-citizenship-and-naturalization-lawyer\/\">proceso de naturalizaci\u00f3n<\/a> y ayudarle a obtener la nacionalidad sin problemas y r\u00e1pidamente.<\/p>\n<p>Si reside actualmente en <a href=\"https:\/\/en.wikipedia.org\/wiki\/Long_Island\" target=\"_blank\" rel=\"noopener\">Long Island<\/a> sin documentos, nuestro equipo legal puede ayudarle a explorar sus opciones. Tenemos experiencia en ayudar a indocumentados Long Islanders obtener legal <a href=\"https:\/\/ppid.com\/es\/long-island-h2b-visa-lawyer\/\">permiso para vivir y trabajar<\/a> en Estados Unidos a trav\u00e9s de v\u00edas como la Ley sobre la Violencia contra las Mujeres (<a href=\"https:\/\/www.nyc.gov\/site\/nycha\/residents\/vawa-resources.page\" target=\"_blank\" rel=\"noopener\">VAWA<\/a>), visados U, solicitudes de asilo, <a href=\"https:\/\/ppid.com\/es\/nyc-special-immigrant-juvenile-status-lawyer\/\">Estatuto Especial de Inmigrante Juvenil<\/a><u> (SIJS)<\/u>y DACA.<\/p>\n<p>Si se enfrenta a cargos penales que podr\u00edan amenazar su estatus migratorio, no est\u00e1 solo. Un abogado de inmigraci\u00f3n de\u00a0<a href=\"https:\/\/ppid.com\/es\/attorney\/\">nuestro equipo<\/a>\u00a0puede informarle de sus derechos y optimizar su estrategia de defensa penal para minimizar las repercusiones de su estatus migratorio. Si se enfrenta a la deportaci\u00f3n o expulsi\u00f3n, el equipo leal de PPID puede defender su caso en el tribunal de inmigraci\u00f3n y trabajar para ejercer todas las opciones disponibles para proteger su presencia en Long Island.<\/p>\n<h2><span class=\"ez-toc-section\" id=\"should-i-apply-for-a-nonimmigrant-or-immigrant-visa-to-live-in-long-island-ny\"><\/span>\u00bfDebo solicitar un visado de no inmigrante o de inmigrante para vivir en Long Island, NY?<span class=\"ez-toc-section-end\"><\/span><\/h2>\n<p>La conveniencia de solicitar un visado de inmigrante o de no inmigrante para vivir en Long Island depende de sus objetivos de inmigraci\u00f3n y de detalles fundamentales sobre sus antecedentes. Por ejemplo, las relaciones familiares que pueda tener con ciudadanos estadounidenses o residentes permanentes legales afectan a su elegibilidad, as\u00ed como su formaci\u00f3n acad\u00e9mica y profesional.<\/p>\n<p>Los visados de inmigrante son para los no ciudadanos estadounidenses que pretenden vivir y trabajar permanentemente en el pa\u00eds. Estos visados suelen estar patrocinados por familiares o empresas que han ofrecido un puesto de trabajo al solicitante. Sin embargo, existen opciones de petici\u00f3n autopatrocinada para determinados tipos de visados, como los de inversor, algunos visados por motivos humanitarios y los de trabajadores con capacidades extraordinarias.<\/p>\n<p>Los visados de no inmigrante son para personas que desean venir a Long Island por un corto per\u00edodo de tiempo. Dependiendo de sus objetivos de inmigraci\u00f3n, hay diferentes visados disponibles, como los de turismo, estudios, recibir tratamiento m\u00e9dico y llevar a cabo misiones de negocios. Un abogado especializado en inmigraci\u00f3n de Pollack, Pollack, Isaac &amp; DeCicco puede ayudarle a encontrar la v\u00eda de inmigraci\u00f3n \u00f3ptima para su situaci\u00f3n y sus objetivos.<\/p>\n<h2><span class=\"ez-toc-section\" id=\"faqs\"><\/span>Preguntas frecuentes<span class=\"ez-toc-section-end\"><\/span><\/h2>\n<div class=\"accsec-ritcnt accordion\">\n<div class=\"accordion-section\">\n<h3><span class=\"ez-toc-section\" id=\"can-i-travel-to-long-island-without-a-visa\"><\/span><a class=\"accordion-section-title active\" href=\"#accordion-1\"> \u00bfPuedo viajar a Long Island sin visado?<\/a><span class=\"ez-toc-section-end\"><\/span><\/h3>\n<div id=\"accordion-1\" class=\"accordion-section-content open\" style=\"display: block;\">\n<p>S\u00ed, ciertas personas con nacionalidades de pa\u00edses aprobados que forman parte del Programa de Exenci\u00f3n de Visado (VWP) pueden solicitar venir a Long Island con fines tur\u00edsticos o de negocios durante menos de 90 d\u00edas. Hay criterios clave que un solicitante del VWP debe cumplir para poder viajar a EE.UU. sin necesidad de solicitar primero un visado de no inmigrante, como tener un billete de ida y vuelta y un pasaporte v\u00e1lido.<\/p>\n<\/div>\n<\/div>\n<div class=\"accordion-section\">\n<h3><span class=\"ez-toc-section\" id=\"can-a-long-island-immigration-lawyer-help-me-with-naturalization\"><\/span><a class=\"accordion-section-title\" href=\"#accordion-2\"> \u00bfPuede un abogado de inmigraci\u00f3n Long Island ayudarme con la naturalizaci\u00f3n?<\/a><span class=\"ez-toc-section-end\"><\/span><\/h3>\n<div id=\"accordion-2\" class=\"accordion-section-content\" style=\"display: none;\">\n<p>S\u00ed, un abogado de inmigraci\u00f3n Long Island puede ayudarle con el largo y complejo proceso de naturalizaci\u00f3n para guiarle hacia la consecuci\u00f3n de la ciudadan\u00eda estadounidense. Pueden ayudarle a determinar si cumple o no los requisitos, ayudarle a reunir la documentaci\u00f3n necesaria y a presentar y supervisar su solicitud. Adem\u00e1s, pueden ayudarle a prepararse para las pr\u00f3ximas entrevistas y notificarle las pr\u00f3ximas reuniones importantes. Si tiene alguna duda a lo largo del proceso, pueden abordar sus preocupaciones con compasi\u00f3n.<\/p>\n<\/div>\n<\/div>\n<div class=\"accordion-section\">\n<h3><span class=\"ez-toc-section\" id=\"can-i-apply-for-asylum-in-long-island-new-york-through-an-immigration-lawyer\"><\/span><a class=\"accordion-section-title\" href=\"#accordion-3\">\u00bfPuedo solicitar asilo en Long Island, New York, a trav\u00e9s de un abogado de inmigraci\u00f3n?<\/a><span class=\"ez-toc-section-end\"><\/span><\/h3>\n<div id=\"accordion-3\" class=\"accordion-section-content\" style=\"display: none;\">\n<p>S\u00ed, es posible solicitar asilo en Long Island con el apoyo de un abogado de inmigraci\u00f3n. Dependiendo de los detalles de su situaci\u00f3n, pueden ayudarle a solicitar asilo a trav\u00e9s del proceso afirmativo, el proceso defensivo o a trav\u00e9s de una entrevista de asilo despu\u00e9s de haber demostrado que tiene miedo a ser perseguido en su pa\u00eds de origen. Pueden asegurarse de que cumple los plazos cr\u00edticos para garantizar su derecho a solicitar asilo y defenderle ante el tribunal de inmigraci\u00f3n si es necesario.<\/p>\n<\/div>\n<\/div>\n<\/div>\n<h2><span class=\"ez-toc-section\" id=\"start-your-journey-with-a-long-island-immigration-lawyer-from-ppid-today\"><\/span>Comience hoy mismo su viaje con un abogado de inmigraci\u00f3n Long Island de PPID<span class=\"ez-toc-section-end\"><\/span><\/h2>\n<p>El proceso de inmigraci\u00f3n puede ser intimidante y desafiante, aunque los resultados pueden cosechar beneficios permanentes y significativos que pueden cambiar la vida. Por lo tanto, el equipo experimentado y capacitado de Pollack, Pollack, Isaac &amp; DeCicco est\u00e1 aqu\u00ed para asegurar que usted obtenga la representaci\u00f3n legal integral e informada que necesita para optimizar sus resultados de inmigraci\u00f3n. Comience a discutir su caso hoy <a href=\"https:\/\/ppid.com\/es\/contact\/\">recurrir a un abogado de inmigraci\u00f3n compasivo<\/a> de nuestra empresa.<\/p>\n<p><iframe loading=\"lazy\" style=\"border: 0;\" src=\"https:\/\/www.google.com\/maps\/embed?pb=!1m18!1m12!1m3!1d772604.4057503557!2d-73.60848566464847!3d40.850232051311075!2m3!1f0!2f0!3f0!3m2!1i1024!2i768!4f13.1!3m3!1m2!1s0x89e84454e1eea5cb%3A0x1df7f96186940d18!2sLong%20Island!5e0!3m2!1sen!2sin!4v1750695892772!5m2!1sen!2sin\" width=\"100%\" height=\"300\" allowfullscreen=\"allowfullscreen\"><\/iframe><\/p>","protected":false},"excerpt":{"rendered":"<p>Long Island Immigration Attorney PPID provides legal counsel to those seeking a U.S. Green Card. Long Island has a rich and extensive history involving immigrants from all corners of the world. Whether you are seeking protection, looking to pursue career advancements, or wanting to join family members, the economic power and cultural diversity of Long &hellip; <\/p>\n<p class=\"link-more\"><a href=\"https:\/\/ppid.com\/es\/long-island-immigration-lawyer\/\" class=\"more-link\">Seguir leyendo<span class=\"screen-reader-text\"> &#8220;Long Island Immigration Lawyer&#8221;<\/span><\/a><\/p>","protected":false},"author":1,"featured_media":0,"parent":0,"menu_order":0,"comment_status":"closed","ping_status":"closed","template":"","meta":{"_acf_changed":false,"footnotes":""},"class_list":["post-595","page","type-page","status-publish","hentry","entry"],"acf":[],"yoast_head":"<!-- This site is optimized with the Yoast SEO Premium plugin v26.8 (Yoast SEO v26.8) - https:\/\/yoast.com\/product\/yoast-seo-premium-wordpress\/ -->\n<title>Long Island Immigration Lawyer &amp; Law Firm<\/title>\n<meta name=\"description\" content=\"Our knowledgeable Long Island immigration lawyers can help you solve any immigration-related challenges that you are facing. Contact us today.\" \/>\n<meta name=\"robots\" content=\"index, follow, max-snippet:-1, max-image-preview:large, max-video-preview:-1\" \/>\n<link rel=\"canonical\" href=\"https:\/\/ppid.com\/es\/long-island-immigration-lawyer\/\" \/>\n<meta property=\"og:locale\" content=\"es_MX\" \/>\n<meta property=\"og:type\" content=\"article\" \/>\n<meta property=\"og:title\" content=\"Long Island Immigration Lawyer\" \/>\n<meta property=\"og:description\" content=\"Our knowledgeable Long Island immigration lawyers can help you solve any immigration-related challenges that you are facing. Contact us today.\" \/>\n<meta property=\"og:url\" content=\"https:\/\/ppid.com\/es\/long-island-immigration-lawyer\/\" \/>\n<meta property=\"og:site_name\" content=\"Pollack, Pollack, Isaac &amp; DeCicco, LLP\" \/>\n<meta property=\"article:modified_time\" content=\"2025-09-15T05:47:40+00:00\" \/>\n<meta name=\"twitter:card\" content=\"summary_large_image\" \/>\n<meta name=\"twitter:label1\" content=\"Tiempo de lectura\" \/>\n\t<meta name=\"twitter:data1\" content=\"5 minutos\" \/>\n<!-- \/ Yoast SEO Premium plugin. -->","yoast_head_json":{"title":"Long Island Abogado de inmigraci\u00f3n y bufete de abogados","description":"Nuestros abogados expertos en inmigraci\u00f3n Long Island pueden ayudarle a resolver cualquier problema relacionado con la inmigraci\u00f3n al que se enfrente. P\u00f3ngase en contacto con nosotros hoy mismo.","robots":{"index":"index","follow":"follow","max-snippet":"max-snippet:-1","max-image-preview":"max-image-preview:large","max-video-preview":"max-video-preview:-1"},"canonical":"https:\/\/ppid.com\/es\/long-island-immigration-lawyer\/","og_locale":"es_MX","og_type":"article","og_title":"Long Island Immigration Lawyer","og_description":"Our knowledgeable Long Island immigration lawyers can help you solve any immigration-related challenges that you are facing. Contact us today.","og_url":"https:\/\/ppid.com\/es\/long-island-immigration-lawyer\/","og_site_name":"Pollack, Pollack, Isaac &amp; DeCicco, LLP","article_modified_time":"2025-09-15T05:47:40+00:00","twitter_card":"summary_large_image","twitter_misc":{"Tiempo de lectura":"5 minutos"},"schema":{"@context":"https:\/\/schema.org","@graph":[{"@type":"WebPage","@id":"https:\/\/ppid.com\/long-island-immigration-lawyer\/","url":"https:\/\/ppid.com\/long-island-immigration-lawyer\/","name":"Long Island Abogado de inmigraci\u00f3n y bufete de abogados","isPartOf":{"@id":"https:\/\/ppid.com\/#website"},"datePublished":"2024-09-09T14:00:51+00:00","dateModified":"2025-09-15T05:47:40+00:00","description":"Nuestros abogados expertos en inmigraci\u00f3n Long Island pueden ayudarle a resolver cualquier problema relacionado con la inmigraci\u00f3n al que se enfrente. P\u00f3ngase en contacto con nosotros hoy mismo.","breadcrumb":{"@id":"https:\/\/ppid.com\/long-island-immigration-lawyer\/#breadcrumb"},"inLanguage":"es","potentialAction":[{"@type":"ReadAction","target":["https:\/\/ppid.com\/long-island-immigration-lawyer\/"]}]},{"@type":"BreadcrumbList","@id":"https:\/\/ppid.com\/long-island-immigration-lawyer\/#breadcrumb","itemListElement":[{"@type":"ListItem","position":1,"name":"Home","item":"https:\/\/ppid.com\/"},{"@type":"ListItem","position":2,"name":"Long Island Immigration Lawyer"}]},{"@type":"WebSite","@id":"https:\/\/ppid.com\/#website","url":"https:\/\/ppid.com\/","name":"Pollack, Pollack, Isaac &amp; DeCicco, LLP","description":"","potentialAction":[{"@type":"SearchAction","target":{"@type":"EntryPoint","urlTemplate":"https:\/\/ppid.com\/?s={search_term_string}"},"query-input":{"@type":"PropertyValueSpecification","valueRequired":true,"valueName":"search_term_string"}}],"inLanguage":"es"}]}},"_links":{"self":[{"href":"https:\/\/ppid.com\/es\/wp-json\/wp\/v2\/pages\/595","targetHints":{"allow":["GET"]}}],"collection":[{"href":"https:\/\/ppid.com\/es\/wp-json\/wp\/v2\/pages"}],"about":[{"href":"https:\/\/ppid.com\/es\/wp-json\/wp\/v2\/types\/page"}],"author":[{"embeddable":true,"href":"https:\/\/ppid.com\/es\/wp-json\/wp\/v2\/users\/1"}],"replies":[{"embeddable":true,"href":"https:\/\/ppid.com\/es\/wp-json\/wp\/v2\/comments?post=595"}],"version-history":[{"count":0,"href":"https:\/\/ppid.com\/es\/wp-json\/wp\/v2\/pages\/595\/revisions"}],"wp:attachment":[{"href":"https:\/\/ppid.com\/es\/wp-json\/wp\/v2\/media?parent=595"}],"curies":[{"name":"wp","href":"https:\/\/api.w.org\/{rel}","templated":true}]}}