{"id":627,"date":"2024-09-10T05:47:45","date_gmt":"2024-09-10T05:47:45","guid":{"rendered":"https:\/\/ppidllp.wpenginepowered.com\/?page_id=627"},"modified":"2025-09-15T05:59:50","modified_gmt":"2025-09-15T05:59:50","slug":"frequently-asked-questions-about-deportation-in-new-york","status":"publish","type":"page","link":"https:\/\/ppid.com\/es\/nyc-deportation-defense-lawyer\/frequently-asked-questions-about-deportation-in-new-york\/","title":{"rendered":"Preguntas frecuentes sobre la deportaci\u00f3n en New York"},"content":{"rendered":"<p>PPID tiene m\u00e1s de 60 a\u00f1os de experiencia ayudando a clientes a evitar la expulsi\u00f3n y la deportaci\u00f3n.<\/p>\n<div class=\"innr-pg-btn\"><a class=\"cmn-btn\" href=\"https:\/\/ppid.com\/es\/schedule-consultation\/\">Concertar una consulta<\/a><\/div>\n<p>La amenaza de deportaci\u00f3n es aterradora y confusa. Si ha recibido un aviso de comparecencia en un procedimiento de deportaci\u00f3n y tiene preguntas sobre sus opciones, estamos aqu\u00ed para proporcionarle respuestas. PPID ha ayudado a clientes en todo New York desde 1955.<\/p>\n<div id=\"ez-toc-container\" class=\"ez-toc-v2_0_80 counter-hierarchy ez-toc-counter ez-toc-transparent ez-toc-container-direction\">\n<div class=\"ez-toc-title-container\">\n<p class=\"ez-toc-title ez-toc-toggle\" style=\"cursor:pointer\">\u00cdndice<\/p>\n<span class=\"ez-toc-title-toggle\"><a href=\"#\" class=\"ez-toc-pull-right ez-toc-btn ez-toc-btn-xs ez-toc-btn-default ez-toc-toggle\" aria-label=\"Toggle Table of Content\"><span class=\"ez-toc-js-icon-con\"><span class=\"\"><span class=\"eztoc-hide\" style=\"display:none;\">Toggle<\/span><span class=\"ez-toc-icon-toggle-span\"><svg style=\"fill: #999;color:#999\" xmlns=\"http:\/\/www.w3.org\/2000\/svg\" class=\"list-377408\" width=\"20px\" height=\"20px\" viewbox=\"0 0 24 24\" fill=\"none\"><path d=\"M6 6H4v2h2V6zm14 0H8v2h12V6zM4 11h2v2H4v-2zm16 0H8v2h12v-2zM4 16h2v2H4v-2zm16 0H8v2h12v-2z\" fill=\"currentColor\"><\/path><\/svg><svg style=\"fill: #999;color:#999\" class=\"arrow-unsorted-368013\" xmlns=\"http:\/\/www.w3.org\/2000\/svg\" width=\"10px\" height=\"10px\" viewbox=\"0 0 24 24\" version=\"1.2\" baseprofile=\"tiny\"><path d=\"M18.2 9.3l-6.2-6.3-6.2 6.3c-.2.2-.3.4-.3.7s.1.5.3.7c.2.2.4.3.7.3h11c.3 0 .5-.1.7-.3.2-.2.3-.5.3-.7s-.1-.5-.3-.7zM5.8 14.7l6.2 6.3 6.2-6.3c.2-.2.3-.5.3-.7s-.1-.5-.3-.7c-.2-.2-.4-.3-.7-.3h-11c-.3 0-.5.1-.7.3-.2.2-.3.5-.3.7s.1.5.3.7z\"\/><\/svg><\/span><\/span><\/span><\/a><\/span><\/div>\n<nav><ul class='ez-toc-list ez-toc-list-level-1 eztoc-toggle-hide-by-default' ><li class='ez-toc-page-1 ez-toc-heading-level-3'><a class=\"ez-toc-link ez-toc-heading-1\" href=\"https:\/\/ppid.com\/es\/nyc-deportation-defense-lawyer\/frequently-asked-questions-about-deportation-in-new-york\/#frequently-asked-questions-about-deportation-in-new-york\" >Preguntas frecuentes sobre la deportaci\u00f3n en New York.<\/a><\/li><li class='ez-toc-page-1 ez-toc-heading-level-3'><a class=\"ez-toc-link ez-toc-heading-2\" href=\"https:\/\/ppid.com\/es\/nyc-deportation-defense-lawyer\/frequently-asked-questions-about-deportation-in-new-york\/#what-are-grounds-for-deportation\" >\u00bfCu\u00e1les son los motivos de deportaci\u00f3n?<\/a><\/li><li class='ez-toc-page-1 ez-toc-heading-level-3'><a class=\"ez-toc-link ez-toc-heading-3\" href=\"https:\/\/ppid.com\/es\/nyc-deportation-defense-lawyer\/frequently-asked-questions-about-deportation-in-new-york\/#what-is-a-notice-to-appear\" >\u00bfQu\u00e9 es un aviso de comparecencia?<\/a><\/li><li class='ez-toc-page-1 ez-toc-heading-level-3'><a class=\"ez-toc-link ez-toc-heading-4\" href=\"https:\/\/ppid.com\/es\/nyc-deportation-defense-lawyer\/frequently-asked-questions-about-deportation-in-new-york\/#how-soon-after-my-detainment-or-removal-proceeding-will-i-be-deported\" >\u00bfCu\u00e1nto tardar\u00e1n en deportarme tras la detenci\u00f3n o el procedimiento de expulsi\u00f3n?<\/a><\/li><li class='ez-toc-page-1 ez-toc-heading-level-3'><a class=\"ez-toc-link ez-toc-heading-5\" href=\"https:\/\/ppid.com\/es\/nyc-deportation-defense-lawyer\/frequently-asked-questions-about-deportation-in-new-york\/#how-can-i-stop-uscis-removal-actions\" >\u00bfC\u00f3mo puedo detener las medidas de expulsi\u00f3n del USCIS?<\/a><\/li><li class='ez-toc-page-1 ez-toc-heading-level-3'><a class=\"ez-toc-link ez-toc-heading-6\" href=\"https:\/\/ppid.com\/es\/nyc-deportation-defense-lawyer\/frequently-asked-questions-about-deportation-in-new-york\/#can-i-be-readmitted-after-deportation\" >\u00bfPuedo ser readmitido tras la expulsi\u00f3n?<\/a><\/li><li class='ez-toc-page-1 ez-toc-heading-level-3'><a class=\"ez-toc-link ez-toc-heading-7\" href=\"https:\/\/ppid.com\/es\/nyc-deportation-defense-lawyer\/frequently-asked-questions-about-deportation-in-new-york\/#can-i-lose-my-us-citizenship\" >\u00bfPuedo perder la nacionalidad estadounidense?<\/a><\/li><\/ul><\/nav><\/div>\n<h3><span class=\"ez-toc-section\" id=\"frequently-asked-questions-about-deportation-in-new-york\"><\/span>Preguntas frecuentes sobre la deportaci\u00f3n en New York.<span class=\"ez-toc-section-end\"><\/span><\/h3>\n<div class=\"accsec-ritcnt accordion\">\n<div class=\"accordion-section\">\n<h3><span class=\"ez-toc-section\" id=\"what-are-grounds-for-deportation\"><\/span><a class=\"accordion-section-title active\" href=\"#accordion-1\"> \u00bfCu\u00e1les son los motivos de deportaci\u00f3n?<\/a><span class=\"ez-toc-section-end\"><\/span><\/h3>\n<div id=\"accordion-1\" class=\"accordion-section-content open\" style=\"display: block;\">\n<p>Las personas que han sido condenadas por un delito o han sido consideradas una amenaza para la seguridad p\u00fablica son el ejemplo m\u00e1s com\u00fan de Motivo de Deportaci\u00f3n o Expulsi\u00f3n. Entrar ilegalmente en el pa\u00eds, incumplir las condiciones del visado o quedarse m\u00e1s tiempo del permitido son otros ejemplos de motivos que pueden dar lugar a la deportaci\u00f3n.<\/p>\n<\/div>\n<\/div>\n<div class=\"accordion-section\">\n<h3><span class=\"ez-toc-section\" id=\"what-is-a-notice-to-appear\"><\/span><a class=\"accordion-section-title\" href=\"#accordion-2\">\u00bfQu\u00e9 es un aviso de comparecencia?<\/a><span class=\"ez-toc-section-end\"><\/span><\/h3>\n<div id=\"accordion-2\" class=\"accordion-section-content\" style=\"display: none;\">\n<p>Un Aviso de Comparecencia ante el Tribunal de Inmigraci\u00f3n de EE.UU. es un documento emitido por el Departamento de Seguridad Nacional que inicia el procedimiento de expulsi\u00f3n. Si ha recibido uno, es importante que verifique la fecha indicada para su comparecencia ante el tribunal ya que, en algunos casos, las fechas son inexactas. Si no comparece ante el tribunal, podr\u00eda ser deportado inmediatamente.<\/p>\n<\/div>\n<\/div>\n<div class=\"accordion-section\">\n<h3><span class=\"ez-toc-section\" id=\"how-soon-after-my-detainment-or-removal-proceeding-will-i-be-deported\"><\/span><a class=\"accordion-section-title\" href=\"#accordion-3\">\u00bfCu\u00e1nto tardar\u00e1n en deportarme tras la detenci\u00f3n o el procedimiento de expulsi\u00f3n?<\/a><span class=\"ez-toc-section-end\"><\/span><\/h3>\n<div id=\"accordion-3\" class=\"accordion-section-content\" style=\"display: none;\">\n<p>Dependiendo de las circunstancias, la deportaci\u00f3n puede tardar horas o a\u00f1os. La rapidez de la deportaci\u00f3n depende de muchos factores, como su pa\u00eds de origen, si fue detenido en la frontera o ya estaba en el pa\u00eds, si se ha emitido una orden de expulsi\u00f3n definitiva y muchos otros factores.<\/p>\n<\/div>\n<\/div>\n<div class=\"accordion-section\">\n<h3><span class=\"ez-toc-section\" id=\"how-can-i-stop-uscis-removal-actions\"><\/span><a class=\"accordion-section-title\" href=\"#accordion-4\">\u00bfC\u00f3mo puedo detener las medidas de expulsi\u00f3n del USCIS?<\/a><span class=\"ez-toc-section-end\"><\/span><\/h3>\n<div id=\"accordion-4\" class=\"accordion-section-content\" style=\"display: none;\">\n<p>Dependiendo del tiempo que lleve en el pa\u00eds y de su condici\u00f3n de inmigrante, es posible que pueda obtener una dispensa para permanecer en el pa\u00eds. Tambi\u00e9n puede ser posible que se cancele el procedimiento si su expulsi\u00f3n causar\u00eda dificultades a los miembros de su familia. En otros casos, puede solicitar el ajuste de su estatuto si se casa con un ciudadano estadounidense. Sin embargo, tendr\u00e1 que demostrar a las autoridades de inmigraci\u00f3n que su matrimonio se basa en una relaci\u00f3n aut\u00e9ntica y no s\u00f3lo en un intento de evitar la deportaci\u00f3n.<\/p>\n<\/div>\n<\/div>\n<div class=\"accordion-section\">\n<h3><span class=\"ez-toc-section\" id=\"can-i-be-readmitted-after-deportation\"><\/span><a class=\"accordion-section-title\" href=\"#accordion-5\">\u00bfPuedo ser readmitido tras la expulsi\u00f3n?<\/a><span class=\"ez-toc-section-end\"><\/span><\/h3>\n<div id=\"accordion-5\" class=\"accordion-section-content\" style=\"display: none;\">\n<p>La readmisi\u00f3n depende de sus circunstancias espec\u00edficas y del motivo por el que fue deportado originalmente. Es posible que se le haya impuesto una prohibici\u00f3n de cinco, diez o veinte a\u00f1os que le impida volver a solicitar la admisi\u00f3n en Estados Unidos. A veces nunca se permite a una persona regresar a Estados Unidos.<\/p>\n<\/div>\n<\/div>\n<div class=\"accordion-section\">\n<h3><span class=\"ez-toc-section\" id=\"can-i-lose-my-us-citizenship\"><\/span><a class=\"accordion-section-title\" href=\"#accordion-6\">\u00bfPuedo perder la nacionalidad estadounidense?<\/a><span class=\"ez-toc-section-end\"><\/span><\/h3>\n<div id=\"accordion-6\" class=\"accordion-section-content\" style=\"display: none;\">\n<p>Hay casos raros en los que la ciudadan\u00eda de un ciudadano naturalizado puede ser revocada, haci\u00e9ndolo vulnerable a la deportaci\u00f3n. Puede ocurrir si se descubre que una persona minti\u00f3 sobre su identidad, su participaci\u00f3n en actividades delictivas u otros aspectos espec\u00edficos durante el proceso de naturalizaci\u00f3n. En algunos casos, a una persona se le puede conceder la ciudadan\u00eda debido al servicio militar, y posteriormente licenciada con deshonor, poniendo en peligro su ciudadan\u00eda.<\/p>\n<\/div>\n<\/div>\n<\/div>","protected":false},"excerpt":{"rendered":"<p>You may be able to fight deportation from the U.S. PPID has more than 60 years of experience helping clients avoid removal and deportation. Schedule a Consultation The threat of deportation is frightening and confusing. If you have received a Notice to Appear at a removal proceeding and have questions about your options, we are &hellip; <\/p>\n<p class=\"link-more\"><a href=\"https:\/\/ppid.com\/es\/nyc-deportation-defense-lawyer\/frequently-asked-questions-about-deportation-in-new-york\/\" class=\"more-link\">Seguir leyendo<span class=\"screen-reader-text\"> &#8220;Frequently Asked Questions About Deportation in New York&#8221;<\/span><\/a><\/p>","protected":false},"author":1,"featured_media":0,"parent":198,"menu_order":0,"comment_status":"closed","ping_status":"closed","template":"","meta":{"_acf_changed":false,"footnotes":""},"class_list":["post-627","page","type-page","status-publish","hentry","entry"],"acf":[],"yoast_head":"<!-- This site is optimized with the Yoast SEO Premium plugin v26.8 (Yoast SEO v26.8) - https:\/\/yoast.com\/product\/yoast-seo-premium-wordpress\/ -->\n<title>Frequently Asked Questions About Deportation in New York - PPID Law<\/title>\n<meta name=\"description\" content=\"Get answers to Frequently Asked Questions About Deportation in New York and help with your case. Consultations online and in person.\" \/>\n<meta name=\"robots\" content=\"index, follow, max-snippet:-1, max-image-preview:large, max-video-preview:-1\" \/>\n<link rel=\"canonical\" href=\"https:\/\/ppid.com\/es\/nyc-deportation-defense-lawyer\/frequently-asked-questions-about-deportation-in-new-york\/\" \/>\n<meta property=\"og:locale\" content=\"es_MX\" \/>\n<meta property=\"og:type\" content=\"article\" \/>\n<meta property=\"og:title\" content=\"Frequently Asked Questions About Deportation in New York\" \/>\n<meta property=\"og:description\" content=\"Get answers to Frequently Asked Questions About Deportation in New York and help with your case. Consultations online and in person.\" \/>\n<meta property=\"og:url\" content=\"https:\/\/ppid.com\/es\/nyc-deportation-defense-lawyer\/frequently-asked-questions-about-deportation-in-new-york\/\" \/>\n<meta property=\"og:site_name\" content=\"Pollack, Pollack, Isaac &amp; DeCicco, LLP\" \/>\n<meta property=\"article:modified_time\" content=\"2025-09-15T05:59:50+00:00\" \/>\n<meta name=\"twitter:card\" content=\"summary_large_image\" \/>\n<meta name=\"twitter:label1\" content=\"Tiempo de lectura\" \/>\n\t<meta name=\"twitter:data1\" content=\"3 minutos\" \/>\n<!-- \/ Yoast SEO Premium plugin. -->","yoast_head_json":{"title":"Preguntas frecuentes sobre la deportaci\u00f3n en New York - PPID Law","description":"Obtenga respuestas a las preguntas frecuentes sobre la deportaci\u00f3n en New York y ayuda con su caso. Consultas en l\u00ednea y en persona.","robots":{"index":"index","follow":"follow","max-snippet":"max-snippet:-1","max-image-preview":"max-image-preview:large","max-video-preview":"max-video-preview:-1"},"canonical":"https:\/\/ppid.com\/es\/nyc-deportation-defense-lawyer\/frequently-asked-questions-about-deportation-in-new-york\/","og_locale":"es_MX","og_type":"article","og_title":"Frequently Asked Questions About Deportation in New York","og_description":"Get answers to Frequently Asked Questions About Deportation in New York and help with your case. Consultations online and in person.","og_url":"https:\/\/ppid.com\/es\/nyc-deportation-defense-lawyer\/frequently-asked-questions-about-deportation-in-new-york\/","og_site_name":"Pollack, Pollack, Isaac &amp; DeCicco, LLP","article_modified_time":"2025-09-15T05:59:50+00:00","twitter_card":"summary_large_image","twitter_misc":{"Tiempo de lectura":"3 minutos"},"schema":{"@context":"https:\/\/schema.org","@graph":[{"@type":"WebPage","@id":"https:\/\/ppid.com\/nyc-deportation-defense-lawyer\/frequently-asked-questions-about-deportation-in-new-york\/","url":"https:\/\/ppid.com\/nyc-deportation-defense-lawyer\/frequently-asked-questions-about-deportation-in-new-york\/","name":"Preguntas frecuentes sobre la deportaci\u00f3n en New York - PPID Law","isPartOf":{"@id":"https:\/\/ppid.com\/#website"},"datePublished":"2024-09-10T05:47:45+00:00","dateModified":"2025-09-15T05:59:50+00:00","description":"Obtenga respuestas a las preguntas frecuentes sobre la deportaci\u00f3n en New York y ayuda con su caso. Consultas en l\u00ednea y en persona.","breadcrumb":{"@id":"https:\/\/ppid.com\/nyc-deportation-defense-lawyer\/frequently-asked-questions-about-deportation-in-new-york\/#breadcrumb"},"inLanguage":"es","potentialAction":[{"@type":"ReadAction","target":["https:\/\/ppid.com\/nyc-deportation-defense-lawyer\/frequently-asked-questions-about-deportation-in-new-york\/"]}]},{"@type":"BreadcrumbList","@id":"https:\/\/ppid.com\/nyc-deportation-defense-lawyer\/frequently-asked-questions-about-deportation-in-new-york\/#breadcrumb","itemListElement":[{"@type":"ListItem","position":1,"name":"Home","item":"https:\/\/ppid.com\/"},{"@type":"ListItem","position":2,"name":"NYC Deportation Defense Lawyer","item":"https:\/\/ppid.com\/nyc-deportation-defense-lawyer\/"},{"@type":"ListItem","position":3,"name":"Frequently Asked Questions About Deportation in New York"}]},{"@type":"WebSite","@id":"https:\/\/ppid.com\/#website","url":"https:\/\/ppid.com\/","name":"Pollack, Pollack, Isaac &amp; DeCicco, LLP","description":"","potentialAction":[{"@type":"SearchAction","target":{"@type":"EntryPoint","urlTemplate":"https:\/\/ppid.com\/?s={search_term_string}"},"query-input":{"@type":"PropertyValueSpecification","valueRequired":true,"valueName":"search_term_string"}}],"inLanguage":"es"}]}},"_links":{"self":[{"href":"https:\/\/ppid.com\/es\/wp-json\/wp\/v2\/pages\/627","targetHints":{"allow":["GET"]}}],"collection":[{"href":"https:\/\/ppid.com\/es\/wp-json\/wp\/v2\/pages"}],"about":[{"href":"https:\/\/ppid.com\/es\/wp-json\/wp\/v2\/types\/page"}],"author":[{"embeddable":true,"href":"https:\/\/ppid.com\/es\/wp-json\/wp\/v2\/users\/1"}],"replies":[{"embeddable":true,"href":"https:\/\/ppid.com\/es\/wp-json\/wp\/v2\/comments?post=627"}],"version-history":[{"count":0,"href":"https:\/\/ppid.com\/es\/wp-json\/wp\/v2\/pages\/627\/revisions"}],"up":[{"embeddable":true,"href":"https:\/\/ppid.com\/es\/wp-json\/wp\/v2\/pages\/198"}],"wp:attachment":[{"href":"https:\/\/ppid.com\/es\/wp-json\/wp\/v2\/media?parent=627"}],"curies":[{"name":"wp","href":"https:\/\/api.w.org\/{rel}","templated":true}]}}