{"id":646,"date":"2024-09-10T06:01:00","date_gmt":"2024-09-10T06:01:00","guid":{"rendered":"https:\/\/ppidllp.wpenginepowered.com\/?page_id=646"},"modified":"2025-02-05T13:41:31","modified_gmt":"2025-02-05T13:41:31","slug":"waivers","status":"publish","type":"page","link":"https:\/\/ppid.com\/es\/nyc-deportation-defense-lawyer\/waivers\/","title":{"rendered":"Renuncias"},"content":{"rendered":"<h3>Los abogados de inmigraci\u00f3n del PPID trabajan para conseguir exenciones de deportaci\u00f3n y defienden los intereses de las personas en peligro de expulsi\u00f3n.<\/h3>\n<p>Si ha recibido un aviso de comparecencia en una audiencia de expulsi\u00f3n, puede pensar que su vida en Estados Unidos ha llegado a su fin. Pero incluso si el Servicio de Ciudadan\u00eda e Inmigraci\u00f3n de EE.UU. (USCIS) tiene un caso contra usted, la deportaci\u00f3n no es inevitable. Usted tiene derecho al debido proceso y los jueces de inmigraci\u00f3n tienen la facultad discrecional de ofrecer clemencia. Un remedio com\u00fan es una renuncia a la deportaci\u00f3n, en la que el tribunal simplemente se niega a presentar el caso contra usted debido a las dificultades que causar\u00eda a sus allegados.<\/p>\n<div class=\"innr-pg-btn\"><a class=\"cmn-btn\" href=\"https:\/\/ppid.com\/es\/schedule-consultation\/\">Concertar una consulta<\/a><\/div>\n<p>Hay muchas razones por las que un residente permanente legal (titular de una tarjeta verde) o un titular de un visado de no inmigrante puede enfrentarse a una expulsi\u00f3n. Un aviso de comparecencia puede deberse a muchos factores, desde una declaraci\u00f3n falsa en una solicitud de visado hasta un cargo por posesi\u00f3n de drogas. Hay diferentes tipos de exenciones para diferentes circunstancias, pero en general, un inmigrante debe presentar pruebas de buena conducta, as\u00ed como pruebas de que la deportaci\u00f3n dar\u00eda lugar a dificultades extremas para \u00e9l o su c\u00f3nyuge, padres o hijos que sean ciudadanos estadounidenses o residentes permanentes legales.<\/p>\n<p>Seg\u00fan la ley de inmigraci\u00f3n estadounidense, las dificultades extremas que justificar\u00edan una dispensa deben ir m\u00e1s all\u00e1 de las consecuencias f\u00edsicas, emocionales y econ\u00f3micas naturales de la devoluci\u00f3n del inmigrante a su pa\u00eds de origen. Por tanto, el tribunal no considera que la separaci\u00f3n familiar constituya en s\u00ed misma una dificultad extrema. Deben existir circunstancias atenuantes. Por ejemplo, si el inmigrante estuviera cuidando a un padre anciano cuya salud se ver\u00eda comprometida si el inmigrante fuera deportado, un juez podr\u00eda conceder una dispensa, siempre que las pruebas de car\u00e1cter tambi\u00e9n pesen a favor del inmigrante.<\/p>\n<p>Por lo que respecta al inmigrante, la p\u00e9rdida de una carrera o la disminuci\u00f3n del nivel de vida no se considerar\u00edan dificultades extremas. Sin embargo, si la naci\u00f3n de origen del inmigrante sufriera opresi\u00f3n pol\u00edtica, guerra o las consecuencias de una cat\u00e1strofe natural, enviar al inmigrante de vuelta a su pa\u00eds podr\u00eda constituir una dificultad extrema.<\/p>\n<h4>Para presentar su mejor caso para una exenci\u00f3n de deportaci\u00f3n, necesita el asesoramiento y la asistencia de abogados de inmigraci\u00f3n con experiencia.<\/h4>\n<p>Nuestro equipo legal est\u00e1 listo para apoyar sus esfuerzos para permanecer en los Estados Unidos. P\u00f3ngase en contacto con un abogado de PPID para obtener m\u00e1s informaci\u00f3n sobre sus opciones.<\/p>\n<p><strong>Posibles resultados<\/strong> - Si se concede una dispensa, el proceso de deportaci\u00f3n puede detenerse y la persona puede ajustar su situaci\u00f3n migratoria.<br \/>\nSi se deniega, la persona puede seguir adelante con el proceso de deportaci\u00f3n y puede tener opciones limitadas de apelaci\u00f3n.<\/p>\n<p><strong>Cambios legislativos o pol\u00edticos<\/strong> - Cambios legislativos y pol\u00edticos que afectan a la disponibilidad y tramitaci\u00f3n de las exenciones de deportaci\u00f3n.<\/p>\n<p><strong>Cada caso es \u00fanico. Una evaluaci\u00f3n exhaustiva de su situaci\u00f3n es necesaria para determinar sus opciones y los pr\u00f3ximos pasos en relaci\u00f3n con las exenciones de deportaci\u00f3n.<\/strong><\/p>","protected":false},"excerpt":{"rendered":"<p>PPID Immigration lawyers work to secure deportation waivers and advocate on behalf of individuals targeted for removal. If you have received a Notice to Appear at a removal hearing, you might think your life in the United States has come to an end. But even if U.S. Citizenship and Immigration Services (USCIS) has a case &hellip; <\/p>\n<p class=\"link-more\"><a href=\"https:\/\/ppid.com\/es\/nyc-deportation-defense-lawyer\/waivers\/\" class=\"more-link\">Seguir leyendo<span class=\"screen-reader-text\"> &#8220;Waivers&#8221;<\/span><\/a><\/p>","protected":false},"author":1,"featured_media":0,"parent":198,"menu_order":0,"comment_status":"closed","ping_status":"closed","template":"","meta":{"_acf_changed":false,"footnotes":""},"class_list":["post-646","page","type-page","status-publish","hentry","entry"],"acf":[],"yoast_head":"<!-- This site is optimized with the Yoast SEO Premium plugin v26.8 (Yoast SEO v26.8) - https:\/\/yoast.com\/product\/yoast-seo-premium-wordpress\/ -->\n<title>Waivers - PPID Law<\/title>\n<meta name=\"description\" content=\"PPID Immigration lawyers work to secure deportation waivers. Consultations are available online and in person.\" \/>\n<meta name=\"robots\" content=\"index, follow, max-snippet:-1, max-image-preview:large, max-video-preview:-1\" \/>\n<link rel=\"canonical\" href=\"https:\/\/ppid.com\/es\/nyc-deportation-defense-lawyer\/waivers\/\" \/>\n<meta property=\"og:locale\" content=\"es_MX\" \/>\n<meta property=\"og:type\" content=\"article\" \/>\n<meta property=\"og:title\" content=\"Waivers\" \/>\n<meta property=\"og:description\" content=\"PPID Immigration lawyers work to secure deportation waivers. Consultations are available online and in person.\" \/>\n<meta property=\"og:url\" content=\"https:\/\/ppid.com\/es\/nyc-deportation-defense-lawyer\/waivers\/\" \/>\n<meta property=\"og:site_name\" content=\"Pollack, Pollack, Isaac &amp; DeCicco, LLP\" \/>\n<meta property=\"article:modified_time\" content=\"2025-02-05T13:41:31+00:00\" \/>\n<meta name=\"twitter:card\" content=\"summary_large_image\" \/>\n<meta name=\"twitter:label1\" content=\"Tiempo de lectura\" \/>\n\t<meta name=\"twitter:data1\" content=\"3 minutos\" \/>\n<!-- \/ Yoast SEO Premium plugin. -->","yoast_head_json":{"title":"Renuncias - Ley PPID","description":"Los abogados de inmigraci\u00f3n de PPID trabajan para obtener exenciones de deportaci\u00f3n. Las consultas est\u00e1n disponibles en l\u00ednea y en persona.","robots":{"index":"index","follow":"follow","max-snippet":"max-snippet:-1","max-image-preview":"max-image-preview:large","max-video-preview":"max-video-preview:-1"},"canonical":"https:\/\/ppid.com\/es\/nyc-deportation-defense-lawyer\/waivers\/","og_locale":"es_MX","og_type":"article","og_title":"Waivers","og_description":"PPID Immigration lawyers work to secure deportation waivers. Consultations are available online and in person.","og_url":"https:\/\/ppid.com\/es\/nyc-deportation-defense-lawyer\/waivers\/","og_site_name":"Pollack, Pollack, Isaac &amp; DeCicco, LLP","article_modified_time":"2025-02-05T13:41:31+00:00","twitter_card":"summary_large_image","twitter_misc":{"Tiempo de lectura":"3 minutos"},"schema":{"@context":"https:\/\/schema.org","@graph":[{"@type":"WebPage","@id":"https:\/\/ppid.com\/nyc-deportation-defense-lawyer\/waivers\/","url":"https:\/\/ppid.com\/nyc-deportation-defense-lawyer\/waivers\/","name":"Renuncias - Ley PPID","isPartOf":{"@id":"https:\/\/ppid.com\/#website"},"datePublished":"2024-09-10T06:01:00+00:00","dateModified":"2025-02-05T13:41:31+00:00","description":"Los abogados de inmigraci\u00f3n de PPID trabajan para obtener exenciones de deportaci\u00f3n. Las consultas est\u00e1n disponibles en l\u00ednea y en persona.","breadcrumb":{"@id":"https:\/\/ppid.com\/nyc-deportation-defense-lawyer\/waivers\/#breadcrumb"},"inLanguage":"es","potentialAction":[{"@type":"ReadAction","target":["https:\/\/ppid.com\/nyc-deportation-defense-lawyer\/waivers\/"]}]},{"@type":"BreadcrumbList","@id":"https:\/\/ppid.com\/nyc-deportation-defense-lawyer\/waivers\/#breadcrumb","itemListElement":[{"@type":"ListItem","position":1,"name":"Home","item":"https:\/\/ppid.com\/"},{"@type":"ListItem","position":2,"name":"NYC Deportation Defense Lawyer","item":"https:\/\/ppid.com\/nyc-deportation-defense-lawyer\/"},{"@type":"ListItem","position":3,"name":"Waivers"}]},{"@type":"WebSite","@id":"https:\/\/ppid.com\/#website","url":"https:\/\/ppid.com\/","name":"Pollack, Pollack, Isaac &amp; DeCicco, LLP","description":"","potentialAction":[{"@type":"SearchAction","target":{"@type":"EntryPoint","urlTemplate":"https:\/\/ppid.com\/?s={search_term_string}"},"query-input":{"@type":"PropertyValueSpecification","valueRequired":true,"valueName":"search_term_string"}}],"inLanguage":"es"}]}},"_links":{"self":[{"href":"https:\/\/ppid.com\/es\/wp-json\/wp\/v2\/pages\/646","targetHints":{"allow":["GET"]}}],"collection":[{"href":"https:\/\/ppid.com\/es\/wp-json\/wp\/v2\/pages"}],"about":[{"href":"https:\/\/ppid.com\/es\/wp-json\/wp\/v2\/types\/page"}],"author":[{"embeddable":true,"href":"https:\/\/ppid.com\/es\/wp-json\/wp\/v2\/users\/1"}],"replies":[{"embeddable":true,"href":"https:\/\/ppid.com\/es\/wp-json\/wp\/v2\/comments?post=646"}],"version-history":[{"count":0,"href":"https:\/\/ppid.com\/es\/wp-json\/wp\/v2\/pages\/646\/revisions"}],"up":[{"embeddable":true,"href":"https:\/\/ppid.com\/es\/wp-json\/wp\/v2\/pages\/198"}],"wp:attachment":[{"href":"https:\/\/ppid.com\/es\/wp-json\/wp\/v2\/media?parent=646"}],"curies":[{"name":"wp","href":"https:\/\/api.w.org\/{rel}","templated":true}]}}