{"id":661,"date":"2024-09-10T06:56:44","date_gmt":"2024-09-10T06:56:44","guid":{"rendered":"https:\/\/ppidllp.wpenginepowered.com\/?page_id=661"},"modified":"2025-02-07T12:52:02","modified_gmt":"2025-02-07T12:52:02","slug":"adjustment-of-status","status":"publish","type":"page","link":"https:\/\/ppid.com\/es\/nyc-family-immigration-lawyer\/adjustment-of-status\/","title":{"rendered":"Adaptaci\u00f3n del estatuto"},"content":{"rendered":"<h2>PPID Tramita solicitudes de ajuste de estatus para ayudar a los clientes a luchar contra la deportaci\u00f3n.<\/h2>\n<p>Hay muchas razones para que un visado se quede m\u00e1s tiempo del permitido. Durante su estancia en Estados Unidos, es posible que haya desarrollado relaciones y construido una vida para s\u00ed mismo que no puede soportar dejar. Las condiciones en su pa\u00eds de origen pueden haberse deteriorado hasta tal punto que su regreso le supondr\u00eda un peligro o graves dificultades. Si ha rebasado el plazo de su visado y est\u00e1 <a href=\"https:\/\/ppid.com\/es\/nyc-deportation-defense-lawyer\/\">enfrentarse a una medida de expulsi\u00f3n<\/a>, <a href=\"https:\/\/ppid.com\/es\/firm\/\">PPID<\/a> los abogados est\u00e1n aqu\u00ed para ayudarle.<\/p>\n<p><img loading=\"lazy\" decoding=\"async\" class=\"aligncenter wp-image-2127 size-full\" title=\"Ajuste de estatus por cualificaci\u00f3n\" src=\"https:\/\/ppid.com\/wp-content\/uploads\/2025\/01\/nyc-family-immigration-lawyer-adjustment-of-status.webp\" alt=\"Skilled Adjustment of Status\" width=\"1200\" height=\"600\" srcset=\"https:\/\/ppid.com\/wp-content\/uploads\/2025\/01\/nyc-family-immigration-lawyer-adjustment-of-status.webp 1200w, https:\/\/ppid.com\/wp-content\/uploads\/2025\/01\/nyc-family-immigration-lawyer-adjustment-of-status-300x150.webp 300w, https:\/\/ppid.com\/wp-content\/uploads\/2025\/01\/nyc-family-immigration-lawyer-adjustment-of-status-1024x512.webp 1024w, https:\/\/ppid.com\/wp-content\/uploads\/2025\/01\/nyc-family-immigration-lawyer-adjustment-of-status-768x384.webp 768w\" sizes=\"auto, (max-width: 1200px) 100vw, 1200px\" \/><\/p>\n<div class=\"innr-pg-btn\"><a class=\"cmn-btn\" href=\"https:\/\/ppid.com\/es\/schedule-consultation\/\">Concertar una consulta<\/a><\/div>\n<h2>\u00bfQu\u00e9 es un ajuste de estatus?<\/h2>\n<p>El ajuste de estatus es el proceso bajo la ley de inmigraci\u00f3n de EE.UU. que permite a un no inmigrante que reside aqu\u00ed solicitar una tarjeta verde que representa su estatus de residente permanente legal. El proceso es com\u00fanmente utilizado por los no inmigrantes que est\u00e1n en los Estados Unidos y desean permanecer una vez que sus visas de trabajo o visas de estudiante expiran.<\/p>\n<p>En muchos casos, un no inmigrante que se haya quedado m\u00e1s tiempo del permitido y se enfrente a una acci\u00f3n de expulsi\u00f3n puede solicitar el ajuste para evitar la deportaci\u00f3n. Incluso algunos inmigrantes indocumentados que entraron ilegalmente en el pa\u00eds pueden solicitarlo si han vivido en Estados Unidos desde el a\u00f1o 2000 y son beneficiarios de peticiones de visado o certificaciones laborales presentadas ante el Servicio de Ciudadan\u00eda e Inmigraci\u00f3n (<a href=\"https:\/\/www.uscis.gov\/\" target=\"_blank\" rel=\"noopener\">USCIS<\/a>) o del Departamento de Trabajo de EE.UU. entre el 15 de enero de 1998 y el 30 de abril de 2001. Si est\u00e1 considerando esta opci\u00f3n, consulte a un <a href=\"https:\/\/ppid.com\/es\/\">Abogado de inmigraci\u00f3n NYC<\/a> puede ser crucial.<\/p>\n<p><strong>El proceso de solicitud de un ajuste de estatus al USCIS consta de varios pasos:<\/strong><\/p>\n<p><strong>Determine si cumple los requisitos<\/strong> - Existen varias categor\u00edas de derecho a la tarjeta verde. Podr\u00eda permit\u00edrsele permanecer en Estados Unidos debido a un v\u00ednculo familiar, un empleo o por estar incluido en una categor\u00eda especial de inmigraci\u00f3n. A las v\u00edctimas de abusos, as\u00ed como a las personas que solicitan el estatuto de refugiado o asilo, tambi\u00e9n se les podr\u00eda conceder un ajuste. Puede solicitarlo \"a trav\u00e9s del registro\" si ha residido ininterrumpidamente en Estados Unidos desde 1972.<\/p>\n<p><strong>Presentar una petici\u00f3n de inmigrante y <a href=\"https:\/\/ppid.com\/es\/new-york-city-green-card-lawyer\/\">solicitud de tarjeta verde<\/a><\/strong> - Es importante presentar los documentos correctos para la categor\u00eda de inmigraci\u00f3n que le corresponda.<\/p>\n<p><strong>Comprobar la disponibilidad de visados<\/strong> - Los visados de inmigraci\u00f3n son limitados para todas las categor\u00edas. Por lo general, es posible que no pueda presentar su Formulario I-485, Solicitud de Registro de Residencia Permanente o Ajuste de Estatus hasta que haya un visado disponible.<\/p>\n<p><a href=\"https:\/\/www.uscis.gov\/i-485\" target=\"_blank\" rel=\"noopener\"><strong>Presentar el formulario I-485<\/strong><\/a> - Su Solicitud de Registro de Residencia Permanente o de Ajuste de Estatus es un documento de 20 p\u00e1ginas que sirve como verificaci\u00f3n de antecedentes y testimonio de su car\u00e1cter y de su capacidad para mantenerse.<\/p>\n<p><strong>Acudir a una cita con el Centro de Apoyo a las Solicitudes<\/strong> - En esta reuni\u00f3n, usted proporciona sus huellas dactilares, fotograf\u00eda y firma, y certifica al USCIS que su solicitud es completa y veraz.<\/p>\n<p><strong>Asista a su entrevista<\/strong> - Las entrevistas no siempre son necesarias. Pero si hay dudas con su solicitud, USCIS puede pedirle que aclare puntos y afirme una vez m\u00e1s la veracidad de su presentaci\u00f3n. En lugar de una entrevista, puede que le pidan que presente pruebas documentales adicionales.<\/p>\n<p>USCIS le enviar\u00e1 por correo una notificaci\u00f3n de la decisi\u00f3n tomada en su caso. Por lo general, no se le permite apelar una denegaci\u00f3n, pero es posible que pueda presentar una moci\u00f3n para reabrir o reconsiderar el caso.<\/p>\n<p><strong>PPID ayuda a clientes con Ajustes de Estatus para visas de no inmigrante, permiti\u00e9ndoles residir permanentemente en los Estados Unidos. Si su visa ha expirado, o la fecha de expiraci\u00f3n se acerca, podemos ayudarle a evitar la deportaci\u00f3n para que pueda perseguir su sue\u00f1o americano.<\/strong><\/p>","protected":false},"excerpt":{"rendered":"<p>PPID Handles Adjustment of Status requests to help clients fight deportation. There are many reasons for visa overstays. During your time in the United States, you may have developed relationships and built a life for yourself that you cannot bear to leave. Conditions in your home country may have deteriorated to such an extent that &hellip; <\/p>\n<p class=\"link-more\"><a href=\"https:\/\/ppid.com\/es\/nyc-family-immigration-lawyer\/adjustment-of-status\/\" class=\"more-link\">Seguir leyendo<span class=\"screen-reader-text\"> &#8220;Adjustment of Status&#8221;<\/span><\/a><\/p>","protected":false},"author":1,"featured_media":0,"parent":194,"menu_order":0,"comment_status":"closed","ping_status":"closed","template":"","meta":{"_acf_changed":false,"footnotes":""},"class_list":["post-661","page","type-page","status-publish","hentry","entry"],"acf":[],"yoast_head":"<!-- This site is optimized with the Yoast SEO Premium plugin v26.8 (Yoast SEO v26.8) - https:\/\/yoast.com\/product\/yoast-seo-premium-wordpress\/ -->\n<title>Adjustment of Status - PPID Law<\/title>\n<meta name=\"description\" content=\"PPID Handles Adjustment of Status requests to help clients remain in the U.S. Consultations are available online and in person.\" \/>\n<meta name=\"robots\" content=\"index, follow, max-snippet:-1, max-image-preview:large, max-video-preview:-1\" \/>\n<link rel=\"canonical\" href=\"https:\/\/ppid.com\/es\/nyc-family-immigration-lawyer\/adjustment-of-status\/\" \/>\n<meta property=\"og:locale\" content=\"es_MX\" \/>\n<meta property=\"og:type\" content=\"article\" \/>\n<meta property=\"og:title\" content=\"Adjustment of Status\" \/>\n<meta property=\"og:description\" content=\"PPID Handles Adjustment of Status requests to help clients remain in the U.S. Consultations are available online and in person.\" \/>\n<meta property=\"og:url\" content=\"https:\/\/ppid.com\/es\/nyc-family-immigration-lawyer\/adjustment-of-status\/\" \/>\n<meta property=\"og:site_name\" content=\"Pollack, Pollack, Isaac &amp; DeCicco, LLP\" \/>\n<meta property=\"article:modified_time\" content=\"2025-02-07T12:52:02+00:00\" \/>\n<meta property=\"og:image\" content=\"https:\/\/ppid.com\/wp-content\/uploads\/2025\/01\/nyc-family-immigration-lawyer-adjustment-of-status.webp\" \/>\n\t<meta property=\"og:image:width\" content=\"1200\" \/>\n\t<meta property=\"og:image:height\" content=\"600\" \/>\n\t<meta property=\"og:image:type\" content=\"image\/webp\" \/>\n<meta name=\"twitter:card\" content=\"summary_large_image\" \/>\n<meta name=\"twitter:label1\" content=\"Tiempo de lectura\" \/>\n\t<meta name=\"twitter:data1\" content=\"3 minutos\" \/>\n<!-- \/ Yoast SEO Premium plugin. -->","yoast_head_json":{"title":"Adaptaci\u00f3n del estatuto - Ley PPID","description":"PPID Tramita solicitudes de ajuste de estatus para ayudar a los clientes a permanecer en EE.UU. Las consultas est\u00e1n disponibles en l\u00ednea y en persona.","robots":{"index":"index","follow":"follow","max-snippet":"max-snippet:-1","max-image-preview":"max-image-preview:large","max-video-preview":"max-video-preview:-1"},"canonical":"https:\/\/ppid.com\/es\/nyc-family-immigration-lawyer\/adjustment-of-status\/","og_locale":"es_MX","og_type":"article","og_title":"Adjustment of Status","og_description":"PPID Handles Adjustment of Status requests to help clients remain in the U.S. Consultations are available online and in person.","og_url":"https:\/\/ppid.com\/es\/nyc-family-immigration-lawyer\/adjustment-of-status\/","og_site_name":"Pollack, Pollack, Isaac &amp; DeCicco, LLP","article_modified_time":"2025-02-07T12:52:02+00:00","og_image":[{"width":1200,"height":600,"url":"https:\/\/ppid.com\/wp-content\/uploads\/2025\/01\/nyc-family-immigration-lawyer-adjustment-of-status.webp","type":"image\/webp"}],"twitter_card":"summary_large_image","twitter_misc":{"Tiempo de lectura":"3 minutos"},"schema":{"@context":"https:\/\/schema.org","@graph":[{"@type":"WebPage","@id":"https:\/\/ppid.com\/nyc-family-immigration-lawyer\/adjustment-of-status\/","url":"https:\/\/ppid.com\/nyc-family-immigration-lawyer\/adjustment-of-status\/","name":"Adaptaci\u00f3n del estatuto - Ley PPID","isPartOf":{"@id":"https:\/\/ppid.com\/#website"},"primaryImageOfPage":{"@id":"https:\/\/ppid.com\/nyc-family-immigration-lawyer\/adjustment-of-status\/#primaryimage"},"image":{"@id":"https:\/\/ppid.com\/nyc-family-immigration-lawyer\/adjustment-of-status\/#primaryimage"},"thumbnailUrl":"https:\/\/ppid.com\/wp-content\/uploads\/2025\/01\/nyc-family-immigration-lawyer-adjustment-of-status.webp","datePublished":"2024-09-10T06:56:44+00:00","dateModified":"2025-02-07T12:52:02+00:00","description":"PPID Tramita solicitudes de ajuste de estatus para ayudar a los clientes a permanecer en EE.UU. Las consultas est\u00e1n disponibles en l\u00ednea y en persona.","breadcrumb":{"@id":"https:\/\/ppid.com\/nyc-family-immigration-lawyer\/adjustment-of-status\/#breadcrumb"},"inLanguage":"es","potentialAction":[{"@type":"ReadAction","target":["https:\/\/ppid.com\/nyc-family-immigration-lawyer\/adjustment-of-status\/"]}]},{"@type":"ImageObject","inLanguage":"es","@id":"https:\/\/ppid.com\/nyc-family-immigration-lawyer\/adjustment-of-status\/#primaryimage","url":"https:\/\/ppid.com\/wp-content\/uploads\/2025\/01\/nyc-family-immigration-lawyer-adjustment-of-status.webp","contentUrl":"https:\/\/ppid.com\/wp-content\/uploads\/2025\/01\/nyc-family-immigration-lawyer-adjustment-of-status.webp"},{"@type":"BreadcrumbList","@id":"https:\/\/ppid.com\/nyc-family-immigration-lawyer\/adjustment-of-status\/#breadcrumb","itemListElement":[{"@type":"ListItem","position":1,"name":"Home","item":"https:\/\/ppid.com\/"},{"@type":"ListItem","position":2,"name":"NYC Family Immigration Lawyer","item":"https:\/\/ppid.com\/nyc-family-immigration-lawyer\/"},{"@type":"ListItem","position":3,"name":"Adjustment of Status"}]},{"@type":"WebSite","@id":"https:\/\/ppid.com\/#website","url":"https:\/\/ppid.com\/","name":"Pollack, Pollack, Isaac &amp; DeCicco, LLP","description":"","potentialAction":[{"@type":"SearchAction","target":{"@type":"EntryPoint","urlTemplate":"https:\/\/ppid.com\/?s={search_term_string}"},"query-input":{"@type":"PropertyValueSpecification","valueRequired":true,"valueName":"search_term_string"}}],"inLanguage":"es"}]}},"_links":{"self":[{"href":"https:\/\/ppid.com\/es\/wp-json\/wp\/v2\/pages\/661","targetHints":{"allow":["GET"]}}],"collection":[{"href":"https:\/\/ppid.com\/es\/wp-json\/wp\/v2\/pages"}],"about":[{"href":"https:\/\/ppid.com\/es\/wp-json\/wp\/v2\/types\/page"}],"author":[{"embeddable":true,"href":"https:\/\/ppid.com\/es\/wp-json\/wp\/v2\/users\/1"}],"replies":[{"embeddable":true,"href":"https:\/\/ppid.com\/es\/wp-json\/wp\/v2\/comments?post=661"}],"version-history":[{"count":0,"href":"https:\/\/ppid.com\/es\/wp-json\/wp\/v2\/pages\/661\/revisions"}],"up":[{"embeddable":true,"href":"https:\/\/ppid.com\/es\/wp-json\/wp\/v2\/pages\/194"}],"wp:attachment":[{"href":"https:\/\/ppid.com\/es\/wp-json\/wp\/v2\/media?parent=661"}],"curies":[{"name":"wp","href":"https:\/\/api.w.org\/{rel}","templated":true}]}}