{"id":676,"date":"2024-09-10T07:41:03","date_gmt":"2024-09-10T07:41:03","guid":{"rendered":"https:\/\/ppidllp.wpenginepowered.com\/?page_id=676"},"modified":"2025-09-15T06:26:33","modified_gmt":"2025-09-15T06:26:33","slug":"westchester-county-h2b-visa-lawyer","status":"publish","type":"page","link":"https:\/\/ppid.com\/es\/westchester-county-h2b-visa-lawyer\/","title":{"rendered":"Westchester Condado H2B Visa Abogado"},"content":{"rendered":"<div id=\"ez-toc-container\" class=\"ez-toc-v2_0_80 counter-hierarchy ez-toc-counter ez-toc-transparent ez-toc-container-direction\">\n<div class=\"ez-toc-title-container\">\n<p class=\"ez-toc-title ez-toc-toggle\" style=\"cursor:pointer\">\u00cdndice<\/p>\n<span class=\"ez-toc-title-toggle\"><a href=\"#\" class=\"ez-toc-pull-right ez-toc-btn ez-toc-btn-xs ez-toc-btn-default ez-toc-toggle\" aria-label=\"Toggle Table of Content\"><span class=\"ez-toc-js-icon-con\"><span class=\"\"><span class=\"eztoc-hide\" style=\"display:none;\">Toggle<\/span><span class=\"ez-toc-icon-toggle-span\"><svg style=\"fill: #999;color:#999\" xmlns=\"http:\/\/www.w3.org\/2000\/svg\" class=\"list-377408\" width=\"20px\" height=\"20px\" viewbox=\"0 0 24 24\" fill=\"none\"><path d=\"M6 6H4v2h2V6zm14 0H8v2h12V6zM4 11h2v2H4v-2zm16 0H8v2h12v-2zM4 16h2v2H4v-2zm16 0H8v2h12v-2z\" fill=\"currentColor\"><\/path><\/svg><svg style=\"fill: #999;color:#999\" class=\"arrow-unsorted-368013\" xmlns=\"http:\/\/www.w3.org\/2000\/svg\" width=\"10px\" height=\"10px\" viewbox=\"0 0 24 24\" version=\"1.2\" baseprofile=\"tiny\"><path d=\"M18.2 9.3l-6.2-6.3-6.2 6.3c-.2.2-.3.4-.3.7s.1.5.3.7c.2.2.4.3.7.3h11c.3 0 .5-.1.7-.3.2-.2.3-.5.3-.7s-.1-.5-.3-.7zM5.8 14.7l6.2 6.3 6.2-6.3c.2-.2.3-.5.3-.7s-.1-.5-.3-.7c-.2-.2-.4-.3-.7-.3h-11c-.3 0-.5.1-.7.3-.2.2-.3.5-.3.7s.1.5.3.7z\"\/><\/svg><\/span><\/span><\/span><\/a><\/span><\/div>\n<nav><ul class='ez-toc-list ez-toc-list-level-1 eztoc-toggle-hide-by-default' ><li class='ez-toc-page-1 ez-toc-heading-level-2'><a class=\"ez-toc-link ez-toc-heading-1\" href=\"https:\/\/ppid.com\/es\/westchester-county-h2b-visa-lawyer\/#westchester-county-h2b-visa-attorney\" >Westchester Condado de H2B Visa Abogado<\/a><\/li><li class='ez-toc-page-1 ez-toc-heading-level-2'><a class=\"ez-toc-link ez-toc-heading-2\" href=\"https:\/\/ppid.com\/es\/westchester-county-h2b-visa-lawyer\/#what-is-a-westchester-county-h-2b-visa\" >\u00bfQu\u00e9 es un visado H-2B del condado Westchester?<\/a><\/li><li class='ez-toc-page-1 ez-toc-heading-level-2'><a class=\"ez-toc-link ez-toc-heading-3\" href=\"https:\/\/ppid.com\/es\/westchester-county-h2b-visa-lawyer\/#what-are-the-conditions-of-a-h-2b-visa\" >\u00bfCu\u00e1les son las condiciones de un visado H-2B?<\/a><\/li><li class='ez-toc-page-1 ez-toc-heading-level-2'><a class=\"ez-toc-link ez-toc-heading-4\" href=\"https:\/\/ppid.com\/es\/westchester-county-h2b-visa-lawyer\/#how-many-h-2b-visas-can-be-accepted-each-year-in-new-york\" >\u00bfCu\u00e1ntos visados H-2B pueden aceptarse cada a\u00f1o en New York?<\/a><\/li><li class='ez-toc-page-1 ez-toc-heading-level-2'><a class=\"ez-toc-link ez-toc-heading-5\" href=\"https:\/\/ppid.com\/es\/westchester-county-h2b-visa-lawyer\/#a-breakdown-of-the-h-2b-program-workflow\" >Desglose del flujo de trabajo del programa H-2B<\/a><\/li><li class='ez-toc-page-1 ez-toc-heading-level-2'><a class=\"ez-toc-link ez-toc-heading-6\" href=\"https:\/\/ppid.com\/es\/westchester-county-h2b-visa-lawyer\/#faqs\" >Preguntas frecuentes<\/a><ul class='ez-toc-list-level-3' ><li class='ez-toc-heading-level-3'><a class=\"ez-toc-link ez-toc-heading-7\" href=\"https:\/\/ppid.com\/es\/westchester-county-h2b-visa-lawyer\/#can-a-westchester-county-immigration-lawyer-help-me-get-a-h-2b-visa\" >\u00bfPuede un abogado de inmigraci\u00f3n del condado de Westchester ayudarme a conseguir un visado H-2B?<\/a><\/li><li class='ez-toc-page-1 ez-toc-heading-level-3'><a class=\"ez-toc-link ez-toc-heading-8\" href=\"https:\/\/ppid.com\/es\/westchester-county-h2b-visa-lawyer\/#do-i-need-an-immigration-lawyer-to-enter-ny-as-an-h-2b-nonimmigrant\" >\u00bfNecesito un abogado de inmigraci\u00f3n para entrar en NY como no inmigrante H-2B?<\/a><\/li><li class='ez-toc-page-1 ez-toc-heading-level-3'><a class=\"ez-toc-link ez-toc-heading-9\" href=\"https:\/\/ppid.com\/es\/westchester-county-h2b-visa-lawyer\/#can-i-bring-my-parents-with-me-to-new-york-with-an-h-2b-visa\" >\u00bfPuedo traer a mis padres al New York con un visado H-2B?<\/a><\/li><\/ul><\/li><li class='ez-toc-page-1 ez-toc-heading-level-2'><a class=\"ez-toc-link ez-toc-heading-10\" href=\"https:\/\/ppid.com\/es\/westchester-county-h2b-visa-lawyer\/#pursue-new-career-heights-with-a-westchester-county-h2b-visa-lawyer\" >Perseguir nuevas alturas de la carrera con un Westchester Condado H2B Visa Abogado<\/a><\/li><\/ul><\/nav><\/div>\n<h2><span class=\"ez-toc-section\" id=\"westchester-county-h2b-visa-attorney\"><\/span>Westchester Condado de H2B Visa Abogado<span class=\"ez-toc-section-end\"><\/span><\/h2>\n<p>Los abogados de inmigraci\u00f3n de PPID ayudan a particulares y empresarios a obtener visados H2B y otros visados de trabajo temporales y tarjetas verdes de residencia permanente.<\/p>\n<p>El Condado de Westchester tiene una gran cantidad de oportunidades econ\u00f3micas disponibles, lo que lo convierte en un destino atractivo para los trabajadores invitados no agr\u00edcolas para venir y participar en oportunidades de trabajo temporal. Si usted no es un ciudadano que busca beneficiarse de las oportunidades de trabajo temporal en Westchester, un abogado de visa H2B del Condado de Westchester de Pollack, Pollack, Isaac &amp; DeCicco puede apoyarle con sus objetivos de inmigraci\u00f3n relacionados con el trabajo.<\/p>\n<p>El equipo de inmigraci\u00f3n de Pollack, Pollack, Isaac &amp; DeCicco lleva mucho tiempo apoyando a trabajadores de todo el mundo en la obtenci\u00f3n de visados de trabajo de no inmigrante en Westchester, New York y alrededores.<\/p>\n<p>Fundada en la premisa de que la diversidad de antecedentes y experiencia hace que las organizaciones y las comunidades m\u00e1s fuertes, estamos comprometidos a ayudar a los trabajadores y sus empleadores navegar complejos procesos gubernamentales y obtener sus documentos de inmigraci\u00f3n necesarios de la manera m\u00e1s eficiente posible. Estamos a su disposici\u00f3n para ayudarle durante el proceso de solicitud del visado H-2B hoy mismo.<\/p>\n<p><img loading=\"lazy\" decoding=\"async\" src=\"https:\/\/ppid.com\/wp-content\/uploads\/2024\/09\/westchester-county-h2b-visa-lawyer.webp\" alt=\"county-h2b-visa-lawyer\" width=\"1200\" height=\"600\" \/><\/p>\n<h2><span class=\"ez-toc-section\" id=\"what-is-a-westchester-county-h-2b-visa\"><\/span>\u00bfQu\u00e9 es un visado H-2B del condado Westchester?<span class=\"ez-toc-section-end\"><\/span><\/h2>\n<p>El visado H-2B es una categor\u00eda de visado de trabajo para no inmigrantes que permite a trabajadores temporales, estacionales, tanto cualificados como no cualificados, que no pertenezcan al sector agr\u00edcola, venir a trabajar para empresarios situados en <a href=\"https:\/\/en.wikipedia.org\/wiki\/Westchester_County,_New_York\" target=\"_blank\" rel=\"noopener\">Condado Westchester<\/a> as\u00ed como en otros lugares de Estados Unidos. Aunque un visado H-2B est\u00e1 vinculado a una empresa, que puede tener sus operaciones principales en una zona como Westchester, por ejemplo, el visado se tramita a nivel federal a trav\u00e9s de entidades gubernamentales como <a href=\"https:\/\/www.uscis.gov\/\" target=\"_blank\" rel=\"noopener\">Servicios de Ciudadan\u00eda e Inmigraci\u00f3n de Estados Unidos<\/a>.<\/p>\n<p>Un visado H-2B requiere un empleador solicitante al que el Departamento de Trabajo ya haya concedido un certificado de trabajo temporal v\u00e1lido. La petici\u00f3n, el formulario I-129, debe ser aceptada por el USCIS antes de que el trabajador pueda obtener un visado H-2B. Dado que el proceso puede ser complejo y en \u00e9l intervienen m\u00faltiples partes y organizaciones gubernamentales, se recomienda contar con un abogado especializado en visados H-2B. <a href=\"https:\/\/ppid.com\/es\/westchester-county-immigration-lawyer\/\">abogado de inmigraci\u00f3n con experiencia<\/a> que puedan apoyarle durante todo el proceso.<\/p>\n<h2><span class=\"ez-toc-section\" id=\"what-are-the-conditions-of-a-h-2b-visa\"><\/span>\u00bfCu\u00e1les son las condiciones de un visado H-2B?<span class=\"ez-toc-section-end\"><\/span><\/h2>\n<p><strong>Los no ciudadanos a los que se concede un visado H-2B pueden vivir y trabajar en Estados Unidos durante el periodo especificado en su visado; sin embargo, pueden perder su derecho a permanecer y trabajar en determinadas condiciones, entre ellas:<\/strong><\/p>\n<ul>\n<li><strong>Finalizaci\u00f3n anticipada.<\/strong> Si el empleado finaliza los servicios o la labor para la que hab\u00eda sido contratado m\u00e1s de un mes antes de la fecha especificada en la petici\u00f3n H-2B, deber\u00e1 notific\u00e1rselo al USCIS, que podr\u00e1 modificar el per\u00edodo de estancia de su visado.<\/li>\n<li><strong>Terminaci\u00f3n.<\/strong> Si se despide al no inmigrante H-2B antes de que complete totalmente los servicios o el trabajo para el que fue contratado, entonces se le puede revocar el visado.<\/li>\n<li><strong>Ausencia o no presentaci\u00f3n.<\/strong> Si el trabajador no se presenta a trabajar en los cinco d\u00edas laborables siguientes a la fecha de inicio que figura en la petici\u00f3n H-2B o a la fecha de inicio establecida por el empleador, o si el trabajador abandona repentinamente el trabajo sin previo aviso durante m\u00e1s de cinco d\u00edas laborables consecutivos, es probable que el per\u00edodo de estancia se vea afectado.<\/li>\n<\/ul>\n<p>Si la mano de obra o los servicios son necesarios durante un per\u00edodo de tiempo que se extiende m\u00e1s all\u00e1 de la duraci\u00f3n de la estancia especificada en el visado, puede solicitarse una pr\u00f3rroga del estatuto H-2B. Esta pr\u00f3rroga puede concederse en incrementos de un m\u00e1ximo de <a href=\"https:\/\/www.uscis.gov\/working-in-the-united-states\/temporary-workers\/h-2b-temporary-non-agricultural-workers\" target=\"_blank\" rel=\"noopener\">un a\u00f1o<\/a> a la vez, pudiendo permanecer el no inmigrante H-2B un m\u00e1ximo de tres a\u00f1os consecutivos con este estatus.<\/p>\n<p>Si usted est\u00e1 preocupado de que su estatus H-2B est\u00e1 en riesgo debido a la terminaci\u00f3n o un malentendido con un empleador del Condado de Westchester, un abogado con experiencia en visas H-2B de Pollack, Pollack, Isaac &amp; DeCicco puede ayudarle a entender sus opciones y trabajar para encontrar soluciones para su situaci\u00f3n. Adem\u00e1s, un abogado de nuestro dedicado equipo puede ayudarle a usted y a su empleador con el proceso de extensi\u00f3n.<\/p>\n<h2><span class=\"ez-toc-section\" id=\"how-many-h-2b-visas-can-be-accepted-each-year-in-new-york\"><\/span>\u00bfCu\u00e1ntos visados H-2B pueden aceptarse cada a\u00f1o en New York?<span class=\"ez-toc-section-end\"><\/span><\/h2>\n<p>Existe un l\u00edmite en el n\u00famero de visados H-2B que el USCIS puede conceder cada a\u00f1o en nombre del Gobierno de Estados Unidos; sin embargo, este l\u00edmite no es espec\u00edfico de cada Estado. El l\u00edmite anual es actualmente de <a href=\"https:\/\/www.uscis.gov\/working-in-the-united-states\/temporary-workers\/h-2b-temporary-non-agricultural-workers\" target=\"_blank\" rel=\"noopener\">66.000 Estatus H-2B<\/a> o visados concedidos, repartidos entre el primer y el segundo semestre del a\u00f1o fiscal.<\/p>\n<p>Se conceden 33.000 visados a trabajadores que empiezan en la primera mitad del a\u00f1o fiscal, del 1 de octubre al 31 de marzo, y otros 33.000 visados a trabajadores que empiezan en la segunda mitad del a\u00f1o fiscal, del 1 de abril al 30 de septiembre. Los n\u00fameros que no se utilicen en la primera mitad pueden trasladarse a la segunda mitad; sin embargo, si no se utilizan n\u00fameros de a\u00f1os anteriores, no pueden trasladarse al a\u00f1o en curso.<\/p>\n<p>Dependiendo de las circunstancias, el gobierno de EE.UU. puede aprobar medidas temporales que permitan que m\u00e1s n\u00fameros de visados queden temporalmente libres. Con el fin de entender el l\u00edmite actual, el n\u00famero de visas disponibles, y c\u00f3mo esto podr\u00eda afectar su proceso de solicitud de visa H-2B, es importante trabajar con un abogado con conocimientos y experiencia en visas H-2B.<\/p>\n<h2><span class=\"ez-toc-section\" id=\"a-breakdown-of-the-h-2b-program-workflow\"><\/span>Desglose del flujo de trabajo del programa H-2B<span class=\"ez-toc-section-end\"><\/span><\/h2>\n<p>El proceso del programa H-2B incluye varias entidades, entre ellas el Departamento de Trabajo, los Servicios de Ciudadan\u00eda e Inmigraci\u00f3n de los Estados Unidos, los empleadores y los empleados. Por lo tanto, el proceso puede llevar mucho tiempo y ser abrumador. <strong>Un abogado experto en inmigraci\u00f3n puede ayudar a orientar a trabajadores y empresarios en el siguiente proceso:<\/strong><\/p>\n<ul>\n<li><strong>Obtenci\u00f3n del Certificado de Trabajo Temporal.<\/strong> El empleador que necesita mano de obra temporal no agr\u00edcola cualificada o no cualificada debe presentar una solicitud al DoL para obtener un certificado de trabajo temporal. Un abogado especializado en visados H-2B puede ayudarle en este proceso.<\/li>\n<li><strong>Presentaci\u00f3n del formulario I-129.<\/strong> Un abogado de inmigraci\u00f3n puede ayudar al empresario a cumplimentar y presentar el formulario I-129 en nombre de los trabajadores que desea contratar temporalmente. Este documento debe presentarse junto con la certificaci\u00f3n laboral temporal.<\/li>\n<li><strong>Presentar una solicitud de visado H-2B.<\/strong> Un abogado experto en inmigraci\u00f3n puede ayudar a los trabajadores extranjeros a solicitar un visado H-2B en su pa\u00eds de origen. Tendr\u00e1n que pasar por su consulado o embajada local, aportar la documentaci\u00f3n adecuada, acudir a una entrevista y presentar las tasas de tramitaci\u00f3n exigidas.<\/li>\n<li><strong>Entrando en New York.<\/strong> Una vez concedido el visado, el trabajador puede viajar a EE.UU. durante las fechas especificadas. No podr\u00e1n permanecer fuera de las fechas vinculadas a su visado, que se basan en el periodo de empleo especificado.<\/li>\n<li><strong>Quedarse y trabajar.<\/strong> El no inmigrante H-2B est\u00e1 autorizado a permanecer y trabajar s\u00f3lo durante el tiempo especificado en su visado. Durante este periodo, puede disfrutar del salario y las prestaciones de su empresa, viajar dentro y fuera del pa\u00eds y traer consigo a determinados miembros de su familia si obtienen visados de no inmigrante derivados.<\/li>\n<\/ul>\n<p>Una vez finalizado el periodo de trabajo, el trabajador H-2B debe regresar a su pa\u00eds de origen a menos que se le conceda una pr\u00f3rroga de su contrato o pueda encontrar otra v\u00eda autorizada para permanecer en Estados Unidos. Un abogado especializado de <a href=\"https:\/\/ppid.com\/es\/firm\/\">Pollack, Pollack, Isaac &amp; DeCicco<\/a> puede proporcionarle el apoyo que necesita para su visado H-2B desde el principio hasta el final del proceso.<\/p>\n<h2><span class=\"ez-toc-section\" id=\"faqs\"><\/span>Preguntas frecuentes<span class=\"ez-toc-section-end\"><\/span><\/h2>\n<div class=\"accsec-ritcnt accordion\">\n<div class=\"accordion-section\">\n<h3><span class=\"ez-toc-section\" id=\"can-a-westchester-county-immigration-lawyer-help-me-get-a-h-2b-visa\"><\/span><a class=\"accordion-section-title active\" href=\"#accordion-1\">\u00bfPuede un abogado de inmigraci\u00f3n del condado de Westchester ayudarme a conseguir un visado H-2B?<\/a><span class=\"ez-toc-section-end\"><\/span><\/h3>\n<div id=\"accordion-1\" class=\"accordion-section-content open\" style=\"display: block;\">\n<p>S\u00ed, un abogado de inmigraci\u00f3n ubicado en el condado de Westchester puede ayudarle con el proceso de solicitud y obtenci\u00f3n de un visado H-2B para cubrir puestos de trabajo temporales no agr\u00edcolas en la zona. Ellos pueden ayudarle a determinar si la empresa que le ofreci\u00f3 un trabajo es elegible para el programa de visas H-2B, as\u00ed como ayudarle a entender su propia elegibilidad basada en sus antecedentes y objetivos ocupacionales de inmigraci\u00f3n.<\/p>\n<\/div>\n<div class=\"accordion-section\">\n<h3><span class=\"ez-toc-section\" id=\"do-i-need-an-immigration-lawyer-to-enter-ny-as-an-h-2b-nonimmigrant\"><\/span><a class=\"accordion-section-title\" href=\"#accordion-2\">\u00bfNecesito un abogado de inmigraci\u00f3n para entrar en NY como no inmigrante H-2B?<\/a><span class=\"ez-toc-section-end\"><\/span><\/h3>\n<div id=\"accordion-2\" class=\"accordion-section-content\" style=\"display: none;\">\n<p>No, la ley no exige que tenga un abogado de inmigraci\u00f3n si es usted un no inmigrante H-2B que entra en New York. Usted est\u00e1 legalmente autorizado a vivir y trabajar en New York y en Estados Unidos durante el per\u00edodo de tiempo especificado en su visado, y puede viajar al extranjero y volver durante todo este per\u00edodo de tiempo. Sin embargo, se recomienda contar con un abogado de inmigraci\u00f3n que pueda garantizar la protecci\u00f3n de sus derechos y apoyar eficazmente su proceso de inmigraci\u00f3n.<\/p>\n<\/div>\n<\/div>\n<div class=\"accordion-section\">\n<h3><span class=\"ez-toc-section\" id=\"can-i-bring-my-parents-with-me-to-new-york-with-an-h-2b-visa\"><\/span><a class=\"accordion-section-title\" href=\"#accordion-3\"> \u00bfPuedo traer a mis padres al New York con un visado H-2B?<\/a><span class=\"ez-toc-section-end\"><\/span><\/h3>\n<div id=\"accordion-3\" class=\"accordion-section-content\" style=\"display: none;\">\n<p>No, los no inmigrantes H-2B que han recibido permiso para vivir y trabajar en New York o en Estados Unidos durante un per\u00edodo de tiempo temporal no pueden traer a sus padres con ellos. Sin embargo, los no inmigrantes H-2B pueden traer consigo a su c\u00f3nyuge y a sus hijos solteros menores de 21 a\u00f1os con estatuto H-4. Es importante se\u00f1alar que estos dependientes H-4 no podr\u00e1n trabajar durante su estancia.<\/p>\n<\/div>\n<\/div>\n<\/div>\n<\/div>\n<h2><span class=\"ez-toc-section\" id=\"pursue-new-career-heights-with-a-westchester-county-h2b-visa-lawyer\"><\/span>Perseguir nuevas alturas de la carrera con un Westchester Condado H2B Visa Abogado<span class=\"ez-toc-section-end\"><\/span><\/h2>\n<p>El programa H-2B ofrece oportunidades tanto a los empresarios como a los trabajadores, ya que permite a las empresas y agencias estadounidenses funcionar a pleno rendimiento a pesar de los cambios externos temporales. Tambi\u00e9n permite a los trabajadores extranjeros venir a EE.UU. y disfrutar de los salarios y beneficios de estar empleado en el condado de Westchester.<\/p>\n<p>Un abogado experto en visas H2B de Pollack, Pollack, Isaac DeCicco puede ayudarle a guiarle a trav\u00e9s del proceso de solicitud de visa H-2B, hacer un seguimiento con el Departamento de Trabajo y USCIS en su nombre, y conseguirle el papeleo que necesita r\u00e1pidamente. <a href=\"https:\/\/ppid.com\/es\/contact\/\">P\u00f3ngase en contacto con un abogado de inmigraci\u00f3n de nuestro equipo<\/a> para empezar hoy mismo a tramitar su solicitud de visado H-2B.<\/p>\n<p><iframe loading=\"lazy\" style=\"border: 0;\" src=\"https:\/\/www.google.com\/maps\/embed?pb=!1m18!1m12!1m3!1d384733.0105808419!2d-74.06263727021879!3d41.11866069005831!2m3!1f0!2f0!3f0!3m2!1i1024!2i768!4f13.1!3m3!1m2!1s0x89c2c96a9d6b59af%3A0x370ed86222bddb89!2sWestchester%20County%2C%20NY%2C%20USA!5e0!3m2!1sen!2sin!4v1750681479981!5m2!1sen!2sin\" width=\"100%\" height=\"300\" allowfullscreen=\"allowfullscreen\"><\/iframe><\/p>","protected":false},"excerpt":{"rendered":"<p>Westchester County H2B Visa Attorney PPID Immigration Lawyers help individuals and employers obtain H2B and other Temporary Work Visas and Permanent Residence Green Cards. Westchester County has a wealth of economic opportunities available, making it an attractive destination for nonagricultural guest workers to come and engage in temporary work opportunities. If you are a noncitizen &hellip; <\/p>\n<p class=\"link-more\"><a href=\"https:\/\/ppid.com\/es\/westchester-county-h2b-visa-lawyer\/\" class=\"more-link\">Seguir leyendo<span class=\"screen-reader-text\"> &#8220;Westchester County H2B Visa Lawyer&#8221;<\/span><\/a><\/p>","protected":false},"author":1,"featured_media":0,"parent":0,"menu_order":0,"comment_status":"closed","ping_status":"closed","template":"","meta":{"_acf_changed":false,"footnotes":""},"class_list":["post-676","page","type-page","status-publish","hentry","entry"],"acf":[],"yoast_head":"<!-- This site is optimized with the Yoast SEO Premium plugin v26.8 (Yoast SEO v26.8) - https:\/\/yoast.com\/product\/yoast-seo-premium-wordpress\/ -->\n<title>Westchester County H2B Visa Lawyer &amp; Law Firm<\/title>\n<meta name=\"description\" content=\"A Westchester County H2B visa lawyer from Pollack, Pollack, Isaac &amp; DeCicco can support you with your labor-related immigration goals.\" \/>\n<meta name=\"robots\" content=\"index, follow, max-snippet:-1, max-image-preview:large, max-video-preview:-1\" \/>\n<link rel=\"canonical\" href=\"https:\/\/ppid.com\/es\/westchester-county-h2b-visa-lawyer\/\" \/>\n<meta property=\"og:locale\" content=\"es_MX\" \/>\n<meta property=\"og:type\" content=\"article\" \/>\n<meta property=\"og:title\" content=\"Westchester County H2B Visa Lawyer\" \/>\n<meta property=\"og:description\" content=\"A Westchester County H2B visa lawyer from Pollack, Pollack, Isaac &amp; DeCicco can support you with your labor-related immigration goals.\" \/>\n<meta property=\"og:url\" content=\"https:\/\/ppid.com\/es\/westchester-county-h2b-visa-lawyer\/\" \/>\n<meta property=\"og:site_name\" content=\"Pollack, Pollack, Isaac &amp; DeCicco, LLP\" \/>\n<meta property=\"article:modified_time\" content=\"2025-09-15T06:26:33+00:00\" \/>\n<meta property=\"og:image\" content=\"https:\/\/ppid.com\/wp-content\/uploads\/2024\/09\/westchester-county-h2b-visa-lawyer.webp\" \/>\n<meta name=\"twitter:card\" content=\"summary_large_image\" \/>\n<meta name=\"twitter:label1\" content=\"Tiempo de lectura\" \/>\n\t<meta name=\"twitter:data1\" content=\"7 minutos\" \/>\n<!-- \/ Yoast SEO Premium plugin. -->","yoast_head_json":{"title":"Westchester Condado H2B Visa Abogado y Bufete de Abogados","description":"Un abogado de visas H2B del Condado de Westchester de Pollack, Pollack, Isaac &amp; DeCicco puede apoyarlo con sus objetivos de inmigraci\u00f3n relacionados con el trabajo.","robots":{"index":"index","follow":"follow","max-snippet":"max-snippet:-1","max-image-preview":"max-image-preview:large","max-video-preview":"max-video-preview:-1"},"canonical":"https:\/\/ppid.com\/es\/westchester-county-h2b-visa-lawyer\/","og_locale":"es_MX","og_type":"article","og_title":"Westchester County H2B Visa Lawyer","og_description":"A Westchester County H2B visa lawyer from Pollack, Pollack, Isaac & DeCicco can support you with your labor-related immigration goals.","og_url":"https:\/\/ppid.com\/es\/westchester-county-h2b-visa-lawyer\/","og_site_name":"Pollack, Pollack, Isaac &amp; DeCicco, LLP","article_modified_time":"2025-09-15T06:26:33+00:00","og_image":[{"url":"https:\/\/ppid.com\/wp-content\/uploads\/2024\/09\/westchester-county-h2b-visa-lawyer.webp","type":"","width":"","height":""}],"twitter_card":"summary_large_image","twitter_misc":{"Tiempo de lectura":"7 minutos"},"schema":{"@context":"https:\/\/schema.org","@graph":[{"@type":"WebPage","@id":"https:\/\/ppid.com\/westchester-county-h2b-visa-lawyer\/","url":"https:\/\/ppid.com\/westchester-county-h2b-visa-lawyer\/","name":"Westchester Condado H2B Visa Abogado y Bufete de Abogados","isPartOf":{"@id":"https:\/\/ppid.com\/#website"},"primaryImageOfPage":{"@id":"https:\/\/ppid.com\/westchester-county-h2b-visa-lawyer\/#primaryimage"},"image":{"@id":"https:\/\/ppid.com\/westchester-county-h2b-visa-lawyer\/#primaryimage"},"thumbnailUrl":"https:\/\/ppid.com\/wp-content\/uploads\/2024\/09\/westchester-county-h2b-visa-lawyer.webp","datePublished":"2024-09-10T07:41:03+00:00","dateModified":"2025-09-15T06:26:33+00:00","description":"Un abogado de visas H2B del Condado de Westchester de Pollack, Pollack, Isaac &amp; DeCicco puede apoyarlo con sus objetivos de inmigraci\u00f3n relacionados con el trabajo.","breadcrumb":{"@id":"https:\/\/ppid.com\/westchester-county-h2b-visa-lawyer\/#breadcrumb"},"inLanguage":"es","potentialAction":[{"@type":"ReadAction","target":["https:\/\/ppid.com\/westchester-county-h2b-visa-lawyer\/"]}]},{"@type":"ImageObject","inLanguage":"es","@id":"https:\/\/ppid.com\/westchester-county-h2b-visa-lawyer\/#primaryimage","url":"https:\/\/ppid.com\/wp-content\/uploads\/2024\/09\/westchester-county-h2b-visa-lawyer.webp","contentUrl":"https:\/\/ppid.com\/wp-content\/uploads\/2024\/09\/westchester-county-h2b-visa-lawyer.webp"},{"@type":"BreadcrumbList","@id":"https:\/\/ppid.com\/westchester-county-h2b-visa-lawyer\/#breadcrumb","itemListElement":[{"@type":"ListItem","position":1,"name":"Home","item":"https:\/\/ppid.com\/"},{"@type":"ListItem","position":2,"name":"Westchester County H2B Visa Lawyer"}]},{"@type":"WebSite","@id":"https:\/\/ppid.com\/#website","url":"https:\/\/ppid.com\/","name":"Pollack, Pollack, Isaac &amp; DeCicco, LLP","description":"","potentialAction":[{"@type":"SearchAction","target":{"@type":"EntryPoint","urlTemplate":"https:\/\/ppid.com\/?s={search_term_string}"},"query-input":{"@type":"PropertyValueSpecification","valueRequired":true,"valueName":"search_term_string"}}],"inLanguage":"es"}]}},"_links":{"self":[{"href":"https:\/\/ppid.com\/es\/wp-json\/wp\/v2\/pages\/676","targetHints":{"allow":["GET"]}}],"collection":[{"href":"https:\/\/ppid.com\/es\/wp-json\/wp\/v2\/pages"}],"about":[{"href":"https:\/\/ppid.com\/es\/wp-json\/wp\/v2\/types\/page"}],"author":[{"embeddable":true,"href":"https:\/\/ppid.com\/es\/wp-json\/wp\/v2\/users\/1"}],"replies":[{"embeddable":true,"href":"https:\/\/ppid.com\/es\/wp-json\/wp\/v2\/comments?post=676"}],"version-history":[{"count":0,"href":"https:\/\/ppid.com\/es\/wp-json\/wp\/v2\/pages\/676\/revisions"}],"wp:attachment":[{"href":"https:\/\/ppid.com\/es\/wp-json\/wp\/v2\/media?parent=676"}],"curies":[{"name":"wp","href":"https:\/\/api.w.org\/{rel}","templated":true}]}}