{"id":707,"date":"2024-09-10T09:54:56","date_gmt":"2024-09-10T09:54:56","guid":{"rendered":"https:\/\/ppidllp.wpenginepowered.com\/?page_id=707"},"modified":"2025-09-16T04:00:55","modified_gmt":"2025-09-16T04:00:55","slug":"attorney","status":"publish","type":"page","link":"https:\/\/ppid.com\/es\/attorney\/","title":{"rendered":"Abogados"},"content":{"rendered":"<div class=\"partners-attorneys\">\n<div class=\"sng-prtnr-atrnys-lft\">\n<h4><\/h4>\n<h4>PPID es un bufete de servicios jur\u00eddicos integrales que representa a clientes de todo el mundo. Nuestro experimentado equipo jur\u00eddico gestiona los casos m\u00e1s complicados de principio a fin.<\/h4>\n<h6>Estamos reconocidos como uno de los \"Mejores bufetes de abogados\" en New York City por U.S. News and World Report - Best Lawyers\u00ae. Tenemos oficinas en Manhattan y Peekskill, New York.<\/h6>\n<\/div>\n<div class=\"sng-prtnr-atrnys-rght\">\n<ul>\n<li>Confianza.<\/li>\n<li>Talento.<\/li>\n<li>Pensamiento innovador.<\/li>\n<\/ul>\n<\/div>\n<\/div>\n<div class=\"hmattorney-sec inr-atrny\">\n<div class=\"foundation-partner\">\n<div id=\"ez-toc-container\" class=\"ez-toc-v2_0_80 counter-hierarchy ez-toc-counter ez-toc-transparent ez-toc-container-direction\">\n<div class=\"ez-toc-title-container\">\n<p class=\"ez-toc-title ez-toc-toggle\" style=\"cursor:pointer\">\u00cdndice<\/p>\n<span class=\"ez-toc-title-toggle\"><a href=\"#\" class=\"ez-toc-pull-right ez-toc-btn ez-toc-btn-xs ez-toc-btn-default ez-toc-toggle\" aria-label=\"Toggle Table of Content\"><span class=\"ez-toc-js-icon-con\"><span class=\"\"><span class=\"eztoc-hide\" style=\"display:none;\">Toggle<\/span><span class=\"ez-toc-icon-toggle-span\"><svg style=\"fill: #999;color:#999\" xmlns=\"http:\/\/www.w3.org\/2000\/svg\" class=\"list-377408\" width=\"20px\" height=\"20px\" viewbox=\"0 0 24 24\" fill=\"none\"><path d=\"M6 6H4v2h2V6zm14 0H8v2h12V6zM4 11h2v2H4v-2zm16 0H8v2h12v-2zM4 16h2v2H4v-2zm16 0H8v2h12v-2z\" fill=\"currentColor\"><\/path><\/svg><svg style=\"fill: #999;color:#999\" class=\"arrow-unsorted-368013\" xmlns=\"http:\/\/www.w3.org\/2000\/svg\" width=\"10px\" height=\"10px\" viewbox=\"0 0 24 24\" version=\"1.2\" baseprofile=\"tiny\"><path d=\"M18.2 9.3l-6.2-6.3-6.2 6.3c-.2.2-.3.4-.3.7s.1.5.3.7c.2.2.4.3.7.3h11c.3 0 .5-.1.7-.3.2-.2.3-.5.3-.7s-.1-.5-.3-.7zM5.8 14.7l6.2 6.3 6.2-6.3c.2-.2.3-.5.3-.7s-.1-.5-.3-.7c-.2-.2-.4-.3-.7-.3h-11c-.3 0-.5.1-.7.3-.2.2-.3.5-.3.7s.1.5.3.7z\"\/><\/svg><\/span><\/span><\/span><\/a><\/span><\/div>\n<nav><ul class='ez-toc-list ez-toc-list-level-1 eztoc-toggle-hide-by-default' ><li class='ez-toc-page-1 ez-toc-heading-level-3'><a class=\"ez-toc-link ez-toc-heading-1\" href=\"https:\/\/ppid.com\/es\/attorney\/#ppid-founding-partners\" >Socios fundadores del PPID<\/a><\/li><li class='ez-toc-page-1 ez-toc-heading-level-3'><a class=\"ez-toc-link ez-toc-heading-2\" href=\"https:\/\/ppid.com\/es\/attorney\/#partners\" >Socios<\/a><\/li><li class='ez-toc-page-1 ez-toc-heading-level-3'><a class=\"ez-toc-link ez-toc-heading-3\" href=\"https:\/\/ppid.com\/es\/attorney\/#attorneys\" >Abogados<\/a><\/li><li class='ez-toc-page-1 ez-toc-heading-level-3'><a class=\"ez-toc-link ez-toc-heading-4\" href=\"https:\/\/ppid.com\/es\/attorney\/#of-counsel\" >Abogado<\/a><\/li><\/ul><\/nav><\/div>\n<h3><span class=\"ez-toc-section\" id=\"ppid-founding-partners\"><\/span>Socios fundadores del PPID<span class=\"ez-toc-section-end\"><\/span><\/h3>\n<div class=\"fdtn-rgt-item legal\">\n<div class=\"attrny-item\">\n<div class=\"attrny-img\"><img loading=\"lazy\" decoding=\"async\" src=\"https:\/\/ppid.com\/wp-content\/uploads\/2024\/12\/pollack-img.webp\" alt=\"pollack-img\" width=\"353\" height=\"380\" \/><\/div>\n<div class=\"attrny-cnt\">\n<h6>Conrad Pollack<\/h6>\n<p class=\"mrg-btm\">Socio Director <strong>Inmigraci\u00f3n<\/strong><\/p>\n<p>La experiencia no es s\u00f3lo una palabra; es un legado. La devoci\u00f3n de 34 a\u00f1os de Conrad a la ley de Inmigraci\u00f3n asegura que su caso est\u00e1 en las manos m\u00e1s capaces.<\/p>\n<\/div>\n<div><a class=\"hover\" href=\"https:\/\/ppid.com\/es\/attorney\/conrad-pollack-esq\/\">Abogados<\/a><\/div>\n<\/div>\n<div class=\"attrny-item\">\n<div class=\"attrny-img\"><img loading=\"lazy\" decoding=\"async\" src=\"https:\/\/ppid.com\/wp-content\/uploads\/2024\/12\/isaac.webp\" alt=\"isaac\" width=\"300\" height=\"283\" \/><\/div>\n<div class=\"attrny-cnt\">\n<h6>Brian J. Isaac<\/h6>\n<p class=\"mrg-btm\">Socio <strong>Litigios<\/strong><\/p>\n<p>Socio apreciado desde hace m\u00e1s de 30 a\u00f1os, Brian aporta una gran experiencia y un historial de \u00e9xitos a los clientes implicados en Litigios y Apelaciones.<\/p>\n<\/div>\n<div><a class=\"hover\" href=\"https:\/\/ppid.com\/es\/attorney\/brian-j-isaac-esq\/\">Abogados<\/a><\/div>\n<\/div>\n<div class=\"attrny-item\">\n<div class=\"attrny-img\"><img loading=\"lazy\" decoding=\"async\" src=\"https:\/\/ppid.com\/wp-content\/uploads\/2024\/12\/decicco.webp\" alt=\"decicco\" width=\"385\" height=\"363\" \/><\/div>\n<div class=\"attrny-cnt\">\n<h6>Fred A. Decicco<\/h6>\n<p class=\"mrg-btm\">Socio <strong>Inmobiliario<\/strong><\/p>\n<p>Fred es socio de PPID desde 1989. Su riqueza de conocimientos sobre NY Real Estate y dedicaci\u00f3n a la excelencia es una ventaja distintiva.<\/p>\n<\/div>\n<div><a class=\"hover\" href=\"https:\/\/ppid.com\/es\/attorney\/fred-a-decicco-esq\/\">Abogados<\/a><\/div>\n<\/div>\n<\/div>\n<h3><span class=\"ez-toc-section\" id=\"partners\"><\/span>Socios<span class=\"ez-toc-section-end\"><\/span><\/h3>\n<div class=\"fdtn-rgt-item legal\">\n<div class=\"attrny-item\">\n<div class=\"attrny-img\"><img loading=\"lazy\" decoding=\"async\" src=\"https:\/\/ppid.com\/wp-content\/uploads\/2024\/12\/handler.webp\" alt=\"handler\" width=\"300\" height=\"283\" \/><\/div>\n<div class=\"attrny-cnt\">\n<h6>Adam S. Handler<\/h6>\n<p class=\"mrg-btm\">Socio <strong>Da\u00f1os corporales<\/strong><\/p>\n<\/div>\n<div><a class=\"hover\" href=\"https:\/\/ppid.com\/es\/attorney\/adam-s-handler-esq\/\">Abogados<\/a><\/div>\n<\/div>\n<div class=\"attrny-item\">\n<div class=\"attrny-img\"><img loading=\"lazy\" decoding=\"async\" src=\"https:\/\/ppid.com\/wp-content\/uploads\/2024\/12\/rosen.webp\" alt=\"rosen\" width=\"300\" height=\"283\" \/><\/div>\n<div class=\"attrny-cnt\">\n<h6>Jillian Rosen<\/h6>\n<p class=\"mrg-btm\">Socio <strong> Litigios<\/strong><\/p>\n<\/div>\n<div><a class=\"hover\" href=\"https:\/\/ppid.com\/es\/attorney\/jillian-rosen-esq\/\">Abogados<\/a><\/div>\n<\/div>\n<div class=\"attrny-item\">\n<div class=\"attrny-img\"><img loading=\"lazy\" decoding=\"async\" src=\"https:\/\/ppid.com\/wp-content\/uploads\/2024\/12\/susan.webp\" alt=\"susan\" width=\"300\" height=\"283\" \/><\/div>\n<div class=\"attrny-cnt\">\n<h6>H.Susan Oh<\/h6>\n<p class=\"mrg-btm\">Socio <strong>Inmobiliario<\/strong><\/p>\n<\/div>\n<div><a class=\"hover\" href=\"https:\/\/ppid.com\/es\/attorney\/susan-oh-esq\/\">Abogados<\/a><\/div>\n<\/div>\n<div class=\"attrny-item\">\n<div class=\"attrny-img\"><img loading=\"lazy\" decoding=\"async\" src=\"https:\/\/ppid.com\/wp-content\/uploads\/2024\/12\/marido-1.webp\" alt=\"marido-1\" width=\"300\" height=\"283\" \/><\/div>\n<div class=\"attrny-cnt\">\n<h6>Nelson A. Madrid<\/h6>\n<p class=\"mrg-btm\">Socio <strong>Inmigraci\u00f3n <\/strong><\/p>\n<\/div>\n<div><a class=\"hover\" href=\"https:\/\/ppid.com\/es\/attorney\/nelson-a-madrid-esq\/\">Abogados<\/a><\/div>\n<\/div>\n<\/div>\n<h3><span class=\"ez-toc-section\" id=\"attorneys\"><\/span>Abogados<span class=\"ez-toc-section-end\"><\/span><\/h3>\n<div class=\"fdtn-rgt-item legal\">\n<div class=\"attrny-item\">\n<div class=\"attrny-img\"><img loading=\"lazy\" decoding=\"async\" src=\"https:\/\/ppid.com\/wp-content\/uploads\/2024\/12\/Alexandra-Bondikov-1.webp\" alt=\"Alexandra-Bondikov\" width=\"300\" height=\"283\" \/><\/div>\n<div class=\"attrny-cnt\">\n<h6>Alexandra D. Bondikov, Esq.<\/h6>\n<p class=\"mrg-btm\">Abogado Senior | <strong> Inmigraci\u00f3n<\/strong><\/p>\n<\/div>\n<div><a class=\"hover\" href=\"https:\/\/ppid.com\/es\/attorney\/alexandra-d-bondikov-esq\/\">Abogados<\/a><\/div>\n<\/div>\n<div class=\"attrny-item\">\n<div class=\"attrny-img\"><img loading=\"lazy\" decoding=\"async\" src=\"https:\/\/ppid.com\/wp-content\/uploads\/2024\/12\/Yi-Zhao-Esq-PPID-1.webp\" alt=\"Yi-Zhao-Esq-PPID\" width=\"300\" height=\"283\" \/><\/div>\n<div class=\"attrny-cnt\">\n<h6>Yi Zhao, Esq.<\/h6>\n<p class=\"mrg-btm\">Abogado Senior | <strong> Inmigraci\u00f3n<\/strong><\/p>\n<\/div>\n<div><a class=\"hover\" href=\"https:\/\/ppid.com\/es\/attorney\/yi-zhao-esq\/\">Abogados<\/a><\/div>\n<\/div>\n<div class=\"attrny-item\">\n<div class=\"attrny-img\"><img loading=\"lazy\" decoding=\"async\" src=\"https:\/\/ppid.com\/wp-content\/uploads\/2024\/12\/Matthew-Goldstein-Esq.webp\" alt=\"Matthew-Goldstein-Esq\" width=\"353\" height=\"380\" \/><\/div>\n<div class=\"attrny-cnt\">\n<h6>Matthew Goodstein, Esq.<\/h6>\n<p class=\"mrg-btm\">Abogado | <strong> Da\u00f1os corporales <\/strong><\/p>\n<\/div>\n<div><a class=\"hover\" href=\"https:\/\/ppid.com\/es\/attorney\/matthew-goodstein-esq\/\">Abogados<\/a><\/div>\n<\/div>\n<div class=\"attrny-item\">\n<div class=\"attrny-img\"><img loading=\"lazy\" decoding=\"async\" src=\"https:\/\/ppid.com\/wp-content\/uploads\/2024\/12\/joshua-block.webp\" alt=\"joshua-block\" width=\"353\" height=\"380\" \/><\/div>\n<div class=\"attrny-cnt\">\n<h6>Joshua Block, Esq.<\/h6>\n<p class=\"mrg-btm\">Abogado | <strong> Litigios <\/strong><\/p>\n<\/div>\n<div><a class=\"hover\" href=\"https:\/\/ppid.com\/es\/attorney\/josh-block-esq\/\">Abogados<\/a><\/div>\n<\/div>\n<\/div>\n<h3><span class=\"ez-toc-section\" id=\"of-counsel\"><\/span>Abogado<span class=\"ez-toc-section-end\"><\/span><\/h3>\n<div class=\"fdtn-rgt-item legal\">\n<div class=\"attrny-item\">\n<div class=\"attrny-img\"><img loading=\"lazy\" decoding=\"async\" src=\"https:\/\/ppid.com\/wp-content\/uploads\/2024\/12\/Allen_Kaye_Esq-1.webp\" alt=\"Allen_Kaye_Esq\" width=\"353\" height=\"380\" \/><\/div>\n<div class=\"attrny-cnt\">\n<h6>Allen Kaye (1954-2024)<\/h6>\n<p class=\"mrg-btm\">Of Counsel | <strong> Inmigraci\u00f3n<\/strong><\/p>\n<\/div>\n<div><a class=\"hover\" href=\"https:\/\/ppid.com\/es\/attorney\/allen-kaye-esq\/\">Abogados<\/a><\/div>\n<\/div>\n<div class=\"attrny-item\">\n<div class=\"attrny-img\"><img loading=\"lazy\" decoding=\"async\" src=\"https:\/\/ppid.com\/wp-content\/uploads\/2024\/12\/Robert-Shannon-Esq-1.webp\" alt=\"Robert-Shannon-Esq\" width=\"353\" height=\"380\" \/><\/div>\n<div class=\"attrny-cnt\">\n<h6>Robert Shannon, Esq.<\/h6>\n<p class=\"mrg-btm\">Of Counsel | <strong> Inmigraci\u00f3n<\/strong><\/p>\n<\/div>\n<div><a class=\"hover\" href=\"https:\/\/ppid.com\/es\/attorney\/robert-shannon-esq\/\">Abogados<\/a><\/div>\n<\/div>\n<\/div>\n<\/div>\n<\/div>","protected":false},"excerpt":{"rendered":"<p>PPID is a New York full-service law firm representing clients around the globe. Our experienced legal team navigates the most complicated cases \u2013 start to finish. We\u2019re recognized as one of the \u201cBest Law Firms\u201d in New York City by U.S. News and World Report \u2013 Best Lawyers\u00ae. We have offices in Manhattan and Peekskill, &hellip; <\/p>\n<p class=\"link-more\"><a href=\"https:\/\/ppid.com\/es\/attorney\/\" class=\"more-link\">Seguir leyendo<span class=\"screen-reader-text\"> &#8220;Attorneys&#8221;<\/span><\/a><\/p>","protected":false},"author":1,"featured_media":0,"parent":0,"menu_order":0,"comment_status":"closed","ping_status":"closed","template":"template-parts\/holidayparty-page.php","meta":{"_acf_changed":false,"footnotes":""},"class_list":["post-707","page","type-page","status-publish","hentry","entry"],"acf":[],"yoast_head":"<!-- This site is optimized with the Yoast SEO Premium plugin v26.8 (Yoast SEO v26.8) - https:\/\/yoast.com\/product\/yoast-seo-premium-wordpress\/ -->\n<title>Partners &amp; Attorneys - PPID Law<\/title>\n<meta name=\"description\" content=\"Our team of Partners and Attorneys provides expert legal counsel for Immigration, Personal Injury, Real Estate, and Litigation.\" \/>\n<meta name=\"robots\" content=\"index, follow, max-snippet:-1, max-image-preview:large, max-video-preview:-1\" \/>\n<link rel=\"canonical\" href=\"https:\/\/ppid.com\/es\/attorney\/\" \/>\n<meta property=\"og:locale\" content=\"es_MX\" \/>\n<meta property=\"og:type\" content=\"article\" \/>\n<meta property=\"og:title\" content=\"Attorneys\" \/>\n<meta property=\"og:description\" content=\"Our team of Partners and Attorneys provides expert legal counsel for Immigration, Personal Injury, Real Estate, and Litigation.\" \/>\n<meta property=\"og:url\" content=\"https:\/\/ppid.com\/es\/attorney\/\" \/>\n<meta property=\"og:site_name\" content=\"Pollack, Pollack, Isaac &amp; DeCicco, LLP\" \/>\n<meta property=\"article:modified_time\" content=\"2025-09-16T04:00:55+00:00\" \/>\n<meta property=\"og:image\" content=\"https:\/\/ppid.com\/wp-content\/uploads\/2024\/12\/pollack-img.webp\" \/>\n<meta name=\"twitter:card\" content=\"summary_large_image\" \/>\n<meta name=\"twitter:label1\" content=\"Tiempo de lectura\" \/>\n\t<meta name=\"twitter:data1\" content=\"4 minutos\" \/>\n<script type=\"application\/ld+json\" class=\"yoast-schema-graph\">{\"@context\":\"https:\/\/schema.org\",\"@graph\":[{\"@type\":\"WebPage\",\"@id\":\"https:\/\/ppid.com\/attorney\/\",\"url\":\"https:\/\/ppid.com\/attorney\/\",\"name\":\"Partners & Attorneys - PPID Law\",\"isPartOf\":{\"@id\":\"https:\/\/ppid.com\/#website\"},\"primaryImageOfPage\":{\"@id\":\"https:\/\/ppid.com\/attorney\/#primaryimage\"},\"image\":{\"@id\":\"https:\/\/ppid.com\/attorney\/#primaryimage\"},\"thumbnailUrl\":\"https:\/\/ppid.com\/wp-content\/uploads\/2024\/12\/pollack-img.webp\",\"datePublished\":\"2024-09-10T09:54:56+00:00\",\"dateModified\":\"2025-09-16T04:00:55+00:00\",\"description\":\"Our team of Partners and Attorneys provides expert legal counsel for Immigration, Personal Injury, Real Estate, and Litigation.\",\"breadcrumb\":{\"@id\":\"https:\/\/ppid.com\/attorney\/#breadcrumb\"},\"inLanguage\":\"es\",\"potentialAction\":[{\"@type\":\"ReadAction\",\"target\":[\"https:\/\/ppid.com\/attorney\/\"]}]},{\"@type\":\"ImageObject\",\"inLanguage\":\"es\",\"@id\":\"https:\/\/ppid.com\/attorney\/#primaryimage\",\"url\":\"https:\/\/ppid.com\/wp-content\/uploads\/2024\/12\/pollack-img.webp\",\"contentUrl\":\"https:\/\/ppid.com\/wp-content\/uploads\/2024\/12\/pollack-img.webp\"},{\"@type\":\"BreadcrumbList\",\"@id\":\"https:\/\/ppid.com\/attorney\/#breadcrumb\",\"itemListElement\":[{\"@type\":\"ListItem\",\"position\":1,\"name\":\"Home\",\"item\":\"https:\/\/ppid.com\/\"},{\"@type\":\"ListItem\",\"position\":2,\"name\":\"Attorneys\"}]},{\"@type\":\"WebSite\",\"@id\":\"https:\/\/ppid.com\/#website\",\"url\":\"https:\/\/ppid.com\/\",\"name\":\"Pollack, Pollack, Isaac &amp; DeCicco, LLP\",\"description\":\"\",\"potentialAction\":[{\"@type\":\"SearchAction\",\"target\":{\"@type\":\"EntryPoint\",\"urlTemplate\":\"https:\/\/ppid.com\/?s={search_term_string}\"},\"query-input\":{\"@type\":\"PropertyValueSpecification\",\"valueRequired\":true,\"valueName\":\"search_term_string\"}}],\"inLanguage\":\"es\"}]}<\/script>\n<!-- \/ Yoast SEO Premium plugin. -->","yoast_head_json":{"title":"Socios y abogados - PPID Law","description":"Nuestro equipo de socios y abogados ofrece asesoramiento legal experto en inmigraci\u00f3n, lesiones personales, bienes ra\u00edces y litigios.","robots":{"index":"index","follow":"follow","max-snippet":"max-snippet:-1","max-image-preview":"max-image-preview:large","max-video-preview":"max-video-preview:-1"},"canonical":"https:\/\/ppid.com\/es\/attorney\/","og_locale":"es_MX","og_type":"article","og_title":"Attorneys","og_description":"Our team of Partners and Attorneys provides expert legal counsel for Immigration, Personal Injury, Real Estate, and Litigation.","og_url":"https:\/\/ppid.com\/es\/attorney\/","og_site_name":"Pollack, Pollack, Isaac &amp; DeCicco, LLP","article_modified_time":"2025-09-16T04:00:55+00:00","og_image":[{"url":"https:\/\/ppid.com\/wp-content\/uploads\/2024\/12\/pollack-img.webp","type":"","width":"","height":""}],"twitter_card":"summary_large_image","twitter_misc":{"Tiempo de lectura":"4 minutos"},"schema":{"@context":"https:\/\/schema.org","@graph":[{"@type":"WebPage","@id":"https:\/\/ppid.com\/attorney\/","url":"https:\/\/ppid.com\/attorney\/","name":"Socios y abogados - PPID Law","isPartOf":{"@id":"https:\/\/ppid.com\/#website"},"primaryImageOfPage":{"@id":"https:\/\/ppid.com\/attorney\/#primaryimage"},"image":{"@id":"https:\/\/ppid.com\/attorney\/#primaryimage"},"thumbnailUrl":"https:\/\/ppid.com\/wp-content\/uploads\/2024\/12\/pollack-img.webp","datePublished":"2024-09-10T09:54:56+00:00","dateModified":"2025-09-16T04:00:55+00:00","description":"Nuestro equipo de socios y abogados ofrece asesoramiento legal experto en inmigraci\u00f3n, lesiones personales, bienes ra\u00edces y litigios.","breadcrumb":{"@id":"https:\/\/ppid.com\/attorney\/#breadcrumb"},"inLanguage":"es","potentialAction":[{"@type":"ReadAction","target":["https:\/\/ppid.com\/attorney\/"]}]},{"@type":"ImageObject","inLanguage":"es","@id":"https:\/\/ppid.com\/attorney\/#primaryimage","url":"https:\/\/ppid.com\/wp-content\/uploads\/2024\/12\/pollack-img.webp","contentUrl":"https:\/\/ppid.com\/wp-content\/uploads\/2024\/12\/pollack-img.webp"},{"@type":"BreadcrumbList","@id":"https:\/\/ppid.com\/attorney\/#breadcrumb","itemListElement":[{"@type":"ListItem","position":1,"name":"Home","item":"https:\/\/ppid.com\/"},{"@type":"ListItem","position":2,"name":"Attorneys"}]},{"@type":"WebSite","@id":"https:\/\/ppid.com\/#website","url":"https:\/\/ppid.com\/","name":"Pollack, Pollack, Isaac &amp; DeCicco, LLP","description":"","potentialAction":[{"@type":"SearchAction","target":{"@type":"EntryPoint","urlTemplate":"https:\/\/ppid.com\/?s={search_term_string}"},"query-input":{"@type":"PropertyValueSpecification","valueRequired":true,"valueName":"search_term_string"}}],"inLanguage":"es"}]}},"_links":{"self":[{"href":"https:\/\/ppid.com\/es\/wp-json\/wp\/v2\/pages\/707","targetHints":{"allow":["GET"]}}],"collection":[{"href":"https:\/\/ppid.com\/es\/wp-json\/wp\/v2\/pages"}],"about":[{"href":"https:\/\/ppid.com\/es\/wp-json\/wp\/v2\/types\/page"}],"author":[{"embeddable":true,"href":"https:\/\/ppid.com\/es\/wp-json\/wp\/v2\/users\/1"}],"replies":[{"embeddable":true,"href":"https:\/\/ppid.com\/es\/wp-json\/wp\/v2\/comments?post=707"}],"version-history":[{"count":0,"href":"https:\/\/ppid.com\/es\/wp-json\/wp\/v2\/pages\/707\/revisions"}],"wp:attachment":[{"href":"https:\/\/ppid.com\/es\/wp-json\/wp\/v2\/media?parent=707"}],"curies":[{"name":"wp","href":"https:\/\/api.w.org\/{rel}","templated":true}]}}