{"id":717,"date":"2024-09-10T10:06:25","date_gmt":"2024-09-10T10:06:25","guid":{"rendered":"https:\/\/ppidllp.wpenginepowered.com\/?page_id=717"},"modified":"2025-09-15T06:07:00","modified_gmt":"2025-09-15T06:07:00","slug":"peekskill-immigration-lawyer","status":"publish","type":"page","link":"https:\/\/ppid.com\/es\/peekskill-immigration-lawyer\/","title":{"rendered":"Peekskill Abogado de inmigraci\u00f3n"},"content":{"rendered":"<div id=\"ez-toc-container\" class=\"ez-toc-v2_0_80 counter-hierarchy ez-toc-counter ez-toc-transparent ez-toc-container-direction\">\n<div class=\"ez-toc-title-container\">\n<p class=\"ez-toc-title ez-toc-toggle\" style=\"cursor:pointer\">\u00cdndice<\/p>\n<span class=\"ez-toc-title-toggle\"><a href=\"#\" class=\"ez-toc-pull-right ez-toc-btn ez-toc-btn-xs ez-toc-btn-default ez-toc-toggle\" aria-label=\"Toggle Table of Content\"><span class=\"ez-toc-js-icon-con\"><span class=\"\"><span class=\"eztoc-hide\" style=\"display:none;\">Toggle<\/span><span class=\"ez-toc-icon-toggle-span\"><svg style=\"fill: #999;color:#999\" xmlns=\"http:\/\/www.w3.org\/2000\/svg\" class=\"list-377408\" width=\"20px\" height=\"20px\" viewbox=\"0 0 24 24\" fill=\"none\"><path d=\"M6 6H4v2h2V6zm14 0H8v2h12V6zM4 11h2v2H4v-2zm16 0H8v2h12v-2zM4 16h2v2H4v-2zm16 0H8v2h12v-2z\" fill=\"currentColor\"><\/path><\/svg><svg style=\"fill: #999;color:#999\" class=\"arrow-unsorted-368013\" xmlns=\"http:\/\/www.w3.org\/2000\/svg\" width=\"10px\" height=\"10px\" viewbox=\"0 0 24 24\" version=\"1.2\" baseprofile=\"tiny\"><path d=\"M18.2 9.3l-6.2-6.3-6.2 6.3c-.2.2-.3.4-.3.7s.1.5.3.7c.2.2.4.3.7.3h11c.3 0 .5-.1.7-.3.2-.2.3-.5.3-.7s-.1-.5-.3-.7zM5.8 14.7l6.2 6.3 6.2-6.3c.2-.2.3-.5.3-.7s-.1-.5-.3-.7c-.2-.2-.4-.3-.7-.3h-11c-.3 0-.5.1-.7.3-.2.2-.3.5-.3.7s.1.5.3.7z\"\/><\/svg><\/span><\/span><\/span><\/a><\/span><\/div>\n<nav><ul class='ez-toc-list ez-toc-list-level-1 eztoc-toggle-hide-by-default' ><li class='ez-toc-page-1 ez-toc-heading-level-2'><a class=\"ez-toc-link ez-toc-heading-1\" href=\"https:\/\/ppid.com\/es\/peekskill-immigration-lawyer\/#peekskill-immigration-attorney\" >Peekskill Abogado de inmigraci\u00f3n<\/a><\/li><li class='ez-toc-page-1 ez-toc-heading-level-2'><a class=\"ez-toc-link ez-toc-heading-2\" href=\"https:\/\/ppid.com\/es\/peekskill-immigration-lawyer\/#family-based-immigration-options-in-peekskill-ny\" >Opciones de inmigraci\u00f3n basada en la familia en Peekskill, NY<\/a><\/li><li class='ez-toc-page-1 ez-toc-heading-level-2'><a class=\"ez-toc-link ez-toc-heading-3\" href=\"https:\/\/ppid.com\/es\/peekskill-immigration-lawyer\/#peekskill-employment-based-immigration-avenues\" >Peekskill V\u00edas de inmigraci\u00f3n basadas en el empleo<\/a><\/li><li class='ez-toc-page-1 ez-toc-heading-level-2'><a class=\"ez-toc-link ez-toc-heading-4\" href=\"https:\/\/ppid.com\/es\/peekskill-immigration-lawyer\/#what-are-the-requirements-for-getting-us-citizenship-in-peekskill-new-york\" >\u00bfCu\u00e1les son los requisitos para obtener la ciudadan\u00eda estadounidense en Peekskill, New York?<\/a><\/li><li class='ez-toc-page-1 ez-toc-heading-level-2'><a class=\"ez-toc-link ez-toc-heading-5\" href=\"https:\/\/ppid.com\/es\/peekskill-immigration-lawyer\/#faqs\" >Preguntas frecuentes<\/a><ul class='ez-toc-list-level-3' ><li class='ez-toc-heading-level-3'><a class=\"ez-toc-link ez-toc-heading-6\" href=\"https:\/\/ppid.com\/es\/peekskill-immigration-lawyer\/#can-immigrants-with-a-marriage-based-green-card-work-in-peekskill\" >\u00bfPueden trabajar en Peekskill los inmigrantes con tarjeta verde por matrimonio?<\/a><\/li><li class='ez-toc-page-1 ez-toc-heading-level-3'><a class=\"ez-toc-link ez-toc-heading-7\" href=\"https:\/\/ppid.com\/es\/peekskill-immigration-lawyer\/#do-i-have-to-get-a-peekskill-immigration-lawyer-to-become-a-us-citizen\" >\u00bfTengo que conseguir un abogado de inmigraci\u00f3n Peekskill para convertirme en ciudadano estadounidense?<\/a><\/li><li class='ez-toc-page-1 ez-toc-heading-level-3'><a class=\"ez-toc-link ez-toc-heading-8\" href=\"https:\/\/ppid.com\/es\/peekskill-immigration-lawyer\/#can-i-apply-for-citizenship-in-peekskill-without-a-green-card\" >\u00bfPuedo solicitar la nacionalidad en Peekskill sin tarjeta verde?<\/a><\/li><li class='ez-toc-page-1 ez-toc-heading-level-3'><a class=\"ez-toc-link ez-toc-heading-9\" href=\"https:\/\/ppid.com\/es\/peekskill-immigration-lawyer\/#do-i-need-sponsorship-for-an-employment-based-visa-to-work-in-peekskill\" >\u00bfNecesito un visado de trabajo para trabajar en Peekskill?<\/a><\/li><\/ul><\/li><li class='ez-toc-page-1 ez-toc-heading-level-2'><a class=\"ez-toc-link ez-toc-heading-10\" href=\"https:\/\/ppid.com\/es\/peekskill-immigration-lawyer\/#jumpstart-your-immigration-journey-with-a-peekskill-immigration-lawyer\" >Comience su viaje de inmigraci\u00f3n con un abogado de inmigraci\u00f3n Peekskill<\/a><\/li><\/ul><\/nav><\/div>\n<h2><span class=\"ez-toc-section\" id=\"peekskill-immigration-attorney\"><\/span>Peekskill Abogado de inmigraci\u00f3n<span class=\"ez-toc-section-end\"><\/span><\/h2>\n<p>El PPID ofrece asesoramiento jur\u00eddico a las personas que desean obtener la tarjeta verde estadounidense.<\/p>\n<p>Si no es usted ciudadano y desea vivir y trabajar en Peekskill, New York, es probable que se pregunte c\u00f3mo hacerlo. Puede que ya se encuentre en la zona y quiera legalizar su situaci\u00f3n o solicitar un cambio de situaci\u00f3n. Otros se encuentran en el extranjero y desean reunirse con su familia en Peekskill o desarrollar su carrera profesional. En cualquier caso, un abogado especializado en inmigraci\u00f3n Peekskill de Pollack, Pollack, Isaac &amp; DeCicco puede ayudarle con su caso.<\/p>\n<p>En <a href=\"https:\/\/ppid.com\/es\/firm\/\">Pollack, Pollack, Isaac &amp; DeCicco<\/a>, nuestro equipo de abogados de inmigraci\u00f3n se compromete a unir a colegas y familiares en Peekskill. Podemos ayudarle a hacer frente a sus retos relacionados con la inmigraci\u00f3n y proporcionar orientaci\u00f3n y asesoramiento en materia de inmigraci\u00f3n basada en la familia, la inmigraci\u00f3n basada en el empleo, la naturalizaci\u00f3n, la defensa de expulsi\u00f3n, defensa penal, y m\u00e1s. Cuando usted trabaja con nuestro equipo, podemos centrar sus necesidades y objetivos basados en la inmigraci\u00f3n.<\/p>\n<h2><span class=\"ez-toc-section\" id=\"family-based-immigration-options-in-peekskill-ny\"><\/span>Opciones de inmigraci\u00f3n basada en la familia en Peekskill, NY<span class=\"ez-toc-section-end\"><\/span><\/h2>\n<p>Aquellos con relaciones familiares espec\u00edficas a los ciudadanos o los que tienen estatus de residente permanente legal, tambi\u00e9n conocido como titulares de la tarjeta verde, son elegibles para ciertos tipos de visas. El equipo de inmigraci\u00f3n legal de Pollack, Pollack, Isaac &amp; DeCicco puede ayudarle a solicitar visados de inmigraci\u00f3n basados en la familia para volver a conectar con sus seres queridos, adem\u00e1s de ayudar a los miembros de la familia que ya se encuentran en los EE.UU. a ajustar su estatus. Basado en la relaci\u00f3n familiar existente y el estatus de ciudadan\u00eda del solicitante, la prioridad de la tarjeta verde basada en la familia variar\u00e1.<\/p>\n<p>Las personas que son parientes cercanos de ciudadanos estadounidenses o residentes permanentes legales pueden optar a una tarjeta verde basada en la familia. Dichos familiares pueden incluir hijos, c\u00f3nyuges, padres y hermanos, as\u00ed como viudos y viudas, dependiendo del estatus del familiar solicitante. Ciertos miembros de la familia extensa, como abuelos, t\u00edos y t\u00edas, no son elegibles para una visa basada en la familia.<\/p>\n<p>Un abogado experto en inmigraci\u00f3n de Pollack, Pollack, Isaac &amp; DeCicco puede analizar los detalles de su situaci\u00f3n y ayudarle a determinar qu\u00e9 estrategia de inmigraci\u00f3n basada en la familia es \u00f3ptima para usted y su familia. Ellos pueden ayudarle con el proceso de solicitud y proporcionar con precisi\u00f3n los costos previstos y los tiempos de espera sobre la base de su caso espec\u00edfico.<\/p>\n<h2><span class=\"ez-toc-section\" id=\"peekskill-employment-based-immigration-avenues\"><\/span>Peekskill V\u00edas de inmigraci\u00f3n basadas en el empleo<span class=\"ez-toc-section-end\"><\/span><\/h2>\n<p>Las tarjetas verdes basadas en el empleo en Peekskill son una forma eficaz de acceder a la residencia legal permanente; sin embargo, conseguir una puede ser dif\u00edcil. El tipo de tarjeta verde basada en el empleo que elegir\u00e1 el solicitante depender\u00e1 de su formaci\u00f3n profesional y educativa y del tipo de trabajo que le interese realizar. <strong>Un abogado de inmigraci\u00f3n de Pollack, Pollack, Isaac &amp; DeCicco puede ayudarle a solicitar diferentes tarjetas verdes basadas en el empleo, incluyendo:<\/strong><\/p>\n<ul>\n<li><strong><a href=\"https:\/\/www.uscis.gov\/working-in-the-united-states\/permanent-workers\/employment-based-immigration-first-preference-eb-1\" target=\"_blank\" rel=\"noopener\">Categor\u00eda EB-1<\/a>.<\/strong> Las tarjetas verdes basadas en el empleo de la categor\u00eda EB-1 son para trabajadores de primera preferencia. Quienes hayan demostrado capacidades extraordinarias en \u00e1mbitos como la educaci\u00f3n, la empresa y las ciencias pueden optar a los visados EB-1A, que pueden ser autofinanciados. Las categor\u00edas EB-1B y EB-1C incluyen a investigadores y profesores destacados, as\u00ed como a ejecutivos de empresas multinacionales.<\/li>\n<li><strong><a href=\"https:\/\/www.uscis.gov\/working-in-the-united-states\/permanent-workers\/employment-based-immigration-second-preference-eb-2\" target=\"_blank\" rel=\"noopener\">Categor\u00eda EB-2<\/a>.<\/strong> Esta categor\u00eda de segunda preferencia est\u00e1 destinada a personas que posean al menos un t\u00edtulo de postgrado de m\u00e1ster o una licenciatura y cinco a\u00f1os adicionales de experiencia pertinente. Otros trabajadores que pueden optar a este t\u00edtulo son los que prestan servicios de inter\u00e9s nacional y los que poseen aptitudes excepcionales en las artes, las ciencias o los negocios. Tambi\u00e9n pueden optar los m\u00e9dicos que est\u00e9n dispuestos a prestar servicios en zonas rurales durante un periodo determinado.<\/li>\n<li><strong><a href=\"https:\/\/www.uscis.gov\/working-in-the-united-states\/permanent-workers\/employment-based-immigration-third-preference-eb-3\" target=\"_blank\" rel=\"noopener\">Categor\u00eda EB-3<\/a>.<\/strong> Los trabajadores que pueden optar a un visado de trabajo de categor\u00eda EB-3 pueden ser tanto trabajadores cualificados como no cualificados. Los trabajadores cualificados deben tener al menos dos a\u00f1os de experiencia o formaci\u00f3n relevante para el puesto de trabajo deseado. Los puestos que requieren una licenciatura o equivalente en EE.UU. entran en la categor\u00eda EB-3.<\/li>\n<li><strong><a href=\"https:\/\/www.uscis.gov\/working-in-the-united-states\/permanent-workers\/employment-based-immigration-fourth-preference-eb-4\" target=\"_blank\" rel=\"noopener\">Categor\u00eda EB-4<\/a>.<\/strong> Esta categor\u00eda de tarjeta verde basada en el empleo es para trabajadores especiales, como religiosos, ministros, profesionales que trabajan en medios de comunicaci\u00f3n, personas de determinadas nacionalidades que sirvieron al Gobierno de EE.UU. y jubilados que trabajaron para organizaciones internacionales.<\/li>\n<li><strong><a href=\"https:\/\/www.uscis.gov\/working-in-the-united-states\/permanent-workers\/eb-5-immigrant-investor-program\" target=\"_blank\" rel=\"noopener\">Categor\u00eda EB-5<\/a>.<\/strong> La categor\u00eda EB-5 est\u00e1 reservada a los inversores que tengan previsto invertir m\u00e1s de un mill\u00f3n de d\u00f3lares y crear 10 nuevos puestos de trabajo a tiempo completo. Los inversores que se comprometan a invertir m\u00e1s de $500.000 en sectores espec\u00edficos desatendidos y vayan a crear al menos 10 puestos de trabajo a tiempo completo tambi\u00e9n pueden optar a esta categor\u00eda.<\/li>\n<\/ul>\n<p>Aunque solicitar una tarjeta verde basada en el empleo puede ser complejo, los abogados de Pollack, Pollack, Isaac &amp; DeCicco pueden apoyarle en cada paso del camino. Adem\u00e1s, si usted est\u00e1 buscando trabajar en una base menos permanente, visas de trabajo temporal est\u00e1n disponibles tambi\u00e9n. Nuestro equipo de inmigraci\u00f3n puede ayudarle a solicitar visados de trabajo para no inmigrantes, como un visado L-1 o H-1B.<\/p>\n<p>Podemos tener en cuenta su formaci\u00f3n acad\u00e9mica y profesional, adem\u00e1s de sus objetivos laborales y de inmigraci\u00f3n, para ayudarle a encontrar una v\u00eda de inmigraci\u00f3n \u00f3ptima en Peekskill. Tanto si ya vive en los EE.UU. y desea obtener una autorizaci\u00f3n de trabajo, como si desea trasladarse a Peekskill desde el extranjero para avanzar en su carrera, nuestros abogados de inmigraci\u00f3n pueden ayudarle a satisfacer sus necesidades de inmigraci\u00f3n.<\/p>\n<h2><span class=\"ez-toc-section\" id=\"what-are-the-requirements-for-getting-us-citizenship-in-peekskill-new-york\"><\/span>\u00bfCu\u00e1les son los requisitos para obtener la ciudadan\u00eda estadounidense en Peekskill, New York?<span class=\"ez-toc-section-end\"><\/span><\/h2>\n<p>Conseguir la nacionalidad estadounidense en <a href=\"https:\/\/www.cityofpeekskill.com\/\" target=\"_blank\" rel=\"noopener\">Peekskill, New York<\/a>es un hito importante en el proceso de inmigraci\u00f3n, y el equipo legal de inmigraci\u00f3n en Pollack, Pollack, Isaac &amp; DeCicco est\u00e1 dispuesto a apoyarle con la naturalizaci\u00f3n de principio a fin. <strong>Para convertirse en ciudadano estadounidense, los solicitantes de la naturalizaci\u00f3n deber\u00e1n cumplir ciertos requisitos, entre los que se incluyen:<\/strong><\/p>\n<ul>\n<li><strong>Requisitos de edad.<\/strong> Los solicitantes deber\u00e1n tener una edad m\u00ednima requerida para iniciar el proceso de naturalizaci\u00f3n.<\/li>\n<li><strong>Residencia continuada.<\/strong> Los solicitantes de naturalizaci\u00f3n deber\u00e1n haber residido f\u00edsicamente en Estados Unidos de forma continuada durante un determinado periodo de tiempo, que depender\u00e1 del tipo de tarjeta de residencia que posean.<\/li>\n<li><strong>Establecimiento de residencia.<\/strong> Las personas que deseen solicitar la nacionalidad estadounidense en Peekskill deber\u00e1n haber establecido su residencia en el estado de New York durante un periodo m\u00ednimo.<\/li>\n<li><strong>Buen car\u00e1cter moral.<\/strong> USCIS debe determinar que el solicitante tiene buen car\u00e1cter moral. Para determinarlo, analizar\u00e1n ciertos aspectos de los antecedentes del solicitante, incluidos sus antecedentes penales, en un plazo determinado.<\/li>\n<li><strong>Requisitos de idiomas y conocimientos.<\/strong> Los solicitantes de naturalizaci\u00f3n tendr\u00e1n que tomar una prueba de idioma Ingl\u00e9s, as\u00ed como una prueba de educaci\u00f3n c\u00edvica y de gobierno que garantice su conocimiento de los componentes pol\u00edticos clave de EE.UU.. Aunque hay exenciones a esta prueba, los detalles de su caso deben ser discutidos con un abogado de inmigraci\u00f3n en Pollack, Pollack, Isaac &amp; DeCicco para confirmar.<\/li>\n<\/ul>\n<p>Al final del proceso de naturalizaci\u00f3n, los solicitantes deben jurar su lealtad a los Estados Unidos para obtener su ciudadan\u00eda. Aunque el proceso de naturalizaci\u00f3n en Peekskill puede ser complejo y desorientador, un abogado de inmigraci\u00f3n especializado de Pollack, Pollack, Isaac &amp; DeCicco puede proporcionarle el asesoramiento legal y el apoyo burocr\u00e1tico que necesita para garantizar la eficiencia, adem\u00e1s de ahorrar tiempo y costes.<\/p>\n<h2><span class=\"ez-toc-section\" id=\"faqs\"><\/span>Preguntas frecuentes<span class=\"ez-toc-section-end\"><\/span><\/h2>\n<div class=\"accsec-ritcnt accordion\">\n<div class=\"accordion-section\">\n<h3><span class=\"ez-toc-section\" id=\"can-immigrants-with-a-marriage-based-green-card-work-in-peekskill\"><\/span><a class=\"accordion-section-title active\" href=\"#accordion-1\">\u00bfPueden trabajar en Peekskill los inmigrantes con tarjeta verde por matrimonio?<\/a><span class=\"ez-toc-section-end\"><\/span><\/h3>\n<div id=\"accordion-1\" class=\"accordion-section-content open\" style=\"display: block;\">\n<p>S\u00ed, las personas que viven en Peekskill con una tarjeta verde por matrimonio tienen autorizaci\u00f3n legal para trabajar en New York. Las personas con una solicitud de tarjeta verde por matrimonio pendiente en New York que ya tienen un visado de no inmigrante con autorizaci\u00f3n de trabajo, como un visado L1, pueden seguir trabajando hasta que reciban su tarjeta verde. Las personas que actualmente no tienen autorizaci\u00f3n de trabajo y est\u00e1n esperando su tarjeta verde pueden solicitar autorizaci\u00f3n de trabajo presentando el formulario I-765, Solicitud de autorizaci\u00f3n de empleo.<\/p>\n<\/div>\n<\/div>\n<div class=\"accordion-section\">\n<h3><span class=\"ez-toc-section\" id=\"do-i-have-to-get-a-peekskill-immigration-lawyer-to-become-a-us-citizen\"><\/span><a class=\"accordion-section-title\" href=\"#accordion-2\">\u00bfTengo que conseguir un abogado de inmigraci\u00f3n Peekskill para convertirme en ciudadano estadounidense?<\/a><span class=\"ez-toc-section-end\"><\/span><\/h3>\n<div id=\"accordion-2\" class=\"accordion-section-content\" style=\"display: none;\">\n<p>No, la ley no exige que un abogado de inmigraci\u00f3n le ayude con el proceso de naturalizaci\u00f3n para convertirse en ciudadano estadounidense en Peekskill. Sin embargo, es importante tener en cuenta que el proceso de naturalizaci\u00f3n tiene una mir\u00edada de requisitos de elegibilidad, adem\u00e1s de documentaci\u00f3n de apoyo y aplicaciones con plazos asociados.<\/p>\n<p>Un abogado de inmigraci\u00f3n Peekskill puede ayudarle a ahorrar tiempo y dinero asegur\u00e1ndose de que cumple adecuadamente los requisitos y de que los materiales de su solicitud se presentan completos, sin errores y a tiempo.<\/p>\n<\/div>\n<\/div>\n<div class=\"accordion-section\">\n<h3><span class=\"ez-toc-section\" id=\"can-i-apply-for-citizenship-in-peekskill-without-a-green-card\"><\/span><a class=\"accordion-section-title\" href=\"#accordion-3\">\u00bfPuedo solicitar la nacionalidad en Peekskill sin tarjeta verde?<\/a><span class=\"ez-toc-section-end\"><\/span><\/h3>\n<div id=\"accordion-3\" class=\"accordion-section-content\" style=\"display: none;\">\n<p>Obtener la ciudadan\u00eda en Peekskill mediante naturalizaci\u00f3n sin poseer anteriormente una tarjeta verde es posible, pero s\u00f3lo en determinadas circunstancias poco frecuentes. Hay ciertas oportunidades para los veteranos nacidos en el extranjero o miembros de las fuerzas armadas para obtener la ciudadan\u00eda sin pasar por el proceso de naturalizaci\u00f3n. Un abogado de inmigraci\u00f3n Peekskill puede ayudarle a determinar qu\u00e9 v\u00eda de inmigraci\u00f3n es \u00f3ptima para obtener la ciudadan\u00eda en su caso.<\/p>\n<\/div>\n<\/div>\n<div class=\"accordion-section\">\n<h3><span class=\"ez-toc-section\" id=\"do-i-need-sponsorship-for-an-employment-based-visa-to-work-in-peekskill\"><\/span><a class=\"accordion-section-title\" href=\"#accordion-4\">\u00bfNecesito un visado de trabajo para trabajar en Peekskill?<\/a><span class=\"ez-toc-section-end\"><\/span><\/h3>\n<div id=\"accordion-4\" class=\"accordion-section-content\" style=\"display: none;\">\n<p>Aunque la mayor\u00eda de los visados basados en el empleo requieren el patrocinio de un empleador, hay ciertos visados de trabajo que pueden solicitarse mediante autopatrocinio. Por ejemplo, un visado EB-1A, que es para personas que poseen habilidades extraordinarias en \u00e1reas como el atletismo, las artes, las ciencias, la educaci\u00f3n o los negocios, puede solicitarse mediante autopetici\u00f3n, aunque deben cumplirse y demostrarse criterios clave.<\/p>\n<p>Una Exenci\u00f3n por Inter\u00e9s Natural tambi\u00e9n puede permitir a las personas que solicitan visados EB-2 renunciar a la necesidad de tener un patrocinador y pasar por la certificaci\u00f3n laboral.<\/p>\n<\/div>\n<\/div>\n<\/div>\n<h2><span class=\"ez-toc-section\" id=\"jumpstart-your-immigration-journey-with-a-peekskill-immigration-lawyer\"><\/span>Comience su viaje de inmigraci\u00f3n con un abogado de inmigraci\u00f3n Peekskill<span class=\"ez-toc-section-end\"><\/span><\/h2>\n<p>Si usted est\u00e1 buscando refugio de la guerra o la persecuci\u00f3n, est\u00e1 buscando para avanzar en su carrera, o le gustar\u00eda formar una familia en Peekskill, nuestro equipo legal de inmigraci\u00f3n puede ayudarle a trabajar para cumplir con sus objetivos de inmigraci\u00f3n. Hablamos un amplio espectro de idiomas y proporcionamos un espacio compasivo y confidencial para que pueda proporcionar los detalles de su caso y explicar sus preocupaciones sin ser juzgado.<\/p>\n<p>Al entender su caso y objetivos a fondo, un abogado de inmigraci\u00f3n de Pollack, Pollack, Isaac &amp; DeCicco puede ayudarle a elaborar una estrategia de inmigraci\u00f3n \u00f3ptima. <a href=\"https:\/\/ppid.com\/es\/contact\/\">P\u00f3ngase en contacto hoy mismo con nuestro equipo experto y trabajador<\/a> para empezar.<\/p>\n<p><iframe loading=\"lazy\" style=\"border: 0;\" src=\"https:\/\/www.google.com\/maps\/embed?pb=!1m18!1m12!1m3!1d23983.794226786555!2d-73.94385359262766!3d41.28766426397746!2m3!1f0!2f0!3f0!3m2!1i1024!2i768!4f13.1!3m3!1m2!1s0x89c2b6ea3df98c41%3A0xe8e288f9b0fab8a1!2sPeekskill%2C%20NY%2C%20USA!5e0!3m2!1sen!2sin!4v1750682363080!5m2!1sen!2sin\" width=\"100%\" height=\"300\" allowfullscreen=\"allowfullscreen\"><\/iframe><\/p>","protected":false},"excerpt":{"rendered":"<p>Peekskill Immigration Attorney PPID provides legal counsel to those seeking a U.S. Green Card. If you are a noncitizen who would like to live and work in Peekskill, New York, then you are likely wondering how to do so. You may already be located in the area and are looking to legalize your status or &hellip; <\/p>\n<p class=\"link-more\"><a href=\"https:\/\/ppid.com\/es\/peekskill-immigration-lawyer\/\" class=\"more-link\">Seguir leyendo<span class=\"screen-reader-text\"> &#8220;Peekskill Immigration Lawyer&#8221;<\/span><\/a><\/p>","protected":false},"author":1,"featured_media":0,"parent":0,"menu_order":0,"comment_status":"closed","ping_status":"closed","template":"","meta":{"_acf_changed":false,"footnotes":""},"class_list":["post-717","page","type-page","status-publish","hentry","entry"],"acf":[],"yoast_head":"<!-- This site is optimized with the Yoast SEO Premium plugin v26.8 (Yoast SEO v26.8) - https:\/\/yoast.com\/product\/yoast-seo-premium-wordpress\/ -->\n<title>Peekskill Immigration Lawyer &amp; Law Firm<\/title>\n<meta name=\"description\" content=\"Our Peekskill immigration lawyers can help you address your immigration-related challenges and provide guidance and advice. Contact us today.\" \/>\n<meta name=\"robots\" content=\"index, follow, max-snippet:-1, max-image-preview:large, max-video-preview:-1\" \/>\n<link rel=\"canonical\" href=\"https:\/\/ppid.com\/es\/peekskill-immigration-lawyer\/\" \/>\n<meta property=\"og:locale\" content=\"es_MX\" \/>\n<meta property=\"og:type\" content=\"article\" \/>\n<meta property=\"og:title\" content=\"Peekskill Immigration Lawyer\" \/>\n<meta property=\"og:description\" content=\"Our Peekskill immigration lawyers can help you address your immigration-related challenges and provide guidance and advice. Contact us today.\" \/>\n<meta property=\"og:url\" content=\"https:\/\/ppid.com\/es\/peekskill-immigration-lawyer\/\" \/>\n<meta property=\"og:site_name\" content=\"Pollack, Pollack, Isaac &amp; DeCicco, LLP\" \/>\n<meta property=\"article:modified_time\" content=\"2025-09-15T06:07:00+00:00\" \/>\n<meta name=\"twitter:card\" content=\"summary_large_image\" \/>\n<meta name=\"twitter:label1\" content=\"Tiempo de lectura\" \/>\n\t<meta name=\"twitter:data1\" content=\"7 minutos\" \/>\n<!-- \/ Yoast SEO Premium plugin. -->","yoast_head_json":{"title":"Peekskill Abogado de inmigraci\u00f3n y bufete de abogados","description":"Nuestros abogados de inmigraci\u00f3n Peekskill pueden ayudarle a resolver sus problemas relacionados con la inmigraci\u00f3n y proporcionarle orientaci\u00f3n y asesoramiento. P\u00f3ngase en contacto con nosotros hoy mismo.","robots":{"index":"index","follow":"follow","max-snippet":"max-snippet:-1","max-image-preview":"max-image-preview:large","max-video-preview":"max-video-preview:-1"},"canonical":"https:\/\/ppid.com\/es\/peekskill-immigration-lawyer\/","og_locale":"es_MX","og_type":"article","og_title":"Peekskill Immigration Lawyer","og_description":"Our Peekskill immigration lawyers can help you address your immigration-related challenges and provide guidance and advice. Contact us today.","og_url":"https:\/\/ppid.com\/es\/peekskill-immigration-lawyer\/","og_site_name":"Pollack, Pollack, Isaac &amp; DeCicco, LLP","article_modified_time":"2025-09-15T06:07:00+00:00","twitter_card":"summary_large_image","twitter_misc":{"Tiempo de lectura":"7 minutos"},"schema":{"@context":"https:\/\/schema.org","@graph":[{"@type":"WebPage","@id":"https:\/\/ppid.com\/peekskill-immigration-lawyer\/","url":"https:\/\/ppid.com\/peekskill-immigration-lawyer\/","name":"Peekskill Abogado de inmigraci\u00f3n y bufete de abogados","isPartOf":{"@id":"https:\/\/ppid.com\/#website"},"datePublished":"2024-09-10T10:06:25+00:00","dateModified":"2025-09-15T06:07:00+00:00","description":"Nuestros abogados de inmigraci\u00f3n Peekskill pueden ayudarle a resolver sus problemas relacionados con la inmigraci\u00f3n y proporcionarle orientaci\u00f3n y asesoramiento. P\u00f3ngase en contacto con nosotros hoy mismo.","breadcrumb":{"@id":"https:\/\/ppid.com\/peekskill-immigration-lawyer\/#breadcrumb"},"inLanguage":"es","potentialAction":[{"@type":"ReadAction","target":["https:\/\/ppid.com\/peekskill-immigration-lawyer\/"]}]},{"@type":"BreadcrumbList","@id":"https:\/\/ppid.com\/peekskill-immigration-lawyer\/#breadcrumb","itemListElement":[{"@type":"ListItem","position":1,"name":"Home","item":"https:\/\/ppid.com\/"},{"@type":"ListItem","position":2,"name":"Peekskill Immigration Lawyer"}]},{"@type":"WebSite","@id":"https:\/\/ppid.com\/#website","url":"https:\/\/ppid.com\/","name":"Pollack, Pollack, Isaac &amp; DeCicco, LLP","description":"","potentialAction":[{"@type":"SearchAction","target":{"@type":"EntryPoint","urlTemplate":"https:\/\/ppid.com\/?s={search_term_string}"},"query-input":{"@type":"PropertyValueSpecification","valueRequired":true,"valueName":"search_term_string"}}],"inLanguage":"es"}]}},"_links":{"self":[{"href":"https:\/\/ppid.com\/es\/wp-json\/wp\/v2\/pages\/717","targetHints":{"allow":["GET"]}}],"collection":[{"href":"https:\/\/ppid.com\/es\/wp-json\/wp\/v2\/pages"}],"about":[{"href":"https:\/\/ppid.com\/es\/wp-json\/wp\/v2\/types\/page"}],"author":[{"embeddable":true,"href":"https:\/\/ppid.com\/es\/wp-json\/wp\/v2\/users\/1"}],"replies":[{"embeddable":true,"href":"https:\/\/ppid.com\/es\/wp-json\/wp\/v2\/comments?post=717"}],"version-history":[{"count":0,"href":"https:\/\/ppid.com\/es\/wp-json\/wp\/v2\/pages\/717\/revisions"}],"wp:attachment":[{"href":"https:\/\/ppid.com\/es\/wp-json\/wp\/v2\/media?parent=717"}],"curies":[{"name":"wp","href":"https:\/\/api.w.org\/{rel}","templated":true}]}}