{"id":756,"date":"2024-09-10T10:58:28","date_gmt":"2024-09-10T10:58:28","guid":{"rendered":"https:\/\/ppidllp.wpenginepowered.com\/?page_id=756"},"modified":"2026-04-03T21:02:30","modified_gmt":"2026-04-03T21:02:30","slug":"tn-visa","status":"publish","type":"page","link":"https:\/\/ppid.com\/es\/nyc-work-visa-lawyer\/tn-visa\/","title":{"rendered":"TN Visa Lawyer in New York City"},"content":{"rendered":"<div id=\"ez-toc-container\" class=\"ez-toc-v2_0_80 counter-hierarchy ez-toc-counter ez-toc-transparent ez-toc-container-direction\">\n<div class=\"ez-toc-title-container\">\n<p class=\"ez-toc-title ez-toc-toggle\" style=\"cursor:pointer\">\u00cdndice<\/p>\n<span class=\"ez-toc-title-toggle\"><a href=\"#\" class=\"ez-toc-pull-right ez-toc-btn ez-toc-btn-xs ez-toc-btn-default ez-toc-toggle\" aria-label=\"Toggle Table of Content\"><span class=\"ez-toc-js-icon-con\"><span class=\"\"><span class=\"eztoc-hide\" style=\"display:none;\">Toggle<\/span><span class=\"ez-toc-icon-toggle-span\"><svg style=\"fill: #999;color:#999\" xmlns=\"http:\/\/www.w3.org\/2000\/svg\" class=\"list-377408\" width=\"20px\" height=\"20px\" viewbox=\"0 0 24 24\" fill=\"none\"><path d=\"M6 6H4v2h2V6zm14 0H8v2h12V6zM4 11h2v2H4v-2zm16 0H8v2h12v-2zM4 16h2v2H4v-2zm16 0H8v2h12v-2z\" fill=\"currentColor\"><\/path><\/svg><svg style=\"fill: #999;color:#999\" class=\"arrow-unsorted-368013\" xmlns=\"http:\/\/www.w3.org\/2000\/svg\" width=\"10px\" height=\"10px\" viewbox=\"0 0 24 24\" version=\"1.2\" baseprofile=\"tiny\"><path d=\"M18.2 9.3l-6.2-6.3-6.2 6.3c-.2.2-.3.4-.3.7s.1.5.3.7c.2.2.4.3.7.3h11c.3 0 .5-.1.7-.3.2-.2.3-.5.3-.7s-.1-.5-.3-.7zM5.8 14.7l6.2 6.3 6.2-6.3c.2-.2.3-.5.3-.7s-.1-.5-.3-.7c-.2-.2-.4-.3-.7-.3h-11c-.3 0-.5.1-.7.3-.2.2-.3.5-.3.7s.1.5.3.7z\"\/><\/svg><\/span><\/span><\/span><\/a><\/span><\/div>\n<nav><ul class='ez-toc-list ez-toc-list-level-1 eztoc-toggle-hide-by-default' ><li class='ez-toc-page-1 ez-toc-heading-level-2'><a class=\"ez-toc-link ez-toc-heading-1\" href=\"https:\/\/ppid.com\/es\/nyc-work-visa-lawyer\/tn-visa\/#nyc-tn-visas-attorney\" >NYC TN Visas Abogado<\/a><\/li><li class='ez-toc-page-1 ez-toc-heading-level-2'><a class=\"ez-toc-link ez-toc-heading-2\" href=\"https:\/\/ppid.com\/es\/nyc-work-visa-lawyer\/tn-visa\/#how-can-i-get-a-tn-visa-to-work-in-new-york-city\" >\u00bfC\u00f3mo puedo obtener un visado TN para trabajar en New York City?<\/a><\/li><li class='ez-toc-page-1 ez-toc-heading-level-2'><a class=\"ez-toc-link ez-toc-heading-3\" href=\"https:\/\/ppid.com\/es\/nyc-work-visa-lawyer\/tn-visa\/#faqs\" >Preguntas frecuentes<\/a><ul class='ez-toc-list-level-3' ><li class='ez-toc-heading-level-3'><a class=\"ez-toc-link ez-toc-heading-4\" href=\"https:\/\/ppid.com\/es\/nyc-work-visa-lawyer\/tn-visa\/#how-long-can-i-work-with-my-tn-visa-in-new-york-city\" >\u00bfCu\u00e1nto tiempo puedo trabajar con mi visado TN en New York City?<\/a><\/li><li class='ez-toc-page-1 ez-toc-heading-level-3'><a class=\"ez-toc-link ez-toc-heading-5\" href=\"https:\/\/ppid.com\/es\/nyc-work-visa-lawyer\/tn-visa\/#can-i-bring-my-spouse-with-me-to-nyc-with-a-tn-visa\" >\u00bfPuedo traer a mi c\u00f3nyuge conmigo a Nueva York con un visado TN?<\/a><\/li><li class='ez-toc-page-1 ez-toc-heading-level-3'><a class=\"ez-toc-link ez-toc-heading-6\" href=\"https:\/\/ppid.com\/es\/nyc-work-visa-lawyer\/tn-visa\/#who-qualifies-for-a-tn-visa-to-work-in-new-york-city\" >\u00bfQui\u00e9n puede obtener un visado TN para trabajar en New York City?<\/a><\/li><li class='ez-toc-page-1 ez-toc-heading-level-3'><a class=\"ez-toc-link ez-toc-heading-7\" href=\"https:\/\/ppid.com\/es\/nyc-work-visa-lawyer\/tn-visa\/#can-i-get-a-green-card-with-a-tn-visa\" >\u00bfPuedo obtener la tarjeta verde con un visado TN?<\/a><\/li><li class='ez-toc-page-1 ez-toc-heading-level-3'><a class=\"ez-toc-link ez-toc-heading-8\" href=\"https:\/\/ppid.com\/es\/nyc-work-visa-lawyer\/tn-visa\/#how-long-does-it-take-to-get-a-tn-visa-to-work-in-new-york-city\" >\u00bfCu\u00e1nto tiempo se tarda en obtener un visado TN para trabajar en New York City?<\/a><\/li><\/ul><\/li><\/ul><\/nav><\/div>\n<h2><span class=\"ez-toc-section\" id=\"nyc-tn-visas-attorney\"><\/span>NYC TN Visas Abogado<span class=\"ez-toc-section-end\"><\/span><\/h2>\n<p>Los abogados de PPID ayudan a conseguir visados TN para trabajadores no inmigrantes canadienses y mexicanos.<\/p>\n<div class=\"innr-pg-btn\"><a class=\"cmn-btn\" href=\"https:\/\/ppid.com\/es\/schedule-consultation\/\">Concertar una consulta<\/a><\/div>\n<p>Bienvenido a PPID, donde nos especializamos en ayudar a ciudadanos canadienses y mexicanos a aprovechar las oportunidades de la Visa TN - una visa de no inmigrante que otorga autorizaci\u00f3n temporal de trabajo en los Estados Unidos. Originalmente parte del TLCAN y ahora preservada bajo el USMCA, la visa TN atiende a profesionales dedicados a ocupaciones espec\u00edficas enumeradas en la Serie de Empleos Profesionales del TLCAN.<\/p>\n<p>Si usted tiene una licenciatura o credenciales pertinentes y la experiencia necesaria para su profesi\u00f3n elegida, nuestros abogados experimentados est\u00e1n aqu\u00ed para guiarle a trav\u00e9s del proceso de visado TN, haciendo su sue\u00f1o de trabajar en los EE.UU. una realidad. P\u00f3ngase en contacto con un<strong> New York City Abogado visado TN<\/strong> de nuestro bufete hoy mismo.<\/p>\n<h2><span class=\"ez-toc-section\" id=\"how-can-i-get-a-tn-visa-to-work-in-new-york-city\"><\/span>\u00bfC\u00f3mo puedo obtener un visado TN para trabajar en New York City?<span class=\"ez-toc-section-end\"><\/span><\/h2>\n<p>Obtener un visado TN para trabajar como no inmigrante en New York City es una oportunidad apasionante que se ofrece a los extranjeros con nacionalidad canadiense y mexicana. Aunque la perspectiva de trabajar en Nueva York puede resultar seductora, algunos solicitantes se sienten intimidados por la complejidad del proceso, lo que hace que obtengan un visado de forma ineficaz o renuncien por completo a sus sue\u00f1os. <strong>Una persona compasiva y bien informada <a href=\"https:\/\/ppid.com\/es\/attorney\/yi-zhao-esq\/\">New York City Abogado visado TN<\/a> de nuestro bufete de abogados puede ayudarle con el siguiente proceso para obtener su visa TN:<\/strong><\/p>\n<ul>\n<li><strong>Determinaci\u00f3n de su admisibilidad.<\/strong> Los requisitos del visado TN pueden ser estrictos. Por lo tanto, es fundamental que te asegures de que cumples todos los requisitos de fondo, como tener determinadas cualificaciones y educaci\u00f3n, as\u00ed como trabajar en una ocupaci\u00f3n profesional del TLCAN. <a href=\"https:\/\/ppid.com\/es\/attorney\/kenneth-law-esq\/\">Un abogado de inmigraci\u00f3n reflexivo<\/a> pueden asegurarse de que cumples los requisitos y, si no los cumples, pueden ayudarte a determinar otras posibles opciones para trabajar en NYC.<\/li>\n<li><strong>Apoyo a la b\u00fasqueda de empleo.<\/strong> Aunque un abogado de nuestro bufete no puede asegurarle un empleo, s\u00ed puede asesorarle sobre los tipos de empleos que entran dentro de las profesiones del TLCAN, que deber\u00eda buscar y solicitar.<\/li>\n<li><strong>Prepare su solicitud.<\/strong> Para solicitar un visado TN, deber\u00e1 reunir la documentaci\u00f3n pertinente, incluidas pruebas de sus cualificaciones, como diplomas y licencias, la carta de empleo de su posible empleador y pruebas de que es ciudadano canadiense o mexicano.<\/li>\n<li><strong>Solicitud en la frontera.<\/strong> Los ciudadanos canadienses pueden saltarse los siguientes pasos presentando su documentaci\u00f3n en la frontera a un funcionario de la Patrulla de Aduanas y Fronteras. Ellos tomar\u00e1n una decisi\u00f3n el mismo d\u00eda sobre su elegibilidad. Si su solicitud es aprobada, se le conceder\u00e1 la entrada a New York como no inmigrante TN.<\/li>\n<li><strong>Rellenar el DS-160.<\/strong> El formulario DS-160 es la solicitud de visado de no inmigrante que deber\u00e1 cumplimentar en su totalidad y que incluye informaci\u00f3n sobre usted, sus objetivos en Estados Unidos y el per\u00edodo de estancia previsto.<\/li>\n<li><strong>Presentaci\u00f3n de la solicitud de visado.<\/strong> Los ciudadanos mexicanos est\u00e1n obligados a solicitar un visado TN en una embajada o consulado estadounidense antes de poder entrar en Estados Unidos. Por lo tanto, deber\u00e1n presentar el formulario DS-160 y la solicitud de apoyo. Tambi\u00e9n tendr\u00e1n que pagar la tasa de solicitud.<\/li>\n<li><strong>Asistir a una entrevista.<\/strong> Los ciudadanos mexicanos que deban solicitar un visado TN deber\u00e1n asistir a una entrevista para que se les conceda el visado. Si la solicitud es aprobada, se les entregar\u00e1 un sello de visado, que les permitir\u00e1 entrar en EE.UU. y viajar al New York City.<\/li>\n<\/ul>\n<p>Los ciudadanos canadienses tambi\u00e9n pueden hacer que su posible empleador TN presente un Formulario I-129, Petici\u00f3n de Trabajador No Inmigrante, en su nombre si no desean que su solicitud de visado se decida en la frontera. Si esta petici\u00f3n es aprobada, el ciudadano canadiense puede presentar el Aviso de Aprobaci\u00f3n del Formulario I-129 del USCIS y su pasaporte en la frontera para ser admitido a la entrada.<\/p>\n<p>Si usted es un ciudadano canadiense o mexicano, nuestros abogados dedicados est\u00e1n aqu\u00ed para ayudar a que el proceso de solicitud de visa TN o estatus TN sea lo m\u00e1s f\u00e1cil posible. Desde ayudarle a cumplir con los requisitos hasta recopilar documentaci\u00f3n cr\u00edtica y asesorarle sobre los procesos de inmigraci\u00f3n, nuestro bufete de abogados de inmigraci\u00f3n puede ayudarle a lograr su objetivo de trabajar en New York City.<\/p>\n<h2><span class=\"ez-toc-section\" id=\"faqs\"><\/span>Preguntas frecuentes<span class=\"ez-toc-section-end\"><\/span><\/h2>\n<div class=\"accsec-ritcnt accordion\">\n<div class=\"accordion-section\">\n<h3><span class=\"ez-toc-section\" id=\"how-long-can-i-work-with-my-tn-visa-in-new-york-city\"><\/span><a class=\"accordion-section-title active\" href=\"#accordion-1\"> \u00bfCu\u00e1nto tiempo puedo trabajar con mi visado TN en New York City?<\/a><span class=\"ez-toc-section-end\"><\/span><\/h3>\n<div id=\"accordion-1\" class=\"accordion-section-content open\" style=\"display: block;\">\n<p>El tiempo m\u00e1ximo que puede trabajar con su visado TN en New York City es de tres a\u00f1os cada vez; sin embargo, este tiempo puede prorrogarse un n\u00famero indefinido de veces. Para ampliar su estancia, su empleador actual puede presentar una Petici\u00f3n de Trabajador No Inmigrante en su nombre, o puede salir del pa\u00eds antes de que su estatus termine y solicitarlo de nuevo desde una estaci\u00f3n designada de inspecci\u00f3n previa al vuelo o un puerto de entrada de EE.UU. de la Patrulla de Aduanas y Fronteras. Un abogado de inmigraci\u00f3n puede ayudarle a hacerlo.<\/p>\n<\/div>\n<\/div>\n<div class=\"accordion-section\">\n<h3><span class=\"ez-toc-section\" id=\"can-i-bring-my-spouse-with-me-to-nyc-with-a-tn-visa\"><\/span><a class=\"accordion-section-title\" href=\"#accordion-2\">\u00bfPuedo traer a mi c\u00f3nyuge conmigo a Nueva York con un visado TN?<\/a><span class=\"ez-toc-section-end\"><\/span><\/h3>\n<div id=\"accordion-2\" class=\"accordion-section-content\" style=\"display: none;\">\n<p>S\u00ed, si tiene estatus de no inmigrante TN y est\u00e1 trabajando en New York City, su c\u00f3nyuge puede acompa\u00f1arle. El proceso de solicitud y si necesitar\u00e1n o no un visado para entrar en el pa\u00eds variar\u00e1 en funci\u00f3n de su pa\u00eds de nacionalidad. Por ejemplo, los ciudadanos canadienses no necesitan visado para entrar, pero los ciudadanos mexicanos y los ciudadanos de algunas otras nacionalidades tendr\u00e1n que solicitar y obtener un visado de no inmigrante TD antes de entrar en Estados Unidos.<\/p>\n<\/div>\n<\/div>\n<div class=\"accordion-section\">\n<h3><span class=\"ez-toc-section\" id=\"who-qualifies-for-a-tn-visa-to-work-in-new-york-city\"><\/span><a class=\"accordion-section-title\" href=\"#accordion-3\"> \u00bfQui\u00e9n puede obtener un visado TN para trabajar en New York City?<\/a><span class=\"ez-toc-section-end\"><\/span><\/h3>\n<div id=\"accordion-3\" class=\"accordion-section-content\" style=\"display: none;\">\n<p>Los extranjeros procedentes de Canad\u00e1 y M\u00e9xico que posean determinados estudios y aptitudes profesionales incluidos en las categor\u00edas profesionales del TLCAN pueden optar a un visado TN para trabajar en Nueva York. Debe demostrarse que el puesto en EE.UU. que se ha ofrecido al solicitante requiere tambi\u00e9n un profesional NAFTA. Un abogado experimentado en visados TN New York puede ayudarle a asegurarse de que cumple todos los requisitos pertinentes para esta v\u00eda de no inmigrante.<\/p>\n<\/div>\n<\/div>\n<div class=\"accordion-section\">\n<h3><span class=\"ez-toc-section\" id=\"can-i-get-a-green-card-with-a-tn-visa\"><\/span><a class=\"accordion-section-title\" href=\"#accordion-4\"> \u00bfPuedo obtener la tarjeta verde con un visado TN?<\/a><span class=\"ez-toc-section-end\"><\/span><\/h3>\n<div id=\"accordion-4\" class=\"accordion-section-content\" style=\"display: none;\">\n<p>No, no puede obtener la tarjeta verde con un visado TN. Un visado TN es un visado de no inmigrante que no abre una v\u00eda hacia el estatus de residente permanente. Para recibir un visado TN o que se renueve su estatus, el solicitante debe poder demostrar que a\u00fan tiene lazos en su pa\u00eds de origen, como familia y un hogar, y que no tiene intenci\u00f3n de quedarse a vivir en Estados Unidos de forma permanente.<\/p>\n<\/div>\n<\/div>\n<div class=\"accordion-section\">\n<h3><span class=\"ez-toc-section\" id=\"how-long-does-it-take-to-get-a-tn-visa-to-work-in-new-york-city\"><\/span><a class=\"accordion-section-title\" href=\"#accordion-5\">\u00bfCu\u00e1nto tiempo se tarda en obtener un visado TN para trabajar en New York City?<\/a><span class=\"ez-toc-section-end\"><\/span><\/h3>\n<div id=\"accordion-5\" class=\"accordion-section-content\" style=\"display: none;\">\n<p>El tiempo que se tarda en obtener un visado TN para venir a trabajar a Nueva York depende de si tiene una oferta de trabajo v\u00e1lida, de su nacionalidad y de otros detalles cr\u00edticos relacionados con su caso. A los ciudadanos canadienses que ya tienen una carta de oferta de trabajo adecuada, pasaporte canadiense y documentaci\u00f3n de apoyo se les puede conceder el estatus de no inmigrante TN el mismo d\u00eda del viaje. Sin embargo, los ciudadanos mexicanos que deban obtener un visado para entrar en el pa\u00eds pueden esperar meses.<\/p>\n<\/div>\n<\/div>\n<\/div>\n<p><strong>Descubra un mundo de posibilidades con el visado TN: p\u00f3ngase en contacto con nosotros hoy mismo para dar el primer paso hacia el \u00e9xito de su carrera en Estados Unidos.<\/strong><\/p>","protected":false},"excerpt":{"rendered":"<p>NYC TN Visas Attorney PPID Attorneys help secure TN Visas for Canadian and Mexican nonimmigrant workers. Schedule a Consultation Welcome to PPID, where we specialize in helping Canadian and Mexican citizens seize the opportunities of the TN Visa \u2013 a nonimmigrant visa that grants temporary work authorization in the United States. Originally part of NAFTA &hellip; <\/p>\n<p class=\"link-more\"><a href=\"https:\/\/ppid.com\/es\/nyc-work-visa-lawyer\/tn-visa\/\" class=\"more-link\">Seguir leyendo<span class=\"screen-reader-text\"> &#8220;TN Visa Lawyer in New York City&#8221;<\/span><\/a><\/p>","protected":false},"author":1,"featured_media":0,"parent":196,"menu_order":0,"comment_status":"closed","ping_status":"closed","template":"template-parts\/workvisa-page.php","meta":{"_acf_changed":false,"footnotes":""},"class_list":["post-756","page","type-page","status-publish","hentry","entry"],"acf":[],"yoast_head":"<!-- This site is optimized with the Yoast SEO Premium plugin v26.8 (Yoast SEO v26.8) - https:\/\/yoast.com\/product\/yoast-seo-premium-wordpress\/ -->\n<title>New York City TN Visa Lawyer - PPID Law<\/title>\n<meta name=\"description\" content=\"PPID Attorneys help secure TN Visas for nonimmigrant professionals from Canada and Mexico. Consultations available online and in person.\" \/>\n<meta name=\"robots\" content=\"index, follow, max-snippet:-1, max-image-preview:large, max-video-preview:-1\" \/>\n<link rel=\"canonical\" href=\"https:\/\/ppid.com\/es\/nyc-work-visa-lawyer\/tn-visa\/\" \/>\n<meta property=\"og:locale\" content=\"es_MX\" \/>\n<meta property=\"og:type\" content=\"article\" \/>\n<meta property=\"og:title\" content=\"New York City TN Visa Lawyer - PPID Law\" \/>\n<meta property=\"og:description\" content=\"PPID Attorneys help secure TN Visas for nonimmigrant professionals from Canada and Mexico. Consultations available online and in person.\" \/>\n<meta property=\"og:url\" content=\"https:\/\/ppid.com\/es\/nyc-work-visa-lawyer\/tn-visa\/\" \/>\n<meta property=\"og:site_name\" content=\"Pollack, Pollack, Isaac &amp; DeCicco, LLP\" \/>\n<meta property=\"article:modified_time\" content=\"2026-04-03T21:02:30+00:00\" \/>\n<meta name=\"twitter:card\" content=\"summary_large_image\" \/>\n<meta name=\"twitter:title\" content=\"New York City TN Visa Lawyer - PPID Law\" \/>\n<meta name=\"twitter:label1\" content=\"Tiempo de lectura\" \/>\n\t<meta name=\"twitter:data1\" content=\"6 minutos\" \/>\n<!-- \/ Yoast SEO Premium plugin. -->","yoast_head_json":{"title":"New York City TN Visa Lawyer - PPID Law","description":"Los abogados de PPID ayudan a obtener visas TN para profesionales no inmigrantes de Canad\u00e1 y M\u00e9xico. Consultas disponibles en l\u00ednea y en persona.","robots":{"index":"index","follow":"follow","max-snippet":"max-snippet:-1","max-image-preview":"max-image-preview:large","max-video-preview":"max-video-preview:-1"},"canonical":"https:\/\/ppid.com\/es\/nyc-work-visa-lawyer\/tn-visa\/","og_locale":"es_MX","og_type":"article","og_title":"New York City TN Visa Lawyer - PPID Law","og_description":"PPID Attorneys help secure TN Visas for nonimmigrant professionals from Canada and Mexico. Consultations available online and in person.","og_url":"https:\/\/ppid.com\/es\/nyc-work-visa-lawyer\/tn-visa\/","og_site_name":"Pollack, Pollack, Isaac &amp; DeCicco, LLP","article_modified_time":"2026-04-03T21:02:30+00:00","twitter_card":"summary_large_image","twitter_title":"New York City TN Visa Lawyer - PPID Law","twitter_misc":{"Tiempo de lectura":"6 minutos"},"schema":{"@context":"https:\/\/schema.org","@graph":[{"@type":"WebPage","@id":"https:\/\/ppid.com\/nyc-work-visa-lawyer\/tn-visa\/","url":"https:\/\/ppid.com\/nyc-work-visa-lawyer\/tn-visa\/","name":"New York City TN Visa Lawyer - PPID Law","isPartOf":{"@id":"https:\/\/ppid.com\/#website"},"datePublished":"2024-09-10T10:58:28+00:00","dateModified":"2026-04-03T21:02:30+00:00","description":"Los abogados de PPID ayudan a obtener visas TN para profesionales no inmigrantes de Canad\u00e1 y M\u00e9xico. Consultas disponibles en l\u00ednea y en persona.","breadcrumb":{"@id":"https:\/\/ppid.com\/nyc-work-visa-lawyer\/tn-visa\/#breadcrumb"},"inLanguage":"es","potentialAction":[{"@type":"ReadAction","target":["https:\/\/ppid.com\/nyc-work-visa-lawyer\/tn-visa\/"]}]},{"@type":"BreadcrumbList","@id":"https:\/\/ppid.com\/nyc-work-visa-lawyer\/tn-visa\/#breadcrumb","itemListElement":[{"@type":"ListItem","position":1,"name":"Home","item":"https:\/\/ppid.com\/"},{"@type":"ListItem","position":2,"name":"NYC Work Visa Lawyer","item":"https:\/\/ppid.com\/nyc-work-visa-lawyer\/"},{"@type":"ListItem","position":3,"name":"TN Visa Lawyer in New York City"}]},{"@type":"WebSite","@id":"https:\/\/ppid.com\/#website","url":"https:\/\/ppid.com\/","name":"Pollack, Pollack, Isaac &amp; DeCicco, LLP","description":"","potentialAction":[{"@type":"SearchAction","target":{"@type":"EntryPoint","urlTemplate":"https:\/\/ppid.com\/?s={search_term_string}"},"query-input":{"@type":"PropertyValueSpecification","valueRequired":true,"valueName":"search_term_string"}}],"inLanguage":"es"}]}},"_links":{"self":[{"href":"https:\/\/ppid.com\/es\/wp-json\/wp\/v2\/pages\/756","targetHints":{"allow":["GET"]}}],"collection":[{"href":"https:\/\/ppid.com\/es\/wp-json\/wp\/v2\/pages"}],"about":[{"href":"https:\/\/ppid.com\/es\/wp-json\/wp\/v2\/types\/page"}],"author":[{"embeddable":true,"href":"https:\/\/ppid.com\/es\/wp-json\/wp\/v2\/users\/1"}],"replies":[{"embeddable":true,"href":"https:\/\/ppid.com\/es\/wp-json\/wp\/v2\/comments?post=756"}],"version-history":[{"count":0,"href":"https:\/\/ppid.com\/es\/wp-json\/wp\/v2\/pages\/756\/revisions"}],"up":[{"embeddable":true,"href":"https:\/\/ppid.com\/es\/wp-json\/wp\/v2\/pages\/196"}],"wp:attachment":[{"href":"https:\/\/ppid.com\/es\/wp-json\/wp\/v2\/media?parent=756"}],"curies":[{"name":"wp","href":"https:\/\/api.w.org\/{rel}","templated":true}]}}