{"id":757,"date":"2024-09-10T10:56:48","date_gmt":"2024-09-10T10:56:48","guid":{"rendered":"https:\/\/ppidllp.wpenginepowered.com\/?page_id=757"},"modified":"2025-02-05T13:39:47","modified_gmt":"2025-02-05T13:39:47","slug":"e2-visa","status":"publish","type":"page","link":"https:\/\/ppid.com\/es\/nyc-work-visa-lawyer\/e2-visa\/","title":{"rendered":"Abogado de visados E2"},"content":{"rendered":"<h2>Abogado de visados E2<\/h2>\n<p>PPID ayuda a individuos y empleadores a obtener Visas de Trabajo Temporal y Tarjetas Verdes de Residencia Permanente. Nuestros abogados pueden ayudarle a determinar la elegibilidad para una Visa E2.<\/p>\n<div class=\"innr-pg-btn\"><a class=\"cmn-btn\" href=\"https:\/\/ppid.com\/es\/schedule-consultation\/\">Concertar una consulta<\/a><\/div>\n<p>En PPID, nuestros abogados pueden ayudar con conocimiento a los ciudadanos extranjeros que buscan hacer una inversi\u00f3n sustancial en una empresa de EE.UU. a trav\u00e9s del programa de visa E-2. Si usted es ciudadano de un pa\u00eds con tratado y tiene planes para desarrollar y supervisar las operaciones de una empresa en la que est\u00e1 invirtiendo una cantidad significativa de capital, el visado E-2 podr\u00eda ser la v\u00eda ideal para usted.<\/p>\n<p>Nuestros abogados expertos en inmigraci\u00f3n le guiar\u00e1n a trav\u00e9s del proceso del visado E-2, asegur\u00e1ndose de que su inversi\u00f3n cumple los criterios necesarios para su aprobaci\u00f3n. Su inversi\u00f3n debe ser activa, de riesgo y proporcional a la naturaleza del negocio, mostrando su compromiso financiero genuino con la empresa.<\/p>\n<p>Con el visado E-2, puede entrar en EE.UU. para nutrir y hacer crecer su empresa comercial, impulsando el \u00e9xito y ampliando sus horizontes empresariales. Concedido inicialmente por un m\u00e1ximo de dos a\u00f1os, el visado E-2 puede prorrogarse siempre que sigas manteniendo la inversi\u00f3n cualificada y gestiones activamente tu empresa.<\/p>\n<p>Descubra el ilimitado potencial de invertir en una empresa estadounidense con el visado E-2. P\u00f3ngase en contacto con nosotros hoy mismo para explorar esta apasionante oportunidad y emprender el camino hacia la prosperidad empresarial en Estados Unidos.<\/p>","protected":false},"excerpt":{"rendered":"<p>E2 Visa Attorney PPID helps individuals and employers obtain Temporary Work Visas and Permanent Residence Green Cards. Our Attorneys can help you determine eligibility for an E2 Visa. Schedule a Consultation At PPID, our lawyers can knowledgeably assist foreign nationals seeking to make a substantial investment in a U.S. enterprise through the E-2 visa program. &hellip; <\/p>\n<p class=\"link-more\"><a href=\"https:\/\/ppid.com\/es\/nyc-work-visa-lawyer\/e2-visa\/\" class=\"more-link\">Seguir leyendo<span class=\"screen-reader-text\"> &#8220;E2 Visa Lawyer&#8221;<\/span><\/a><\/p>","protected":false},"author":1,"featured_media":0,"parent":196,"menu_order":0,"comment_status":"closed","ping_status":"closed","template":"template-parts\/workvisa-page.php","meta":{"_acf_changed":false,"footnotes":""},"class_list":["post-757","page","type-page","status-publish","hentry","entry"],"acf":[],"yoast_head":"<!-- This site is optimized with the Yoast SEO Premium plugin v26.8 (Yoast SEO v26.8) - https:\/\/yoast.com\/product\/yoast-seo-premium-wordpress\/ -->\n<title>NYC E2 Visa Lawyer &amp; Law Firm<\/title>\n<meta name=\"description\" content=\"Our attorneys can help you determine eligibility for an E2 Visa. PPID attorneys help with all aspects of Immigration law. Get a Consultation.\" \/>\n<meta name=\"robots\" content=\"index, follow, max-snippet:-1, max-image-preview:large, max-video-preview:-1\" \/>\n<link rel=\"canonical\" href=\"https:\/\/ppid.com\/es\/nyc-work-visa-lawyer\/e2-visa\/\" \/>\n<meta property=\"og:locale\" content=\"es_MX\" \/>\n<meta property=\"og:type\" content=\"article\" \/>\n<meta property=\"og:title\" content=\"E2 Visa Lawyer\" \/>\n<meta property=\"og:description\" content=\"Our attorneys can help you determine eligibility for an E2 Visa. PPID attorneys help with all aspects of Immigration law. Get a Consultation.\" \/>\n<meta property=\"og:url\" content=\"https:\/\/ppid.com\/es\/nyc-work-visa-lawyer\/e2-visa\/\" \/>\n<meta property=\"og:site_name\" content=\"Pollack, Pollack, Isaac &amp; DeCicco, LLP\" \/>\n<meta property=\"article:modified_time\" content=\"2025-02-05T13:39:47+00:00\" \/>\n<meta name=\"twitter:card\" content=\"summary_large_image\" \/>\n<meta name=\"twitter:label1\" content=\"Tiempo de lectura\" \/>\n\t<meta name=\"twitter:data1\" content=\"1 minuto\" \/>\n<!-- \/ Yoast SEO Premium plugin. -->","yoast_head_json":{"title":"NYC E2 Visa Abogado y Bufete de Abogados","description":"Nuestros abogados pueden ayudarle a determinar la elegibilidad para una Visa E2. Los abogados de PPID ayudan con todos los aspectos de la ley de Inmigraci\u00f3n. Obtenga una consulta.","robots":{"index":"index","follow":"follow","max-snippet":"max-snippet:-1","max-image-preview":"max-image-preview:large","max-video-preview":"max-video-preview:-1"},"canonical":"https:\/\/ppid.com\/es\/nyc-work-visa-lawyer\/e2-visa\/","og_locale":"es_MX","og_type":"article","og_title":"E2 Visa Lawyer","og_description":"Our attorneys can help you determine eligibility for an E2 Visa. PPID attorneys help with all aspects of Immigration law. Get a Consultation.","og_url":"https:\/\/ppid.com\/es\/nyc-work-visa-lawyer\/e2-visa\/","og_site_name":"Pollack, Pollack, Isaac &amp; DeCicco, LLP","article_modified_time":"2025-02-05T13:39:47+00:00","twitter_card":"summary_large_image","twitter_misc":{"Tiempo de lectura":"1 minuto"},"schema":{"@context":"https:\/\/schema.org","@graph":[{"@type":"WebPage","@id":"https:\/\/ppid.com\/nyc-work-visa-lawyer\/e2-visa\/","url":"https:\/\/ppid.com\/nyc-work-visa-lawyer\/e2-visa\/","name":"NYC E2 Visa Abogado y Bufete de Abogados","isPartOf":{"@id":"https:\/\/ppid.com\/#website"},"datePublished":"2024-09-10T10:56:48+00:00","dateModified":"2025-02-05T13:39:47+00:00","description":"Nuestros abogados pueden ayudarle a determinar la elegibilidad para una Visa E2. Los abogados de PPID ayudan con todos los aspectos de la ley de Inmigraci\u00f3n. Obtenga una consulta.","breadcrumb":{"@id":"https:\/\/ppid.com\/nyc-work-visa-lawyer\/e2-visa\/#breadcrumb"},"inLanguage":"es","potentialAction":[{"@type":"ReadAction","target":["https:\/\/ppid.com\/nyc-work-visa-lawyer\/e2-visa\/"]}]},{"@type":"BreadcrumbList","@id":"https:\/\/ppid.com\/nyc-work-visa-lawyer\/e2-visa\/#breadcrumb","itemListElement":[{"@type":"ListItem","position":1,"name":"Home","item":"https:\/\/ppid.com\/"},{"@type":"ListItem","position":2,"name":"NYC Work Visa Lawyer","item":"https:\/\/ppid.com\/nyc-work-visa-lawyer\/"},{"@type":"ListItem","position":3,"name":"E2 Visa Lawyer"}]},{"@type":"WebSite","@id":"https:\/\/ppid.com\/#website","url":"https:\/\/ppid.com\/","name":"Pollack, Pollack, Isaac &amp; DeCicco, LLP","description":"","potentialAction":[{"@type":"SearchAction","target":{"@type":"EntryPoint","urlTemplate":"https:\/\/ppid.com\/?s={search_term_string}"},"query-input":{"@type":"PropertyValueSpecification","valueRequired":true,"valueName":"search_term_string"}}],"inLanguage":"es"}]}},"_links":{"self":[{"href":"https:\/\/ppid.com\/es\/wp-json\/wp\/v2\/pages\/757","targetHints":{"allow":["GET"]}}],"collection":[{"href":"https:\/\/ppid.com\/es\/wp-json\/wp\/v2\/pages"}],"about":[{"href":"https:\/\/ppid.com\/es\/wp-json\/wp\/v2\/types\/page"}],"author":[{"embeddable":true,"href":"https:\/\/ppid.com\/es\/wp-json\/wp\/v2\/users\/1"}],"replies":[{"embeddable":true,"href":"https:\/\/ppid.com\/es\/wp-json\/wp\/v2\/comments?post=757"}],"version-history":[{"count":0,"href":"https:\/\/ppid.com\/es\/wp-json\/wp\/v2\/pages\/757\/revisions"}],"up":[{"embeddable":true,"href":"https:\/\/ppid.com\/es\/wp-json\/wp\/v2\/pages\/196"}],"wp:attachment":[{"href":"https:\/\/ppid.com\/es\/wp-json\/wp\/v2\/media?parent=757"}],"curies":[{"name":"wp","href":"https:\/\/api.w.org\/{rel}","templated":true}]}}