{"id":758,"date":"2024-09-10T10:59:18","date_gmt":"2024-09-10T10:59:18","guid":{"rendered":"https:\/\/ppidllp.wpenginepowered.com\/?page_id=758"},"modified":"2025-09-15T06:16:26","modified_gmt":"2025-09-15T06:16:26","slug":"queens-j-1-visa-lawyer","status":"publish","type":"page","link":"https:\/\/ppid.com\/es\/queens-j-1-visa-lawyer\/","title":{"rendered":"Queens Abogado para visados J-1"},"content":{"rendered":"<div id=\"ez-toc-container\" class=\"ez-toc-v2_0_80 counter-hierarchy ez-toc-counter ez-toc-transparent ez-toc-container-direction\">\n<div class=\"ez-toc-title-container\">\n<p class=\"ez-toc-title ez-toc-toggle\" style=\"cursor:pointer\">\u00cdndice<\/p>\n<span class=\"ez-toc-title-toggle\"><a href=\"#\" class=\"ez-toc-pull-right ez-toc-btn ez-toc-btn-xs ez-toc-btn-default ez-toc-toggle\" aria-label=\"Toggle Table of Content\"><span class=\"ez-toc-js-icon-con\"><span class=\"\"><span class=\"eztoc-hide\" style=\"display:none;\">Toggle<\/span><span class=\"ez-toc-icon-toggle-span\"><svg style=\"fill: #999;color:#999\" xmlns=\"http:\/\/www.w3.org\/2000\/svg\" class=\"list-377408\" width=\"20px\" height=\"20px\" viewbox=\"0 0 24 24\" fill=\"none\"><path d=\"M6 6H4v2h2V6zm14 0H8v2h12V6zM4 11h2v2H4v-2zm16 0H8v2h12v-2zM4 16h2v2H4v-2zm16 0H8v2h12v-2z\" fill=\"currentColor\"><\/path><\/svg><svg style=\"fill: #999;color:#999\" class=\"arrow-unsorted-368013\" xmlns=\"http:\/\/www.w3.org\/2000\/svg\" width=\"10px\" height=\"10px\" viewbox=\"0 0 24 24\" version=\"1.2\" baseprofile=\"tiny\"><path d=\"M18.2 9.3l-6.2-6.3-6.2 6.3c-.2.2-.3.4-.3.7s.1.5.3.7c.2.2.4.3.7.3h11c.3 0 .5-.1.7-.3.2-.2.3-.5.3-.7s-.1-.5-.3-.7zM5.8 14.7l6.2 6.3 6.2-6.3c.2-.2.3-.5.3-.7s-.1-.5-.3-.7c-.2-.2-.4-.3-.7-.3h-11c-.3 0-.5.1-.7.3-.2.2-.3.5-.3.7s.1.5.3.7z\"\/><\/svg><\/span><\/span><\/span><\/a><\/span><\/div>\n<nav><ul class='ez-toc-list ez-toc-list-level-1 eztoc-toggle-hide-by-default' ><li class='ez-toc-page-1 ez-toc-heading-level-2'><a class=\"ez-toc-link ez-toc-heading-1\" href=\"https:\/\/ppid.com\/es\/queens-j-1-visa-lawyer\/#queens-j-1-visa-attorney\" >Queens Abogado con visado J-1<\/a><\/li><li class='ez-toc-page-1 ez-toc-heading-level-2'><a class=\"ez-toc-link ez-toc-heading-2\" href=\"https:\/\/ppid.com\/es\/queens-j-1-visa-lawyer\/#understanding-the-j-1-exchange-visitor-program\" >Programa de intercambio de visitantes J-1<\/a><\/li><li class='ez-toc-page-1 ez-toc-heading-level-2'><a class=\"ez-toc-link ez-toc-heading-3\" href=\"https:\/\/ppid.com\/es\/queens-j-1-visa-lawyer\/#how-can-a-queens-j-1-visa-lawyer-help-me\" >\u00bfC\u00f3mo puede ayudarme un abogado especializado en visados Queens J-1?<\/a><\/li><li class='ez-toc-page-1 ez-toc-heading-level-2'><a class=\"ez-toc-link ez-toc-heading-4\" href=\"https:\/\/ppid.com\/es\/queens-j-1-visa-lawyer\/#faqs\" >Preguntas frecuentes<\/a><ul class='ez-toc-list-level-3' ><li class='ez-toc-heading-level-3'><a class=\"ez-toc-link ez-toc-heading-5\" href=\"https:\/\/ppid.com\/es\/queens-j-1-visa-lawyer\/#is-it-worth-getting-a-lawyer-for-a-j-1-visa\" >\u00bfMerece la pena contratar a un abogado para un visado J-1?<\/a><\/li><li class='ez-toc-page-1 ez-toc-heading-level-3'><a class=\"ez-toc-link ez-toc-heading-6\" href=\"https:\/\/ppid.com\/es\/queens-j-1-visa-lawyer\/#can-an-immigration-lawyer-speed-up-the-j-1-visa-process\" >\u00bfPuede un abogado de inmigraci\u00f3n acelerar el proceso del visado J-1?<\/a><\/li><li class='ez-toc-page-1 ez-toc-heading-level-3'><a class=\"ez-toc-link ez-toc-heading-7\" href=\"https:\/\/ppid.com\/es\/queens-j-1-visa-lawyer\/#what-are-the-common-reasons-for-j-1-visa-denials\" >\u00bfCu\u00e1les son los motivos habituales de denegaci\u00f3n del visado J-1?<\/a><\/li><li class='ez-toc-page-1 ez-toc-heading-level-3'><a class=\"ez-toc-link ez-toc-heading-8\" href=\"https:\/\/ppid.com\/es\/queens-j-1-visa-lawyer\/#can-i-change-my-j-1-visa-sponsor-with-the-help-of-a-lawyer\" >\u00bfPuedo cambiar de patrocinador de mi visado J-1 con la ayuda de un abogado?<\/a><\/li><\/ul><\/li><li class='ez-toc-page-1 ez-toc-heading-level-2'><a class=\"ez-toc-link ez-toc-heading-9\" href=\"https:\/\/ppid.com\/es\/queens-j-1-visa-lawyer\/#live-your-dream-in-queens-new-york-with-an-experienced-j-1-visa-lawyer\" >Viva su sue\u00f1o en Queens, New York, con un abogado con experiencia en visados J-1<\/a><\/li><\/ul><\/nav><\/div>\n<h2><span class=\"ez-toc-section\" id=\"queens-j-1-visa-attorney\"><\/span>Queens Abogado con visado J-1<span class=\"ez-toc-section-end\"><\/span><\/h2>\n<p>Los abogados del PPID ayudan a los visitantes de intercambio a determinar si cumplen los requisitos para obtener un visado J1.<\/p>\n<p>Los visados de visitante de intercambio (J) son visados de no inmigrante para personas autorizadas a participar en programas de visitantes de intercambio en Estados Unidos.<\/p>\n<div class=\"innr-pg-btn\"><a class=\"cmn-btn\" href=\"https:\/\/ppid.com\/es\/schedule-consultation\/\">Concertar una consulta<\/a><\/div>\n<p>El programa de visitantes de intercambio J-1 es una oportunidad apasionante para que los extranjeros participen en un intercambio relacionado con diversos sectores, mejorando sus competencias y ampliando sus oportunidades profesionales. Dado que Queens es un destino especialmente atractivo para los visitantes de intercambio J-1, es importante buscar el apoyo de una empresa experimentada y <strong>compasi\u00f3n Queens abogado visado J-1<\/strong> de <a href=\"https:\/\/ppid.com\/es\/firm\/\">Pollack, Pollack, Isaac &amp; DeCicco, LLP<\/a>.<\/p>\n<p>El dedicado equipo legal de PPID ha combinado d\u00e9cadas de experiencia ayudando a talentos extranjeros a venir a los Estados Unidos para trabajar hacia sus metas acad\u00e9micas o profesionales. Mientras que la visa J-1 es un programa temporal, para muchos, es un punto de partida en un largo viaje para iniciar y construir una vida en Queens. Nuestro equipo experimentado y bien informado est\u00e1 aqu\u00ed para dise\u00f1ar e implementar una estrategia legal basada en sus antecedentes y objetivos de inmigraci\u00f3n.<\/p>\n<h2><span class=\"ez-toc-section\" id=\"understanding-the-j-1-exchange-visitor-program\"><\/span>Programa de intercambio de visitantes J-1<span class=\"ez-toc-section-end\"><\/span><\/h2>\n<p>El programa de visados J-1 es una gran oportunidad para participar en programas de intercambio educativo y cultural en Estados Unidos. Las oportunidades entre las que elegir son abundantes y van desde la formaci\u00f3n profesional y las pr\u00e1cticas hasta la docencia y la investigaci\u00f3n. Como hay una gran variedad de programas J-1 disponibles y cada uno tiene sus requisitos asociados, contar con el apoyo de un experimentado <a href=\"https:\/\/ppid.com\/es\/blog\/paving-the-path-to-u-s-citizenship-new-uscis-grant-of-22-million\/\">abogado de inmigraci\u00f3n<\/a> es fundamental para superar con \u00e9xito el proceso de solicitud.<\/p>\n<h2><span class=\"ez-toc-section\" id=\"how-can-a-queens-j-1-visa-lawyer-help-me\"><\/span>\u00bfC\u00f3mo puede ayudarme un abogado especializado en visados Queens J-1?<span class=\"ez-toc-section-end\"><\/span><\/h2>\n<p>Si trabaja con un abogado experto en inmigraci\u00f3n que tenga experiencia en ayudar a clientes internacionales con el proceso del visado J-1, puede optimizar sus posibilidades de conseguir la oportunidad que est\u00e1 buscando. <strong>Nuestro equipo jur\u00eddico puede ayudarle con lo siguiente:<\/strong><\/p>\n<ul>\n<li><strong>Asesoramiento jur\u00eddico personalizado.<\/strong> Podemos reunirnos con usted para entender sus objetivos personales, profesionales y de inmigraci\u00f3n, as\u00ed como revisar sus antecedentes y los detalles de su caso. A continuaci\u00f3n, podemos asesorarle sobre qu\u00e9 opciones de inmigraci\u00f3n pueden ser adecuadas para usted. Si usted es elegible para una visa J-1, podemos proporcionarle asesoramiento jur\u00eddico s\u00f3lido en relaci\u00f3n con el proceso de solicitud y la documentaci\u00f3n de apoyo que tendr\u00e1 que ser adquirida para su caso.<\/li>\n<li><strong>Comprensi\u00f3n de leyes complejas.<\/strong> Como las leyes de inmigraci\u00f3n cambian constantemente, nuestro experimentado equipo legal est\u00e1 siempre al tanto de las pol\u00edticas y regulaciones en evoluci\u00f3n. Podemos ayudarle a entender c\u00f3mo las leyes vigentes pueden afectar su solicitud de visa J-1. Adem\u00e1s, podemos anticipar ciertos cambios de pol\u00edtica y modificar su estrategia de inmigraci\u00f3n en consecuencia para asegurar que los objetivos de su caso se sigan cumpliendo. Adem\u00e1s, podemos anticipar ciertos cambios de pol\u00edtica y modificar su estrategia de inmigraci\u00f3n en consecuencia para asegurar que los objetivos del caso se sigan cumpliendo.<\/li>\n<li><strong>Asistencia de principio a fin.<\/strong> Como la solicitud del visado J-1 es larga y compleja, es \u00fatil y reconfortante contar con un abogado de inmigraci\u00f3n con experiencia que le acompa\u00f1e en cada paso del camino. Desde ayudarle a reunir la documentaci\u00f3n necesaria y presentar las solicitudes hasta preparar las entrevistas, podemos ayudarle a que el proceso transcurra sin problemas. Adem\u00e1s, si surge alg\u00fan problema con su solicitud, podemos resolverlo inmediatamente.<\/li>\n<li><strong>Cambios y ampliaciones.<\/strong> Si necesita cambiar el patrocinador de su programa o ampliar su visado actual, nuestro equipo jur\u00eddico puede ayudarle con estas modificaciones. Durante todo el proceso, podemos asegurarnos de que su situaci\u00f3n legal se mantiene mientras realiza sin problemas los cambios necesarios.<\/li>\n<li><strong>Gesti\u00f3n de casos complicados.<\/strong> Nuestro equipo legal tiene un historial exitoso en el manejo de casos complejos, como los que implican rechazos o solicitudes de m\u00e1s pruebas. Podemos ayudarle a navegar la situaci\u00f3n abordando el tema de frente y trabajando para resolver cualquier problema con USCIS u otras agencias.<\/li>\n<\/ul>\n<p>Aunque navegar por el proceso de solicitud de visa J-1 puede ser complejo y abrumador, el equipo legal considerado y minucioso de PPID est\u00e1 aqu\u00ed para apoyarle mediante la comprensi\u00f3n a fondo de los detalles y objetivos de su caso. Somos comunicadores activos que pueden proporcionarle una hoja de ruta clara del proceso de solicitud para que pueda navegar por su viaje a los EE.UU. de manera eficiente y sin estr\u00e9s. Estamos impacientes por empezar a ayudarle hoy mismo.<\/p>\n<h2><span class=\"ez-toc-section\" id=\"faqs\"><\/span>Preguntas frecuentes<span class=\"ez-toc-section-end\"><\/span><\/h2>\n<div class=\"accsec-ritcnt accordion\">\n<div class=\"accordion-section\">\n<h3><span class=\"ez-toc-section\" id=\"is-it-worth-getting-a-lawyer-for-a-j-1-visa\"><\/span><a class=\"accordion-section-title active\" href=\"#accordion-1\">\u00bfMerece la pena contratar a un abogado para un visado J-1?<\/a><span class=\"ez-toc-section-end\"><\/span><\/h3>\n<div id=\"accordion-1\" class=\"accordion-section-content open\" style=\"display: block;\">\n<p>Es aconsejable contratar a un abogado especializado en visados J-1 para que le ayude con su solicitud, especialmente si su caso es complejo o si tiene dificultades para navegar por el proceso de solicitud. Al trabajar con un abogado de inmigraci\u00f3n con experiencia, puede obtener un asesoramiento s\u00f3lido para presentar de forma correcta y completa toda la documentaci\u00f3n, as\u00ed como evitar errores innecesarios para garantizar que la tramitaci\u00f3n de su solicitud se desarrolle seg\u00fan lo previsto.<\/p>\n<\/div>\n<\/div>\n<div class=\"accordion-section\">\n<h3><span class=\"ez-toc-section\" id=\"can-an-immigration-lawyer-speed-up-the-j-1-visa-process\"><\/span><a class=\"accordion-section-title\" href=\"#accordion-2\">\u00bfPuede un abogado de inmigraci\u00f3n acelerar el proceso del visado J-1?<\/a><span class=\"ez-toc-section-end\"><\/span><\/h3>\n<div id=\"accordion-2\" class=\"accordion-section-content\" style=\"display: none;\">\n<p>Un abogado de inmigraci\u00f3n no puede acelerar el proceso del visado J-1 interfiriendo directamente en la tramitaci\u00f3n de una solicitud de visado. Sin embargo, pueden garantizar que su solicitud se tramite de forma eficaz presentando una solicitud completa y sin errores para evitar peticiones de informaci\u00f3n adicional o rechazos innecesarios. Adem\u00e1s, pueden comunicarse activamente con los organismos gubernamentales pertinentes en su nombre para garantizar que la tramitaci\u00f3n de su visado evite cuellos de botella.<\/p>\n<\/div>\n<\/div>\n<div class=\"accordion-section\">\n<h3><span class=\"ez-toc-section\" id=\"what-are-the-common-reasons-for-j-1-visa-denials\"><\/span><a class=\"accordion-section-title\" href=\"#accordion-3\">\u00bfCu\u00e1les son los motivos habituales de denegaci\u00f3n del visado J-1?<\/a><span class=\"ez-toc-section-end\"><\/span><\/h3>\n<div id=\"accordion-3\" class=\"accordion-section-content\" style=\"display: none;\">\n<p>Las solicitudes de visado J-1 suelen denegarse cuando no se presenta la documentaci\u00f3n adecuada o cuando los solicitantes no cumplen determinados requisitos. Adem\u00e1s, los solicitantes pueden ser rechazados por incoherencias entre su solicitud y las declaraciones realizadas durante una entrevista, as\u00ed como por no mostrar la documentaci\u00f3n adecuada para el apoyo financiero. Trabajando con un abogado de inmigraci\u00f3n, puede evitar errores comunes que dan lugar a denegaciones.<\/p>\n<\/div>\n<\/div>\n<div class=\"accordion-section\">\n<h3><span class=\"ez-toc-section\" id=\"can-i-change-my-j-1-visa-sponsor-with-the-help-of-a-lawyer\"><\/span><a class=\"accordion-section-title\" href=\"#accordion-4\">\u00bfPuedo cambiar de patrocinador de mi visado J-1 con la ayuda de un abogado?<\/a><span class=\"ez-toc-section-end\"><\/span><\/h3>\n<div id=\"accordion-4\" class=\"accordion-section-content\" style=\"display: none;\">\n<p>S\u00ed, es posible cambiar de patrocinador del visado J-1 <a href=\"https:\/\/ppid.com\/es\/attorney\/\">con la ayuda de un abogado<\/a>. Un abogado de inmigraci\u00f3n puede ayudarle a navegar por el proceso de adquisici\u00f3n de un nuevo formulario DS-2019 de su nuevo patrocinador. Ellos pueden asegurarse de que usted cumpla con los requisitos y dejar que las agencias apropiadas sepan sobre el cambio que se ha hecho. Trabajando con un abogado, usted puede asegurarse de que su estatus es cambiado eficientemente mientras mantiene su estatus legal en los Estados Unidos.<\/p>\n<\/div>\n<\/div>\n<\/div>\n<h2><span class=\"ez-toc-section\" id=\"live-your-dream-in-queens-new-york-with-an-experienced-j-1-visa-lawyer\"><\/span>Viva su sue\u00f1o en Queens, New York, con un abogado con experiencia en visados J-1<span class=\"ez-toc-section-end\"><\/span><\/h2>\n<p>Aprovechar el programa de visados J-1 es una excelente oportunidad para quienes deseen diversificar su formaci\u00f3n o su carrera profesional y llevarse a casa una nueva experiencia cultural. Como el Queens es un crisol de culturas, los visitantes de intercambio pueden conocer culturas de todo el mundo. <a href=\"https:\/\/ppid.com\/es\/contact\/\">Empieza a trabajar con<\/a> un abogado experimentado y dedicado a visas J-1 de PPID hoy.<\/p>\n<p><iframe loading=\"lazy\" style=\"border: 0;\" src=\"https:\/\/www.google.com\/maps\/embed?pb=!1m18!1m12!1m3!1d193731.41691261338!2d-73.87114045!3d40.6507535!2m3!1f0!2f0!3f0!3m2!1i1024!2i768!4f13.1!3m3!1m2!1s0x89c24369470a592b%3A0x4109d18b6c5c7b05!2sQueens%2C%20NY%2C%20USA!5e0!3m2!1sen!2sin!4v1750681863634!5m2!1sen!2sin\" width=\"100%\" height=\"300\" allowfullscreen=\"allowfullscreen\"><\/iframe><\/p>","protected":false},"excerpt":{"rendered":"<p>Queens J-1 Visa Attorney PPID Attorneys help Exchange Visitors determine eligibility for a J1 Visa. Exchange Visitor (J) visas are nonimmigrant visas for individuals approved to participate in exchange visitor programs in the United States. Schedule a Consultation The J-1 exchange visitor program is an exciting opportunity for foreign nationals to participate in an exchange &hellip; <\/p>\n<p class=\"link-more\"><a href=\"https:\/\/ppid.com\/es\/queens-j-1-visa-lawyer\/\" class=\"more-link\">Seguir leyendo<span class=\"screen-reader-text\"> &#8220;Queens J-1 Visa Lawyer&#8221;<\/span><\/a><\/p>","protected":false},"author":1,"featured_media":0,"parent":0,"menu_order":0,"comment_status":"closed","ping_status":"closed","template":"","meta":{"_acf_changed":false,"footnotes":""},"class_list":["post-758","page","type-page","status-publish","hentry","entry"],"acf":[],"yoast_head":"<!-- This site is optimized with the Yoast SEO Premium plugin v26.8 (Yoast SEO v26.8) - https:\/\/yoast.com\/product\/yoast-seo-premium-wordpress\/ -->\n<title>Queens J-1 Visa Lawyer - Exchange Visitor Visa<\/title>\n<meta name=\"description\" content=\"Need a J-1 Visa lawyer in Queens? PPID provides expert legal guidance to navigate your J-1 Visa application. Contact us today!\" \/>\n<meta name=\"robots\" content=\"index, follow, max-snippet:-1, max-image-preview:large, max-video-preview:-1\" \/>\n<link rel=\"canonical\" href=\"https:\/\/ppid.com\/es\/queens-j-1-visa-lawyer\/\" \/>\n<meta property=\"og:locale\" content=\"es_MX\" \/>\n<meta property=\"og:type\" content=\"article\" \/>\n<meta property=\"og:title\" content=\"Queens J-1 Visa Lawyer\" \/>\n<meta property=\"og:description\" content=\"Need a J-1 Visa lawyer in Queens? PPID provides expert legal guidance to navigate your J-1 Visa application. Contact us today!\" \/>\n<meta property=\"og:url\" content=\"https:\/\/ppid.com\/es\/queens-j-1-visa-lawyer\/\" \/>\n<meta property=\"og:site_name\" content=\"Pollack, Pollack, Isaac &amp; DeCicco, LLP\" \/>\n<meta property=\"article:modified_time\" content=\"2025-09-15T06:16:26+00:00\" \/>\n<meta name=\"twitter:card\" content=\"summary_large_image\" \/>\n<meta name=\"twitter:label1\" content=\"Tiempo de lectura\" \/>\n\t<meta name=\"twitter:data1\" content=\"5 minutos\" \/>\n<script type=\"application\/ld+json\" class=\"yoast-schema-graph\">{\"@context\":\"https:\/\/schema.org\",\"@graph\":[{\"@type\":\"WebPage\",\"@id\":\"https:\/\/ppid.com\/queens-j-1-visa-lawyer\/\",\"url\":\"https:\/\/ppid.com\/queens-j-1-visa-lawyer\/\",\"name\":\"Queens J-1 Visa Lawyer - Exchange Visitor Visa\",\"isPartOf\":{\"@id\":\"https:\/\/ppid.com\/#website\"},\"datePublished\":\"2024-09-10T10:59:18+00:00\",\"dateModified\":\"2025-09-15T06:16:26+00:00\",\"description\":\"Need a J-1 Visa lawyer in Queens? PPID provides expert legal guidance to navigate your J-1 Visa application. Contact us today!\",\"breadcrumb\":{\"@id\":\"https:\/\/ppid.com\/queens-j-1-visa-lawyer\/#breadcrumb\"},\"inLanguage\":\"es\",\"potentialAction\":[{\"@type\":\"ReadAction\",\"target\":[\"https:\/\/ppid.com\/queens-j-1-visa-lawyer\/\"]}]},{\"@type\":\"BreadcrumbList\",\"@id\":\"https:\/\/ppid.com\/queens-j-1-visa-lawyer\/#breadcrumb\",\"itemListElement\":[{\"@type\":\"ListItem\",\"position\":1,\"name\":\"Home\",\"item\":\"https:\/\/ppid.com\/\"},{\"@type\":\"ListItem\",\"position\":2,\"name\":\"Queens J-1 Visa Lawyer\"}]},{\"@type\":\"WebSite\",\"@id\":\"https:\/\/ppid.com\/#website\",\"url\":\"https:\/\/ppid.com\/\",\"name\":\"Pollack, Pollack, Isaac &amp; DeCicco, LLP\",\"description\":\"\",\"potentialAction\":[{\"@type\":\"SearchAction\",\"target\":{\"@type\":\"EntryPoint\",\"urlTemplate\":\"https:\/\/ppid.com\/?s={search_term_string}\"},\"query-input\":{\"@type\":\"PropertyValueSpecification\",\"valueRequired\":true,\"valueName\":\"search_term_string\"}}],\"inLanguage\":\"es\"}]}<\/script>\n<!-- \/ Yoast SEO Premium plugin. -->","yoast_head_json":{"title":"Queens J-1 Visa Lawyer - Exchange Visitor Visa","description":"\u00bfNecesita un abogado especializado en visados J-1 en Queens? PPID proporciona orientaci\u00f3n legal experta para navegar su solicitud de Visa J-1. \u00a1Cont\u00e1ctenos hoy mismo!","robots":{"index":"index","follow":"follow","max-snippet":"max-snippet:-1","max-image-preview":"max-image-preview:large","max-video-preview":"max-video-preview:-1"},"canonical":"https:\/\/ppid.com\/es\/queens-j-1-visa-lawyer\/","og_locale":"es_MX","og_type":"article","og_title":"Queens J-1 Visa Lawyer","og_description":"Need a J-1 Visa lawyer in Queens? PPID provides expert legal guidance to navigate your J-1 Visa application. Contact us today!","og_url":"https:\/\/ppid.com\/es\/queens-j-1-visa-lawyer\/","og_site_name":"Pollack, Pollack, Isaac &amp; DeCicco, LLP","article_modified_time":"2025-09-15T06:16:26+00:00","twitter_card":"summary_large_image","twitter_misc":{"Tiempo de lectura":"5 minutos"},"schema":{"@context":"https:\/\/schema.org","@graph":[{"@type":"WebPage","@id":"https:\/\/ppid.com\/queens-j-1-visa-lawyer\/","url":"https:\/\/ppid.com\/queens-j-1-visa-lawyer\/","name":"Queens J-1 Visa Lawyer - Exchange Visitor Visa","isPartOf":{"@id":"https:\/\/ppid.com\/#website"},"datePublished":"2024-09-10T10:59:18+00:00","dateModified":"2025-09-15T06:16:26+00:00","description":"\u00bfNecesita un abogado especializado en visados J-1 en Queens? PPID proporciona orientaci\u00f3n legal experta para navegar su solicitud de Visa J-1. \u00a1Cont\u00e1ctenos hoy mismo!","breadcrumb":{"@id":"https:\/\/ppid.com\/queens-j-1-visa-lawyer\/#breadcrumb"},"inLanguage":"es","potentialAction":[{"@type":"ReadAction","target":["https:\/\/ppid.com\/queens-j-1-visa-lawyer\/"]}]},{"@type":"BreadcrumbList","@id":"https:\/\/ppid.com\/queens-j-1-visa-lawyer\/#breadcrumb","itemListElement":[{"@type":"ListItem","position":1,"name":"Home","item":"https:\/\/ppid.com\/"},{"@type":"ListItem","position":2,"name":"Queens J-1 Visa Lawyer"}]},{"@type":"WebSite","@id":"https:\/\/ppid.com\/#website","url":"https:\/\/ppid.com\/","name":"Pollack, Pollack, Isaac &amp; DeCicco, LLP","description":"","potentialAction":[{"@type":"SearchAction","target":{"@type":"EntryPoint","urlTemplate":"https:\/\/ppid.com\/?s={search_term_string}"},"query-input":{"@type":"PropertyValueSpecification","valueRequired":true,"valueName":"search_term_string"}}],"inLanguage":"es"}]}},"_links":{"self":[{"href":"https:\/\/ppid.com\/es\/wp-json\/wp\/v2\/pages\/758","targetHints":{"allow":["GET"]}}],"collection":[{"href":"https:\/\/ppid.com\/es\/wp-json\/wp\/v2\/pages"}],"about":[{"href":"https:\/\/ppid.com\/es\/wp-json\/wp\/v2\/types\/page"}],"author":[{"embeddable":true,"href":"https:\/\/ppid.com\/es\/wp-json\/wp\/v2\/users\/1"}],"replies":[{"embeddable":true,"href":"https:\/\/ppid.com\/es\/wp-json\/wp\/v2\/comments?post=758"}],"version-history":[{"count":0,"href":"https:\/\/ppid.com\/es\/wp-json\/wp\/v2\/pages\/758\/revisions"}],"wp:attachment":[{"href":"https:\/\/ppid.com\/es\/wp-json\/wp\/v2\/media?parent=758"}],"curies":[{"name":"wp","href":"https:\/\/api.w.org\/{rel}","templated":true}]}}