{"id":769,"date":"2024-09-10T11:02:33","date_gmt":"2024-09-10T11:02:33","guid":{"rendered":"https:\/\/ppidllp.wpenginepowered.com\/?page_id=769"},"modified":"2025-09-15T06:03:55","modified_gmt":"2025-09-15T06:03:55","slug":"eb1-green-cards","status":"publish","type":"page","link":"https:\/\/ppid.com\/es\/nyc-work-visa-lawyer\/eb1-green-cards\/","title":{"rendered":"NYC EB-1 Visa Abogado"},"content":{"rendered":"<div id=\"ez-toc-container\" class=\"ez-toc-v2_0_80 counter-hierarchy ez-toc-counter ez-toc-transparent ez-toc-container-direction\">\n<div class=\"ez-toc-title-container\">\n<p class=\"ez-toc-title ez-toc-toggle\" style=\"cursor:pointer\">\u00cdndice<\/p>\n<span class=\"ez-toc-title-toggle\"><a href=\"#\" class=\"ez-toc-pull-right ez-toc-btn ez-toc-btn-xs ez-toc-btn-default ez-toc-toggle\" aria-label=\"Toggle Table of Content\"><span class=\"ez-toc-js-icon-con\"><span class=\"\"><span class=\"eztoc-hide\" style=\"display:none;\">Toggle<\/span><span class=\"ez-toc-icon-toggle-span\"><svg style=\"fill: #999;color:#999\" xmlns=\"http:\/\/www.w3.org\/2000\/svg\" class=\"list-377408\" width=\"20px\" height=\"20px\" viewbox=\"0 0 24 24\" fill=\"none\"><path d=\"M6 6H4v2h2V6zm14 0H8v2h12V6zM4 11h2v2H4v-2zm16 0H8v2h12v-2zM4 16h2v2H4v-2zm16 0H8v2h12v-2z\" fill=\"currentColor\"><\/path><\/svg><svg style=\"fill: #999;color:#999\" class=\"arrow-unsorted-368013\" xmlns=\"http:\/\/www.w3.org\/2000\/svg\" width=\"10px\" height=\"10px\" viewbox=\"0 0 24 24\" version=\"1.2\" baseprofile=\"tiny\"><path d=\"M18.2 9.3l-6.2-6.3-6.2 6.3c-.2.2-.3.4-.3.7s.1.5.3.7c.2.2.4.3.7.3h11c.3 0 .5-.1.7-.3.2-.2.3-.5.3-.7s-.1-.5-.3-.7zM5.8 14.7l6.2 6.3 6.2-6.3c.2-.2.3-.5.3-.7s-.1-.5-.3-.7c-.2-.2-.4-.3-.7-.3h-11c-.3 0-.5.1-.7.3-.2.2-.3.5-.3.7s.1.5.3.7z\"\/><\/svg><\/span><\/span><\/span><\/a><\/span><\/div>\n<nav><ul class='ez-toc-list ez-toc-list-level-1 eztoc-toggle-hide-by-default' ><li class='ez-toc-page-1 ez-toc-heading-level-2'><a class=\"ez-toc-link ez-toc-heading-1\" href=\"https:\/\/ppid.com\/es\/nyc-work-visa-lawyer\/eb1-green-cards\/#nyc-eb-1-visa-attorney\" >NYC EB-1 Visa Abogado<\/a><\/li><li class='ez-toc-page-1 ez-toc-heading-level-2'><a class=\"ez-toc-link ez-toc-heading-2\" href=\"https:\/\/ppid.com\/es\/nyc-work-visa-lawyer\/eb1-green-cards\/#working-to-maintain-your-eb-1-visa-status\" >Trabajar para mantener su estatus de visado EB-1<\/a><\/li><li class='ez-toc-page-1 ez-toc-heading-level-2'><a class=\"ez-toc-link ez-toc-heading-3\" href=\"https:\/\/ppid.com\/es\/nyc-work-visa-lawyer\/eb1-green-cards\/#faqs\" >Preguntas frecuentes<\/a><ul class='ez-toc-list-level-3' ><li class='ez-toc-heading-level-3'><a class=\"ez-toc-link ez-toc-heading-4\" href=\"https:\/\/ppid.com\/es\/nyc-work-visa-lawyer\/eb1-green-cards\/#is-it-worth-getting-a-lawyer-for-an-eb-1-visa\" >\u00bfMerece la pena contratar a un abogado para un visado EB-1?<\/a><\/li><li class='ez-toc-page-1 ez-toc-heading-level-3'><a class=\"ez-toc-link ez-toc-heading-5\" href=\"https:\/\/ppid.com\/es\/nyc-work-visa-lawyer\/eb1-green-cards\/#can-an-immigration-lawyer-speed-up-the-eb-1-visa-process\" >\u00bfPuede un abogado de inmigraci\u00f3n acelerar el proceso del visado EB-1?<\/a><\/li><li class='ez-toc-page-1 ez-toc-heading-level-3'><a class=\"ez-toc-link ez-toc-heading-6\" href=\"https:\/\/ppid.com\/es\/nyc-work-visa-lawyer\/eb1-green-cards\/#how-can-a-lawyer-assist-with-proving-extraordinary-ability-for-an-eb-1-visa\" >\u00bfC\u00f3mo puede ayudar un abogado a demostrar la capacidad extraordinaria para un visado EB-1?<\/a><\/li><li class='ez-toc-page-1 ez-toc-heading-level-3'><a class=\"ez-toc-link ez-toc-heading-7\" href=\"https:\/\/ppid.com\/es\/nyc-work-visa-lawyer\/eb1-green-cards\/#what-are-the-common-reasons-for-eb-1-visa-denials\" >\u00bfCu\u00e1les son los motivos habituales de denegaci\u00f3n del visado EB-1?<\/a><\/li><li class='ez-toc-page-1 ez-toc-heading-level-3'><a class=\"ez-toc-link ez-toc-heading-8\" href=\"https:\/\/ppid.com\/es\/nyc-work-visa-lawyer\/eb1-green-cards\/#is-it-necessary-to-have-a-job-offer-for-an-eb-1-visa\" >\u00bfEs necesario tener una oferta de trabajo para un visado EB-1?<\/a><\/li><\/ul><\/li><li class='ez-toc-page-1 ez-toc-heading-level-2'><a class=\"ez-toc-link ez-toc-heading-9\" href=\"https:\/\/ppid.com\/es\/nyc-work-visa-lawyer\/eb1-green-cards\/#contact-nyc-eb-1-visa-lawyer-today\" >Contacto NYC EB-1 Visa Abogado Hoy<\/a><\/li><\/ul><\/nav><\/div>\n<h2><span class=\"ez-toc-section\" id=\"nyc-eb-1-visa-attorney\"><\/span>NYC EB-1 Visa Abogado<span class=\"ez-toc-section-end\"><\/span><\/h2>\n<p>Bienvenido al mundo de las tarjetas verdes EB1 basadas en el empleo, una v\u00eda hacia la residencia permanente en Estados Unidos.<\/p>\n<div class=\"innr-pg-btn\"><a class=\"cmn-btn\" href=\"https:\/\/ppid.com\/es\/schedule-consultation\/\">Concertar una consulta<\/a><\/div>\n<p>Para aquellos con talentos excepcionales en las ciencias, las artes, la educaci\u00f3n, los negocios o el atletismo, la Tarjeta Verde EB1 ofrece una oportunidad para mostrar su aclamaci\u00f3n nacional o internacional sostenida. Si usted es reconocido como un l\u00edder en su campo, este podr\u00eda ser su boleto para establecerse en los EE.UU. A <strong>New York City EB-1 visa abogado puede ayudar a<\/strong> entender los requisitos para obtener un visado EB-1 y navegar por el proceso de solicitud.<\/p>\n<p>Distinguidos profesores e investigadores con <a href=\"https:\/\/www.uscis.gov\/policy-manual\/volume-6-part-f-chapter-3\" target=\"_blank\" rel=\"noopener\">un m\u00ednimo de 3 a\u00f1os de docencia o investigaci\u00f3n<\/a> experiencia tambi\u00e9n pueden encontrar su camino hacia una Tarjeta Verde EB1. Con una oferta de titularidad o un puesto de investigaci\u00f3n comparable de una universidad o instituci\u00f3n de investigaci\u00f3n estadounidense de renombre, le espera un nuevo cap\u00edtulo en su carrera.<\/p>\n<p>Para los directivos y ejecutivos multinacionales, la Tarjeta Verde EB1 es la puerta de entrada para avanzar en su carrera en los EE.UU. Despu\u00e9s de haber sido empleado durante al menos un a\u00f1o en los \u00faltimos tres a\u00f1os por una filial, matriz, subsidiaria o sucursal en el extranjero de un empleador estadounidense, ahora puede asumir un cargo directivo o ejecutivo en el pa\u00eds.<\/p>\n<p>En <a href=\"https:\/\/ppid.com\/es\/firm\/\">PPID<\/a>Entendemos las complejidades del proceso de la Tarjeta Verde EB1, y estamos aqu\u00ed para guiarle en cada paso del camino. Nuestro equipo de experimentados abogados de inmigraci\u00f3n trabajar\u00e1 incansablemente para asegurar que su solicitud sea presentada con precisi\u00f3n y cuidado, <a href=\"https:\/\/ppid.com\/es\/testimonials\/\">aumentar sus posibilidades de \u00e9xito<\/a> en esta categor\u00eda exclusiva de inmigraci\u00f3n.<\/p>\n<h2><span class=\"ez-toc-section\" id=\"working-to-maintain-your-eb-1-visa-status\"><\/span>Trabajar para mantener su estatus de visado EB-1<span class=\"ez-toc-section-end\"><\/span><\/h2>\n<p>Para asegurar su eventual camino a la ciudadan\u00eda, es fundamental mantener su estatus de visa EB-1. Un abogado experimentado y dedicado <a href=\"https:\/\/ppid.com\/es\/nyc-immigration-lawyer\/\">Abogado de inmigraci\u00f3n NYC<\/a> de PPID puede ayudarle a garantizar el cumplimiento de los requisitos para que, finalmente, pueda iniciar el proceso de naturalizaci\u00f3n para convertirse en ciudadano. Para mantener el estatus de su visado, es fundamental que siga trabajando en el campo en el que se le autoriz\u00f3 a trabajar, de acuerdo con su documentaci\u00f3n.<\/p>\n<p>Adem\u00e1s, es fundamental asegurarse de que cumple las leyes estadounidenses, ya que tener antecedentes penales puede complicar su situaci\u00f3n migratoria. En general, se recomienda evitar salir de EE.UU. durante largos periodos de tiempo para asegurarse de mantener su estatus de residencia. Adem\u00e1s, es fundamental solicitar ajustes de la solicitud o <a href=\"https:\/\/www.uscis.gov\/newsroom\/alerts\/uscis-extends-green-card-validity-extension-to-24-months-for-green-card-renewals\" target=\"_blank\" rel=\"noopener\">pr\u00f3rrogas de su tarjeta verde<\/a> a tiempo.<\/p>\n<h2><span class=\"ez-toc-section\" id=\"faqs\"><\/span>Preguntas frecuentes<span class=\"ez-toc-section-end\"><\/span><\/h2>\n<div class=\"accsec-ritcnt accordion\">\n<div class=\"accordion-section\">\n<h3><span class=\"ez-toc-section\" id=\"is-it-worth-getting-a-lawyer-for-an-eb-1-visa\"><\/span><a class=\"accordion-section-title active\" href=\"#accordion-1\"> \u00bfMerece la pena contratar a un abogado para un visado EB-1?<\/a><span class=\"ez-toc-section-end\"><\/span><\/h3>\n<div id=\"accordion-1\" class=\"accordion-section-content open\" style=\"display: block;\">\n<p>Merece la pena contratar a un abogado para un visado EB-1. Dado que el visado EB-1 es uno de los m\u00e1s competitivos basados en el empleo. <a href=\"https:\/\/ppid.com\/es\/new-york-city-green-card-lawyer\/\">tarjetas verdes<\/a> en EE.UU., los requisitos son rigurosos y los procesos asociados son complejos. Por lo tanto, trabajar con un abogado de inmigraci\u00f3n experimentado que tenga un historial de \u00e9xito en la gesti\u00f3n de casos de visado EB-1 puede ser extremadamente beneficioso. Pueden ayudarle a reunir y presentar documentos clave y a presentar una solicitud s\u00f3lida.<\/p>\n<\/div>\n<\/div>\n<div class=\"accordion-section\">\n<h3><span class=\"ez-toc-section\" id=\"can-an-immigration-lawyer-speed-up-the-eb-1-visa-process\"><\/span><a class=\"accordion-section-title\" href=\"#accordion-2\"> \u00bfPuede un abogado de inmigraci\u00f3n acelerar el proceso del visado EB-1?<\/a><span class=\"ez-toc-section-end\"><\/span><\/h3>\n<div id=\"accordion-2\" class=\"accordion-section-content\" style=\"display: none;\">\n<p>No es posible para un abogado de inmigraci\u00f3n acelerar directamente los tiempos de procesamiento de visas EB-1 que pasan por USCIS, pero pueden ayudar a agilizar su proceso de solicitud de visa EB-1 a trav\u00e9s de una variedad de medios indirectos. Pueden asegurarse de que su solicitud se rellena de forma completa y precisa con la documentaci\u00f3n cr\u00edtica de apoyo. Tambi\u00e9n pueden trabajar para abordar activamente cualquier problema que pueda surgir, como una solicitud de pruebas.<\/p>\n<\/div>\n<\/div>\n<div class=\"accordion-section\">\n<h3><span class=\"ez-toc-section\" id=\"how-can-a-lawyer-assist-with-proving-extraordinary-ability-for-an-eb-1-visa\"><\/span><a class=\"accordion-section-title\" href=\"#accordion-3\">\u00bfC\u00f3mo puede ayudar un abogado a demostrar la capacidad extraordinaria para un visado EB-1?<\/a><span class=\"ez-toc-section-end\"><\/span><\/h3>\n<div id=\"accordion-3\" class=\"accordion-section-content\" style=\"display: none;\">\n<p>Como demostrar la capacidad extraordinaria para un visado EB-1 puede ser complejo, un abogado con experiencia en visados EB-1 puede ayudarle analizando su caso para determinar las pruebas necesarias para demostrar su capacidad extraordinaria. Pueden ayudarle a solicitar y reunir documentos clave, como publicaciones, premios, cartas de recomendaci\u00f3n, pertenencia a organizaciones profesionales y otros logros destacados.<\/p>\n<\/div>\n<\/div>\n<div class=\"accordion-section\">\n<h3><span class=\"ez-toc-section\" id=\"what-are-the-common-reasons-for-eb-1-visa-denials\"><\/span><a class=\"accordion-section-title\" href=\"#accordion-4\">\u00bfCu\u00e1les son los motivos habituales de denegaci\u00f3n del visado EB-1?<\/a><span class=\"ez-toc-section-end\"><\/span><\/h3>\n<div id=\"accordion-4\" class=\"accordion-section-content\" style=\"display: none;\">\n<p>Los visados EB-1 pueden denegarse habitualmente por motivos como no documentar y demostrar adecuadamente la capacidad extraordinaria, la experiencia ejecutiva o de gesti\u00f3n, o los logros sobresalientes. Las incoherencias o errores durante la solicitud o la entrevista tambi\u00e9n pueden ser motivo de denegaci\u00f3n de la solicitud, as\u00ed como no presentar la documentaci\u00f3n adecuada. Si su solicitud EB-1 ha sido denegada, un abogado de inmigraci\u00f3n puede ayudarle a identificar qu\u00e9 ha fallado y a resolver el problema.<\/p>\n<\/div>\n<\/div>\n<div class=\"accordion-section\">\n<h3><span class=\"ez-toc-section\" id=\"is-it-necessary-to-have-a-job-offer-for-an-eb-1-visa\"><\/span><a class=\"accordion-section-title\" href=\"#accordion-5\"> \u00bfEs necesario tener una oferta de trabajo para un visado EB-1?<\/a><span class=\"ez-toc-section-end\"><\/span><\/h3>\n<\/div>\n<h2><span class=\"ez-toc-section\" id=\"contact-nyc-eb-1-visa-lawyer-today\"><\/span>Contacto NYC EB-1 Visa Abogado Hoy<span class=\"ez-toc-section-end\"><\/span><\/h2>\n<p data-start=\"0\" data-end=\"285\">Si usted es un profesional con habilidades extraordinarias, un profesor destacado, un investigador o un ejecutivo multinacional, PPID puede guiarle a trav\u00e9s del proceso. Nos aseguramos de que su petici\u00f3n sea s\u00f3lida, est\u00e9 bien documentada y cumpla todos los requisitos del USCIS.<\/p>\n<p data-start=\"287\" data-end=\"346\" data-is-last-node=\"\" data-is-only-node=\"\"><a href=\"https:\/\/ppid.com\/es\/contact\/\">P\u00f3ngase en contacto con PPID<\/a> para iniciar su solicitud de visado EB-1.<\/p>\n<div class=\"accordion-section\">\n<div id=\"accordion-5\" class=\"accordion-section-content\" style=\"display: none;\">\n<p>No, no es necesario tener una oferta de trabajo para todas las categor\u00edas del visado EB-1. La categor\u00eda de capacidad extraordinaria puede solicitarse mediante autopetici\u00f3n. Sin embargo, el solicitante tendr\u00e1 que presentar pruebas suficientes que respalden su caso. Las otras dos categor\u00edas de visado EB-1, profesores e investigadores destacados, y ejecutivos y directivos multinacionales, requieren tanto una oferta de trabajo como el patrocinio de un empleador.<\/p>\n<\/div>\n<\/div>\n<\/div>","protected":false},"excerpt":{"rendered":"<p>NYC EB-1 Visa Attorney Welcome to the world of EB1 Employment-based Green Cards \u2013 a pathway to permanent residency in the United States. Schedule a Consultation For those with exceptional talents in science, arts, education, business, or athletics, the EB1 Green Card offers an opportunity to showcase your sustained national or international acclaim. If you &hellip; <\/p>\n<p class=\"link-more\"><a href=\"https:\/\/ppid.com\/es\/nyc-work-visa-lawyer\/eb1-green-cards\/\" class=\"more-link\">Seguir leyendo<span class=\"screen-reader-text\"> &#8220;NYC EB-1 Visa Lawyer&#8221;<\/span><\/a><\/p>","protected":false},"author":1,"featured_media":0,"parent":196,"menu_order":0,"comment_status":"closed","ping_status":"closed","template":"template-parts\/workvisa-page.php","meta":{"_acf_changed":false,"footnotes":""},"class_list":["post-769","page","type-page","status-publish","hentry","entry"],"acf":[],"yoast_head":"<!-- This site is optimized with the Yoast SEO Premium plugin v26.8 (Yoast SEO v26.8) - https:\/\/yoast.com\/product\/yoast-seo-premium-wordpress\/ -->\n<title>NYC EB-1 Visa Lawyer &amp; Law Firm<\/title>\n<meta name=\"description\" content=\"EB1 Employment-based Green Cards \u2013 a pathway to permanent residency in the United States. Consultations available online and in person.\" \/>\n<meta name=\"robots\" content=\"index, follow, max-snippet:-1, max-image-preview:large, max-video-preview:-1\" \/>\n<link rel=\"canonical\" href=\"https:\/\/ppid.com\/es\/nyc-work-visa-lawyer\/eb1-green-cards\/\" \/>\n<meta property=\"og:locale\" content=\"es_MX\" \/>\n<meta property=\"og:type\" content=\"article\" \/>\n<meta property=\"og:title\" content=\"NYC EB-1 Visa Lawyer\" \/>\n<meta property=\"og:description\" content=\"EB1 Employment-based Green Cards \u2013 a pathway to permanent residency in the United States. Consultations available online and in person.\" \/>\n<meta property=\"og:url\" content=\"https:\/\/ppid.com\/es\/nyc-work-visa-lawyer\/eb1-green-cards\/\" \/>\n<meta property=\"og:site_name\" content=\"Pollack, Pollack, Isaac &amp; DeCicco, LLP\" \/>\n<meta property=\"article:modified_time\" content=\"2025-09-15T06:03:55+00:00\" \/>\n<meta name=\"twitter:card\" content=\"summary_large_image\" \/>\n<meta name=\"twitter:label1\" content=\"Tiempo de lectura\" \/>\n\t<meta name=\"twitter:data1\" content=\"4 minutos\" \/>\n<!-- \/ Yoast SEO Premium plugin. -->","yoast_head_json":{"title":"NYC EB-1 Visa Abogado y Bufete de Abogados","description":"EB1 Employment-based Green Cards - un camino hacia la residencia permanente en los Estados Unidos. Consultas disponibles en l\u00ednea y en persona.","robots":{"index":"index","follow":"follow","max-snippet":"max-snippet:-1","max-image-preview":"max-image-preview:large","max-video-preview":"max-video-preview:-1"},"canonical":"https:\/\/ppid.com\/es\/nyc-work-visa-lawyer\/eb1-green-cards\/","og_locale":"es_MX","og_type":"article","og_title":"NYC EB-1 Visa Lawyer","og_description":"EB1 Employment-based Green Cards \u2013 a pathway to permanent residency in the United States. Consultations available online and in person.","og_url":"https:\/\/ppid.com\/es\/nyc-work-visa-lawyer\/eb1-green-cards\/","og_site_name":"Pollack, Pollack, Isaac &amp; DeCicco, LLP","article_modified_time":"2025-09-15T06:03:55+00:00","twitter_card":"summary_large_image","twitter_misc":{"Tiempo de lectura":"4 minutos"},"schema":{"@context":"https:\/\/schema.org","@graph":[{"@type":"WebPage","@id":"https:\/\/ppid.com\/nyc-work-visa-lawyer\/eb1-green-cards\/","url":"https:\/\/ppid.com\/nyc-work-visa-lawyer\/eb1-green-cards\/","name":"NYC EB-1 Visa Abogado y Bufete de Abogados","isPartOf":{"@id":"https:\/\/ppid.com\/#website"},"datePublished":"2024-09-10T11:02:33+00:00","dateModified":"2025-09-15T06:03:55+00:00","description":"EB1 Employment-based Green Cards - un camino hacia la residencia permanente en los Estados Unidos. Consultas disponibles en l\u00ednea y en persona.","breadcrumb":{"@id":"https:\/\/ppid.com\/nyc-work-visa-lawyer\/eb1-green-cards\/#breadcrumb"},"inLanguage":"es","potentialAction":[{"@type":"ReadAction","target":["https:\/\/ppid.com\/nyc-work-visa-lawyer\/eb1-green-cards\/"]}]},{"@type":"BreadcrumbList","@id":"https:\/\/ppid.com\/nyc-work-visa-lawyer\/eb1-green-cards\/#breadcrumb","itemListElement":[{"@type":"ListItem","position":1,"name":"Home","item":"https:\/\/ppid.com\/"},{"@type":"ListItem","position":2,"name":"NYC Work Visa Lawyer","item":"https:\/\/ppid.com\/nyc-work-visa-lawyer\/"},{"@type":"ListItem","position":3,"name":"NYC EB-1 Visa Lawyer"}]},{"@type":"WebSite","@id":"https:\/\/ppid.com\/#website","url":"https:\/\/ppid.com\/","name":"Pollack, Pollack, Isaac &amp; DeCicco, LLP","description":"","potentialAction":[{"@type":"SearchAction","target":{"@type":"EntryPoint","urlTemplate":"https:\/\/ppid.com\/?s={search_term_string}"},"query-input":{"@type":"PropertyValueSpecification","valueRequired":true,"valueName":"search_term_string"}}],"inLanguage":"es"}]}},"_links":{"self":[{"href":"https:\/\/ppid.com\/es\/wp-json\/wp\/v2\/pages\/769","targetHints":{"allow":["GET"]}}],"collection":[{"href":"https:\/\/ppid.com\/es\/wp-json\/wp\/v2\/pages"}],"about":[{"href":"https:\/\/ppid.com\/es\/wp-json\/wp\/v2\/types\/page"}],"author":[{"embeddable":true,"href":"https:\/\/ppid.com\/es\/wp-json\/wp\/v2\/users\/1"}],"replies":[{"embeddable":true,"href":"https:\/\/ppid.com\/es\/wp-json\/wp\/v2\/comments?post=769"}],"version-history":[{"count":0,"href":"https:\/\/ppid.com\/es\/wp-json\/wp\/v2\/pages\/769\/revisions"}],"up":[{"embeddable":true,"href":"https:\/\/ppid.com\/es\/wp-json\/wp\/v2\/pages\/196"}],"wp:attachment":[{"href":"https:\/\/ppid.com\/es\/wp-json\/wp\/v2\/media?parent=769"}],"curies":[{"name":"wp","href":"https:\/\/api.w.org\/{rel}","templated":true}]}}