{"id":775,"date":"2024-09-10T11:10:52","date_gmt":"2024-09-10T11:10:52","guid":{"rendered":"https:\/\/ppidllp.wpenginepowered.com\/?page_id=775"},"modified":"2026-04-03T21:03:22","modified_gmt":"2026-04-03T21:03:22","slug":"eb2-green-cards","status":"publish","type":"page","link":"https:\/\/ppid.com\/es\/nyc-work-visa-lawyer\/eb2-green-cards\/","title":{"rendered":"EB-2 Visa Lawyer in New York City"},"content":{"rendered":"<div id=\"ez-toc-container\" class=\"ez-toc-v2_0_80 counter-hierarchy ez-toc-counter ez-toc-transparent ez-toc-container-direction\">\n<div class=\"ez-toc-title-container\">\n<p class=\"ez-toc-title ez-toc-toggle\" style=\"cursor:pointer\">\u00cdndice<\/p>\n<span class=\"ez-toc-title-toggle\"><a href=\"#\" class=\"ez-toc-pull-right ez-toc-btn ez-toc-btn-xs ez-toc-btn-default ez-toc-toggle\" aria-label=\"Toggle Table of Content\"><span class=\"ez-toc-js-icon-con\"><span class=\"\"><span class=\"eztoc-hide\" style=\"display:none;\">Toggle<\/span><span class=\"ez-toc-icon-toggle-span\"><svg style=\"fill: #999;color:#999\" xmlns=\"http:\/\/www.w3.org\/2000\/svg\" class=\"list-377408\" width=\"20px\" height=\"20px\" viewbox=\"0 0 24 24\" fill=\"none\"><path d=\"M6 6H4v2h2V6zm14 0H8v2h12V6zM4 11h2v2H4v-2zm16 0H8v2h12v-2zM4 16h2v2H4v-2zm16 0H8v2h12v-2z\" fill=\"currentColor\"><\/path><\/svg><svg style=\"fill: #999;color:#999\" class=\"arrow-unsorted-368013\" xmlns=\"http:\/\/www.w3.org\/2000\/svg\" width=\"10px\" height=\"10px\" viewbox=\"0 0 24 24\" version=\"1.2\" baseprofile=\"tiny\"><path d=\"M18.2 9.3l-6.2-6.3-6.2 6.3c-.2.2-.3.4-.3.7s.1.5.3.7c.2.2.4.3.7.3h11c.3 0 .5-.1.7-.3.2-.2.3-.5.3-.7s-.1-.5-.3-.7zM5.8 14.7l6.2 6.3 6.2-6.3c.2-.2.3-.5.3-.7s-.1-.5-.3-.7c-.2-.2-.4-.3-.7-.3h-11c-.3 0-.5.1-.7.3-.2.2-.3.5-.3.7s.1.5.3.7z\"\/><\/svg><\/span><\/span><\/span><\/a><\/span><\/div>\n<nav><ul class='ez-toc-list ez-toc-list-level-1 eztoc-toggle-hide-by-default' ><li class='ez-toc-page-1 ez-toc-heading-level-2'><a class=\"ez-toc-link ez-toc-heading-1\" href=\"https:\/\/ppid.com\/es\/nyc-work-visa-lawyer\/eb2-green-cards\/#nyc-eb-2-visa-attorney\" >NYC EB-2 Visa Abogado<\/a><\/li><li class='ez-toc-page-1 ez-toc-heading-level-2'><a class=\"ez-toc-link ez-toc-heading-2\" href=\"https:\/\/ppid.com\/es\/nyc-work-visa-lawyer\/eb2-green-cards\/#understanding-the-eb-2-visa\" >Comprender el visado EB-2<\/a><\/li><li class='ez-toc-page-1 ez-toc-heading-level-2'><a class=\"ez-toc-link ez-toc-heading-3\" href=\"https:\/\/ppid.com\/es\/nyc-work-visa-lawyer\/eb2-green-cards\/#faqs\" >Preguntas frecuentes<\/a><ul class='ez-toc-list-level-3' ><li class='ez-toc-heading-level-3'><a class=\"ez-toc-link ez-toc-heading-4\" href=\"https:\/\/ppid.com\/es\/nyc-work-visa-lawyer\/eb2-green-cards\/#what-documentation-is-required-for-an-eb-2-visa-application\" >\u00bfQu\u00e9 documentaci\u00f3n se requiere para una solicitud de visado EB-2?<\/a><\/li><li class='ez-toc-page-1 ez-toc-heading-level-3'><a class=\"ez-toc-link ez-toc-heading-5\" href=\"https:\/\/ppid.com\/es\/nyc-work-visa-lawyer\/eb2-green-cards\/#can-i-apply-for-a-national-interest-waiver-niw-without-a-job-offer\" >\u00bfPuedo solicitar una exenci\u00f3n por inter\u00e9s nacional (NIW) sin una oferta de trabajo?<\/a><\/li><li class='ez-toc-page-1 ez-toc-heading-level-3'><a class=\"ez-toc-link ez-toc-heading-6\" href=\"https:\/\/ppid.com\/es\/nyc-work-visa-lawyer\/eb2-green-cards\/#how-long-does-it-take-to-process-an-eb-2-visa\" >\u00bfCu\u00e1nto se tarda en tramitar un visado EB-2?<\/a><\/li><li class='ez-toc-page-1 ez-toc-heading-level-3'><a class=\"ez-toc-link ez-toc-heading-7\" href=\"https:\/\/ppid.com\/es\/nyc-work-visa-lawyer\/eb2-green-cards\/#can-i-include-my-family-members-in-my-eb-2-visa-application\" >\u00bfPuedo incluir a mis familiares en mi solicitud de visado EB-2?<\/a><\/li><li class='ez-toc-page-1 ez-toc-heading-level-3'><a class=\"ez-toc-link ez-toc-heading-8\" href=\"https:\/\/ppid.com\/es\/nyc-work-visa-lawyer\/eb2-green-cards\/#what-are-the-benefits-of-an-eb-2-visa-compared-to-other-employment-based-visas\" >\u00bfCu\u00e1les son las ventajas del visado EB-2 en comparaci\u00f3n con otros visados basados en el empleo?<\/a><\/li><li class='ez-toc-page-1 ez-toc-heading-level-3'><a class=\"ez-toc-link ez-toc-heading-9\" href=\"https:\/\/ppid.com\/es\/nyc-work-visa-lawyer\/eb2-green-cards\/#nyc-work-visa-lawyer-resources\" >Recursos para abogados de visados de trabajo en NYC<\/a><\/li><\/ul><\/li><\/ul><\/nav><\/div>\n<h2><span class=\"ez-toc-section\" id=\"nyc-eb-2-visa-attorney\"><\/span>NYC EB-2 Visa Abogado<span class=\"ez-toc-section-end\"><\/span><\/h2>\n<p>Descubra las posibilidades de las tarjetas verdes EB2, una v\u00eda hacia la residencia permanente en Estados Unidos para personas con titulaciones superiores, capacidades excepcionales y experiencia laboral cualificada en ciencias, artes o negocios. A <strong>New York City EB-2 visa abogado puede guiar a<\/strong> a trav\u00e9s del proceso de solicitud.<\/p>\n<div class=\"innr-pg-btn\"><a class=\"cmn-btn\" href=\"https:\/\/ppid.com\/es\/schedule-consultation\/\">Concertar una consulta<\/a><\/div>\n<h2><span class=\"ez-toc-section\" id=\"understanding-the-eb-2-visa\"><\/span>Comprender el visado EB-2<span class=\"ez-toc-section-end\"><\/span><\/h2>\n<p>El visado EB-2 es un visado de segunda preferencia, basado en el empleo, para personas con capacidades excepcionales en las artes, las ciencias o los negocios, as\u00ed como para quienes posean titulaciones superiores. Adem\u00e1s, las personas cuyo trabajo beneficie enormemente a Estados Unidos pueden solicitar exenciones de inter\u00e9s nacional para renunciar al requisito de una oferta de empleo y un certificado laboral al solicitar un visado EB-2.<\/p>\n<p><strong>Subcategor\u00edas del visado EB2 que debe conocer si desea obtener un visado de trabajo por cuenta ajena:<\/strong><\/p>\n<p><strong>EB2A<\/strong> est\u00e1 pensado para personas con titulaciones superiores o aptitudes sobresalientes en sus respectivos campos. Si tiene un t\u00edtulo de m\u00e1ster o superior, o posee talentos extraordinarios en ciencias, artes o negocios, esta es la v\u00eda que debe explorar. Una oferta de trabajo en EE.UU. y una certificaci\u00f3n laboral son requisitos esenciales para los solicitantes de esta subcategor\u00eda.<\/p>\n<p><strong>EB2B<\/strong> est\u00e1 dise\u00f1ado para profesionales con un t\u00edtulo superior estadounidense o su equivalente, es decir, una licenciatura junto con cinco a\u00f1os de experiencia laboral progresiva. Los trabajadores cualificados con al menos dos a\u00f1os de experiencia laboral tambi\u00e9n pueden encontrar su lugar en la EB2B. Al igual que la EB2A, los solicitantes de esta subcategor\u00eda deben asegurarse una oferta de trabajo estadounidense y, en la mayor\u00eda de los casos, obtener un certificado laboral.<\/p>\n<p>En <a href=\"https:\/\/ppid.com\/es\/firm\/\">PPID<\/a>comprendemos la importancia del EB2 <a href=\"https:\/\/ppid.com\/es\/new-york-city-green-card-lawyer\/\">Tarjetas verdes para particulares<\/a> en busca de nuevas oportunidades en Estados Unidos. Nuestro equipo de <a href=\"https:\/\/ppid.com\/es\/nyc-immigration-lawyer\/\">abogados expertos en inmigraci\u00f3n<\/a> est\u00e1 bien versado en las complejidades del proceso EB2 y se dedica a proporcionarle orientaci\u00f3n experta a lo largo de su viaje.<\/p>\n<h2><span class=\"ez-toc-section\" id=\"faqs\"><\/span>Preguntas frecuentes<span class=\"ez-toc-section-end\"><\/span><\/h2>\n<div class=\"accsec-ritcnt accordion\">\n<div class=\"accordion-section\">\n<h3><span class=\"ez-toc-section\" id=\"what-documentation-is-required-for-an-eb-2-visa-application\"><\/span><a class=\"accordion-section-title active\" href=\"#accordion-1\"> \u00bfQu\u00e9 documentaci\u00f3n se requiere para una solicitud de visado EB-2?<\/a><span class=\"ez-toc-section-end\"><\/span><\/h3>\n<div id=\"accordion-1\" class=\"accordion-section-content open\" style=\"display: block;\">\n<p>La documentaci\u00f3n de la solicitud del visado EB-2 suele implicar que se demuestre la obtenci\u00f3n de un t\u00edtulo superior mediante certificaciones como expedientes acad\u00e9micos y diplomas. Adem\u00e1s, los solicitantes deben demostrar que tienen una capacidad excepcional presentando cartas de recomendaci\u00f3n, publicaciones y premios, por ejemplo.<\/p>\n<p>A menos que soliciten una exenci\u00f3n de inter\u00e9s nacional, los solicitantes deber\u00e1n tener un certificado laboral del Departamento de Trabajo, as\u00ed como una oferta de trabajo de un empleador estadounidense. En<a href=\"https:\/\/ppid.com\/es\/nyc-immigration-lawyer\/\">\u00a0abogado experto en inmigraci\u00f3n<\/a>\u00a0puede ayudarle a reunir la documentaci\u00f3n adecuada.<\/p>\n<\/div>\n<\/div>\n<div class=\"accordion-section\">\n<h3><span class=\"ez-toc-section\" id=\"can-i-apply-for-a-national-interest-waiver-niw-without-a-job-offer\"><\/span><a class=\"accordion-section-title\" href=\"#accordion-2\">\u00bfPuedo solicitar una exenci\u00f3n por inter\u00e9s nacional (NIW) sin una oferta de trabajo?<\/a><span class=\"ez-toc-section-end\"><\/span><\/h3>\n<div id=\"accordion-2\" class=\"accordion-section-content\" style=\"display: none;\">\n<p>S\u00ed, los solicitantes que presenten su solicitud de visado EB-2 con una Exenci\u00f3n de Inter\u00e9s Nacional no est\u00e1n obligados a tener una oferta de trabajo o certificaci\u00f3n laboral del Departamento de Trabajo. Para que se les conceda una Exenci\u00f3n de Inter\u00e9s Nacional, los solicitantes tendr\u00e1n que demostrar que su trabajo es de importancia nacional y m\u00e9rito sustancial y que tienen los antecedentes y la experiencia pertinentes para llevar a cabo el trabajo. Un abogado de inmigraci\u00f3n puede ayudarle con el proceso de solicitud del visado EB-2.<\/p>\n<\/div>\n<\/div>\n<div class=\"accordion-section\">\n<h3><span class=\"ez-toc-section\" id=\"how-long-does-it-take-to-process-an-eb-2-visa\"><\/span><a class=\"accordion-section-title\" href=\"#accordion-3\">\u00bfCu\u00e1nto se tarda en tramitar un visado EB-2?<\/a><span class=\"ez-toc-section-end\"><\/span><\/h3>\n<div id=\"accordion-3\" class=\"accordion-section-content\" style=\"display: none;\">\n<p>El tiempo que se tarda en tramitar un visado EB-2 var\u00eda en funci\u00f3n de cada caso y depende de factores clave, como la carga de trabajo del USCIS y la complejidad de su caso. Es importante entender que rellenar su solicitud de forma precisa y completa, as\u00ed como proporcionar documentaci\u00f3n de apoyo s\u00f3lida, puede ayudar a evitar retrasos innecesarios causados por rechazos o una solicitud de pruebas. Un abogado con experiencia puede ayudarle a entender los plazos de su solicitud.<\/p>\n<\/div>\n<\/div>\n<div class=\"accordion-section\">\n<h3><span class=\"ez-toc-section\" id=\"can-i-include-my-family-members-in-my-eb-2-visa-application\"><\/span><a class=\"accordion-section-title\" href=\"#accordion-4\">\u00bfPuedo incluir a mis familiares en mi solicitud de visado EB-2?<\/a><span class=\"ez-toc-section-end\"><\/span><\/h3>\n<div id=\"accordion-4\" class=\"accordion-section-content\" style=\"display: none;\">\n<p>S\u00ed, es posible incluir a sus familiares cercanos en su solicitud de visado EB-2, que ser\u00edan su c\u00f3nyuge e hijos solteros menores de 21 a\u00f1os. Tras la aprobaci\u00f3n de su solicitud, podr\u00e1n obtener visados derivados para venir a vivir con usted a EE.UU. Un abogado de inmigraci\u00f3n con experiencia puede ayudarle a entender c\u00f3mo tener en cuenta a su familia durante el proceso de solicitud de su visado EB-2. De este modo, podr\u00e1 reunir a todos en EE.UU.<\/p>\n<\/div>\n<\/div>\n<div class=\"accordion-section\">\n<h3><span class=\"ez-toc-section\" id=\"what-are-the-benefits-of-an-eb-2-visa-compared-to-other-employment-based-visas\"><\/span><a class=\"accordion-section-title\" href=\"#accordion-5\"> \u00bfCu\u00e1les son las ventajas del visado EB-2 en comparaci\u00f3n con otros visados basados en el empleo?<\/a><span class=\"ez-toc-section-end\"><\/span><\/h3>\n<\/div>\n<h3><span class=\"ez-toc-section\" id=\"nyc-work-visa-lawyer-resources\"><\/span>Recursos para abogados de visados de trabajo en NYC<span class=\"ez-toc-section-end\"><\/span><\/h3>\n<ul>\n<li><a href=\"https:\/\/ppid.com\/es\/blog\/how-do-i-renew-my-nyc-work-permit\/\">\u00bfC\u00f3mo renuevo mi permiso de trabajo en Nueva York?<\/a><\/li>\n<\/ul>\n<div class=\"accordion-section\">\n<div id=\"accordion-5\" class=\"accordion-section-content\" style=\"display: none;\">\n<p>El visado EB-2 tiene importantes ventajas en comparaci\u00f3n con otros visados basados en el empleo, entre las que se incluye tener prioridad sobre los visados EB-3. Esto suele conllevar plazos de tramitaci\u00f3n m\u00e1s cortos. Adem\u00e1s, el visado EB-2 es potencialmente m\u00e1s f\u00e1cil de solicitar que el visado EB-1, ya que reconoce cualificaciones avanzadas y aptitudes excepcionales, facilitando el proceso de demostrar la elegibilidad. Por \u00faltimo, la exenci\u00f3n de inter\u00e9s nacional permite a los solicitantes de visados EB-2 presentar su propia solicitud sin una oferta de trabajo o certificaci\u00f3n laboral.<\/p>\n<p>Si usted es un profesional consumado con conocimientos avanzados o un trabajador cualificado con una valiosa experiencia, estamos aqu\u00ed para ayudarle a navegar por el proceso de EB2 Green Card. Perm\u00edtanos ayudarle a allanar el camino hacia un futuro m\u00e1s brillante en los EE.UU. P\u00f3ngase en contacto con nosotros hoy mismo para obtener m\u00e1s informaci\u00f3n sobre c\u00f3mo podemos ayudarle a asegurar su EB2 Green Card con confianza.<\/p>\n<\/div>\n<\/div>\n<\/div>","protected":false},"excerpt":{"rendered":"<p>NYC EB-2 Visa Attorney Discover the possibilities of EB2 Green Cards \u2013 an avenue to permanent residency in the United States for individuals with advanced degrees, exceptional abilities, and skilled work experience in the sciences, arts, or business. A New York City EB-2 visa lawyer can guide you through the application process. Schedule a Consultation &hellip; <\/p>\n<p class=\"link-more\"><a href=\"https:\/\/ppid.com\/es\/nyc-work-visa-lawyer\/eb2-green-cards\/\" class=\"more-link\">Seguir leyendo<span class=\"screen-reader-text\"> &#8220;EB-2 Visa Lawyer in New York City&#8221;<\/span><\/a><\/p>","protected":false},"author":1,"featured_media":0,"parent":196,"menu_order":0,"comment_status":"closed","ping_status":"closed","template":"template-parts\/workvisa-page.php","meta":{"_acf_changed":false,"footnotes":""},"class_list":["post-775","page","type-page","status-publish","hentry","entry"],"acf":[],"yoast_head":"<!-- This site is optimized with the Yoast SEO Premium plugin v26.8 (Yoast SEO v26.8) - https:\/\/yoast.com\/product\/yoast-seo-premium-wordpress\/ -->\n<title>New York City EB2 Visa Lawyer - PPID Law<\/title>\n<meta name=\"description\" content=\"An EB-2 green card requires a master\u2019s, PhD, or equivalent. A New York City EB-2 lawyer at PPID can help you determine eligibility. Contact us today.\" \/>\n<meta name=\"robots\" content=\"index, follow, max-snippet:-1, max-image-preview:large, max-video-preview:-1\" \/>\n<link rel=\"canonical\" href=\"https:\/\/ppid.com\/es\/nyc-work-visa-lawyer\/eb2-green-cards\/\" \/>\n<meta property=\"og:locale\" content=\"es_MX\" \/>\n<meta property=\"og:type\" content=\"article\" \/>\n<meta property=\"og:title\" content=\"New York City EB2 Visa Lawyer - PPID Law\" \/>\n<meta property=\"og:description\" content=\"An EB-2 green card requires a master\u2019s, PhD, or equivalent. A New York City EB-2 lawyer at PPID can help you determine eligibility. Contact us today.\" \/>\n<meta property=\"og:url\" content=\"https:\/\/ppid.com\/es\/nyc-work-visa-lawyer\/eb2-green-cards\/\" \/>\n<meta property=\"og:site_name\" content=\"Pollack, Pollack, Isaac &amp; DeCicco, LLP\" \/>\n<meta property=\"article:modified_time\" content=\"2026-04-03T21:03:22+00:00\" \/>\n<meta name=\"twitter:card\" content=\"summary_large_image\" \/>\n<meta name=\"twitter:title\" content=\"New York City EB2 Visa Lawyer - PPID Law\" \/>\n<meta name=\"twitter:description\" content=\"An EB-2 green card requires a master\u2019s, PhD, or equivalent. A New York City EB-2 lawyer at PPID can help you determine eligibility. Contact us today.\" \/>\n<meta name=\"twitter:label1\" content=\"Tiempo de lectura\" \/>\n\t<meta name=\"twitter:data1\" content=\"4 minutos\" \/>\n<!-- \/ Yoast SEO Premium plugin. -->","yoast_head_json":{"title":"New York City EB2 Visa Lawyer - PPID Law","description":"An EB-2 green card requires a master\u2019s, PhD, or equivalent. A New York City EB-2 lawyer at PPID can help you determine eligibility. Contact us today.","robots":{"index":"index","follow":"follow","max-snippet":"max-snippet:-1","max-image-preview":"max-image-preview:large","max-video-preview":"max-video-preview:-1"},"canonical":"https:\/\/ppid.com\/es\/nyc-work-visa-lawyer\/eb2-green-cards\/","og_locale":"es_MX","og_type":"article","og_title":"New York City EB2 Visa Lawyer - PPID Law","og_description":"An EB-2 green card requires a master\u2019s, PhD, or equivalent. A New York City EB-2 lawyer at PPID can help you determine eligibility. Contact us today.","og_url":"https:\/\/ppid.com\/es\/nyc-work-visa-lawyer\/eb2-green-cards\/","og_site_name":"Pollack, Pollack, Isaac &amp; DeCicco, LLP","article_modified_time":"2026-04-03T21:03:22+00:00","twitter_card":"summary_large_image","twitter_title":"New York City EB2 Visa Lawyer - PPID Law","twitter_description":"An EB-2 green card requires a master\u2019s, PhD, or equivalent. A New York City EB-2 lawyer at PPID can help you determine eligibility. Contact us today.","twitter_misc":{"Tiempo de lectura":"4 minutos"},"schema":{"@context":"https:\/\/schema.org","@graph":[{"@type":"WebPage","@id":"https:\/\/ppid.com\/nyc-work-visa-lawyer\/eb2-green-cards\/","url":"https:\/\/ppid.com\/nyc-work-visa-lawyer\/eb2-green-cards\/","name":"New York City EB2 Visa Lawyer - PPID Law","isPartOf":{"@id":"https:\/\/ppid.com\/#website"},"datePublished":"2024-09-10T11:10:52+00:00","dateModified":"2026-04-03T21:03:22+00:00","description":"An EB-2 green card requires a master\u2019s, PhD, or equivalent. A New York City EB-2 lawyer at PPID can help you determine eligibility. Contact us today.","breadcrumb":{"@id":"https:\/\/ppid.com\/nyc-work-visa-lawyer\/eb2-green-cards\/#breadcrumb"},"inLanguage":"es","potentialAction":[{"@type":"ReadAction","target":["https:\/\/ppid.com\/nyc-work-visa-lawyer\/eb2-green-cards\/"]}]},{"@type":"BreadcrumbList","@id":"https:\/\/ppid.com\/nyc-work-visa-lawyer\/eb2-green-cards\/#breadcrumb","itemListElement":[{"@type":"ListItem","position":1,"name":"Home","item":"https:\/\/ppid.com\/"},{"@type":"ListItem","position":2,"name":"NYC Work Visa Lawyer","item":"https:\/\/ppid.com\/nyc-work-visa-lawyer\/"},{"@type":"ListItem","position":3,"name":"EB-2 Visa Lawyer in New York City"}]},{"@type":"WebSite","@id":"https:\/\/ppid.com\/#website","url":"https:\/\/ppid.com\/","name":"Pollack, Pollack, Isaac &amp; DeCicco, LLP","description":"","potentialAction":[{"@type":"SearchAction","target":{"@type":"EntryPoint","urlTemplate":"https:\/\/ppid.com\/?s={search_term_string}"},"query-input":{"@type":"PropertyValueSpecification","valueRequired":true,"valueName":"search_term_string"}}],"inLanguage":"es"}]}},"_links":{"self":[{"href":"https:\/\/ppid.com\/es\/wp-json\/wp\/v2\/pages\/775","targetHints":{"allow":["GET"]}}],"collection":[{"href":"https:\/\/ppid.com\/es\/wp-json\/wp\/v2\/pages"}],"about":[{"href":"https:\/\/ppid.com\/es\/wp-json\/wp\/v2\/types\/page"}],"author":[{"embeddable":true,"href":"https:\/\/ppid.com\/es\/wp-json\/wp\/v2\/users\/1"}],"replies":[{"embeddable":true,"href":"https:\/\/ppid.com\/es\/wp-json\/wp\/v2\/comments?post=775"}],"version-history":[{"count":0,"href":"https:\/\/ppid.com\/es\/wp-json\/wp\/v2\/pages\/775\/revisions"}],"up":[{"embeddable":true,"href":"https:\/\/ppid.com\/es\/wp-json\/wp\/v2\/pages\/196"}],"wp:attachment":[{"href":"https:\/\/ppid.com\/es\/wp-json\/wp\/v2\/media?parent=775"}],"curies":[{"name":"wp","href":"https:\/\/api.w.org\/{rel}","templated":true}]}}