{"id":779,"date":"2024-09-10T11:17:17","date_gmt":"2024-09-10T11:17:17","guid":{"rendered":"https:\/\/ppidllp.wpenginepowered.com\/?page_id=779"},"modified":"2026-04-13T17:09:25","modified_gmt":"2026-04-13T17:09:25","slug":"permanent-residence-green-cards-perm","status":"publish","type":"page","link":"https:\/\/ppid.com\/es\/nyc-work-visa-lawyer\/permanent-residence-green-cards-perm\/","title":{"rendered":"NYC Residencia Permanente Tarjetas Verdes (PERM) Abogado"},"content":{"rendered":"<div id=\"ez-toc-container\" class=\"ez-toc-v2_0_80 counter-hierarchy ez-toc-counter ez-toc-transparent ez-toc-container-direction\">\n<div class=\"ez-toc-title-container\">\n<p class=\"ez-toc-title ez-toc-toggle\" style=\"cursor:pointer\">\u00cdndice<\/p>\n<span class=\"ez-toc-title-toggle\"><a href=\"#\" class=\"ez-toc-pull-right ez-toc-btn ez-toc-btn-xs ez-toc-btn-default ez-toc-toggle\" aria-label=\"Toggle Table of Content\"><span class=\"ez-toc-js-icon-con\"><span class=\"\"><span class=\"eztoc-hide\" style=\"display:none;\">Toggle<\/span><span class=\"ez-toc-icon-toggle-span\"><svg style=\"fill: #999;color:#999\" xmlns=\"http:\/\/www.w3.org\/2000\/svg\" class=\"list-377408\" width=\"20px\" height=\"20px\" viewbox=\"0 0 24 24\" fill=\"none\"><path d=\"M6 6H4v2h2V6zm14 0H8v2h12V6zM4 11h2v2H4v-2zm16 0H8v2h12v-2zM4 16h2v2H4v-2zm16 0H8v2h12v-2z\" fill=\"currentColor\"><\/path><\/svg><svg style=\"fill: #999;color:#999\" class=\"arrow-unsorted-368013\" xmlns=\"http:\/\/www.w3.org\/2000\/svg\" width=\"10px\" height=\"10px\" viewbox=\"0 0 24 24\" version=\"1.2\" baseprofile=\"tiny\"><path d=\"M18.2 9.3l-6.2-6.3-6.2 6.3c-.2.2-.3.4-.3.7s.1.5.3.7c.2.2.4.3.7.3h11c.3 0 .5-.1.7-.3.2-.2.3-.5.3-.7s-.1-.5-.3-.7zM5.8 14.7l6.2 6.3 6.2-6.3c.2-.2.3-.5.3-.7s-.1-.5-.3-.7c-.2-.2-.4-.3-.7-.3h-11c-.3 0-.5.1-.7.3-.2.2-.3.5-.3.7s.1.5.3.7z\"\/><\/svg><\/span><\/span><\/span><\/a><\/span><\/div>\n<nav><ul class='ez-toc-list ez-toc-list-level-1 eztoc-toggle-hide-by-default' ><li class='ez-toc-page-1 ez-toc-heading-level-2'><a class=\"ez-toc-link ez-toc-heading-1\" href=\"https:\/\/ppid.com\/es\/nyc-work-visa-lawyer\/permanent-residence-green-cards-perm\/#nyc-permanent-residence-green-cards-perm-attorney\" >NYC Residencia Permanente Tarjetas Verdes (PERM) Abogado<\/a><\/li><li class='ez-toc-page-1 ez-toc-heading-level-2'><a class=\"ez-toc-link ez-toc-heading-2\" href=\"https:\/\/ppid.com\/es\/nyc-work-visa-lawyer\/permanent-residence-green-cards-perm\/#perm-labor-certification-permanent-residence-green-cards\" >Certificaci\u00f3n laboral PERM \/ Residencia permanente Tarjetas verdes<\/a><\/li><li class='ez-toc-page-1 ez-toc-heading-level-2'><a class=\"ez-toc-link ez-toc-heading-3\" href=\"https:\/\/ppid.com\/es\/nyc-work-visa-lawyer\/permanent-residence-green-cards-perm\/#understanding-perm-labor-certification-a-process-breakdown\" >Entendiendo la Certificaci\u00f3n Laboral PERM: Desglose del proceso<\/a><\/li><li class='ez-toc-page-1 ez-toc-heading-level-2'><a class=\"ez-toc-link ez-toc-heading-4\" href=\"https:\/\/ppid.com\/es\/nyc-work-visa-lawyer\/permanent-residence-green-cards-perm\/#faqs\" >Preguntas frecuentes<\/a><ul class='ez-toc-list-level-3' ><li class='ez-toc-heading-level-3'><a class=\"ez-toc-link ez-toc-heading-5\" href=\"https:\/\/ppid.com\/es\/nyc-work-visa-lawyer\/permanent-residence-green-cards-perm\/#how-difficult-is-it-to-get-perm-certification-in-new-york\" >\u00bfQu\u00e9 tan dif\u00edcil es obtener la certificaci\u00f3n PERM en New York?<\/a><\/li><li class='ez-toc-page-1 ez-toc-heading-level-3'><a class=\"ez-toc-link ez-toc-heading-6\" href=\"https:\/\/ppid.com\/es\/nyc-work-visa-lawyer\/permanent-residence-green-cards-perm\/#can-i-stay-in-new-york-while-waiting-for-a-perm-approval\" >\u00bfPuedo permanecer en el New York mientras espero la aprobaci\u00f3n del PERM?<\/a><\/li><li class='ez-toc-page-1 ez-toc-heading-level-3'><a class=\"ez-toc-link ez-toc-heading-7\" href=\"https:\/\/ppid.com\/es\/nyc-work-visa-lawyer\/permanent-residence-green-cards-perm\/#how-much-does-a-perm-petition-cost\" >\u00bfCu\u00e1nto cuesta una petici\u00f3n PERM?<\/a><\/li><li class='ez-toc-page-1 ez-toc-heading-level-3'><a class=\"ez-toc-link ez-toc-heading-8\" href=\"https:\/\/ppid.com\/es\/nyc-work-visa-lawyer\/permanent-residence-green-cards-perm\/#what-happens-if-a-perm-application-is-denied\" >\u00bfQu\u00e9 ocurre si se deniega una solicitud PERM?<\/a><\/li><li class='ez-toc-page-1 ez-toc-heading-level-3'><a class=\"ez-toc-link ez-toc-heading-9\" href=\"https:\/\/ppid.com\/es\/nyc-work-visa-lawyer\/permanent-residence-green-cards-perm\/#what-is-an-eta-form-9089\" >\u00bfQu\u00e9 es el formulario ETA 9089?<\/a><\/li><\/ul><\/li><li class='ez-toc-page-1 ez-toc-heading-level-2'><a class=\"ez-toc-link ez-toc-heading-10\" href=\"https:\/\/ppid.com\/es\/nyc-work-visa-lawyer\/permanent-residence-green-cards-perm\/#work-with-a-new-york-city-perm-lawyer-to-successfully-bring-global-talent-to-your-firm\" >Trabaje con un abogado PERM de New York City para atraer con \u00e9xito talento internacional a su empresa<\/a><ul class='ez-toc-list-level-3' ><li class='ez-toc-heading-level-3'><a class=\"ez-toc-link ez-toc-heading-11\" href=\"https:\/\/ppid.com\/es\/nyc-work-visa-lawyer\/permanent-residence-green-cards-perm\/#nyc-green-card-legal-resources\" >Recursos legales para la tarjeta verde en NYC<\/a><\/li><\/ul><\/li><\/ul><\/nav><\/div>\n<h2><span class=\"ez-toc-section\" id=\"nyc-permanent-residence-green-cards-perm-attorney\"><\/span>NYC Residencia Permanente Tarjetas Verdes (PERM) Abogado<span class=\"ez-toc-section-end\"><\/span><\/h2>\n<p>PPID ayuda a particulares y empresarios a obtener Visados de Trabajo Temporal y Tarjetas Verdes de Residencia Permanente o PERM.<\/p>\n<p>Es posible que pueda vivir permanentemente en Estados Unidos si posee la combinaci\u00f3n adecuada de capacidades, educaci\u00f3n y\/o experiencia laboral y re\u00fane los dem\u00e1s requisitos.<\/p>\n<div class=\"innr-pg-btn\"><a class=\"cmn-btn\" href=\"https:\/\/ppid.com\/es\/schedule-consultation\/\">Concertar una consulta<\/a><\/div>\n<h2><span class=\"ez-toc-section\" id=\"perm-labor-certification-permanent-residence-green-cards\"><\/span><strong>Certificaci\u00f3n laboral PERM \/ Residencia permanente Tarjetas verdes<\/strong><span class=\"ez-toc-section-end\"><\/span><\/h2>\n<p>Contratar trabajadores extranjeros para una empresa estadounidense implica un procedimiento complejo e intrincado que va m\u00e1s all\u00e1 de simplemente encontrar un candidato adecuado y ayudarle con un visado de trabajo. El Departamento de Trabajo de Estados Unidos exige que todas las empresas que deseen contratar inmigrantes obtengan primero una certificaci\u00f3n laboral PERM (Program Electronic Review Management) antes de iniciar el proceso de solicitud de visado.<\/p>\n<p>El objetivo de este programa es garantizar que los trabajadores extranjeros no desplacen las oportunidades de los trabajadores estadounidenses. Navegar por este proceso requiere experiencia y una cuidadosa atenci\u00f3n a los plazos. En <a href=\"https:\/\/ppid.com\/es\/firm\/\">Pollack, Pollack, Isaac &amp; DeCicco, LLP<\/a>, nuestro <a href=\"https:\/\/ppid.com\/es\/nyc-immigration-lawyer\/\">New York inmigraci\u00f3n Abogados<\/a> poseen la experiencia necesaria para guiarle de forma experta en cada paso de este proceso.<\/p>\n<p>Si su empresa necesita ayuda para obtener una certificaci\u00f3n laboral PERM, p\u00f3ngase en contacto con nuestros abogados en PPID hoy.<\/p>\n<h2><span class=\"ez-toc-section\" id=\"understanding-perm-labor-certification-a-process-breakdown\"><\/span>Entendiendo la Certificaci\u00f3n Laboral PERM: Desglose del proceso<span class=\"ez-toc-section-end\"><\/span><\/h2>\n<p>Mientras que el proceso de certificaci\u00f3n laboral PERM puede parecer complejo y dif\u00edcil, una visi\u00f3n general del proceso es f\u00e1cil de entender. La clave para cualquier proceso PERM es obtener toda la informaci\u00f3n correcta al principio del caso para que las sorpresas y otras se\u00f1ales de alerta potenciales no surjan m\u00e1s adelante en el proceso, cuando a menudo es demasiado tarde para corregir errores. <strong>Un abogado New York City PERM de Pollack, Pollack, Isaac &amp; DeCicco puede ayudarle con el siguiente flujo de trabajo PERM:<\/strong><\/p>\n<ul>\n<li><strong>Identificar al beneficiario.<\/strong> A menudo, un empleador que est\u00e1 deseando contratar a un trabajador especializado extranjero puede haber identificado ya al individuo antes de pasar por el proceso PERM con el Departamento de Trabajo. Desafortunadamente, incluso si el candidato es perfecto para el trabajo, no puede ser contratado en un puesto permanente hasta que el empleador pase por el proceso PERM.<\/li>\n<li><strong>Confirme los detalles de la oferta de trabajo.<\/strong> En <a href=\"https:\/\/ppid.com\/es\/new-york-city-green-card-lawyer\/\">abogado con experiencia NYC tarjeta verde<\/a> puede ayudarle a describir mejor la oferta de empleo vacante que su empresa desea cubrir y a confirmar sus verdaderos requisitos m\u00ednimos, que deben estar en consonancia con los requisitos de puestos equivalentes y con las pr\u00e1cticas de contrataci\u00f3n anteriores.<\/li>\n<li><strong>Solicitar una Determinaci\u00f3n del Salario Prevaleciente.<\/strong> El Departamento de Trabajo debe confirmar cu\u00e1l es el salario m\u00ednimo que debe pagarse a un beneficiario que desempe\u00f1e la funci\u00f3n ofrecida. Este salario m\u00ednimo depende de varios factores, como las funciones que se van a desempe\u00f1ar en el puesto, el lugar o lugares de trabajo y los requisitos m\u00ednimos del puesto. Esta determinaci\u00f3n se obtiene mediante la presentaci\u00f3n de una Solicitud de Salario Predeterminado (Prevailing Wage Request, PWR) ante el DOL, donde se analiza el puesto ofrecido y se proporciona el salario m\u00ednimo que se garantizar\u00e1 al beneficiario en caso de que se le contrate para desempe\u00f1ar ese papel. Este paso es necesario para garantizar que sus anuncios de empleo se realizan correctamente.<\/li>\n<li><strong>Contrataci\u00f3n en la regi\u00f3n de trabajo.<\/strong> Las empresas tendr\u00e1n que reclutar candidatos para el puesto de trabajo vacante para demostrar que no hay trabajadores estadounidenses preparados, dispuestos y capaces de ocupar el puesto. Es fundamental documentar minuciosamente todos los pasos dados a lo largo del proceso de contrataci\u00f3n. El Departamento de Trabajo tiene ciertos requisitos de publicidad que deben cumplirse, dependiendo del tipo de trabajo y de la regi\u00f3n del puesto, que podr\u00edan incluir anuncios en papel, anuncios en la radio, portales de contrataci\u00f3n en l\u00ednea, etc.<\/li>\n<li><strong>Presente el formulario ETA 9089 en el DoL.<\/strong> Una vez que haya realizado la b\u00fasqueda de empleo durante al menos 60 d\u00edas y no haya encontrado ning\u00fan candidato de nacionalidad estadounidense que se ajuste a los requisitos del puesto, deber\u00e1 rellenar y enviar el formulario ETA 9089. Es importante que el beneficiario y el empleador revisen este formulario varias veces para asegurarse de que toda la informaci\u00f3n es correcta.<\/li>\n<li><strong>Esperar una decisi\u00f3n.<\/strong> Los plazos de tramitaci\u00f3n del Departamento de Trabajo pueden llevar meses y pueden ser dif\u00edciles de predecir. Durante este tiempo, el DoL puede realizar una auditor\u00eda de su empresa para verificar toda la informaci\u00f3n facilitada en la solicitud.<\/li>\n<\/ul>\n<p>Si la solicitud es aprobada, su empresa puede seguir adelante con la presentaci\u00f3n del formulario I-140, Petici\u00f3n de Inmigrante para Trabajadores Extranjeros. Una vez aprobada la petici\u00f3n, el candidato a un puesto de trabajo puede seguir adelante con el proceso de solicitud de un visado de inmigrante o de ajuste de estatus, dependiendo de si se encuentra actualmente en Estados Unidos o no. Si se deniega la solicitud, se <a href=\"https:\/\/ppid.com\/es\/attorney\/yi-zhao-esq\/\">abogado experto en PERM<\/a> de nuestro <a href=\"https:\/\/ppid.com\/es\/\">Bufete de abogados especializados en inmigraci\u00f3n New York City<\/a> puede ayudarle a recurrir o volver a presentar la solicitud de certificaci\u00f3n laboral.<\/p>\n<h2><span class=\"ez-toc-section\" id=\"faqs\"><\/span>Preguntas frecuentes<span class=\"ez-toc-section-end\"><\/span><\/h2>\n<div class=\"accsec-ritcnt accordion\">\n<div class=\"accordion-section\">\n<h3><span class=\"ez-toc-section\" id=\"how-difficult-is-it-to-get-perm-certification-in-new-york\"><\/span><a class=\"accordion-section-title active\" href=\"#accordion-1\"> \u00bfQu\u00e9 tan dif\u00edcil es obtener la certificaci\u00f3n PERM en New York?<\/a><span class=\"ez-toc-section-end\"><\/span><\/h3>\n<div id=\"accordion-1\" class=\"accordion-section-content open\" style=\"display: block;\">\n<p>Puede ser dif\u00edcil obtener la certificaci\u00f3n PERM en New York. El proceso PERM es complejo y puede durar meses e incluso a\u00f1os. Sin embargo, si se lleva a cabo adecuadamente y a fondo con la documentaci\u00f3n de apoyo correcta y la informaci\u00f3n, su solicitud PERM es probable que tenga un resultado positivo. La clave es trabajar con apasionados y experimentados Abogados de inmigraci\u00f3n en NY que conozcan el proceso PERM y puedan completar adecuadamente los detalles asociados con cada paso del proceso.<\/p>\n<\/div>\n<\/div>\n<div class=\"accordion-section\">\n<h3><span class=\"ez-toc-section\" id=\"can-i-stay-in-new-york-while-waiting-for-a-perm-approval\"><\/span><a class=\"accordion-section-title\" href=\"#accordion-2\"> \u00bfPuedo permanecer en el New York mientras espero la aprobaci\u00f3n del PERM?<\/a><span class=\"ez-toc-section-end\"><\/span><\/h3>\n<div id=\"accordion-2\" class=\"accordion-section-content\" style=\"display: none;\">\n<p>Si tiene la documentaci\u00f3n adecuada para residir legalmente en Estados Unidos como no inmigrante, puede permanecer en el New York mientras espera la aprobaci\u00f3n del PERM por parte del DoL. Despu\u00e9s de haber recibido una aprobaci\u00f3n, usted puede proceder al siguiente paso hacia la obtenci\u00f3n de su tarjeta verde. Un abogado experto en inmigraci\u00f3n puede proporcionarle ayuda para pasar de la condici\u00f3n de no inmigrante a la de residente permanente legal.<\/p>\n<\/div>\n<\/div>\n<div class=\"accordion-section\">\n<h3><span class=\"ez-toc-section\" id=\"how-much-does-a-perm-petition-cost\"><\/span><a class=\"accordion-section-title\" href=\"#accordion-3\">\u00bfCu\u00e1nto cuesta una petici\u00f3n PERM?<\/a><span class=\"ez-toc-section-end\"><\/span><\/h3>\n<div id=\"accordion-3\" class=\"accordion-section-content\" style=\"display: none;\">\n<p>La presentaci\u00f3n del formulario ETA 9089 ante el Departamento de Trabajo no conlleva el pago de tasas. Sin embargo, el empleador debe pagar las tasas de publicidad requeridas para la certificaci\u00f3n laboral, que pueden ser bastante caras. Sin embargo, las tasas son espec\u00edficas para cada caso y solo pueden determinarse tras una consulta inicial con un abogado experto en inmigraci\u00f3n.<\/p>\n<\/div>\n<\/div>\n<div class=\"accordion-section\">\n<h3><span class=\"ez-toc-section\" id=\"what-happens-if-a-perm-application-is-denied\"><\/span><a class=\"accordion-section-title\" href=\"#accordion-4\"> \u00bfQu\u00e9 ocurre si se deniega una solicitud PERM?<\/a><span class=\"ez-toc-section-end\"><\/span><\/h3>\n<div id=\"accordion-4\" class=\"accordion-section-content\" style=\"display: none;\">\n<p>Si se deniega una solicitud PERM, un abogado de inmigraci\u00f3n con experiencia puede ayudarles a presentar un recurso contra la decisi\u00f3n, o pueden obtener la documentaci\u00f3n necesaria para volver a presentar la solicitud. Adem\u00e1s, pueden explorar otras opciones de inmigraci\u00f3n para incorporar r\u00e1pidamente al candidato extranjero a la empresa.<\/p>\n<\/div>\n<\/div>\n<div class=\"accordion-section\">\n<h3><span class=\"ez-toc-section\" id=\"what-is-an-eta-form-9089\"><\/span><a class=\"accordion-section-title\" href=\"#accordion-5\">\u00bfQu\u00e9 es el formulario ETA 9089?<\/a><span class=\"ez-toc-section-end\"><\/span><\/h3>\n<div id=\"accordion-5\" class=\"accordion-section-content\" style=\"display: none;\">\n<p>El formulario ETA 9089 es una solicitud para obtener la Certificaci\u00f3n Laboral Permanente para un puesto de trabajo en el Departamento de Trabajo de los Estados Unidos. En la solicitud, la empresa patrocinadora de un beneficiario extranjero debe proporcionar toda la informaci\u00f3n sobre el puesto de trabajo y los requisitos, as\u00ed como la educaci\u00f3n y la experiencia que tiene el beneficiario extranjero para demostrar que cumple con los requisitos m\u00ednimos para el trabajo ofrecido.<\/p>\n<p>Tambi\u00e9n se les exige que presenten documentaci\u00f3n en la que se detallen los pasos que se dieron para contratar en el pa\u00eds para el puesto antes de decidir contratar al candidato extranjero.<\/p>\n<\/div>\n<\/div>\n<\/div>\n<h2><span class=\"ez-toc-section\" id=\"work-with-a-new-york-city-perm-lawyer-to-successfully-bring-global-talent-to-your-firm\"><\/span>Trabaje con un abogado PERM de New York City para atraer con \u00e9xito talento internacional a su empresa<span class=\"ez-toc-section-end\"><\/span><\/h2>\n<p>Un abogado con experiencia de nuestra firma puede revisar toda su informaci\u00f3n por adelantado y advertirle con antelaci\u00f3n si es probable que sea marcado para una auditor\u00eda por el DoL. Al presentar correctamente toda la documentaci\u00f3n y la informaci\u00f3n la primera vez, un abogado con experiencia puede ayudar a su negocio a ahorrar meses necesarios para volver a presentar.<\/p>\n<p>Al trabajar con el equipo de inmigraci\u00f3n de Pollack, Pollack, Isaac &amp; DeCicco, puede contratar de manera eficiente a los mejores talentos globales que necesita para ayudar a su organizaci\u00f3n New York City a crecer y prosperar. <a href=\"https:\/\/ppid.com\/es\/contact\/\">P\u00f3ngase en contacto con nosotros<\/a> para empezar.<\/p>\n<h3><span class=\"ez-toc-section\" id=\"nyc-green-card-legal-resources\"><\/span>Recursos legales para la tarjeta verde en NYC<span class=\"ez-toc-section-end\"><\/span><\/h3>\n<ul>\n<li>Proceso de renovaci\u00f3n de la tarjeta verde New York<\/li>\n<li>C\u00f3mo obtener la tarjeta verde en EE.UU. sin casarse<\/li>\n<li><a href=\"https:\/\/ppid.com\/es\/blog\/how-can-a-refugee-obtain-a-green-card\/\">\u00bfC\u00f3mo puede un refugiado obtener la tarjeta verde?<\/a><\/li>\n<\/ul>\n<p><iframe loading=\"lazy\" style=\"border: 0;\" src=\"https:\/\/www.google.com\/maps\/embed?pb=!1m18!1m12!1m3!1d3024.2275078681055!2d-74.0078212!3d40.7130079!2m3!1f0!2f0!3f0!3m2!1i1024!2i768!4f13.1!3m3!1m2!1s0x89c25a1858bf530b%3A0x440567eb3a69f880!2sPollack%2C%20Pollack%2C%20Isaac%20%26%20DeCicco%2C%20LLP!5e0!3m2!1sen!2sin!4v1741719643748!5m2!1sen!2sin\" width=\"100%\" height=\"300\" allowfullscreen=\"allowfullscreen\"><\/iframe><\/p>","protected":false},"excerpt":{"rendered":"<p>NYC Permanent Residence Green Cards (PERM) Attorney PPID helps individuals and employers obtain Temporary Work Visas and Permanent Residence Green Cards or PERM. You may be able to live permanently in the United States if you have the right combination of skills, education, and\/or work experience and are otherwise eligible. Schedule a Consultation PERM labor &hellip; <\/p>\n<p class=\"link-more\"><a href=\"https:\/\/ppid.com\/es\/nyc-work-visa-lawyer\/permanent-residence-green-cards-perm\/\" class=\"more-link\">Seguir leyendo<span class=\"screen-reader-text\"> &#8220;NYC Permanent Residence Green Cards (PERM) Lawyer&#8221;<\/span><\/a><\/p>","protected":false},"author":1,"featured_media":0,"parent":196,"menu_order":0,"comment_status":"closed","ping_status":"closed","template":"template-parts\/workvisa-page.php","meta":{"_acf_changed":false,"footnotes":""},"class_list":["post-779","page","type-page","status-publish","hentry","entry"],"acf":[],"yoast_head":"<!-- This site is optimized with the Yoast SEO Premium plugin v26.8 (Yoast SEO v26.8) - https:\/\/yoast.com\/product\/yoast-seo-premium-wordpress\/ -->\n<title>New York City PERM Labor Certification Lawyer - PPID Law<\/title>\n<meta name=\"description\" content=\"Need help applying for PERM? PPID assists employers and individuals with the PERM process. Consult a New York City PERM labor certification lawyer.\" \/>\n<meta name=\"robots\" content=\"index, follow, max-snippet:-1, max-image-preview:large, max-video-preview:-1\" \/>\n<link rel=\"canonical\" href=\"https:\/\/ppid.com\/es\/nyc-work-visa-lawyer\/permanent-residence-green-cards-perm\/\" \/>\n<meta property=\"og:locale\" content=\"es_MX\" \/>\n<meta property=\"og:type\" content=\"article\" \/>\n<meta property=\"og:title\" content=\"New York City PERM Labor Certification Lawyer - PPID Law\" \/>\n<meta property=\"og:description\" content=\"Need help applying for PERM? PPID assists employers and individuals with the PERM process. Consult a New York City PERM labor certification lawyer.\" \/>\n<meta property=\"og:url\" content=\"https:\/\/ppid.com\/es\/nyc-work-visa-lawyer\/permanent-residence-green-cards-perm\/\" \/>\n<meta property=\"og:site_name\" content=\"Pollack, Pollack, Isaac &amp; DeCicco, LLP\" \/>\n<meta property=\"article:modified_time\" content=\"2026-04-13T17:09:25+00:00\" \/>\n<meta name=\"twitter:card\" content=\"summary_large_image\" \/>\n<meta name=\"twitter:title\" content=\"New York City PERM Labor Certification Lawyer - PPID Law\" \/>\n<meta name=\"twitter:description\" content=\"Need help applying for PERM? PPID assists employers and individuals with the PERM process. Consult a New York City PERM labor certification lawyer.\" \/>\n<meta name=\"twitter:label1\" content=\"Tiempo de lectura\" \/>\n\t<meta name=\"twitter:data1\" content=\"6 minutos\" \/>\n<!-- \/ Yoast SEO Premium plugin. -->","yoast_head_json":{"title":"New York City PERM Labor Certification Lawyer - PPID Law","description":"Need help applying for PERM? PPID assists employers and individuals with the PERM process. Consult a New York City PERM labor certification lawyer.","robots":{"index":"index","follow":"follow","max-snippet":"max-snippet:-1","max-image-preview":"max-image-preview:large","max-video-preview":"max-video-preview:-1"},"canonical":"https:\/\/ppid.com\/es\/nyc-work-visa-lawyer\/permanent-residence-green-cards-perm\/","og_locale":"es_MX","og_type":"article","og_title":"New York City PERM Labor Certification Lawyer - PPID Law","og_description":"Need help applying for PERM? PPID assists employers and individuals with the PERM process. Consult a New York City PERM labor certification lawyer.","og_url":"https:\/\/ppid.com\/es\/nyc-work-visa-lawyer\/permanent-residence-green-cards-perm\/","og_site_name":"Pollack, Pollack, Isaac &amp; DeCicco, LLP","article_modified_time":"2026-04-13T17:09:25+00:00","twitter_card":"summary_large_image","twitter_title":"New York City PERM Labor Certification Lawyer - PPID Law","twitter_description":"Need help applying for PERM? PPID assists employers and individuals with the PERM process. Consult a New York City PERM labor certification lawyer.","twitter_misc":{"Tiempo de lectura":"6 minutos"},"schema":{"@context":"https:\/\/schema.org","@graph":[{"@type":"WebPage","@id":"https:\/\/ppid.com\/nyc-work-visa-lawyer\/permanent-residence-green-cards-perm\/","url":"https:\/\/ppid.com\/nyc-work-visa-lawyer\/permanent-residence-green-cards-perm\/","name":"New York City PERM Labor Certification Lawyer - PPID Law","isPartOf":{"@id":"https:\/\/ppid.com\/#website"},"datePublished":"2024-09-10T11:17:17+00:00","dateModified":"2026-04-13T17:09:25+00:00","description":"Need help applying for PERM? PPID assists employers and individuals with the PERM process. Consult a New York City PERM labor certification lawyer.","breadcrumb":{"@id":"https:\/\/ppid.com\/nyc-work-visa-lawyer\/permanent-residence-green-cards-perm\/#breadcrumb"},"inLanguage":"es","potentialAction":[{"@type":"ReadAction","target":["https:\/\/ppid.com\/nyc-work-visa-lawyer\/permanent-residence-green-cards-perm\/"]}]},{"@type":"BreadcrumbList","@id":"https:\/\/ppid.com\/nyc-work-visa-lawyer\/permanent-residence-green-cards-perm\/#breadcrumb","itemListElement":[{"@type":"ListItem","position":1,"name":"Home","item":"https:\/\/ppid.com\/"},{"@type":"ListItem","position":2,"name":"NYC Work Visa Lawyer","item":"https:\/\/ppid.com\/nyc-work-visa-lawyer\/"},{"@type":"ListItem","position":3,"name":"NYC Permanent Residence Green Cards (PERM) Lawyer"}]},{"@type":"WebSite","@id":"https:\/\/ppid.com\/#website","url":"https:\/\/ppid.com\/","name":"Pollack, Pollack, Isaac &amp; DeCicco, LLP","description":"","potentialAction":[{"@type":"SearchAction","target":{"@type":"EntryPoint","urlTemplate":"https:\/\/ppid.com\/?s={search_term_string}"},"query-input":{"@type":"PropertyValueSpecification","valueRequired":true,"valueName":"search_term_string"}}],"inLanguage":"es"}]}},"_links":{"self":[{"href":"https:\/\/ppid.com\/es\/wp-json\/wp\/v2\/pages\/779","targetHints":{"allow":["GET"]}}],"collection":[{"href":"https:\/\/ppid.com\/es\/wp-json\/wp\/v2\/pages"}],"about":[{"href":"https:\/\/ppid.com\/es\/wp-json\/wp\/v2\/types\/page"}],"author":[{"embeddable":true,"href":"https:\/\/ppid.com\/es\/wp-json\/wp\/v2\/users\/1"}],"replies":[{"embeddable":true,"href":"https:\/\/ppid.com\/es\/wp-json\/wp\/v2\/comments?post=779"}],"version-history":[{"count":0,"href":"https:\/\/ppid.com\/es\/wp-json\/wp\/v2\/pages\/779\/revisions"}],"up":[{"embeddable":true,"href":"https:\/\/ppid.com\/es\/wp-json\/wp\/v2\/pages\/196"}],"wp:attachment":[{"href":"https:\/\/ppid.com\/es\/wp-json\/wp\/v2\/media?parent=779"}],"curies":[{"name":"wp","href":"https:\/\/api.w.org\/{rel}","templated":true}]}}