{"id":782,"date":"2024-09-10T11:18:50","date_gmt":"2024-09-10T11:18:50","guid":{"rendered":"https:\/\/ppidllp.wpenginepowered.com\/?page_id=782"},"modified":"2025-09-15T06:04:30","modified_gmt":"2025-09-15T06:04:30","slug":"h1b-visa","status":"publish","type":"page","link":"https:\/\/ppid.com\/es\/nyc-work-visa-lawyer\/h1b-visa\/","title":{"rendered":"NYC H1B Visa Abogado"},"content":{"rendered":"<div id=\"ez-toc-container\" class=\"ez-toc-v2_0_80 counter-hierarchy ez-toc-counter ez-toc-transparent ez-toc-container-direction\">\n<div class=\"ez-toc-title-container\">\n<p class=\"ez-toc-title ez-toc-toggle\" style=\"cursor:pointer\">\u00cdndice<\/p>\n<span class=\"ez-toc-title-toggle\"><a href=\"#\" class=\"ez-toc-pull-right ez-toc-btn ez-toc-btn-xs ez-toc-btn-default ez-toc-toggle\" aria-label=\"Toggle Table of Content\"><span class=\"ez-toc-js-icon-con\"><span class=\"\"><span class=\"eztoc-hide\" style=\"display:none;\">Toggle<\/span><span class=\"ez-toc-icon-toggle-span\"><svg style=\"fill: #999;color:#999\" xmlns=\"http:\/\/www.w3.org\/2000\/svg\" class=\"list-377408\" width=\"20px\" height=\"20px\" viewbox=\"0 0 24 24\" fill=\"none\"><path d=\"M6 6H4v2h2V6zm14 0H8v2h12V6zM4 11h2v2H4v-2zm16 0H8v2h12v-2zM4 16h2v2H4v-2zm16 0H8v2h12v-2z\" fill=\"currentColor\"><\/path><\/svg><svg style=\"fill: #999;color:#999\" class=\"arrow-unsorted-368013\" xmlns=\"http:\/\/www.w3.org\/2000\/svg\" width=\"10px\" height=\"10px\" viewbox=\"0 0 24 24\" version=\"1.2\" baseprofile=\"tiny\"><path d=\"M18.2 9.3l-6.2-6.3-6.2 6.3c-.2.2-.3.4-.3.7s.1.5.3.7c.2.2.4.3.7.3h11c.3 0 .5-.1.7-.3.2-.2.3-.5.3-.7s-.1-.5-.3-.7zM5.8 14.7l6.2 6.3 6.2-6.3c.2-.2.3-.5.3-.7s-.1-.5-.3-.7c-.2-.2-.4-.3-.7-.3h-11c-.3 0-.5.1-.7.3-.2.2-.3.5-.3.7s.1.5.3.7z\"\/><\/svg><\/span><\/span><\/span><\/a><\/span><\/div>\n<nav><ul class='ez-toc-list ez-toc-list-level-1 eztoc-toggle-hide-by-default' ><li class='ez-toc-page-1 ez-toc-heading-level-2'><a class=\"ez-toc-link ez-toc-heading-1\" href=\"https:\/\/ppid.com\/es\/nyc-work-visa-lawyer\/h1b-visa\/#nyc-h1b-visa-attorney\" >NYC H1B Visa Abogado<\/a><\/li><li class='ez-toc-page-1 ez-toc-heading-level-2'><a class=\"ez-toc-link ez-toc-heading-2\" href=\"https:\/\/ppid.com\/es\/nyc-work-visa-lawyer\/h1b-visa\/#expert-guidance-for-nyc-h-1b-visa-applicants\" >Orientaci\u00f3n experta para solicitantes de visados H-1B de Nueva York<\/a><\/li><li class='ez-toc-page-1 ez-toc-heading-level-2'><a class=\"ez-toc-link ez-toc-heading-3\" href=\"https:\/\/ppid.com\/es\/nyc-work-visa-lawyer\/h1b-visa\/#am-i-eligible-to-apply-for-an-h-1b-visa-to-work-in-nyc\" >\u00bfTengo derecho a solicitar un visado H-1B para trabajar en Nueva York?<\/a><\/li><li class='ez-toc-page-1 ez-toc-heading-level-2'><a class=\"ez-toc-link ez-toc-heading-4\" href=\"https:\/\/ppid.com\/es\/nyc-work-visa-lawyer\/h1b-visa\/#what-are-the-three-main-types-of-h-1b-visas\" >\u00bfCu\u00e1les son los tres tipos principales de visados H-1B?<\/a><\/li><li class='ez-toc-page-1 ez-toc-heading-level-2'><a class=\"ez-toc-link ez-toc-heading-5\" href=\"https:\/\/ppid.com\/es\/nyc-work-visa-lawyer\/h1b-visa\/#how-can-a-new-york-city-h1b-visa-lawyer-support-my-business\" >\u00bfC\u00f3mo puede ayudar a mi empresa un abogado especializado en visados H1B New York City?<\/a><\/li><li class='ez-toc-page-1 ez-toc-heading-level-2'><a class=\"ez-toc-link ez-toc-heading-6\" href=\"https:\/\/ppid.com\/es\/nyc-work-visa-lawyer\/h1b-visa\/#faqs\" >Preguntas frecuentes<\/a><ul class='ez-toc-list-level-3' ><li class='ez-toc-heading-level-3'><a class=\"ez-toc-link ez-toc-heading-7\" href=\"https:\/\/ppid.com\/es\/nyc-work-visa-lawyer\/h1b-visa\/#do-i-need-a-lawyer-to-get-an-h-1b-visa-to-work-in-new-york\" >\u00bfNecesito un abogado para obtener un visado H-1B para trabajar en New York?<\/a><\/li><li class='ez-toc-page-1 ez-toc-heading-level-3'><a class=\"ez-toc-link ez-toc-heading-8\" href=\"https:\/\/ppid.com\/es\/nyc-work-visa-lawyer\/h1b-visa\/#how-can-i-get-a-new-york-h-1b-visa\" >\u00bfC\u00f3mo puedo obtener un visado H-1B New York?<\/a><\/li><li class='ez-toc-page-1 ez-toc-heading-level-3'><a class=\"ez-toc-link ez-toc-heading-9\" href=\"https:\/\/ppid.com\/es\/nyc-work-visa-lawyer\/h1b-visa\/#does-new-york-state-sponsor-h-1b-visas\" >\u00bfPatrocina el Estado New York visados H-1B?<\/a><\/li><li class='ez-toc-page-1 ez-toc-heading-level-3'><a class=\"ez-toc-link ez-toc-heading-10\" href=\"https:\/\/ppid.com\/es\/nyc-work-visa-lawyer\/h1b-visa\/#can-i-get-a-new-york-green-card-with-an-h-1b-visa\" >\u00bfPuedo obtener la tarjeta verde New York con un visado H-1B?<\/a><\/li><\/ul><\/li><\/ul><\/nav><\/div>\n<h2><span class=\"ez-toc-section\" id=\"nyc-h1b-visa-attorney\"><\/span>NYC H1B Visa Abogado<span class=\"ez-toc-section-end\"><\/span><\/h2>\n<p>PPID <a href=\"https:\/\/ppid.com\/es\/nyc-immigration-lawyer\/\">Abogados de inmigraci\u00f3n NYC<\/a> ayudar a particulares y empresas a obtener visados H1B u otros visados temporales de trabajo. Cada <strong>New York City Abogado para visados H1B<\/strong> de nuestro bufete tiene experiencia, cualificaci\u00f3n y conocimientos, lo que le permitir\u00e1 obtener un visado H1B de la forma m\u00e1s r\u00e1pida y sencilla posible.<\/p>\n<div class=\"innr-pg-btn\"><a class=\"cmn-btn\" href=\"https:\/\/ppid.com\/es\/schedule-consultation\/\">Concertar una consulta<\/a><\/div>\n<h2 data-start=\"2\" data-end=\"48\"><span class=\"ez-toc-section\" id=\"expert-guidance-for-nyc-h-1b-visa-applicants\"><\/span><strong data-start=\"2\" data-end=\"46\" data-is-only-node=\"\">Orientaci\u00f3n experta para solicitantes de visados H-1B de Nueva York<\/strong><span class=\"ez-toc-section-end\"><\/span><\/h2>\n<p><a href=\"https:\/\/ppid.com\/es\/blog\/what-is-the-h1b-visa-program\/\">Programa H-1B<\/a> es una clasificaci\u00f3n de no inmigrante para determinados trabajadores temporales que desean trabajar en ocupaciones especializadas en EE.UU., realizar servicios de m\u00e9rito y capacidad extraordinarios relacionados con un proyecto del Departamento de Defensa, o trabajar como modelos de moda de m\u00e9rito o capacidad distinguidos. Este visado les permite vivir y trabajar en el pa\u00eds durante un periodo temporal.<\/p>\n<p>Dado que el proceso de solicitud del visado H-1B puede ser complejo tanto para los posibles empleadores como para los empleados, un abogado experto en visados H1B New York City de <a href=\"https:\/\/ppid.com\/es\/firm\/\">Pollack, Pollack, Isaac &amp; DeCicco<\/a> puede <a href=\"https:\/\/ppid.com\/es\/testimonials\/\">apoyar a los clientes durante todo el proceso<\/a>.<\/p>\n<p>En <a href=\"https:\/\/ppid.com\/es\/nyc-work-visa-lawyer\/\">inmigraci\u00f3n basada en el empleo<\/a> El equipo de Pollack, Pollack, Isaac &amp; DeCicco cuenta con d\u00e9cadas de experiencia combinada en la incorporaci\u00f3n de los mejores talentos mundiales a la empresa. <a href=\"https:\/\/en.wikipedia.org\/wiki\/New_York_City\" target=\"_blank\" rel=\"noopener\">New York City<\/a>.<\/p>\n<p>Aprovechamos nuestro conocimiento de las pr\u00e1cticas de la ley federal de inmigraci\u00f3n para optimizar los procesos pertinentes, incluida la obtenci\u00f3n de un <a href=\"https:\/\/myvisalawyers.org\/firm\/pollack-pollack-isaac-and-decicco-llp\/\" target=\"_blank\" rel=\"noopener\">solicitud de condici\u00f3n laboral certificada<\/a> e iniciar el proceso de solicitud del visado H-1B desde el extranjero. En nuestro bufete, no hay caso de inmigraci\u00f3n demasiado complejo para ser resuelto.<\/p>\n<h2><span class=\"ez-toc-section\" id=\"am-i-eligible-to-apply-for-an-h-1b-visa-to-work-in-nyc\"><\/span>\u00bfTengo derecho a solicitar un visado H-1B para trabajar en Nueva York?<span class=\"ez-toc-section-end\"><\/span><\/h2>\n<p>Si posee aptitudes excepcionales en campos como las ciencias, las artes, el atletismo, la educaci\u00f3n o los negocios, puede optar a un visado H1B. Estos visados pertenecen a la categor\u00eda de primera preferencia. Lo m\u00e1s habitual es que las empresas soliciten visados para personas que tengan al menos una licenciatura o su equivalente y puedan desempe\u00f1ar funciones laborales complejas relacionadas con su campo de estudio. <a href=\"https:\/\/ppid.com\/es\/nyc-work-visa-lawyer\/h2b-visa\/\">Visados H2B<\/a> ofrecen un amplio abanico de oportunidades, desde ingenieros que trabajan en proyectos del Departamento de Defensa hasta profesionales de la moda y el espect\u00e1culo.<\/p>\n<p>La elegibilidad para un visado H-1B depende de la categor\u00eda de visado H-1B que el solicitante est\u00e9 tratando de obtener; sin embargo, los no ciudadanos generalmente deben ser capaces de demostrar que tienen una educaci\u00f3n, formaci\u00f3n especializada y\/o experiencia que es equivalente a la finalizaci\u00f3n de una licenciatura estadounidense o superior en una especialidad relacionada con la ocupaci\u00f3n en su \u00e1rea de empleo, que est\u00e1n plenamente cualificados y certificados para llevar a cabo ciertas tareas de trabajo complejas, y que las tareas de trabajo en cuesti\u00f3n requieren el uso de los conocimientos especializados que tienen.<\/p>\n<p>Un abogado experto en inmigraci\u00f3n de nuestro bufete puede ayudarle a saber si cumple los requisitos.<\/p>\n<h2><span class=\"ez-toc-section\" id=\"what-are-the-three-main-types-of-h-1b-visas\"><\/span>\u00bfCu\u00e1les son los tres tipos principales de visados H-1B?<span class=\"ez-toc-section-end\"><\/span><\/h2>\n<p>Existen tres tipos principales de visados H-1B: el visado H-1B, el visado H-1B2 y el visado H-1B3. Mientras que el H-1B se aplica a una categor\u00eda m\u00e1s amplia de extranjeros que desean trabajar en una ocupaci\u00f3n especializada, los visados H-1B2 y H-1B3 son para \u00e1reas espec\u00edficas de requisitos laborales.<\/p>\n<p><strong>A continuaci\u00f3n se desglosan los tres tipos principales de visado:<\/strong><\/p>\n<ul>\n<li><strong>H-1B.<\/strong> El visado de no inmigrante para \"ocupaci\u00f3n especializada\" es para personas que pueden realizar un trabajo que requiere la utilizaci\u00f3n tanto pr\u00e1ctica como te\u00f3rica de conocimientos especializados. Las personas que han adquirido al menos una licenciatura o su equivalente en la especialidad son t\u00edpicamente<\/li>\n<li><strong>H-1B2.<\/strong> El visado \"Trabajador en proyectos de investigaci\u00f3n y desarrollo del Departamento de Defensa\" es para trabajadores que tengan al menos una licenciatura o su equivalente relacionada con el campo de especialidad en el que se llevar\u00e1 a cabo la investigaci\u00f3n del DoD. Este tipo de visado requiere una carta del DoD en la que se indiquen las tareas requeridas del proyecto y el calendario, pero no es necesario revelar m\u00e1s detalles sobre la naturaleza del proyecto.<\/li>\n<li><strong>H-1B3.<\/strong> El visado \"Modelo de moda\" est\u00e1 destinado a personas que se hayan distinguido y destacado en su carrera como modelo de moda.<\/li>\n<\/ul>\n<p>Tanto el visado H-1B como el H-1B3 requieren un formulario ETA-9035\/9035E, Solicitud de Condici\u00f3n Laboral (LCA). El Departamento de Trabajo debe certificar este formulario. El visado H-1B2 no requiere una LCA certificada. Despu\u00e9s de que el DOL certifique la LCA, debe presentarse una <a href=\"https:\/\/www.uscis.gov\/i-129\" target=\"_blank\" rel=\"noopener\">Formulario I-129<\/a>El empleador debe presentar la Petici\u00f3n de Trabajador No Inmigrante ante el Servicio de Ciudadan\u00eda e Inmigraci\u00f3n de los Estados Unidos (USCIS).<\/p>\n<h2><span class=\"ez-toc-section\" id=\"how-can-a-new-york-city-h1b-visa-lawyer-support-my-business\"><\/span>\u00bfC\u00f3mo puede ayudar a mi empresa un abogado especializado en visados H1B New York City?<span class=\"ez-toc-section-end\"><\/span><\/h2>\n<p>Si su empresa desea contratar empleados extranjeros con conocimientos inform\u00e1ticos avanzados, una s\u00f3lida formaci\u00f3n cient\u00edfica u otras cualificaciones especializadas, nuestro equipo de abogados de inmigraci\u00f3n en el \u00e1rea metropolitana New York est\u00e1 aqu\u00ed para ayudarle. Prepararemos con pericia toda la documentaci\u00f3n requerida y abogaremos apasionadamente en su nombre para lograr una resoluci\u00f3n exitosa para sus necesidades de contrataci\u00f3n.<\/p>\n<p>Como visado de no inmigrante, el H1-B no se cre\u00f3 para los trabajadores que buscan una tarjeta verde que denote el estatus de residente legal permanente, sino como medida temporal orientada a cubrir una necesidad laboral espec\u00edfica. <strong>Antes de iniciar el proceso de tramitaci\u00f3n de uno o varios visados, nuestros abogados le explicar\u00e1n los detalles que debe conocer, entre ellos:<\/strong><\/p>\n<p><strong>Tipos de trabajadores admisibles<\/strong> - En la mayor\u00eda de los casos, las empresas buscan visados para hombres y mujeres que posean al menos el equivalente a una licenciatura y puedan desempe\u00f1ar tareas laborales complejas relacionadas con su campo de estudio. Las personas que trabajan en proyectos del Departamento de Defensa y los modelos de moda tambi\u00e9n pueden obtener estos visados.<\/p>\n<p><strong>Solicitud de condici\u00f3n laboral<\/strong> - Los empresarios que deseen obtener visados para admitir a trabajadores extranjeros tienen que cumplimentar una Solicitud de Condiciones Laborales que demuestre que los empleados no inmigrantes no est\u00e1n siendo maltratados. Las empresas no est\u00e1n autorizadas a traer trabajadores de otro pa\u00eds para rebajar los niveles salariales generales o sustituir a empleados que est\u00e9n inmersos en un conflicto laboral.<\/p>\n<p><strong>L\u00edmite anual<\/strong> - Seg\u00fan la ley, el n\u00famero anual de visados H-1B est\u00e1ndar tiene un l\u00edmite de 65.000. Debido a la demanda de trabajadores cualificados, este l\u00edmite suele alcanzarse mucho antes de que acabe el a\u00f1o. Debido a la demanda de trabajadores cualificados, este l\u00edmite suele alcanzarse mucho antes de que acabe el a\u00f1o. Se pueden conceder hasta 20.000 exenciones a futuros empleados con titulaciones superiores. Si est\u00e1 pensando en presentar una solicitud, podemos asesorarle sobre la duraci\u00f3n del proceso.<\/p>\n<p><strong>Tarifas<\/strong> - La mayor\u00eda de los solicitantes con m\u00e1s de 25 empleados deben pagar una tasa de $1.500 por un visado H-1B, adem\u00e1s del coste de presentaci\u00f3n del formulario $460. Para las empresas con menos trabajadores, la tasa es de $750.<\/p>\n<p>Si su empresa busca contratar empleados extranjeros con conocimientos inform\u00e1ticos avanzados, una s\u00f3lida formaci\u00f3n cient\u00edfica u otras cualificaciones especializadas, nuestros abogados de inmigraci\u00f3n del \u00e1rea metropolitana New York le ayudar\u00e1n a preparar los materiales necesarios y abogar\u00e1n por una resoluci\u00f3n satisfactoria.<\/p>\n<h2><span class=\"ez-toc-section\" id=\"faqs\"><\/span>Preguntas frecuentes<span class=\"ez-toc-section-end\"><\/span><\/h2>\n<div class=\"accsec-ritcnt accordion\">\n<div class=\"accordion-section\">\n<h3><span class=\"ez-toc-section\" id=\"do-i-need-a-lawyer-to-get-an-h-1b-visa-to-work-in-new-york\"><\/span><a class=\"accordion-section-title active\" href=\"#accordion-1\"> \u00bfNecesito un abogado para obtener un visado H-1B para trabajar en New York?<\/a><span class=\"ez-toc-section-end\"><\/span><\/h3>\n<div id=\"accordion-1\" class=\"accordion-section-content open\" style=\"display: block;\">\n<p>No, la ley no obliga a contratar a un abogado de inmigraci\u00f3n para que le aprueben un visado H-1B para vivir y trabajar temporalmente en New York. Sin embargo, si no est\u00e1 familiarizado con los procesos y las leyes de inmigraci\u00f3n, es muy recomendable trabajar con un abogado especializado en visados H-1B.<\/p>\n<p>Pueden asesorar a su empleador sobre los pasos que debe dar, ayudarle a presentar su solicitud de visado y comunicarse con USCIS, el DoL, CBP y otras entidades en su nombre.<\/p>\n<\/div>\n<\/div>\n<div class=\"accordion-section\">\n<h3><span class=\"ez-toc-section\" id=\"how-can-i-get-a-new-york-h-1b-visa\"><\/span><a class=\"accordion-section-title\" href=\"#accordion-2\">\u00bfC\u00f3mo puedo obtener un visado H-1B New York?<\/a><span class=\"ez-toc-section-end\"><\/span><\/h3>\n<div id=\"accordion-2\" class=\"accordion-section-content\" style=\"display: none;\">\n<p>El proceso que deber\u00e1 seguir para obtener un visado H-1B en New York depende de la naturaleza de su trabajo y del tipo de visado H-1B que solicite. Si est\u00e1 solicitando un visado del tipo H-1B, tendr\u00e1 que hacer que su posible empleador obtenga una Solicitud de Condici\u00f3n Laboral certificada por el DoL y presente una petici\u00f3n en su nombre. Despu\u00e9s de que este papeleo sea aprobado, usted puede comenzar el proceso de <a href=\"https:\/\/www.immigrantarc.org\/updates-on-parole-in-place-for-spouses-and-access-to-h1-b-for-undocumented-graduates?mc_cid=26eab71123&amp;mc_eid=8da5f63c67\" target=\"_blank\" rel=\"noopener\">solicitar el H-1B<\/a> visado de no inmigrante.<\/p>\n<\/div>\n<\/div>\n<div class=\"accordion-section\">\n<h3><span class=\"ez-toc-section\" id=\"does-new-york-state-sponsor-h-1b-visas\"><\/span><a class=\"accordion-section-title\" href=\"#accordion-3\">\u00bfPatrocina el Estado New York visados H-1B?<\/a><span class=\"ez-toc-section-end\"><\/span><\/h3>\n<div id=\"accordion-3\" class=\"accordion-section-content\" style=\"display: none;\">\n<p>No, el gobierno del Estado de New York no suele patrocinar visados H-1B. El estado no ha presentado ninguna Solicitud de Condici\u00f3n Laboral ante el Departamento de Trabajo entre los a\u00f1os fiscales 2021 y 2023.<\/p>\n<p>No obstante, solicitaron LCA para trabajadores no inmigrantes H-1B antes de 2012. Puedes ponerte en contacto con su departamento de contrataci\u00f3n para saber si actualmente hay puestos especializados abiertos para trabajadores extranjeros. Un abogado de inmigraci\u00f3n tambi\u00e9n puede ayudarle a saber si puede optar a un visado de este tipo.<\/p>\n<\/div>\n<\/div>\n<div class=\"accordion-section\">\n<h3><span class=\"ez-toc-section\" id=\"can-i-get-a-new-york-green-card-with-an-h-1b-visa\"><\/span><a class=\"accordion-section-title\" href=\"#accordion-4\">\u00bfPuedo obtener la tarjeta verde New York con un visado H-1B?<\/a><span class=\"ez-toc-section-end\"><\/span><\/h3>\n<div id=\"accordion-4\" class=\"accordion-section-content\" style=\"display: none;\">\n<p>No, no es posible obtener la tarjeta verde ni la residencia permanente legal con un visado H-1B en New York y Estados Unidos. Un visado H-1B es un visado de no inmigrante, lo que significa que no existen v\u00edas derivadas para obtener la residencia permanente legal. Sin embargo, un abogado experto en inmigraci\u00f3n de la ciudad de Nueva York puede ayudarle a explorar las opciones para solicitar una tarjeta verde de los Estados Unidos utilizando una v\u00eda de inmigraci\u00f3n diferente.<\/p>\n<\/div>\n<\/div>\n<\/div>\n<h5>PPID Inmigraci\u00f3n puede ayudarle con el proceso de visado H1B y otros Visados de Trabajo Temporal y Residencia Permanente Tarjeta Verde cuestiones.<\/h5>","protected":false},"excerpt":{"rendered":"<p>NYC H1B Visa Attorney PPID NYC immigration lawyers help individuals and employers obtain H1B or other Temporary Work Visas. Each New York City H1B visa lawyer from our firm is experienced, qualified, and knowledgeable, enabling you to obtain an H1B visa as smoothly and quickly as possible. Schedule a Consultation Expert Guidance for NYC H-1B &hellip; <\/p>\n<p class=\"link-more\"><a href=\"https:\/\/ppid.com\/es\/nyc-work-visa-lawyer\/h1b-visa\/\" class=\"more-link\">Seguir leyendo<span class=\"screen-reader-text\"> &#8220;NYC H1B Visa Lawyer&#8221;<\/span><\/a><\/p>","protected":false},"author":1,"featured_media":0,"parent":196,"menu_order":0,"comment_status":"closed","ping_status":"closed","template":"template-parts\/workvisa-page.php","meta":{"_acf_changed":false,"footnotes":""},"class_list":["post-782","page","type-page","status-publish","hentry","entry"],"acf":[],"yoast_head":"<!-- This site is optimized with the Yoast SEO Premium plugin v26.8 (Yoast SEO v26.8) - https:\/\/yoast.com\/product\/yoast-seo-premium-wordpress\/ -->\n<title>NYC H1B Visa Lawyer &amp; Law Firm<\/title>\n<meta name=\"description\" content=\"New York Immigration lawyers here to help with your H1B Visa or other Temporary Work Visa. Schedule a consultation. We&#039;re here to help you.\" \/>\n<meta name=\"robots\" content=\"index, follow, max-snippet:-1, max-image-preview:large, max-video-preview:-1\" \/>\n<link rel=\"canonical\" href=\"https:\/\/ppid.com\/es\/nyc-work-visa-lawyer\/h1b-visa\/\" \/>\n<meta property=\"og:locale\" content=\"es_MX\" \/>\n<meta property=\"og:type\" content=\"article\" \/>\n<meta property=\"og:title\" content=\"NYC H1B Visa Lawyer\" \/>\n<meta property=\"og:description\" content=\"New York Immigration lawyers here to help with your H1B Visa or other Temporary Work Visa. Schedule a consultation. We&#039;re here to help you.\" \/>\n<meta property=\"og:url\" content=\"https:\/\/ppid.com\/es\/nyc-work-visa-lawyer\/h1b-visa\/\" \/>\n<meta property=\"og:site_name\" content=\"Pollack, Pollack, Isaac &amp; DeCicco, LLP\" \/>\n<meta property=\"article:modified_time\" content=\"2025-09-15T06:04:30+00:00\" \/>\n<meta name=\"twitter:card\" content=\"summary_large_image\" \/>\n<meta name=\"twitter:label1\" content=\"Tiempo de lectura\" \/>\n\t<meta name=\"twitter:data1\" content=\"7 minutos\" \/>\n<!-- \/ Yoast SEO Premium plugin. -->","yoast_head_json":{"title":"NYC H1B Visa Abogado y Bufete de Abogados","description":"New York Abogados de inmigraci\u00f3n aqu\u00ed para ayudar con su visa H1B u otra visa de trabajo temporal. Programe una consulta. Estamos aqu\u00ed para ayudarle.","robots":{"index":"index","follow":"follow","max-snippet":"max-snippet:-1","max-image-preview":"max-image-preview:large","max-video-preview":"max-video-preview:-1"},"canonical":"https:\/\/ppid.com\/es\/nyc-work-visa-lawyer\/h1b-visa\/","og_locale":"es_MX","og_type":"article","og_title":"NYC H1B Visa Lawyer","og_description":"New York Immigration lawyers here to help with your H1B Visa or other Temporary Work Visa. Schedule a consultation. We're here to help you.","og_url":"https:\/\/ppid.com\/es\/nyc-work-visa-lawyer\/h1b-visa\/","og_site_name":"Pollack, Pollack, Isaac &amp; DeCicco, LLP","article_modified_time":"2025-09-15T06:04:30+00:00","twitter_card":"summary_large_image","twitter_misc":{"Tiempo de lectura":"7 minutos"},"schema":{"@context":"https:\/\/schema.org","@graph":[{"@type":"WebPage","@id":"https:\/\/ppid.com\/nyc-work-visa-lawyer\/h1b-visa\/","url":"https:\/\/ppid.com\/nyc-work-visa-lawyer\/h1b-visa\/","name":"NYC H1B Visa Abogado y Bufete de Abogados","isPartOf":{"@id":"https:\/\/ppid.com\/#website"},"datePublished":"2024-09-10T11:18:50+00:00","dateModified":"2025-09-15T06:04:30+00:00","description":"New York Abogados de inmigraci\u00f3n aqu\u00ed para ayudar con su visa H1B u otra visa de trabajo temporal. Programe una consulta. Estamos aqu\u00ed para ayudarle.","breadcrumb":{"@id":"https:\/\/ppid.com\/nyc-work-visa-lawyer\/h1b-visa\/#breadcrumb"},"inLanguage":"es","potentialAction":[{"@type":"ReadAction","target":["https:\/\/ppid.com\/nyc-work-visa-lawyer\/h1b-visa\/"]}]},{"@type":"BreadcrumbList","@id":"https:\/\/ppid.com\/nyc-work-visa-lawyer\/h1b-visa\/#breadcrumb","itemListElement":[{"@type":"ListItem","position":1,"name":"Home","item":"https:\/\/ppid.com\/"},{"@type":"ListItem","position":2,"name":"NYC Work Visa Lawyer","item":"https:\/\/ppid.com\/nyc-work-visa-lawyer\/"},{"@type":"ListItem","position":3,"name":"NYC H1B Visa Lawyer"}]},{"@type":"WebSite","@id":"https:\/\/ppid.com\/#website","url":"https:\/\/ppid.com\/","name":"Pollack, Pollack, Isaac &amp; DeCicco, LLP","description":"","potentialAction":[{"@type":"SearchAction","target":{"@type":"EntryPoint","urlTemplate":"https:\/\/ppid.com\/?s={search_term_string}"},"query-input":{"@type":"PropertyValueSpecification","valueRequired":true,"valueName":"search_term_string"}}],"inLanguage":"es"}]}},"_links":{"self":[{"href":"https:\/\/ppid.com\/es\/wp-json\/wp\/v2\/pages\/782","targetHints":{"allow":["GET"]}}],"collection":[{"href":"https:\/\/ppid.com\/es\/wp-json\/wp\/v2\/pages"}],"about":[{"href":"https:\/\/ppid.com\/es\/wp-json\/wp\/v2\/types\/page"}],"author":[{"embeddable":true,"href":"https:\/\/ppid.com\/es\/wp-json\/wp\/v2\/users\/1"}],"replies":[{"embeddable":true,"href":"https:\/\/ppid.com\/es\/wp-json\/wp\/v2\/comments?post=782"}],"version-history":[{"count":0,"href":"https:\/\/ppid.com\/es\/wp-json\/wp\/v2\/pages\/782\/revisions"}],"up":[{"embeddable":true,"href":"https:\/\/ppid.com\/es\/wp-json\/wp\/v2\/pages\/196"}],"wp:attachment":[{"href":"https:\/\/ppid.com\/es\/wp-json\/wp\/v2\/media?parent=782"}],"curies":[{"name":"wp","href":"https:\/\/api.w.org\/{rel}","templated":true}]}}