{"id":845,"date":"2024-09-10T13:40:42","date_gmt":"2024-09-10T13:40:42","guid":{"rendered":"https:\/\/ppidllp.wpenginepowered.com\/?page_id=845"},"modified":"2026-04-13T17:09:25","modified_gmt":"2026-04-13T17:09:25","slug":"putnam-county-green-card-lawyer","status":"publish","type":"page","link":"https:\/\/ppid.com\/es\/putnam-county-green-card-lawyer\/","title":{"rendered":"Putnam County Abogado de la Tarjeta Verde"},"content":{"rendered":"<div id=\"ez-toc-container\" class=\"ez-toc-v2_0_80 counter-hierarchy ez-toc-counter ez-toc-transparent ez-toc-container-direction\">\n<div class=\"ez-toc-title-container\">\n<p class=\"ez-toc-title ez-toc-toggle\" style=\"cursor:pointer\">\u00cdndice<\/p>\n<span class=\"ez-toc-title-toggle\"><a href=\"#\" class=\"ez-toc-pull-right ez-toc-btn ez-toc-btn-xs ez-toc-btn-default ez-toc-toggle\" aria-label=\"Toggle Table of Content\"><span class=\"ez-toc-js-icon-con\"><span class=\"\"><span class=\"eztoc-hide\" style=\"display:none;\">Toggle<\/span><span class=\"ez-toc-icon-toggle-span\"><svg style=\"fill: #999;color:#999\" xmlns=\"http:\/\/www.w3.org\/2000\/svg\" class=\"list-377408\" width=\"20px\" height=\"20px\" viewbox=\"0 0 24 24\" fill=\"none\"><path d=\"M6 6H4v2h2V6zm14 0H8v2h12V6zM4 11h2v2H4v-2zm16 0H8v2h12v-2zM4 16h2v2H4v-2zm16 0H8v2h12v-2z\" fill=\"currentColor\"><\/path><\/svg><svg style=\"fill: #999;color:#999\" class=\"arrow-unsorted-368013\" xmlns=\"http:\/\/www.w3.org\/2000\/svg\" width=\"10px\" height=\"10px\" viewbox=\"0 0 24 24\" version=\"1.2\" baseprofile=\"tiny\"><path d=\"M18.2 9.3l-6.2-6.3-6.2 6.3c-.2.2-.3.4-.3.7s.1.5.3.7c.2.2.4.3.7.3h11c.3 0 .5-.1.7-.3.2-.2.3-.5.3-.7s-.1-.5-.3-.7zM5.8 14.7l6.2 6.3 6.2-6.3c.2-.2.3-.5.3-.7s-.1-.5-.3-.7c-.2-.2-.4-.3-.7-.3h-11c-.3 0-.5.1-.7.3-.2.2-.3.5-.3.7s.1.5.3.7z\"\/><\/svg><\/span><\/span><\/span><\/a><\/span><\/div>\n<nav><ul class='ez-toc-list ez-toc-list-level-1 eztoc-toggle-hide-by-default' ><li class='ez-toc-page-1 ez-toc-heading-level-2'><a class=\"ez-toc-link ez-toc-heading-1\" href=\"https:\/\/ppid.com\/es\/putnam-county-green-card-lawyer\/#putnam-county-green-card-attorney\" >Putnam County Abogado de la Tarjeta Verde<\/a><\/li><li class='ez-toc-page-1 ez-toc-heading-level-2'><a class=\"ez-toc-link ez-toc-heading-2\" href=\"https:\/\/ppid.com\/es\/putnam-county-green-card-lawyer\/#green-card-services-in-putnam-county-offered-by-our-immigration-firm\" >Green Card Servicios En Putnam County Ofrecidos Por Nuestra Firma De Inmigraci\u00f3n<\/a><\/li><li class='ez-toc-page-1 ez-toc-heading-level-2'><a class=\"ez-toc-link ez-toc-heading-3\" href=\"https:\/\/ppid.com\/es\/putnam-county-green-card-lawyer\/#faqs\" >Preguntas frecuentes<\/a><ul class='ez-toc-list-level-3' ><li class='ez-toc-heading-level-3'><a class=\"ez-toc-link ez-toc-heading-4\" href=\"https:\/\/ppid.com\/es\/putnam-county-green-card-lawyer\/#can-a-lawyer-speed-up-the-green-card-process\" >\u00bfPuede un abogado acelerar el proceso de la tarjeta verde?<\/a><\/li><li class='ez-toc-page-1 ez-toc-heading-level-3'><a class=\"ez-toc-link ez-toc-heading-5\" href=\"https:\/\/ppid.com\/es\/putnam-county-green-card-lawyer\/#should-i-use-a-lawyer-to-apply-for-a-green-card\" >\u00bfDebo recurrir a un abogado para solicitar la tarjeta verde?<\/a><\/li><li class='ez-toc-page-1 ez-toc-heading-level-3'><a class=\"ez-toc-link ez-toc-heading-6\" href=\"https:\/\/ppid.com\/es\/putnam-county-green-card-lawyer\/#should-i-hire-a-lawyer-to-renew-my-green-card\" >\u00bfDebo contratar a un abogado para renovar mi tarjeta verde?<\/a><\/li><li class='ez-toc-page-1 ez-toc-heading-level-3'><a class=\"ez-toc-link ez-toc-heading-7\" href=\"https:\/\/ppid.com\/es\/putnam-county-green-card-lawyer\/#what-are-the-common-reasons-for-green-card-denials\" >\u00bfCu\u00e1les son los motivos habituales de denegaci\u00f3n de la tarjeta verde?<\/a><\/li><\/ul><\/li><li class='ez-toc-page-1 ez-toc-heading-level-2'><a class=\"ez-toc-link ez-toc-heading-8\" href=\"https:\/\/ppid.com\/es\/putnam-county-green-card-lawyer\/#start-building-your-life-in-putnam-county-today-with-an-experienced-green-card-lawyer\" >Comience a construir su vida en Putnam County hoy con un abogado con experiencia en la tarjeta verde<\/a><ul class='ez-toc-list-level-3' ><li class='ez-toc-heading-level-3'><a class=\"ez-toc-link ez-toc-heading-9\" href=\"https:\/\/ppid.com\/es\/putnam-county-green-card-lawyer\/#putnam-county-ny-green-card-legal-resources\" >Putnam County, NY Recursos legales para la tarjeta verde<\/a><\/li><\/ul><\/li><\/ul><\/nav><\/div>\n<h2><span class=\"ez-toc-section\" id=\"putnam-county-green-card-attorney\"><\/span>Putnam County Abogado de la Tarjeta Verde<span class=\"ez-toc-section-end\"><\/span><\/h2>\n<p>PPID ayuda a individuos y empleadores a obtener Visas de Trabajo Temporal y New York City Green Card o PERM. Usted puede ser capaz de vivir permanentemente en los Estados Unidos si usted tiene la combinaci\u00f3n adecuada de habilidades, educaci\u00f3n y \/ o experiencia laboral y es elegible de otra manera.<\/p>\n<div class=\"innr-pg-btn\"><a class=\"cmn-btn\" href=\"https:\/\/ppid.com\/es\/schedule-consultation\/\">Concertar una consulta<\/a><\/div>\n<p>Putnam County es una zona atractiva para que personas de todo el mundo inicien y desarrollen sus vidas. Tanto si ya se encuentra en la zona como si desea dar el gran paso de trasladarse a los EE. <strong>abogado experto en tarjetas de residencia Putnam County<\/strong> de <a href=\"https:\/\/ppid.com\/es\/firm\/\">Pollack, Pollack, Isaac &amp; DeCicco<\/a>LLP, puede ayudarle a alcanzar sus objetivos de inmigraci\u00f3n relacionados con la tarjeta verde. Podemos trabajar con usted para dise\u00f1ar e implementar estrategias legales efectivas.<\/p>\n<p>En PPID, nuestro experimentado grupo de abogados de inmigraci\u00f3n ha combinado d\u00e9cadas de experiencia en ayudar a los clientes a obtener los documentos necesarios para perseguir sus objetivos a largo plazo en la zona. Nuestro equipo compasivo puede apoyar varios tipos de solicitudes de tarjeta verde, que van desde tarjetas verdes basadas en la familia hasta tarjetas verdes patrocinadas por el empleo. Podemos facilitar un proceso de solicitud eficiente para optimizar sus posibilidades de \u00e9xito.<\/p>\n<h2><span class=\"ez-toc-section\" id=\"green-card-services-in-putnam-county-offered-by-our-immigration-firm\"><\/span>Green Card Servicios En Putnam County Ofrecidos Por Nuestra Firma De Inmigraci\u00f3n<span class=\"ez-toc-section-end\"><\/span><\/h2>\n<p>Dado que el proceso de solicitud de la tarjeta verde puede ser abrumador y complejo, nuestros expertos <a href=\"https:\/\/ppid.com\/es\/blog\/paving-the-path-to-u-s-citizenship-new-uscis-grant-of-22-million\/\">equipo de inmigraci\u00f3n<\/a> est\u00e1 aqu\u00ed para apoyarle con asesoramiento jur\u00eddico y gesti\u00f3n de casos para asegurar que su solicitud sea procesada de manera eficiente y, en \u00faltima instancia, con \u00e9xito. Algunos de los servicios de tarjeta verde que ofrece nuestra firma incluyen:<\/p>\n<ul>\n<li><strong>Una evaluaci\u00f3n exhaustiva del caso.<\/strong> Nuestro equipo puede trabajar estrechamente con usted para entender los detalles de su caso, as\u00ed como sus objetivos de inmigraci\u00f3n y la elegibilidad para diversas categor\u00edas de tarjeta verde. Juntos, podemos llegar a una soluci\u00f3n \u00f3ptima que se alinee con sus objetivos personales y profesionales de inmigraci\u00f3n.<\/li>\n<li><strong>Inmigraci\u00f3n basada en la familia.<\/strong> Nuestro bufete tiene d\u00e9cadas de experiencia reuniendo a seres queridos en Putnam County a trav\u00e9s de soluciones de tarjeta verde basadas en la familia. Un abogado de nuestra firma puede determinar su elegibilidad para una tarjeta verde basada en la familia, como parientes directos de ciudadanos estadounidenses y otras categor\u00edas de preferencia familiar.<\/li>\n<li><strong>Inmigraci\u00f3n patrocinada por el empleo.<\/strong> Existen cinco categor\u00edas principales de inmigraci\u00f3n basada en el empleo, que van desde la EB-1 hasta la EB-5. Podemos ayudarle a entender su elegibilidad para las categor\u00edas pertinentes, ayudarle a cumplir los requisitos cr\u00edticos y obtener la documentaci\u00f3n pertinente para apoyar su solicitud.<\/li>\n<li><strong>Tarjetas de residencia por motivos humanitarios.<\/strong> Si usted es una persona que ha huido de su pa\u00eds de origen por temor a la persecuci\u00f3n basada en caracter\u00edsticas personales, nuestro equipo legal puede ayudarle a navegar el proceso de asilo y, en \u00faltima instancia, perseguir una tarjeta verde. Adem\u00e1s, los refugiados que han sido admitidos en los EE.UU. pueden ser apoyados por nuestra firma con el proceso de solicitud de tarjeta verde.<\/li>\n<li><strong>Tarjetas verdes para v\u00edctimas de abusos.<\/strong> Las personas que han sido objeto de ciertos delitos atroces como la trata de personas o el abuso, como los auto-peticionarios VAWA, pueden recibir apoyo compasivo y traum\u00e1tico de nuestro equipo de inmigraci\u00f3n mientras navegan por el proceso de solicitud de la tarjeta verde.<\/li>\n<li><strong>Categor\u00edas adicionales de tarjeta verde.<\/strong> Nuestro experimentado equipo de inmigraci\u00f3n puede apoyar a las personas que buscan obtener su tarjeta verde a trav\u00e9s de categor\u00edas especiales de inmigrantes u otras categor\u00edas, como la Loter\u00eda de Visas de Diversidad.<\/li>\n<li><strong>Sustituci\u00f3n o renovaci\u00f3n de la tarjeta verde.<\/strong> Las personas que deseen renovar o sustituir su permiso de residencia pueden recibir el apoyo integral de un abogado especializado en inmigraci\u00f3n de nuestro bufete. Podemos asegurarnos de que su solicitud se presente de manera exhaustiva y a tiempo, optimizando sus posibilidades de \u00e9xito y facilitando el procesamiento sin problemas de su solicitud.<\/li>\n<\/ul>\n<p>Overall, an immigration lawyer from our law firm can work to protect your interests and rights throughout all processes related to the green card. By working with a compassionate lawyer from our team, you can be sure that you are in compliance with legal immigration requirements and that a comprehensive and robust application will be submitted to optimize your case outcomes.<\/p>\n<h2><span class=\"ez-toc-section\" id=\"faqs\"><\/span>Preguntas frecuentes<span class=\"ez-toc-section-end\"><\/span><\/h2>\n<div class=\"accsec-ritcnt accordion\">\n<div class=\"accordion-section\">\n<h3><span class=\"ez-toc-section\" id=\"can-a-lawyer-speed-up-the-green-card-process\"><\/span><a class=\"accordion-section-title active\" href=\"#accordion-1\"> \u00bfPuede un abogado acelerar el proceso de la tarjeta verde?<\/a><span class=\"ez-toc-section-end\"><\/span><\/h3>\n<div id=\"accordion-1\" class=\"accordion-section-content open\" style=\"display: block;\">\n<p>Un abogado no puede interferir directamente en la tramitaci\u00f3n de una solicitud de permiso de residencia a trav\u00e9s del USCIS. Sin embargo, pueden garantizar la presentaci\u00f3n precisa y completa de las solicitudes para disminuir las posibilidades de retrasos relacionados con rechazos innecesarios o solicitudes de pruebas adicionales. En funci\u00f3n de los detalles espec\u00edficos de su caso, un abogado de inmigraci\u00f3n con experiencia puede ayudarle a determinar una estrategia de solicitud \u00f3ptima para garantizar que obtenga su tarjeta de residencia lo antes posible.<\/p>\n<\/div>\n<\/div>\n<div class=\"accordion-section\">\n<h3><span class=\"ez-toc-section\" id=\"should-i-use-a-lawyer-to-apply-for-a-green-card\"><\/span><a class=\"accordion-section-title\" href=\"#accordion-2\">\u00bfDebo recurrir a un abogado para solicitar la tarjeta verde?<\/a><span class=\"ez-toc-section-end\"><\/span><\/h3>\n<div id=\"accordion-2\" class=\"accordion-section-content\" style=\"display: none;\">\n<p>Como el proceso de solicitud de la tarjeta verde es particularmente complejo, suele ser beneficioso trabajar con un abogado de inmigraci\u00f3n con experiencia para solicitar una tarjeta verde. En particular, si no est\u00e1 familiarizado con las complejidades asociadas a la solicitud de una tarjeta verde o tiene ciertas complicaciones en su caso, un abogado puede ayudarle a entender y cumplir los requisitos, presentar una solicitud s\u00f3lida y abordar los problemas a medida que surjan.<\/p>\n<\/div>\n<\/div>\n<div class=\"accordion-section\">\n<h3><span class=\"ez-toc-section\" id=\"should-i-hire-a-lawyer-to-renew-my-green-card\"><\/span><a class=\"accordion-section-title\" href=\"#accordion-3\">\u00bfDebo contratar a un abogado para renovar mi tarjeta verde?<\/a><span class=\"ez-toc-section-end\"><\/span><\/h3>\n<div id=\"accordion-3\" class=\"accordion-section-content\" style=\"display: none;\">\n<p>Aunque el USCIS no exige a las personas que renuevan su tarjeta verde que contraten a un abogado de inmigraci\u00f3n, trabajar con un <a href=\"https:\/\/ppid.com\/es\/putnam-county-j-1-visa-lawyer\/\">abogado para visados<\/a> puede conllevar varias ventajas. Un abogado experto puede garantizar que el proceso de renovaci\u00f3n se desarrolle sin problemas y que toda la documentaci\u00f3n necesaria se presente a tiempo. Adem\u00e1s, puede garantizar la protecci\u00f3n de sus derechos y la seguridad de su situaci\u00f3n migratoria durante todo el proceso de solicitud.<\/p>\n<\/div>\n<\/div>\n<div class=\"accordion-section\">\n<h3><span class=\"ez-toc-section\" id=\"what-are-the-common-reasons-for-green-card-denials\"><\/span><a class=\"accordion-section-title\" href=\"#accordion-4\">\u00bfCu\u00e1les son los motivos habituales de denegaci\u00f3n de la tarjeta verde?<\/a><span class=\"ez-toc-section-end\"><\/span><\/h3>\n<div id=\"accordion-4\" class=\"accordion-section-content\" style=\"display: none;\">\n<p>Dado que el proceso de solicitud de la tarjeta verde es largo y complejo, hay muchas razones comunes para la denegaci\u00f3n de la tarjeta verde. Las solicitudes pueden ser denegadas por diversos motivos, como el incumplimiento de determinados requisitos, la falta de pruebas o documentaci\u00f3n adecuadas que respalden la solicitud, incoherencias en la solicitud o durante las entrevistas, y errores en la solicitud.<\/p>\n<p>Otras complicaciones, como antecedentes penales o incumplimiento del anterior estatuto de inmigraci\u00f3n, pueden servir de motivo para el rechazo de la tarjeta verde.<\/p>\n<\/div>\n<\/div>\n<\/div>\n<h2><span class=\"ez-toc-section\" id=\"start-building-your-life-in-putnam-county-today-with-an-experienced-green-card-lawyer\"><\/span>Comience a construir su vida en Putnam County hoy con un abogado con experiencia en la tarjeta verde<span class=\"ez-toc-section-end\"><\/span><\/h2>\n<p>La obtenci\u00f3n de una tarjeta verde es un momento emocionante en el viaje de inmigraci\u00f3n de cualquier persona, pero puede venir con el estr\u00e9s y la incertidumbre debido a los complejos requisitos y procesos asociados con la obtenci\u00f3n de una tarjeta verde. Si usted est\u00e1 luchando para cumplir con los requisitos legales de inmigraci\u00f3n mientras se encuentra en los EE.UU. o se enfrentan a desaf\u00edos con el procesamiento consular, un abogado con experiencia puede proporcionar apoyo clave.<\/p>\n<p>Un abogado compasivo y experimentado de la tarjeta verde Putnam County de PPID puede trabajar estrechamente con usted para entender los detalles de su caso y los objetivos de inmigraci\u00f3n. A continuaci\u00f3n, pueden identificar y seguir un camino eficaz para la obtenci\u00f3n de su tarjeta verde. <a href=\"https:\/\/ppid.com\/es\/contact\/\">P\u00f3ngase en contacto con nosotros<\/a> para empezar a tramitar su solicitud.<\/p>\n<h3><span class=\"ez-toc-section\" id=\"putnam-county-ny-green-card-legal-resources\"><\/span>Putnam County, NY Recursos legales para la tarjeta verde<span class=\"ez-toc-section-end\"><\/span><\/h3>\n<ul>\n<li>Proceso de renovaci\u00f3n de la tarjeta verde New York<\/li>\n<li>C\u00f3mo obtener la tarjeta verde en EE.UU. sin casarse<\/li>\n<li><a href=\"https:\/\/ppid.com\/es\/blog\/how-can-a-refugee-obtain-a-green-card\/\">\u00bfC\u00f3mo puede un refugiado obtener la tarjeta verde?<\/a><\/li>\n<\/ul>\n<p><iframe loading=\"lazy\" style=\"border: 0;\" src=\"https:\/\/www.google.com\/maps\/embed?pb=!1m18!1m12!1m3!1d191467.7360850509!2d-73.92110888422177!3d41.42439135458259!2m3!1f0!2f0!3f0!3m2!1i1024!2i768!4f13.1!3m3!1m2!1s0x89c2b98a6b7b2983%3A0xea195b2e692faba5!2sPutnam%20County%2C%20NY%2C%20USA!5e0!3m2!1sen!2sin!4v1752555879085!5m2!1sen!2sin\" width=\"100%&quot;\" height=\"300\" allowfullscreen=\"allowfullscreen\"><\/iframe><\/p>","protected":false},"excerpt":{"rendered":"<p>Putnam County Green Card Attorney PPID helps individuals and employers obtain Temporary Work Visas and New York City Green Card or PERM. You may be able to live permanently in the United States if you have the right combination of skills, education, and\/or work experience and are otherwise eligible. Schedule a Consultation Putnam County is &hellip; <\/p>\n<p class=\"link-more\"><a href=\"https:\/\/ppid.com\/es\/putnam-county-green-card-lawyer\/\" class=\"more-link\">Seguir leyendo<span class=\"screen-reader-text\"> &#8220;Putnam County Green Card Lawyer&#8221;<\/span><\/a><\/p>","protected":false},"author":1,"featured_media":0,"parent":0,"menu_order":0,"comment_status":"closed","ping_status":"closed","template":"","meta":{"_acf_changed":false,"footnotes":""},"class_list":["post-845","page","type-page","status-publish","hentry","entry"],"acf":[],"yoast_head":"<!-- This site is optimized with the Yoast SEO Premium plugin v26.8 (Yoast SEO v26.8) - https:\/\/yoast.com\/product\/yoast-seo-premium-wordpress\/ -->\n<title>Putnam County Green Card Lawyer &amp; Law Firm<\/title>\n<meta name=\"description\" content=\"Looking for a Green Card lawyer in Putnam County? PPID offers an online an in person consultation to guide you through the Green Card application process. Call now!\" \/>\n<meta name=\"robots\" content=\"index, follow, max-snippet:-1, max-image-preview:large, max-video-preview:-1\" \/>\n<link rel=\"canonical\" href=\"https:\/\/ppid.com\/es\/putnam-county-green-card-lawyer\/\" \/>\n<meta property=\"og:locale\" content=\"es_MX\" \/>\n<meta property=\"og:type\" content=\"article\" \/>\n<meta property=\"og:title\" content=\"Putnam County Green Card Lawyer\" \/>\n<meta property=\"og:description\" content=\"Looking for a Green Card lawyer in Putnam County? PPID offers an online an in person consultation to guide you through the Green Card application process. Call now!\" \/>\n<meta property=\"og:url\" content=\"https:\/\/ppid.com\/es\/putnam-county-green-card-lawyer\/\" \/>\n<meta property=\"og:site_name\" content=\"Pollack, Pollack, Isaac &amp; DeCicco, LLP\" \/>\n<meta property=\"article:modified_time\" content=\"2026-04-13T17:09:25+00:00\" \/>\n<meta name=\"twitter:card\" content=\"summary_large_image\" \/>\n<meta name=\"twitter:label1\" content=\"Tiempo de lectura\" \/>\n\t<meta name=\"twitter:data1\" content=\"5 minutos\" \/>\n<!-- \/ Yoast SEO Premium plugin. -->","yoast_head_json":{"title":"Putnam County Abogado y bufete de abogados de la tarjeta verde","description":"\u00bfBusca un abogado de Carta Verde en Putnam County? PPID ofrece una consulta en l\u00ednea y en persona para guiarle a trav\u00e9s del proceso de solicitud de la Tarjeta Verde. Llame ahora","robots":{"index":"index","follow":"follow","max-snippet":"max-snippet:-1","max-image-preview":"max-image-preview:large","max-video-preview":"max-video-preview:-1"},"canonical":"https:\/\/ppid.com\/es\/putnam-county-green-card-lawyer\/","og_locale":"es_MX","og_type":"article","og_title":"Putnam County Green Card Lawyer","og_description":"Looking for a Green Card lawyer in Putnam County? PPID offers an online an in person consultation to guide you through the Green Card application process. Call now!","og_url":"https:\/\/ppid.com\/es\/putnam-county-green-card-lawyer\/","og_site_name":"Pollack, Pollack, Isaac &amp; DeCicco, LLP","article_modified_time":"2026-04-13T17:09:25+00:00","twitter_card":"summary_large_image","twitter_misc":{"Tiempo de lectura":"5 minutos"},"schema":{"@context":"https:\/\/schema.org","@graph":[{"@type":"WebPage","@id":"https:\/\/ppid.com\/putnam-county-green-card-lawyer\/","url":"https:\/\/ppid.com\/putnam-county-green-card-lawyer\/","name":"Putnam County Abogado y bufete de abogados de la tarjeta verde","isPartOf":{"@id":"https:\/\/ppid.com\/#website"},"datePublished":"2024-09-10T13:40:42+00:00","dateModified":"2026-04-13T17:09:25+00:00","description":"\u00bfBusca un abogado de Carta Verde en Putnam County? PPID ofrece una consulta en l\u00ednea y en persona para guiarle a trav\u00e9s del proceso de solicitud de la Tarjeta Verde. Llame ahora","breadcrumb":{"@id":"https:\/\/ppid.com\/putnam-county-green-card-lawyer\/#breadcrumb"},"inLanguage":"es","potentialAction":[{"@type":"ReadAction","target":["https:\/\/ppid.com\/putnam-county-green-card-lawyer\/"]}]},{"@type":"BreadcrumbList","@id":"https:\/\/ppid.com\/putnam-county-green-card-lawyer\/#breadcrumb","itemListElement":[{"@type":"ListItem","position":1,"name":"Home","item":"https:\/\/ppid.com\/"},{"@type":"ListItem","position":2,"name":"Putnam County Green Card Lawyer"}]},{"@type":"WebSite","@id":"https:\/\/ppid.com\/#website","url":"https:\/\/ppid.com\/","name":"Pollack, Pollack, Isaac &amp; DeCicco, LLP","description":"","potentialAction":[{"@type":"SearchAction","target":{"@type":"EntryPoint","urlTemplate":"https:\/\/ppid.com\/?s={search_term_string}"},"query-input":{"@type":"PropertyValueSpecification","valueRequired":true,"valueName":"search_term_string"}}],"inLanguage":"es"}]}},"_links":{"self":[{"href":"https:\/\/ppid.com\/es\/wp-json\/wp\/v2\/pages\/845","targetHints":{"allow":["GET"]}}],"collection":[{"href":"https:\/\/ppid.com\/es\/wp-json\/wp\/v2\/pages"}],"about":[{"href":"https:\/\/ppid.com\/es\/wp-json\/wp\/v2\/types\/page"}],"author":[{"embeddable":true,"href":"https:\/\/ppid.com\/es\/wp-json\/wp\/v2\/users\/1"}],"replies":[{"embeddable":true,"href":"https:\/\/ppid.com\/es\/wp-json\/wp\/v2\/comments?post=845"}],"version-history":[{"count":0,"href":"https:\/\/ppid.com\/es\/wp-json\/wp\/v2\/pages\/845\/revisions"}],"wp:attachment":[{"href":"https:\/\/ppid.com\/es\/wp-json\/wp\/v2\/media?parent=845"}],"curies":[{"name":"wp","href":"https:\/\/api.w.org\/{rel}","templated":true}]}}