{"id":993,"date":"2024-09-11T13:17:49","date_gmt":"2024-09-11T13:17:49","guid":{"rendered":"https:\/\/ppidllp.wpenginepowered.com\/?page_id=993"},"modified":"2024-12-18T08:05:56","modified_gmt":"2024-12-18T08:05:56","slug":"abogado-de-inmigracion-de-habla-hispana-en-nueva-york","status":"publish","type":"page","link":"https:\/\/ppid.com\/es\/homev2\/abogado-de-inmigracion-de-habla-hispana-en-nueva-york\/","title":{"rendered":"Resultados comprobados y elogios del cliente"},"content":{"rendered":"<p>PPID es una firma de abogados de servicio completo de Nueva York que representa a clientes de todo el mundo. Nuestro experimentado equipo legal navega por los casos m\u00e1s complicados, de principio a fin.<\/p>\n<p>Luchamos por tus derechos como inmigrante en <strong>Estados Unidos<\/strong>.<\/p>\n<h3>Nuestra pr\u00e1ctica de Derecho de Inmigraci\u00f3n ayuda a unir a familiares y colegas.<\/h3>\n<p>Brindamos orientaci\u00f3n sobre todos los desaf\u00edos de la ley de inmigraci\u00f3n, incluidos: familia, empleo, defensa de deportaci\u00f3n, ciudadan\u00eda y m\u00e1s. Tenemos oficinas en Manhattan y Peekskill, Nueva York.<\/p>\n<p><strong>Estamos aqu\u00ed para ayudar. Programar una consulta u obtener comentarios sobre el caso es f\u00e1cil.<\/strong><\/p>\n<div class=\"innr-pg-btn\"><a class=\"cmn-btn\" href=\"https:\/\/ppid.com\/es\/schedule-consultation\/\">Programe una consulta<\/a><\/div>","protected":false},"excerpt":{"rendered":"<p>PPID es una firma de abogados de servicio completo de Nueva York que representa a clientes de todo el mundo. Nuestro experimentado equipo legal navega por los casos m\u00e1s complicados, de principio a fin. Luchamos por tus derechos como inmigrante en Estados Unidos. Nuestra pr\u00e1ctica de Derecho de Inmigraci\u00f3n ayuda a unir a familiares y &hellip; <\/p>\n<p class=\"link-more\"><a href=\"https:\/\/ppid.com\/es\/homev2\/abogado-de-inmigracion-de-habla-hispana-en-nueva-york\/\" class=\"more-link\">Seguir leyendo<span class=\"screen-reader-text\"> &#8220;Resultados comprobados y elogios del cliente&#8221;<\/span><\/a><\/p>","protected":false},"author":1,"featured_media":0,"parent":991,"menu_order":0,"comment_status":"closed","ping_status":"closed","template":"","meta":{"_acf_changed":false,"footnotes":""},"class_list":["post-993","page","type-page","status-publish","hentry","entry"],"acf":[],"yoast_head":"<!-- This site is optimized with the Yoast SEO Premium plugin v26.8 (Yoast SEO v26.8) - https:\/\/yoast.com\/product\/yoast-seo-premium-wordpress\/ -->\n<title>Abogado de inmigraci\u00f3n de habla hispana en Nueva York<\/title>\n<meta name=\"description\" content=\"Immigration, Personal Injury, Real Estate &amp; Litigation. Pollack, Pollack, Isaac &amp; DeCicco, LLP is a New York full-service law firm representing clients around the globe.\" \/>\n<meta name=\"robots\" content=\"noindex, nofollow\" \/>\n<meta property=\"og:locale\" content=\"es_MX\" \/>\n<meta property=\"og:type\" content=\"article\" \/>\n<meta property=\"og:title\" content=\"Resultados comprobados y elogios del cliente\" \/>\n<meta property=\"og:description\" content=\"Immigration, Personal Injury, Real Estate &amp; Litigation. Pollack, Pollack, Isaac &amp; DeCicco, LLP is a New York full-service law firm representing clients around the globe.\" \/>\n<meta property=\"og:url\" content=\"https:\/\/ppid.com\/es\/homev2\/abogado-de-inmigracion-de-habla-hispana-en-nueva-york\/\" \/>\n<meta property=\"og:site_name\" content=\"Pollack, Pollack, Isaac &amp; DeCicco, LLP\" \/>\n<meta property=\"article:modified_time\" content=\"2024-12-18T08:05:56+00:00\" \/>\n<meta name=\"twitter:card\" content=\"summary_large_image\" \/>\n<meta name=\"twitter:label1\" content=\"Tiempo de lectura\" \/>\n\t<meta name=\"twitter:data1\" content=\"1 minuto\" \/>\n<!-- \/ Yoast SEO Premium plugin. -->","yoast_head_json":{"title":"Abogado de inmigraci\u00f3n de habla hispana en Nueva York","description":"Inmigraci\u00f3n, Lesiones Personales, Bienes Ra\u00edces y Litigios. Pollack, Pollack, Isaac &amp; DeCicco, LLP es un New York bufete de abogados de servicio completo que representa a clientes en todo el mundo.","robots":{"index":"noindex","follow":"nofollow"},"og_locale":"es_MX","og_type":"article","og_title":"Resultados comprobados y elogios del cliente","og_description":"Immigration, Personal Injury, Real Estate & Litigation. Pollack, Pollack, Isaac & DeCicco, LLP is a New York full-service law firm representing clients around the globe.","og_url":"https:\/\/ppid.com\/es\/homev2\/abogado-de-inmigracion-de-habla-hispana-en-nueva-york\/","og_site_name":"Pollack, Pollack, Isaac &amp; DeCicco, LLP","article_modified_time":"2024-12-18T08:05:56+00:00","twitter_card":"summary_large_image","twitter_misc":{"Tiempo de lectura":"1 minuto"},"schema":{"@context":"https:\/\/schema.org","@graph":[{"@type":"WebPage","@id":"https:\/\/ppid.com\/homev2\/abogado-de-inmigracion-de-habla-hispana-en-nueva-york\/","url":"https:\/\/ppid.com\/homev2\/abogado-de-inmigracion-de-habla-hispana-en-nueva-york\/","name":"Abogado de inmigraci\u00f3n de habla hispana en Nueva York","isPartOf":{"@id":"https:\/\/ppid.com\/#website"},"datePublished":"2024-09-11T13:17:49+00:00","dateModified":"2024-12-18T08:05:56+00:00","description":"Inmigraci\u00f3n, Lesiones Personales, Bienes Ra\u00edces y Litigios. Pollack, Pollack, Isaac &amp; DeCicco, LLP es un New York bufete de abogados de servicio completo que representa a clientes en todo el mundo.","breadcrumb":{"@id":"https:\/\/ppid.com\/homev2\/abogado-de-inmigracion-de-habla-hispana-en-nueva-york\/#breadcrumb"},"inLanguage":"es","potentialAction":[{"@type":"ReadAction","target":["https:\/\/ppid.com\/homev2\/abogado-de-inmigracion-de-habla-hispana-en-nueva-york\/"]}]},{"@type":"BreadcrumbList","@id":"https:\/\/ppid.com\/homev2\/abogado-de-inmigracion-de-habla-hispana-en-nueva-york\/#breadcrumb","itemListElement":[{"@type":"ListItem","position":1,"name":"Home","item":"https:\/\/ppid.com\/"},{"@type":"ListItem","position":2,"name":"Home v2","item":"https:\/\/ppid.com\/homev2\/"},{"@type":"ListItem","position":3,"name":"Resultados comprobados y elogios del cliente"}]},{"@type":"WebSite","@id":"https:\/\/ppid.com\/#website","url":"https:\/\/ppid.com\/","name":"Pollack, Pollack, Isaac &amp; DeCicco, LLP","description":"","potentialAction":[{"@type":"SearchAction","target":{"@type":"EntryPoint","urlTemplate":"https:\/\/ppid.com\/?s={search_term_string}"},"query-input":{"@type":"PropertyValueSpecification","valueRequired":true,"valueName":"search_term_string"}}],"inLanguage":"es"}]}},"_links":{"self":[{"href":"https:\/\/ppid.com\/es\/wp-json\/wp\/v2\/pages\/993","targetHints":{"allow":["GET"]}}],"collection":[{"href":"https:\/\/ppid.com\/es\/wp-json\/wp\/v2\/pages"}],"about":[{"href":"https:\/\/ppid.com\/es\/wp-json\/wp\/v2\/types\/page"}],"author":[{"embeddable":true,"href":"https:\/\/ppid.com\/es\/wp-json\/wp\/v2\/users\/1"}],"replies":[{"embeddable":true,"href":"https:\/\/ppid.com\/es\/wp-json\/wp\/v2\/comments?post=993"}],"version-history":[{"count":0,"href":"https:\/\/ppid.com\/es\/wp-json\/wp\/v2\/pages\/993\/revisions"}],"up":[{"embeddable":true,"href":"https:\/\/ppid.com\/es\/wp-json\/wp\/v2\/pages\/991"}],"wp:attachment":[{"href":"https:\/\/ppid.com\/es\/wp-json\/wp\/v2\/media?parent=993"}],"curies":[{"name":"wp","href":"https:\/\/api.w.org\/{rel}","templated":true}]}}